{"id":23,"date":"2020-06-05T11:55:40","date_gmt":"2020-06-05T11:55:40","guid":{"rendered":"https:\/\/homeliers.com\/?page_id=23"},"modified":"2020-07-07T23:32:22","modified_gmt":"2020-07-07T21:32:22","slug":"politica-cookies","status":"publish","type":"page","link":"https:\/\/homeliers.com\/ca\/politica-cookies\/","title":{"rendered":"Pol\u00edtica de cookies"},"content":{"rendered":"\n<h1 class=\"wp-block-heading\">Pol\u00edtica de cookies<\/h1>\n\n\n\n<p>Les cookies s\u00f3n breus informacions que s\u2019envien i emmagatzemen en el disc dur de l\u2019ordinador de l\u2019usuari a trav\u00e9s del seu navegador quan aquest es connecta a una web. Les cookies es poden utilitzar per recaptar i emmagatzemar dades de l\u2019usuari mentre est\u00e0 connectat per facilitar-li els serveis sol\u00b7licitats i que no se solen conservar (cookies de sessi\u00f3 ) , o per conservar les dades de l\u2019usuari per a un altre tipus de serveis futurs i que es poden conservar per temps indefinit (cookies persistents ) . Les cookies poden ser pr\u00f2pies o de tercers.<\/p>\n\n\n\n<p>Existeixen diversos tipus de cookies :<\/p>\n\n\n\n<p>1. Cookies t\u00e8cniques que faciliten la navegaci\u00f3 de l\u2019usuari i la utilitzaci\u00f3 de les diferents opcions o serveis que ofereix la web com identificar la sessi\u00f3, permetre l\u2019acc\u00e9s a determinades \u00e0rees, facilitar comandes, compres, emplenament de formularis, inscripcions, seguretat, facilitar funcionalitats (v\u00eddeos, xarxes socials, etc.).<\/p>\n\n\n\n<p><br>2. Cookies de personalitzaci\u00f3 que permeten a l\u2019usuari accedir als serveis segons les seves prefer\u00e8ncies (idioma, navegador, configuraci\u00f3, etc.).<\/p>\n\n\n\n<p><br>3. Cookies d\u2019an\u00e0lisi que permeten l\u2019an\u00e0lisi an\u00f2nima del comportament dels usuaris de la web i que permeten mesurar l\u2019activitat de l\u2019usuari i elaborar perfils de navegaci\u00f3 amb la fi objectiva de millorar els llocs web.<\/p>\n\n\n\n<p><br>4. Cookies publicit\u00e0ries que permeten la gesti\u00f3 dels espais publicitaris de la web.<\/p>\n\n\n\n<p><br>5. Cookies de publicitat personalitzada que permeten la gesti\u00f3 dels espais publicitaris de la web sobre la base del comportament i els h\u00e0bits de navegaci\u00f3 de l\u2019usuari, d\u2019on obt\u00e9 el seu perfil i aquest fet permet personalitzar la publicitat que es mostra en el navegador de l\u2019usuari.<\/p>\n\n\n\n<p>Aquesta web \u00fanicament utilitza cookies t\u00e8cniques, de personalitzaci\u00f3 i an\u00e0lisi, pr\u00f2pies i de tercers, que en cap cas tracten dades de car\u00e0cter personal.<\/p>\n\n\n\n<p>Per aix\u00f2, a l\u2019accedir a la nostra web, en compliment de l\u2019article 22 de la Llei de Serveis de la Societat de la Informaci\u00f3, en tractar cookies d\u2019an\u00e0lisi, li hem sol\u00b7licitat el seu consentiment per al seu \u00fas, que en tot cas s\u2019instal\u00b7laran passat un termini de temps prudencial perqu\u00e8 l\u2019usuari tingui temps de decidir prestar el seu consentiment o no.<\/p>\n\n\n\n<p>De totes maneres, li informem que pot activar o desactivar aquestes cookies seguint les instruccions del seu navegador d\u2019Internet.<\/p>\n","protected":false},"excerpt":{"rendered":"<p>Pol\u00edtica de cookies Les cookies s\u00f3n breus informacions que s\u2019envien i emmagatzemen en el disc dur de l\u2019ordinador de l\u2019usuari a trav\u00e9s del seu navegador quan aquest es connecta a una web. Les cookies es poden utilitzar per recaptar i emmagatzemar dades de l\u2019usuari mentre est\u00e0 connectat per facilitar-li els serveis sol\u00b7licitats i que no [&#8230;]\n","protected":false},"author":1,"featured_media":0,"parent":0,"menu_order":0,"comment_status":"closed","ping_status":"closed","template":"","meta":{"inline_featured_image":false,"footnotes":""},"yoast_head":"<!-- This site is optimized with the Yoast SEO plugin v23.0 - https:\/\/yoast.com\/wordpress\/plugins\/seo\/ -->\n<title>Pol\u00edtica de cookies - Homeliers<\/title>\n<meta name=\"description\" content=\"Pol\u00edtica de cookies Les cookies s\u00f3n breus informacions que s\u2019envien i emmagatzemen en el disc dur de l\u2019ordinador de l\u2019usuari a trav\u00e9s del seu navegador\" \/>\n<meta name=\"robots\" content=\"noindex, follow\" \/>\n<meta property=\"og:locale\" content=\"ca_ES\" \/>\n<meta property=\"og:type\" content=\"article\" \/>\n<meta property=\"og:title\" content=\"Pol\u00edtica de cookies - Homeliers\" \/>\n<meta property=\"og:description\" content=\"Pol\u00edtica de cookies Les cookies s\u00f3n breus informacions que s\u2019envien i emmagatzemen en el disc dur de l\u2019ordinador de l\u2019usuari a trav\u00e9s del seu navegador\" \/>\n<meta property=\"og:url\" content=\"https:\/\/homeliers.com\/ca\/politica-cookies\/\" \/>\n<meta property=\"og:site_name\" content=\"Homeliers\" \/>\n<meta property=\"article:publisher\" content=\"https:\/\/www.facebook.com\/homeliers\" \/>\n<meta property=\"article:modified_time\" content=\"2020-07-07T21:32:22+00:00\" \/>\n<meta name=\"twitter:card\" content=\"summary_large_image\" \/>\n<meta name=\"twitter:site\" content=\"@homeliers\" \/>\n<meta name=\"twitter:label1\" content=\"Est. reading time\" \/>\n\t<meta name=\"twitter:data1\" content=\"2 minutes\" \/>\n<script type=\"application\/ld+json\" class=\"yoast-schema-graph\">{\"@context\":\"https:\/\/schema.org\",\"@graph\":[{\"@type\":\"WebPage\",\"@id\":\"https:\/\/homeliers.com\/ca\/politica-cookies\/\",\"url\":\"https:\/\/homeliers.com\/ca\/politica-cookies\/\",\"name\":\"Pol\u00edtica de cookies - Homeliers\",\"isPartOf\":{\"@id\":\"https:\/\/homeliers.com\/ca\/#website\"},\"datePublished\":\"2020-06-05T11:55:40+00:00\",\"dateModified\":\"2020-07-07T21:32:22+00:00\",\"description\":\"Pol\u00edtica de cookies Les cookies s\u00f3n breus informacions que s\u2019envien i emmagatzemen en el disc dur de l\u2019ordinador de l\u2019usuari a trav\u00e9s del seu navegador\",\"breadcrumb\":{\"@id\":\"https:\/\/homeliers.com\/ca\/politica-cookies\/#breadcrumb\"},\"inLanguage\":\"ca-ES\",\"potentialAction\":[{\"@type\":\"ReadAction\",\"target\":[\"https:\/\/homeliers.com\/ca\/politica-cookies\/\"]}]},{\"@type\":\"BreadcrumbList\",\"@id\":\"https:\/\/homeliers.com\/ca\/politica-cookies\/#breadcrumb\",\"itemListElement\":[{\"@type\":\"ListItem\",\"position\":1,\"name\":\"Inici\",\"item\":\"https:\/\/homeliers.com\/ca\/\"},{\"@type\":\"ListItem\",\"position\":2,\"name\":\"Pol\u00edtica de cookies\"}]},{\"@type\":\"WebSite\",\"@id\":\"https:\/\/homeliers.com\/ca\/#website\",\"url\":\"https:\/\/homeliers.com\/ca\/\",\"name\":\"Homeliers\",\"description\":\"Seleccionem els millors vins i te&#039;ls portem a casa\",\"publisher\":{\"@id\":\"https:\/\/homeliers.com\/ca\/#organization\"},\"potentialAction\":[{\"@type\":\"SearchAction\",\"target\":{\"@type\":\"EntryPoint\",\"urlTemplate\":\"https:\/\/homeliers.com\/ca\/?s={search_term_string}\"},\"query-input\":\"required name=search_term_string\"}],\"inLanguage\":\"ca-ES\"},{\"@type\":\"Organization\",\"@id\":\"https:\/\/homeliers.com\/ca\/#organization\",\"name\":\"Homeliers\",\"url\":\"https:\/\/homeliers.com\/ca\/\",\"logo\":{\"@type\":\"ImageObject\",\"inLanguage\":\"ca-ES\",\"@id\":\"https:\/\/homeliers.com\/ca\/#\/schema\/logo\/image\/\",\"url\":\"https:\/\/homeliers.com\/ca\/wp-content\/uploads\/sites\/4\/2020\/06\/Homeliers_CA_v.svg\",\"contentUrl\":\"https:\/\/homeliers.com\/ca\/wp-content\/uploads\/sites\/4\/2020\/06\/Homeliers_CA_v.svg\",\"width\":397,\"height\":226,\"caption\":\"Homeliers\"},\"image\":{\"@id\":\"https:\/\/homeliers.com\/ca\/#\/schema\/logo\/image\/\"},\"sameAs\":[\"https:\/\/www.facebook.com\/homeliers\",\"https:\/\/x.com\/homeliers\",\"https:\/\/www.instagram.com\/homeliers\/\"]}]}<\/script>\n<!-- \/ Yoast SEO plugin. -->","yoast_head_json":{"title":"Pol\u00edtica de cookies - Homeliers","description":"Pol\u00edtica de cookies Les cookies s\u00f3n breus informacions que s\u2019envien i emmagatzemen en el disc dur de l\u2019ordinador de l\u2019usuari a trav\u00e9s del seu navegador","robots":{"index":"noindex","follow":"follow"},"og_locale":"ca_ES","og_type":"article","og_title":"Pol\u00edtica de cookies - Homeliers","og_description":"Pol\u00edtica de cookies Les cookies s\u00f3n breus informacions que s\u2019envien i emmagatzemen en el disc dur de l\u2019ordinador de l\u2019usuari a trav\u00e9s del seu navegador","og_url":"https:\/\/homeliers.com\/ca\/politica-cookies\/","og_site_name":"Homeliers","article_publisher":"https:\/\/www.facebook.com\/homeliers","article_modified_time":"2020-07-07T21:32:22+00:00","twitter_card":"summary_large_image","twitter_site":"@homeliers","twitter_misc":{"Est. reading time":"2 minutes"},"schema":{"@context":"https:\/\/schema.org","@graph":[{"@type":"WebPage","@id":"https:\/\/homeliers.com\/ca\/politica-cookies\/","url":"https:\/\/homeliers.com\/ca\/politica-cookies\/","name":"Pol\u00edtica de cookies - Homeliers","isPartOf":{"@id":"https:\/\/homeliers.com\/ca\/#website"},"datePublished":"2020-06-05T11:55:40+00:00","dateModified":"2020-07-07T21:32:22+00:00","description":"Pol\u00edtica de cookies Les cookies s\u00f3n breus informacions que s\u2019envien i emmagatzemen en el disc dur de l\u2019ordinador de l\u2019usuari a trav\u00e9s del seu navegador","breadcrumb":{"@id":"https:\/\/homeliers.com\/ca\/politica-cookies\/#breadcrumb"},"inLanguage":"ca-ES","potentialAction":[{"@type":"ReadAction","target":["https:\/\/homeliers.com\/ca\/politica-cookies\/"]}]},{"@type":"BreadcrumbList","@id":"https:\/\/homeliers.com\/ca\/politica-cookies\/#breadcrumb","itemListElement":[{"@type":"ListItem","position":1,"name":"Inici","item":"https:\/\/homeliers.com\/ca\/"},{"@type":"ListItem","position":2,"name":"Pol\u00edtica de cookies"}]},{"@type":"WebSite","@id":"https:\/\/homeliers.com\/ca\/#website","url":"https:\/\/homeliers.com\/ca\/","name":"Homeliers","description":"Seleccionem els millors vins i te&#039;ls portem a casa","publisher":{"@id":"https:\/\/homeliers.com\/ca\/#organization"},"potentialAction":[{"@type":"SearchAction","target":{"@type":"EntryPoint","urlTemplate":"https:\/\/homeliers.com\/ca\/?s={search_term_string}"},"query-input":"required name=search_term_string"}],"inLanguage":"ca-ES"},{"@type":"Organization","@id":"https:\/\/homeliers.com\/ca\/#organization","name":"Homeliers","url":"https:\/\/homeliers.com\/ca\/","logo":{"@type":"ImageObject","inLanguage":"ca-ES","@id":"https:\/\/homeliers.com\/ca\/#\/schema\/logo\/image\/","url":"https:\/\/homeliers.com\/ca\/wp-content\/uploads\/sites\/4\/2020\/06\/Homeliers_CA_v.svg","contentUrl":"https:\/\/homeliers.com\/ca\/wp-content\/uploads\/sites\/4\/2020\/06\/Homeliers_CA_v.svg","width":397,"height":226,"caption":"Homeliers"},"image":{"@id":"https:\/\/homeliers.com\/ca\/#\/schema\/logo\/image\/"},"sameAs":["https:\/\/www.facebook.com\/homeliers","https:\/\/x.com\/homeliers","https:\/\/www.instagram.com\/homeliers\/"]}]}},"_links":{"self":[{"href":"https:\/\/homeliers.com\/ca\/wp-json\/wp\/v2\/pages\/23"}],"collection":[{"href":"https:\/\/homeliers.com\/ca\/wp-json\/wp\/v2\/pages"}],"about":[{"href":"https:\/\/homeliers.com\/ca\/wp-json\/wp\/v2\/types\/page"}],"author":[{"embeddable":true,"href":"https:\/\/homeliers.com\/ca\/wp-json\/wp\/v2\/users\/1"}],"replies":[{"embeddable":true,"href":"https:\/\/homeliers.com\/ca\/wp-json\/wp\/v2\/comments?post=23"}],"version-history":[{"count":4,"href":"https:\/\/homeliers.com\/ca\/wp-json\/wp\/v2\/pages\/23\/revisions"}],"predecessor-version":[{"id":139,"href":"https:\/\/homeliers.com\/ca\/wp-json\/wp\/v2\/pages\/23\/revisions\/139"}],"wp:attachment":[{"href":"https:\/\/homeliers.com\/ca\/wp-json\/wp\/v2\/media?parent=23"}],"curies":[{"name":"wp","href":"https:\/\/api.w.org\/{rel}","templated":true}]}}