{"id":823,"date":"2020-12-04T17:54:23","date_gmt":"2020-12-04T16:54:23","guid":{"rendered":"https:\/\/homeliers.com\/ca\/?page_id=823"},"modified":"2020-12-04T18:25:51","modified_gmt":"2020-12-04T17:25:51","slug":"vins-per-regalar","status":"publish","type":"page","link":"https:\/\/homeliers.com\/ca\/vins-per-regalar\/","title":{"rendered":"Per regalar. Diga-li amb vi! \ud83c\udf81"},"content":{"rendered":"\n<div class=\"wp-block-columns is-layout-flex wp-container-core-columns-is-layout-1 wp-block-columns-is-layout-flex\">\n<div class=\"wp-block-column is-layout-flow wp-block-column-is-layout-flow\">\n<figure class=\"wp-block-image size-large\"><img loading=\"lazy\" decoding=\"async\" width=\"1024\" height=\"1024\" src=\"https:\/\/homeliers.com\/ca\/wp-content\/uploads\/sites\/4\/2020\/12\/caixes-despullades_v2-1024x1024.jpg\" alt=\"\" class=\"wp-image-881\" srcset=\"https:\/\/homeliers.com\/ca\/wp-content\/uploads\/sites\/4\/2020\/12\/caixes-despullades_v2-1024x1024.jpg 1024w, https:\/\/homeliers.com\/ca\/wp-content\/uploads\/sites\/4\/2020\/12\/caixes-despullades_v2-300x300.jpg 300w, https:\/\/homeliers.com\/ca\/wp-content\/uploads\/sites\/4\/2020\/12\/caixes-despullades_v2-150x150.jpg 150w, https:\/\/homeliers.com\/ca\/wp-content\/uploads\/sites\/4\/2020\/12\/caixes-despullades_v2-768x768.jpg 768w, https:\/\/homeliers.com\/ca\/wp-content\/uploads\/sites\/4\/2020\/12\/caixes-despullades_v2-600x600.jpg 600w, https:\/\/homeliers.com\/ca\/wp-content\/uploads\/sites\/4\/2020\/12\/caixes-despullades_v2-100x100.jpg 100w, https:\/\/homeliers.com\/ca\/wp-content\/uploads\/sites\/4\/2020\/12\/caixes-despullades_v2.jpg 1112w\" sizes=\"(max-width: 1024px) 100vw, 1024px\" \/><\/figure>\n<\/div>\n\n\n\n<div class=\"wp-block-column is-layout-flow wp-block-column-is-layout-flow\">\n<h2 class=\"wp-block-heading\">Per regalar. Diga-li amb vi! \ud83c\udf81<\/h2>\n\n\n\n<p>T&#8217;imagines<strong> la sensaci\u00f3 de rebre<\/strong> un paquet inesperat i descobrir que est\u00e0 ple de bon vi?<\/p>\n\n\n\n<p>Diuen que el millor regal \u00e9s <strong>el que no esperes<\/strong>.<\/p>\n\n\n\n<p>Qualsevol comanda t\u00e9 l&#8217;<strong>opci\u00f3 d&#8217;adjuntar boniques caixes i envoltoris<\/strong> per a presentar i lluir en forma de regal els teus enviaments de vi. <\/p>\n\n\n\n<p>Selecciona els productes que vulguis regalar al <a href=\"\/ca\/botiga\/\">celler de Homeliers <\/a>o escull qualsevol dels packs (<a href=\"\/ca\/vins\/per-descobrir\/\">per descobrir<\/a>, <a href=\"\/ca\/vins\/per-gaudir\/\">per gaudir <\/a>i <a href=\"\/ca\/vins\/per-triomfar\/\">per triomfar<\/a>). <strong>Des de la cistella<\/strong> de la compra podr\u00e0s <strong>triar l&#8217;envoltori de regal<\/strong> que prefereixis i la <strong>nota personalitzada<\/strong> que voldr\u00e0s incloure al regal.<\/p>\n\n\n\n<p>F\u00e0cil, pr\u00e0ctic, r\u00e0pid i segur! <\/p>\n\n\n\n<p><strong>Regalar bon vi no falla!<\/strong><\/p>\n<\/div>\n<\/div>\n\n\n\n<p><\/p>\n","protected":false},"excerpt":{"rendered":"<p>Sin\u00f3 vols perdre&#8217;t entre milers de refer\u00e8ncies, aqu\u00ed tens una selecci\u00f3 de packs de bons vins preparats per regalar.<\/p>\n","protected":false},"author":1,"featured_media":0,"parent":0,"menu_order":0,"comment_status":"closed","ping_status":"closed","template":"","meta":{"inline_featured_image":false,"footnotes":""},"yoast_head":"<!-- This site is optimized with the Yoast SEO plugin v23.0 - https:\/\/yoast.com\/wordpress\/plugins\/seo\/ -->\n<title>Vins per regalar. Ofertes de packs de bons vins - Homeliers<\/title>\n<meta name=\"description\" content=\"Sin\u00f3 vols perdre&#039;t entre milers de refer\u00e8ncies, aqu\u00ed tens una selecci\u00f3 de packs de bons vins preparats per regalar.\" \/>\n<meta name=\"robots\" content=\"index, follow, max-snippet:-1, max-image-preview:large, max-video-preview:-1\" \/>\n<link rel=\"canonical\" href=\"https:\/\/homeliers.com\/ca\/vins-per-regalar\/\" \/>\n<meta property=\"og:locale\" content=\"ca_ES\" \/>\n<meta property=\"og:type\" content=\"article\" \/>\n<meta property=\"og:title\" content=\"Vins per regalar. Ofertes de packs de bons vins - Homeliers\" \/>\n<meta property=\"og:description\" content=\"Sin\u00f3 vols perdre&#039;t entre milers de refer\u00e8ncies, aqu\u00ed tens una selecci\u00f3 de packs de bons vins preparats per regalar.\" \/>\n<meta property=\"og:url\" content=\"https:\/\/homeliers.com\/ca\/vins-per-regalar\/\" \/>\n<meta property=\"og:site_name\" content=\"Homeliers\" \/>\n<meta property=\"article:publisher\" content=\"https:\/\/www.facebook.com\/homeliers\" \/>\n<meta property=\"article:modified_time\" content=\"2020-12-04T17:25:51+00:00\" \/>\n<meta property=\"og:image\" content=\"https:\/\/homeliers.com\/ca\/wp-content\/uploads\/sites\/4\/2020\/12\/caixes-despullades_v2-1024x1024.jpg\" \/>\n<meta name=\"twitter:card\" content=\"summary_large_image\" \/>\n<meta name=\"twitter:site\" content=\"@homeliers\" \/>\n<meta name=\"twitter:label1\" content=\"Est. reading time\" \/>\n\t<meta name=\"twitter:data1\" content=\"1 minute\" \/>\n<script type=\"application\/ld+json\" class=\"yoast-schema-graph\">{\"@context\":\"https:\/\/schema.org\",\"@graph\":[{\"@type\":\"WebPage\",\"@id\":\"https:\/\/homeliers.com\/ca\/vins-per-regalar\/\",\"url\":\"https:\/\/homeliers.com\/ca\/vins-per-regalar\/\",\"name\":\"Vins per regalar. Ofertes de packs de bons vins - Homeliers\",\"isPartOf\":{\"@id\":\"https:\/\/homeliers.com\/ca\/#website\"},\"primaryImageOfPage\":{\"@id\":\"https:\/\/homeliers.com\/ca\/vins-per-regalar\/#primaryimage\"},\"image\":{\"@id\":\"https:\/\/homeliers.com\/ca\/vins-per-regalar\/#primaryimage\"},\"thumbnailUrl\":\"https:\/\/homeliers.com\/ca\/wp-content\/uploads\/sites\/4\/2020\/12\/caixes-despullades_v2-1024x1024.jpg\",\"datePublished\":\"2020-12-04T16:54:23+00:00\",\"dateModified\":\"2020-12-04T17:25:51+00:00\",\"description\":\"Sin\u00f3 vols perdre't entre milers de refer\u00e8ncies, aqu\u00ed tens una selecci\u00f3 de packs de bons vins preparats per regalar.\",\"breadcrumb\":{\"@id\":\"https:\/\/homeliers.com\/ca\/vins-per-regalar\/#breadcrumb\"},\"inLanguage\":\"ca-ES\",\"potentialAction\":[{\"@type\":\"ReadAction\",\"target\":[\"https:\/\/homeliers.com\/ca\/vins-per-regalar\/\"]}]},{\"@type\":\"ImageObject\",\"inLanguage\":\"ca-ES\",\"@id\":\"https:\/\/homeliers.com\/ca\/vins-per-regalar\/#primaryimage\",\"url\":\"https:\/\/homeliers.com\/ca\/wp-content\/uploads\/sites\/4\/2020\/12\/caixes-despullades_v2.jpg\",\"contentUrl\":\"https:\/\/homeliers.com\/ca\/wp-content\/uploads\/sites\/4\/2020\/12\/caixes-despullades_v2.jpg\",\"width\":1112,\"height\":1112},{\"@type\":\"BreadcrumbList\",\"@id\":\"https:\/\/homeliers.com\/ca\/vins-per-regalar\/#breadcrumb\",\"itemListElement\":[{\"@type\":\"ListItem\",\"position\":1,\"name\":\"Inici\",\"item\":\"https:\/\/homeliers.com\/ca\/\"},{\"@type\":\"ListItem\",\"position\":2,\"name\":\"Per regalar. Diga-li amb vi! \ud83c\udf81\"}]},{\"@type\":\"WebSite\",\"@id\":\"https:\/\/homeliers.com\/ca\/#website\",\"url\":\"https:\/\/homeliers.com\/ca\/\",\"name\":\"Homeliers\",\"description\":\"Seleccionem els millors vins i te&#039;ls portem a casa\",\"publisher\":{\"@id\":\"https:\/\/homeliers.com\/ca\/#organization\"},\"potentialAction\":[{\"@type\":\"SearchAction\",\"target\":{\"@type\":\"EntryPoint\",\"urlTemplate\":\"https:\/\/homeliers.com\/ca\/?s={search_term_string}\"},\"query-input\":\"required name=search_term_string\"}],\"inLanguage\":\"ca-ES\"},{\"@type\":\"Organization\",\"@id\":\"https:\/\/homeliers.com\/ca\/#organization\",\"name\":\"Homeliers\",\"url\":\"https:\/\/homeliers.com\/ca\/\",\"logo\":{\"@type\":\"ImageObject\",\"inLanguage\":\"ca-ES\",\"@id\":\"https:\/\/homeliers.com\/ca\/#\/schema\/logo\/image\/\",\"url\":\"https:\/\/homeliers.com\/ca\/wp-content\/uploads\/sites\/4\/2020\/06\/Homeliers_CA_v.svg\",\"contentUrl\":\"https:\/\/homeliers.com\/ca\/wp-content\/uploads\/sites\/4\/2020\/06\/Homeliers_CA_v.svg\",\"width\":397,\"height\":226,\"caption\":\"Homeliers\"},\"image\":{\"@id\":\"https:\/\/homeliers.com\/ca\/#\/schema\/logo\/image\/\"},\"sameAs\":[\"https:\/\/www.facebook.com\/homeliers\",\"https:\/\/x.com\/homeliers\",\"https:\/\/www.instagram.com\/homeliers\/\"]}]}<\/script>\n<!-- \/ Yoast SEO plugin. -->","yoast_head_json":{"title":"Vins per regalar. Ofertes de packs de bons vins - Homeliers","description":"Sin\u00f3 vols perdre't entre milers de refer\u00e8ncies, aqu\u00ed tens una selecci\u00f3 de packs de bons vins preparats per regalar.","robots":{"index":"index","follow":"follow","max-snippet":"max-snippet:-1","max-image-preview":"max-image-preview:large","max-video-preview":"max-video-preview:-1"},"canonical":"https:\/\/homeliers.com\/ca\/vins-per-regalar\/","og_locale":"ca_ES","og_type":"article","og_title":"Vins per regalar. Ofertes de packs de bons vins - Homeliers","og_description":"Sin\u00f3 vols perdre't entre milers de refer\u00e8ncies, aqu\u00ed tens una selecci\u00f3 de packs de bons vins preparats per regalar.","og_url":"https:\/\/homeliers.com\/ca\/vins-per-regalar\/","og_site_name":"Homeliers","article_publisher":"https:\/\/www.facebook.com\/homeliers","article_modified_time":"2020-12-04T17:25:51+00:00","og_image":[{"url":"https:\/\/homeliers.com\/ca\/wp-content\/uploads\/sites\/4\/2020\/12\/caixes-despullades_v2-1024x1024.jpg"}],"twitter_card":"summary_large_image","twitter_site":"@homeliers","twitter_misc":{"Est. reading time":"1 minute"},"schema":{"@context":"https:\/\/schema.org","@graph":[{"@type":"WebPage","@id":"https:\/\/homeliers.com\/ca\/vins-per-regalar\/","url":"https:\/\/homeliers.com\/ca\/vins-per-regalar\/","name":"Vins per regalar. Ofertes de packs de bons vins - Homeliers","isPartOf":{"@id":"https:\/\/homeliers.com\/ca\/#website"},"primaryImageOfPage":{"@id":"https:\/\/homeliers.com\/ca\/vins-per-regalar\/#primaryimage"},"image":{"@id":"https:\/\/homeliers.com\/ca\/vins-per-regalar\/#primaryimage"},"thumbnailUrl":"https:\/\/homeliers.com\/ca\/wp-content\/uploads\/sites\/4\/2020\/12\/caixes-despullades_v2-1024x1024.jpg","datePublished":"2020-12-04T16:54:23+00:00","dateModified":"2020-12-04T17:25:51+00:00","description":"Sin\u00f3 vols perdre't entre milers de refer\u00e8ncies, aqu\u00ed tens una selecci\u00f3 de packs de bons vins preparats per regalar.","breadcrumb":{"@id":"https:\/\/homeliers.com\/ca\/vins-per-regalar\/#breadcrumb"},"inLanguage":"ca-ES","potentialAction":[{"@type":"ReadAction","target":["https:\/\/homeliers.com\/ca\/vins-per-regalar\/"]}]},{"@type":"ImageObject","inLanguage":"ca-ES","@id":"https:\/\/homeliers.com\/ca\/vins-per-regalar\/#primaryimage","url":"https:\/\/homeliers.com\/ca\/wp-content\/uploads\/sites\/4\/2020\/12\/caixes-despullades_v2.jpg","contentUrl":"https:\/\/homeliers.com\/ca\/wp-content\/uploads\/sites\/4\/2020\/12\/caixes-despullades_v2.jpg","width":1112,"height":1112},{"@type":"BreadcrumbList","@id":"https:\/\/homeliers.com\/ca\/vins-per-regalar\/#breadcrumb","itemListElement":[{"@type":"ListItem","position":1,"name":"Inici","item":"https:\/\/homeliers.com\/ca\/"},{"@type":"ListItem","position":2,"name":"Per regalar. Diga-li amb vi! \ud83c\udf81"}]},{"@type":"WebSite","@id":"https:\/\/homeliers.com\/ca\/#website","url":"https:\/\/homeliers.com\/ca\/","name":"Homeliers","description":"Seleccionem els millors vins i te&#039;ls portem a casa","publisher":{"@id":"https:\/\/homeliers.com\/ca\/#organization"},"potentialAction":[{"@type":"SearchAction","target":{"@type":"EntryPoint","urlTemplate":"https:\/\/homeliers.com\/ca\/?s={search_term_string}"},"query-input":"required name=search_term_string"}],"inLanguage":"ca-ES"},{"@type":"Organization","@id":"https:\/\/homeliers.com\/ca\/#organization","name":"Homeliers","url":"https:\/\/homeliers.com\/ca\/","logo":{"@type":"ImageObject","inLanguage":"ca-ES","@id":"https:\/\/homeliers.com\/ca\/#\/schema\/logo\/image\/","url":"https:\/\/homeliers.com\/ca\/wp-content\/uploads\/sites\/4\/2020\/06\/Homeliers_CA_v.svg","contentUrl":"https:\/\/homeliers.com\/ca\/wp-content\/uploads\/sites\/4\/2020\/06\/Homeliers_CA_v.svg","width":397,"height":226,"caption":"Homeliers"},"image":{"@id":"https:\/\/homeliers.com\/ca\/#\/schema\/logo\/image\/"},"sameAs":["https:\/\/www.facebook.com\/homeliers","https:\/\/x.com\/homeliers","https:\/\/www.instagram.com\/homeliers\/"]}]}},"_links":{"self":[{"href":"https:\/\/homeliers.com\/ca\/wp-json\/wp\/v2\/pages\/823"}],"collection":[{"href":"https:\/\/homeliers.com\/ca\/wp-json\/wp\/v2\/pages"}],"about":[{"href":"https:\/\/homeliers.com\/ca\/wp-json\/wp\/v2\/types\/page"}],"author":[{"embeddable":true,"href":"https:\/\/homeliers.com\/ca\/wp-json\/wp\/v2\/users\/1"}],"replies":[{"embeddable":true,"href":"https:\/\/homeliers.com\/ca\/wp-json\/wp\/v2\/comments?post=823"}],"version-history":[{"count":8,"href":"https:\/\/homeliers.com\/ca\/wp-json\/wp\/v2\/pages\/823\/revisions"}],"predecessor-version":[{"id":890,"href":"https:\/\/homeliers.com\/ca\/wp-json\/wp\/v2\/pages\/823\/revisions\/890"}],"wp:attachment":[{"href":"https:\/\/homeliers.com\/ca\/wp-json\/wp\/v2\/media?parent=823"}],"curies":[{"name":"wp","href":"https:\/\/api.w.org\/{rel}","templated":true}]}}