{"id":985,"date":"2021-03-15T19:54:01","date_gmt":"2021-03-15T18:54:01","guid":{"rendered":"https:\/\/homeliers.com\/ca\/?page_id=985"},"modified":"2021-03-15T19:54:14","modified_gmt":"2021-03-15T18:54:14","slug":"faqs","status":"publish","type":"page","link":"https:\/\/homeliers.com\/ca\/faqs\/","title":{"rendered":"Faqs"},"content":{"rendered":"\n<h1 class=\"uppercase\">FAQS<\/h1>\n<h2 class=\"thin-font\"><strong>PREGUNTES SOBRE EL PROC\u00c9S DE COMPRA<\/strong><\/h2>\n<div class=\"accordion accordionFaqs\">\n\n<div id=\"accordion-529531587\" class=\"accordion-item\"><a id=\"accordion-529531587-label\" href=\"#\" class=\"accordion-title plain\" aria-expanded=\"false\" aria-controls=\"accordion-529531587-content\"><button class=\"toggle\" aria-label=\"Toggle\"><i class=\"icon-angle-down\"><\/i><\/button><span>Com puc realitzar una comanda a Homeliers?<\/span><\/a><div id=\"accordion-529531587-content\" class=\"accordion-inner\" aria-labelledby=\"accordion-529531587-label\">\n\n<p style=\"text-align: left\">El proc\u00e9s de realitzar una comanda \u00e9s molt simple:<\/p>\n<p style=\"text-align: left\">Pots visitar les diferents p\u00e0gines i seccions de la web fins que trobis el pack o el vi que t&#8217;agradi. Selecciona les unitats que vulguis comprar i prem comprar per afegir el producte a la cistella de compra.<\/p>\n<p style=\"text-align: left\">Pots seguir comprant tants vins com vulguis fins que tinguis la teva comanda completa.<\/p>\n<p style=\"text-align: left\">Quan tinguis la teva comanda complet, ves a l&#8217;cistella de compra i revisa que efectivament tots els productes desitjats figuren all\u00e0 i en les quantitats desitjades. Des d&#8217;all\u00e0 es poden eliminar o modificar els productes si hi ha hagut algun error.<\/p>\n<p style=\"text-align: left\">Un cop estiguis segur que tota la comanda \u00e9s del teu gust fes clic al bot\u00f3 &#8220;Pagar demanat&#8221; per iniciar el proc\u00e9s de pagament de la teva comanda a trav\u00e9s de les passarel\u00b7les de pagament contractades.<\/p>\n<p style=\"text-align: left\">En aquest punt ens cal obtenir la identificaci\u00f3 de comprador. Si ja ets client introdueix les teves dades d&#8217;acc\u00e9s. Si per contra \u00e9s la teva primera compra, introdueix les teves dades per crear el teu compte en Homeliers. Crear un compte \u00e9s totalment gratu\u00eft.<\/p>\n<p style=\"text-align: left\">Un cop identificat, et demanarem les dades de facturaci\u00f3 i d&#8217;enviament de la teva comanda.<\/p>\n<p style=\"text-align: left\">Selecciona el m\u00e8tode de pagament. Targeta de cr\u00e8dit o transfer\u00e8ncia banc\u00e0ria.<\/p>\n<p style=\"text-align: left\">Homeliers treballa amb empreses especialitzades en passarel\u00b7les de pagaments de el sector bancari per fer que totes les transaccions siguin segures.<\/p>\n<p style=\"text-align: left\">La teva comanda ja s&#8217;ha realitzat. El rebr\u00e0s c\u00f2modament a casa teva.<\/p>\n\n<\/div><\/div>\n<div id=\"accordion-2177562694\" class=\"accordion-item\"><a id=\"accordion-2177562694-label\" href=\"#\" class=\"accordion-title plain\" aria-expanded=\"false\" aria-controls=\"accordion-2177562694-content\"><button class=\"toggle\" aria-label=\"Toggle\"><i class=\"icon-angle-down\"><\/i><\/button><span>Quins metodes de pagament puc utilitzar en Homeliers?<\/span><\/a><div id=\"accordion-2177562694-content\" class=\"accordion-inner\" aria-labelledby=\"accordion-2177562694-label\">\n\n\t<div id=\"text-3277175646\" class=\"text\">\n\t\t\n\n<p style=\"text-align: left\">Les comandes es poden pagar amb targeta (VISA, Mastercard o American Express), o mitjan\u00e7ant transfer\u00e8ncia banc\u00e0ria.<\/p>\n\t\t\n<style>\n#text-3277175646 {\n  text-align: left;\n}\n<\/style>\n\t<\/div>\n\t\n\n<\/div><\/div>\n<div id=\"accordion-1184806897\" class=\"accordion-item\"><a id=\"accordion-1184806897-label\" href=\"#\" class=\"accordion-title plain\" aria-expanded=\"false\" aria-controls=\"accordion-1184806897-content\"><button class=\"toggle\" aria-label=\"Toggle\"><i class=\"icon-angle-down\"><\/i><\/button><span>\u00c9s segur el sistema de pagament?<\/span><\/a><div id=\"accordion-1184806897-content\" class=\"accordion-inner\" aria-labelledby=\"accordion-1184806897-label\">\n\n\t<div id=\"text-1176873031\" class=\"text\">\n\t\t\n\n<p>Els nostres sistemes de pagaments s\u00f3n totalment segurs. Fem servir plataformes banc\u00e0ries especialitzades en la gesti\u00f3 de cobraments assegurances a internet.<\/p>\n<p>Homeliers no s&#8217;emmagatzema en cap base de dades dels n\u00fameros de les targetes de cr\u00e8dit dels seus clients ja que tot el proc\u00e9s de pagament es porta a terme en aquestes plataformes especialitzades de el sistema bancari.<\/p>\n\t\t\n<style>\n#text-1176873031 {\n  text-align: left;\n}\n<\/style>\n\t<\/div>\n\t\n\n<\/div><\/div>\n<div id=\"accordion-2831394492\" class=\"accordion-item\"><a id=\"accordion-2831394492-label\" href=\"#\" class=\"accordion-title plain\" aria-expanded=\"false\" aria-controls=\"accordion-2831394492-content\"><button class=\"toggle\" aria-label=\"Toggle\"><i class=\"icon-angle-down\"><\/i><\/button><span>Visc fora d'Espanya, puc fer comandes?<\/span><\/a><div id=\"accordion-2831394492-content\" class=\"accordion-inner\" aria-labelledby=\"accordion-2831394492-label\">\n\n<p style=\"text-align: left\">De moment nom\u00e9s expedim comandes a Espanya peninsular i Balears, no expedim de moment a Illes Can\u00e0ries, Ceuta i Melilla ni fora d&#8217;Espanya.<\/p>\n\n<\/div><\/div>\n<div id=\"accordion-2634136381\" class=\"accordion-item\"><a id=\"accordion-2634136381-label\" href=\"#\" class=\"accordion-title plain\" aria-expanded=\"false\" aria-controls=\"accordion-2634136381-content\"><button class=\"toggle\" aria-label=\"Toggle\"><i class=\"icon-angle-down\"><\/i><\/button><span>He obert una ampolla i el vi est\u00e0 dolent, qu\u00e8 faig?<\/span><\/a><div id=\"accordion-2634136381-content\" class=\"accordion-inner\" aria-labelledby=\"accordion-2634136381-label\">\n\n<p style=\"text-align: left\">Homeliers nom\u00e9s treballa amb vins d&#8217;alta qualitat de cellers contrastades en el sector que rarament presenten problemes de qualitat en els seus vins. A m\u00e9s, regularment el nostre comit\u00e8 de tast realitza test dels vins que tenim emmagatzemats per valorar la seva qualitat i poder a\u00efllar el producte si alguna partida tingu\u00e9s algun defecte.<\/p>\n<p style=\"text-align: left\">Aix\u00ed i tot, \u00e9s possible que alguna ampolla pateixi algun tipus de problema o defecte un cop en el seu dest\u00ed (suro, per exemple). Si fos el cas preguem que contactis amb el nostre departament d&#8217;atenci\u00f3 a client per avaluar la situaci\u00f3 i es procediria a substituir el producte per un altre sense cap cost o es procediria a el reemborsament de l&#8217;import corresponent.<br \/>Perqu\u00e8 aquest tipus de reclamacions es poden atendre es necessitar\u00e0 conservar l&#8217;ampolla i el vi fins a resoldre la incid\u00e8ncia amb el nostre departament d&#8217;atenci\u00f3 a client. No s&#8217;acceptaran reclamacions si s&#8217;ha tirat el vi o l&#8217;ampolla i si la reclamaci\u00f3 \u00e9s posterior a 30 dies despr\u00e9s de la data de compra.<\/p>\n\n<\/div><\/div>\n<div id=\"accordion-1200042823\" class=\"accordion-item\"><a id=\"accordion-1200042823-label\" href=\"#\" class=\"accordion-title plain\" aria-expanded=\"false\" aria-controls=\"accordion-1200042823-content\"><button class=\"toggle\" aria-label=\"Toggle\"><i class=\"icon-angle-down\"><\/i><\/button><span>He de comprar algun m\u00ednim d'ampolles?<\/span><\/a><div id=\"accordion-1200042823-content\" class=\"accordion-inner\" aria-labelledby=\"accordion-1200042823-label\">\n\n<p style=\"text-align: left\">No. A Homeliers no existeix el concepte de comanda m\u00ednim, pots comprar el nombre d&#8217;ampolles que vulguis, encara que \u00e9s important tenir en compte que el cost d&#8217;enviament \u00e9s gratu\u00eft si es superen els 49,90 euros d&#8217;import de comanda.<\/p>\n\n<\/div><\/div>\n<div id=\"accordion-1851244774\" class=\"accordion-item\"><a id=\"accordion-1851244774-label\" href=\"#\" class=\"accordion-title plain\" aria-expanded=\"false\" aria-controls=\"accordion-1851244774-content\"><button class=\"toggle\" aria-label=\"Toggle\"><i class=\"icon-angle-down\"><\/i><\/button><span>A Homeliers puc regalar vi?<\/span><\/a><div id=\"accordion-1851244774-content\" class=\"accordion-inner\" aria-labelledby=\"accordion-1851244774-label\">\n\n<p style=\"text-align: left\">Per descomptat que es pot regalar vi a Homeliers, en el moment de realitzar la comanda pots seleccionar les opcions de regal, on es pot afegir un tipus d&#8217;embalatge especial (caixes de fusta, estoigs) i es pot afegir un missatge de regal que afegirem en un full impr\u00e8s en el nostre enviament perqu\u00e8 el receptor de l&#8217;regal el llegeixi quan obri el seu regal.<\/p>\n<p style=\"text-align: left\">Despr\u00e9s es sol\u00b7licita l&#8217;adre\u00e7a d&#8217;enviament on ha de ser lliurada la comanda regal i no adjuntarem cap document amb preus en l&#8217;enviament, tota la informaci\u00f3 i la factura s&#8217;envia exclusivament a comprador.<\/p>\n\n<\/div><\/div>\n\n<\/div>\n<h2 class=\"thin-font\"><strong>PREGUNTAS SOBRE EL TRANSPORT<\/strong><\/h2>\n<div class=\"accordion accordionFaqs\">\n\n<div id=\"accordion-4236513533\" class=\"accordion-item\"><a id=\"accordion-4236513533-label\" href=\"#\" class=\"accordion-title plain\" aria-expanded=\"false\" aria-controls=\"accordion-4236513533-content\"><button class=\"toggle\" aria-label=\"Toggle\"><i class=\"icon-angle-down\"><\/i><\/button><span>Qu\u00e8 est\u00e0 incl\u00f2s dins el preu del transport?<\/span><\/a><div id=\"accordion-4236513533-content\" class=\"accordion-inner\" aria-labelledby=\"accordion-4236513533-label\">\n\n<p style=\"text-align: left\">Les tarifes que es detallen en l&#8217;apartat transport inclouen el transport dels productes sol\u00b7licitats fins al domicili particular, l&#8217;embalatge en un tipus de caixa dissenyada per transportar ampolles mitjan\u00e7ant serveis de transport urgent i l&#8217;asseguran\u00e7a contra p\u00e8rdua de la mercaderia o possibles trencaments.<\/p>\n\n<\/div><\/div>\n<div id=\"accordion-620995772\" class=\"accordion-item\"><a id=\"accordion-620995772-label\" href=\"#\" class=\"accordion-title plain\" aria-expanded=\"false\" aria-controls=\"accordion-620995772-content\"><button class=\"toggle\" aria-label=\"Toggle\"><i class=\"icon-angle-down\"><\/i><\/button><span>Hi ha manera d'obtenir transport gratu\u00eft a partir d'un determinat import?<\/span><\/a><div id=\"accordion-620995772-content\" class=\"accordion-inner\" aria-labelledby=\"accordion-620995772-label\">\n\n<p style=\"text-align: left\">S\u00ed. A partir de 49,90 euros de compra oferim transport gratu\u00eft en el seu enviament.<\/p>\n\n<\/div><\/div>\n<div id=\"accordion-1953381719\" class=\"accordion-item\"><a id=\"accordion-1953381719-label\" href=\"#\" class=\"accordion-title plain\" aria-expanded=\"false\" aria-controls=\"accordion-1953381719-content\"><button class=\"toggle\" aria-label=\"Toggle\"><i class=\"icon-angle-down\"><\/i><\/button><span>Quant puc trigar a rebre la meva comanda?<\/span><\/a><div id=\"accordion-1953381719-content\" class=\"accordion-inner\" aria-labelledby=\"accordion-1953381719-label\">\n\n<p style=\"text-align: left\">Per norma general els lliuraments a Espanya pen\u00ednsula triguen entre 24h i 48h (en dies laborables) sempre que tots els productes estiguin disponibles en estoc en aquest moment. En el cas de Illes Balears el lliurament triga entre 4 i 5 dies laborables.<\/p>\n<p style=\"text-align: left\">Una vegada que la comanda surt del nostre magatzem, s&#8217;envia a l&#8217;destinatari un missatge de notificaci\u00f3 d&#8217;enviament, i un segon correu electr\u00f2nic de l&#8217;transportista amb les dades de l&#8217;enviament per al seguiment del seu web.<\/p>\n\n<\/div><\/div>\n<div id=\"accordion-3628513901\" class=\"accordion-item\"><a id=\"accordion-3628513901-label\" href=\"#\" class=\"accordion-title plain\" aria-expanded=\"false\" aria-controls=\"accordion-3628513901-content\"><button class=\"toggle\" aria-label=\"Toggle\"><i class=\"icon-angle-down\"><\/i><\/button><span>Qu\u00e8 passa si es trenca alguna ampolla durant l'enviament?<\/span><\/a><div id=\"accordion-3628513901-content\" class=\"accordion-inner\" aria-labelledby=\"accordion-3628513901-label\">\n\n<p style=\"text-align: left\">Homeliers utilitza un embalatge especial per als enviaments que est\u00e0 dissenyat expressament per evitar trencaments d&#8217;ampolles en enviaments de transport urgents. Per\u00f2 tot i aix\u00ed \u00e9s un producte fr\u00e0gil i \u00e9s possible que es produeixi algun trencament.<\/p>\n<p style=\"text-align: left\">Si quan rep la comanda arriba alguna ampolla trencada, no es preocupi, ens ho indica al nostre departament d&#8217;atenci\u00f3 a client i reposarem l&#8217;ampolla o li retornarem els diners.<\/p>\n<p style=\"text-align: left\">Si detecta alguna caixa humida o sospita que es pugui haver produ\u00eft un trencament abans de la recepci\u00f3, no accepti la comanda, i poseu-vos en contacte amb nosaltres perqu\u00e8 gestionem la incid\u00e8ncia.<\/p>\n\n<\/div><\/div>\n<div id=\"accordion-2493019551\" class=\"accordion-item\"><a id=\"accordion-2493019551-label\" href=\"#\" class=\"accordion-title plain\" aria-expanded=\"false\" aria-controls=\"accordion-2493019551-content\"><button class=\"toggle\" aria-label=\"Toggle\"><i class=\"icon-angle-down\"><\/i><\/button><span>I si quan ve el transportista no estic en aquest moment a casa?<\/span><\/a><div id=\"accordion-2493019551-content\" class=\"accordion-inner\" aria-labelledby=\"accordion-2493019551-label\">\n\n<p style=\"text-align: left\">Si el primer intent de lliurament \u00e9s fallit per no haver ning\u00fa en el domicili el transportista provar\u00e0 gratu\u00eftament un segon enviament, en el cas que es produeixi un segon intent fallit el transportista deixar\u00e0 un tel\u00e8fon de contacte per acordar la recollida en els seus magatzems.<\/p>\n<p style=\"text-align: left\">\u00c9s important intentar introduir una adre\u00e7a de lliurament on normalment hi hagi sempre alg\u00fa disponible per rebre paquets en horari comercial.<\/p>\n\n<\/div><\/div>\n<div id=\"accordion-1573486493\" class=\"accordion-item\"><a id=\"accordion-1573486493-label\" href=\"#\" class=\"accordion-title plain\" aria-expanded=\"false\" aria-controls=\"accordion-1573486493-content\"><button class=\"toggle\" aria-label=\"Toggle\"><i class=\"icon-angle-down\"><\/i><\/button><span>He de pagar algun import a l'ag\u00e8ncia de transport?<\/span><\/a><div id=\"accordion-1573486493-content\" class=\"accordion-inner\" aria-labelledby=\"accordion-1573486493-label\">\n\n<p style=\"text-align: left\">NO, mai, el transport est\u00e0 SEMPRE incl\u00f2s en el preu total de la comanda.<\/p>\n\n<\/div><\/div>\n<div id=\"accordion-2339955788\" class=\"accordion-item\"><a id=\"accordion-2339955788-label\" href=\"#\" class=\"accordion-title plain\" aria-expanded=\"false\" aria-controls=\"accordion-2339955788-content\"><button class=\"toggle\" aria-label=\"Toggle\"><i class=\"icon-angle-down\"><\/i><\/button><span>Puc demanar que m'envi\u00efn les ampolles en la seva caixa de fusta original?<\/span><\/a><div id=\"accordion-2339955788-content\" class=\"accordion-inner\" aria-labelledby=\"accordion-2339955788-label\">\n\n<p style=\"text-align: left\"><strong>No \u00e9s possible enviar les ampolles en les seves caixes originals<\/strong> ja que s\u00f3n embalatges fr\u00e0gils i no estan homologats per al transport urgent d&#8217;ampolles. No podr\u00edem reclamar a l&#8217;ag\u00e8ncia de transports en cas de trencament, nom\u00e9s les comandes expedits en els nostres embalatges estan coberts per la nostra asseguran\u00e7a de transport.<\/p>\n\n<\/div><\/div>\n\n<\/div>\n<h2 class=\"thin-font\"><strong>PREGUNTAS SOBRE EL MEU COMPTE<\/strong><\/h2>\n<div class=\"accordion accordionFaqs\">\n\n<div id=\"accordion-3000585923\" class=\"accordion-item\"><a id=\"accordion-3000585923-label\" href=\"#\" class=\"accordion-title plain\" aria-expanded=\"false\" aria-controls=\"accordion-3000585923-content\"><button class=\"toggle\" aria-label=\"Toggle\"><i class=\"icon-angle-down\"><\/i><\/button><span>No recordo la contrasenya i no puc processar la comanda.<\/span><\/a><div id=\"accordion-3000585923-content\" class=\"accordion-inner\" aria-labelledby=\"accordion-3000585923-label\">\n\n<p style=\"text-align: left\">Si t&#8217;has oblidat de la contrasenya fa servir l&#8217;enlla\u00e7 &#8220;He oblidat la contrasenya&#8221; i et farem arribar un e-mail amb les indicacions per restablir la contrasenya. Cal tenir en compte que el sistema distingeix entre maj\u00fascules i min\u00fascules, tant per a la direcci\u00f3 de correu electr\u00f2nic com per a la contrasenya.<\/p>\n\n<\/div><\/div>\n<div id=\"accordion-1212434357\" class=\"accordion-item\"><a id=\"accordion-1212434357-label\" href=\"#\" class=\"accordion-title plain\" aria-expanded=\"false\" aria-controls=\"accordion-1212434357-content\"><button class=\"toggle\" aria-label=\"Toggle\"><i class=\"icon-angle-down\"><\/i><\/button><span>Com puc modificar les meves dades personals?<\/span><\/a><div id=\"accordion-1212434357-content\" class=\"accordion-inner\" aria-labelledby=\"accordion-1212434357-label\">\n\n<p style=\"text-align: left\" lang=\"es-ES\">Si vols modificar la teva contrasenya, l&#8217;idioma en qu\u00e8 reps les nostres notificacions, la teva adre\u00e7a de correu electr\u00f2nic, les teves adreces de lliurament preferida, les dades de facturaci\u00f3, pots visitar la secci\u00f3 de El meu compte, que trobar\u00e0s a la part superior dreta de totes les nostres p\u00e0gines .<\/p>\n\n<\/div><\/div>\n\n<\/div>\n<div class=\"is-divider divider clearfix\" style=\"height:0px;\"><\/div>\n\n<p>Per a qualsevol dubte adicional si us plau contacta amb el nostre departament d&#8217;atenci\u00f3 a client.<\/p>\n\n","protected":false},"excerpt":{"rendered":"","protected":false},"author":4,"featured_media":0,"parent":0,"menu_order":0,"comment_status":"closed","ping_status":"closed","template":"","meta":{"inline_featured_image":false,"footnotes":""},"yoast_head":"<!-- This site is optimized with the Yoast SEO plugin v23.0 - https:\/\/yoast.com\/wordpress\/plugins\/seo\/ -->\n<title>Faqs - Homeliers<\/title>\n<meta name=\"description\" content=\"FAQS PREGUNTES SOBRE EL PROC\u00c9S DE COMPRA PREGUNTAS SOBRE EL TRANSPORT PREGUNTAS SOBRE EL MEU COMPTE Per a qualsevol dubte adicional si us plau contacta\" \/>\n<meta name=\"robots\" content=\"index, follow, max-snippet:-1, max-image-preview:large, max-video-preview:-1\" \/>\n<link rel=\"canonical\" href=\"https:\/\/homeliers.com\/ca\/faqs\/\" \/>\n<meta property=\"og:locale\" content=\"ca_ES\" \/>\n<meta property=\"og:type\" content=\"article\" \/>\n<meta property=\"og:title\" content=\"Faqs - Homeliers\" \/>\n<meta property=\"og:description\" content=\"FAQS PREGUNTES SOBRE EL PROC\u00c9S DE COMPRA PREGUNTAS SOBRE EL TRANSPORT PREGUNTAS SOBRE EL MEU COMPTE Per a qualsevol dubte adicional si us plau contacta\" \/>\n<meta property=\"og:url\" content=\"https:\/\/homeliers.com\/ca\/faqs\/\" \/>\n<meta property=\"og:site_name\" content=\"Homeliers\" \/>\n<meta property=\"article:publisher\" content=\"https:\/\/www.facebook.com\/homeliers\" \/>\n<meta property=\"article:modified_time\" content=\"2021-03-15T18:54:14+00:00\" \/>\n<meta name=\"twitter:card\" content=\"summary_large_image\" \/>\n<meta name=\"twitter:site\" content=\"@homeliers\" \/>\n<meta name=\"twitter:label1\" content=\"Est. reading time\" \/>\n\t<meta name=\"twitter:data1\" content=\"7 minutes\" \/>\n<script type=\"application\/ld+json\" class=\"yoast-schema-graph\">{\"@context\":\"https:\/\/schema.org\",\"@graph\":[{\"@type\":\"WebPage\",\"@id\":\"https:\/\/homeliers.com\/ca\/faqs\/\",\"url\":\"https:\/\/homeliers.com\/ca\/faqs\/\",\"name\":\"Faqs - Homeliers\",\"isPartOf\":{\"@id\":\"https:\/\/homeliers.com\/ca\/#website\"},\"datePublished\":\"2021-03-15T18:54:01+00:00\",\"dateModified\":\"2021-03-15T18:54:14+00:00\",\"description\":\"FAQS PREGUNTES SOBRE EL PROC\u00c9S DE COMPRA PREGUNTAS SOBRE EL TRANSPORT PREGUNTAS SOBRE EL MEU COMPTE Per a qualsevol dubte adicional si us plau contacta\",\"breadcrumb\":{\"@id\":\"https:\/\/homeliers.com\/ca\/faqs\/#breadcrumb\"},\"inLanguage\":\"ca-ES\",\"potentialAction\":[{\"@type\":\"ReadAction\",\"target\":[\"https:\/\/homeliers.com\/ca\/faqs\/\"]}]},{\"@type\":\"BreadcrumbList\",\"@id\":\"https:\/\/homeliers.com\/ca\/faqs\/#breadcrumb\",\"itemListElement\":[{\"@type\":\"ListItem\",\"position\":1,\"name\":\"Inici\",\"item\":\"https:\/\/homeliers.com\/ca\/\"},{\"@type\":\"ListItem\",\"position\":2,\"name\":\"Faqs\"}]},{\"@type\":\"WebSite\",\"@id\":\"https:\/\/homeliers.com\/ca\/#website\",\"url\":\"https:\/\/homeliers.com\/ca\/\",\"name\":\"Homeliers\",\"description\":\"Seleccionem els millors vins i te&#039;ls portem a casa\",\"publisher\":{\"@id\":\"https:\/\/homeliers.com\/ca\/#organization\"},\"potentialAction\":[{\"@type\":\"SearchAction\",\"target\":{\"@type\":\"EntryPoint\",\"urlTemplate\":\"https:\/\/homeliers.com\/ca\/?s={search_term_string}\"},\"query-input\":\"required name=search_term_string\"}],\"inLanguage\":\"ca-ES\"},{\"@type\":\"Organization\",\"@id\":\"https:\/\/homeliers.com\/ca\/#organization\",\"name\":\"Homeliers\",\"url\":\"https:\/\/homeliers.com\/ca\/\",\"logo\":{\"@type\":\"ImageObject\",\"inLanguage\":\"ca-ES\",\"@id\":\"https:\/\/homeliers.com\/ca\/#\/schema\/logo\/image\/\",\"url\":\"https:\/\/homeliers.com\/ca\/wp-content\/uploads\/sites\/4\/2020\/06\/Homeliers_CA_v.svg\",\"contentUrl\":\"https:\/\/homeliers.com\/ca\/wp-content\/uploads\/sites\/4\/2020\/06\/Homeliers_CA_v.svg\",\"width\":397,\"height\":226,\"caption\":\"Homeliers\"},\"image\":{\"@id\":\"https:\/\/homeliers.com\/ca\/#\/schema\/logo\/image\/\"},\"sameAs\":[\"https:\/\/www.facebook.com\/homeliers\",\"https:\/\/x.com\/homeliers\",\"https:\/\/www.instagram.com\/homeliers\/\"]}]}<\/script>\n<!-- \/ Yoast SEO plugin. -->","yoast_head_json":{"title":"Faqs - Homeliers","description":"FAQS PREGUNTES SOBRE EL PROC\u00c9S DE COMPRA PREGUNTAS SOBRE EL TRANSPORT PREGUNTAS SOBRE EL MEU COMPTE Per a qualsevol dubte adicional si us plau contacta","robots":{"index":"index","follow":"follow","max-snippet":"max-snippet:-1","max-image-preview":"max-image-preview:large","max-video-preview":"max-video-preview:-1"},"canonical":"https:\/\/homeliers.com\/ca\/faqs\/","og_locale":"ca_ES","og_type":"article","og_title":"Faqs - Homeliers","og_description":"FAQS PREGUNTES SOBRE EL PROC\u00c9S DE COMPRA PREGUNTAS SOBRE EL TRANSPORT PREGUNTAS SOBRE EL MEU COMPTE Per a qualsevol dubte adicional si us plau contacta","og_url":"https:\/\/homeliers.com\/ca\/faqs\/","og_site_name":"Homeliers","article_publisher":"https:\/\/www.facebook.com\/homeliers","article_modified_time":"2021-03-15T18:54:14+00:00","twitter_card":"summary_large_image","twitter_site":"@homeliers","twitter_misc":{"Est. reading time":"7 minutes"},"schema":{"@context":"https:\/\/schema.org","@graph":[{"@type":"WebPage","@id":"https:\/\/homeliers.com\/ca\/faqs\/","url":"https:\/\/homeliers.com\/ca\/faqs\/","name":"Faqs - Homeliers","isPartOf":{"@id":"https:\/\/homeliers.com\/ca\/#website"},"datePublished":"2021-03-15T18:54:01+00:00","dateModified":"2021-03-15T18:54:14+00:00","description":"FAQS PREGUNTES SOBRE EL PROC\u00c9S DE COMPRA PREGUNTAS SOBRE EL TRANSPORT PREGUNTAS SOBRE EL MEU COMPTE Per a qualsevol dubte adicional si us plau contacta","breadcrumb":{"@id":"https:\/\/homeliers.com\/ca\/faqs\/#breadcrumb"},"inLanguage":"ca-ES","potentialAction":[{"@type":"ReadAction","target":["https:\/\/homeliers.com\/ca\/faqs\/"]}]},{"@type":"BreadcrumbList","@id":"https:\/\/homeliers.com\/ca\/faqs\/#breadcrumb","itemListElement":[{"@type":"ListItem","position":1,"name":"Inici","item":"https:\/\/homeliers.com\/ca\/"},{"@type":"ListItem","position":2,"name":"Faqs"}]},{"@type":"WebSite","@id":"https:\/\/homeliers.com\/ca\/#website","url":"https:\/\/homeliers.com\/ca\/","name":"Homeliers","description":"Seleccionem els millors vins i te&#039;ls portem a casa","publisher":{"@id":"https:\/\/homeliers.com\/ca\/#organization"},"potentialAction":[{"@type":"SearchAction","target":{"@type":"EntryPoint","urlTemplate":"https:\/\/homeliers.com\/ca\/?s={search_term_string}"},"query-input":"required name=search_term_string"}],"inLanguage":"ca-ES"},{"@type":"Organization","@id":"https:\/\/homeliers.com\/ca\/#organization","name":"Homeliers","url":"https:\/\/homeliers.com\/ca\/","logo":{"@type":"ImageObject","inLanguage":"ca-ES","@id":"https:\/\/homeliers.com\/ca\/#\/schema\/logo\/image\/","url":"https:\/\/homeliers.com\/ca\/wp-content\/uploads\/sites\/4\/2020\/06\/Homeliers_CA_v.svg","contentUrl":"https:\/\/homeliers.com\/ca\/wp-content\/uploads\/sites\/4\/2020\/06\/Homeliers_CA_v.svg","width":397,"height":226,"caption":"Homeliers"},"image":{"@id":"https:\/\/homeliers.com\/ca\/#\/schema\/logo\/image\/"},"sameAs":["https:\/\/www.facebook.com\/homeliers","https:\/\/x.com\/homeliers","https:\/\/www.instagram.com\/homeliers\/"]}]}},"_links":{"self":[{"href":"https:\/\/homeliers.com\/ca\/wp-json\/wp\/v2\/pages\/985"}],"collection":[{"href":"https:\/\/homeliers.com\/ca\/wp-json\/wp\/v2\/pages"}],"about":[{"href":"https:\/\/homeliers.com\/ca\/wp-json\/wp\/v2\/types\/page"}],"author":[{"embeddable":true,"href":"https:\/\/homeliers.com\/ca\/wp-json\/wp\/v2\/users\/4"}],"replies":[{"embeddable":true,"href":"https:\/\/homeliers.com\/ca\/wp-json\/wp\/v2\/comments?post=985"}],"version-history":[{"count":7,"href":"https:\/\/homeliers.com\/ca\/wp-json\/wp\/v2\/pages\/985\/revisions"}],"predecessor-version":[{"id":1020,"href":"https:\/\/homeliers.com\/ca\/wp-json\/wp\/v2\/pages\/985\/revisions\/1020"}],"wp:attachment":[{"href":"https:\/\/homeliers.com\/ca\/wp-json\/wp\/v2\/media?parent=985"}],"curies":[{"name":"wp","href":"https:\/\/api.w.org\/{rel}","templated":true}]}}