{"id":995,"date":"2021-02-15T18:55:39","date_gmt":"2021-02-15T17:55:39","guid":{"rendered":"https:\/\/homeliers.com\/ca\/?page_id=995"},"modified":"2021-03-07T18:34:56","modified_gmt":"2021-03-07T17:34:56","slug":"bloc","status":"publish","type":"page","link":"https:\/\/homeliers.com\/ca\/bloc\/","title":{"rendered":"Bloc"},"content":{"rendered":"\n<div class=\"container section-title-container\" ><h3 class=\"section-title section-title-normal\"><b><\/b><span class=\"section-title-main\" >Bloc<\/span><b><\/b><\/h3><\/div>\n\n\n  \n    <div id=\"row-2061184980\" class=\"row large-columns-4 medium-columns-1 small-columns-1 row-masonry\" data-packery-options='{\"itemSelector\": \".col\", \"gutter\": 0, \"presentageWidth\" : true}'>\n\n  <div class=\"col post-item\" >\n\t\t\t<div class=\"col-inner\">\n\t\t\t<a href=\"https:\/\/homeliers.com\/ca\/plorant-per-tu\/\" class=\"plain\">\n\t\t\t\t<div class=\"box box-normal box-text-bottom box-blog-post has-hover\">\n            \t\t\t\t\t<div class=\"box-image\" >\n  \t\t\t\t\t\t<div class=\"image-cover\" style=\"padding-top:56%;\">\n  \t\t\t\t\t\t\t<img loading=\"lazy\" decoding=\"async\" width=\"300\" height=\"189\" src=\"https:\/\/homeliers.com\/ca\/wp-content\/uploads\/sites\/4\/2021\/03\/newsletter-marc2021-300x189.jpg\" class=\"attachment-medium size-medium wp-post-image\" alt=\"Cep plorant\" srcset=\"https:\/\/homeliers.com\/ca\/wp-content\/uploads\/sites\/4\/2021\/03\/newsletter-marc2021-300x189.jpg 300w, https:\/\/homeliers.com\/ca\/wp-content\/uploads\/sites\/4\/2021\/03\/newsletter-marc2021-1024x647.jpg 1024w, https:\/\/homeliers.com\/ca\/wp-content\/uploads\/sites\/4\/2021\/03\/newsletter-marc2021-768x485.jpg 768w, https:\/\/homeliers.com\/ca\/wp-content\/uploads\/sites\/4\/2021\/03\/newsletter-marc2021-1536x970.jpg 1536w, https:\/\/homeliers.com\/ca\/wp-content\/uploads\/sites\/4\/2021\/03\/newsletter-marc2021-600x379.jpg 600w, https:\/\/homeliers.com\/ca\/wp-content\/uploads\/sites\/4\/2021\/03\/newsletter-marc2021-1320x834.jpg 1320w, https:\/\/homeliers.com\/ca\/wp-content\/uploads\/sites\/4\/2021\/03\/newsletter-marc2021.jpg 1900w\" sizes=\"(max-width: 300px) 100vw, 300px\" \/>  \t\t\t\t\t\t\t  \t\t\t\t\t\t\t  \t\t\t\t\t\t<\/div>\n  \t\t\t\t\t\t  \t\t\t\t\t<\/div>\n          \t\t\t\t\t<div class=\"box-text text-center\" >\n\t\t\t\t\t<div class=\"box-text-inner blog-post-inner\">\n\n\t\t\t\t\t\n\t\t\t\t\t\t\t\t\t\t<h5 class=\"post-title is-large \">Plorant per tu.<\/h5>\n\t\t\t\t\t\t\t\t\t\t<div class=\"is-divider\"><\/div>\n\t\t\t\t\t\t\t\t\t\t<p class=\"from_the_blog_excerpt \">La vinya est\u00e0 finalitzant el seu per\u00edode de letargia hivernal, i comen\u00e7a a despertar. [...]\t\t\t\t\t<\/p>\n\t\t\t\t\t                    \n\t\t\t\t\t\n\t\t\t\t\t\n\t\t\t\t\t<\/div>\n\t\t\t\t\t<\/div>\n\t\t\t\t\t\t\t\t\t\t\t\t\t\t\t\t<div class=\"badge absolute top post-date badge-outline\">\n\t\t\t\t\t\t\t<div class=\"badge-inner\">\n\t\t\t\t\t\t\t\t<span class=\"post-date-day\">07<\/span><br>\n\t\t\t\t\t\t\t\t<span class=\"post-date-month is-xsmall\">Mar<\/span>\n\t\t\t\t\t\t\t<\/div>\n\t\t\t\t\t\t<\/div>\n\t\t\t\t\t\t\t\t\t<\/div>\n\t\t\t\t<\/a>\n\t\t\t<\/div>\n\t\t<\/div><div class=\"col post-item\" >\n\t\t\t<div class=\"col-inner\">\n\t\t\t<a href=\"https:\/\/homeliers.com\/ca\/felic-anyada-nova\/\" class=\"plain\">\n\t\t\t\t<div class=\"box box-normal box-text-bottom box-blog-post has-hover\">\n            \t\t\t\t\t<div class=\"box-image\" >\n  \t\t\t\t\t\t<div class=\"image-cover\" style=\"padding-top:56%;\">\n  \t\t\t\t\t\t\t<img loading=\"lazy\" decoding=\"async\" width=\"300\" height=\"132\" src=\"https:\/\/homeliers.com\/ca\/wp-content\/uploads\/sites\/4\/2020\/12\/newsletter-gener2021-300x132.jpg\" class=\"attachment-medium size-medium wp-post-image\" alt=\"\" srcset=\"https:\/\/homeliers.com\/ca\/wp-content\/uploads\/sites\/4\/2020\/12\/newsletter-gener2021-300x132.jpg 300w, https:\/\/homeliers.com\/ca\/wp-content\/uploads\/sites\/4\/2020\/12\/newsletter-gener2021-1024x451.jpg 1024w, https:\/\/homeliers.com\/ca\/wp-content\/uploads\/sites\/4\/2020\/12\/newsletter-gener2021-768x338.jpg 768w, https:\/\/homeliers.com\/ca\/wp-content\/uploads\/sites\/4\/2020\/12\/newsletter-gener2021-1536x677.jpg 1536w, https:\/\/homeliers.com\/ca\/wp-content\/uploads\/sites\/4\/2020\/12\/newsletter-gener2021-2048x902.jpg 2048w, https:\/\/homeliers.com\/ca\/wp-content\/uploads\/sites\/4\/2020\/12\/newsletter-gener2021-600x264.jpg 600w, https:\/\/homeliers.com\/ca\/wp-content\/uploads\/sites\/4\/2020\/12\/newsletter-gener2021-1320x582.jpg 1320w\" sizes=\"(max-width: 300px) 100vw, 300px\" \/>  \t\t\t\t\t\t\t  \t\t\t\t\t\t\t  \t\t\t\t\t\t<\/div>\n  \t\t\t\t\t\t  \t\t\t\t\t<\/div>\n          \t\t\t\t\t<div class=\"box-text text-center\" >\n\t\t\t\t\t<div class=\"box-text-inner blog-post-inner\">\n\n\t\t\t\t\t\n\t\t\t\t\t\t\t\t\t\t<h5 class=\"post-title is-large \">Feli\u00e7 anyada nova!<\/h5>\n\t\t\t\t\t\t\t\t\t\t<div class=\"is-divider\"><\/div>\n\t\t\t\t\t\t\t\t\t\t<p class=\"from_the_blog_excerpt \">Els vins joves de la darrera verema ja son aqu\u00ed!\r\nPer\u00f2 ja coneixes les diferencies entre [...]\t\t\t\t\t<\/p>\n\t\t\t\t\t                    \n\t\t\t\t\t\n\t\t\t\t\t\n\t\t\t\t\t<\/div>\n\t\t\t\t\t<\/div>\n\t\t\t\t\t\t\t\t\t\t\t\t\t\t\t\t<div class=\"badge absolute top post-date badge-outline\">\n\t\t\t\t\t\t\t<div class=\"badge-inner\">\n\t\t\t\t\t\t\t\t<span class=\"post-date-day\">16<\/span><br>\n\t\t\t\t\t\t\t\t<span class=\"post-date-month is-xsmall\">Feb<\/span>\n\t\t\t\t\t\t\t<\/div>\n\t\t\t\t\t\t<\/div>\n\t\t\t\t\t\t\t\t\t<\/div>\n\t\t\t\t<\/a>\n\t\t\t<\/div>\n\t\t<\/div><div class=\"col post-item\" >\n\t\t\t<div class=\"col-inner\">\n\t\t\t<a href=\"https:\/\/homeliers.com\/ca\/despullades\/\" class=\"plain\">\n\t\t\t\t<div class=\"box box-normal box-text-bottom box-blog-post has-hover\">\n            \t\t\t\t\t<div class=\"box-image\" >\n  \t\t\t\t\t\t<div class=\"image-cover\" style=\"padding-top:56%;\">\n  \t\t\t\t\t\t\t<img loading=\"lazy\" decoding=\"async\" width=\"300\" height=\"132\" src=\"https:\/\/homeliers.com\/ca\/wp-content\/uploads\/sites\/4\/2020\/12\/despullada-300x132.jpg\" class=\"attachment-medium size-medium wp-post-image\" alt=\"\" srcset=\"https:\/\/homeliers.com\/ca\/wp-content\/uploads\/sites\/4\/2020\/12\/despullada-300x132.jpg 300w, https:\/\/homeliers.com\/ca\/wp-content\/uploads\/sites\/4\/2020\/12\/despullada-1024x451.jpg 1024w, https:\/\/homeliers.com\/ca\/wp-content\/uploads\/sites\/4\/2020\/12\/despullada-768x338.jpg 768w, https:\/\/homeliers.com\/ca\/wp-content\/uploads\/sites\/4\/2020\/12\/despullada-1536x677.jpg 1536w, https:\/\/homeliers.com\/ca\/wp-content\/uploads\/sites\/4\/2020\/12\/despullada-2048x902.jpg 2048w, https:\/\/homeliers.com\/ca\/wp-content\/uploads\/sites\/4\/2020\/12\/despullada-600x264.jpg 600w, https:\/\/homeliers.com\/ca\/wp-content\/uploads\/sites\/4\/2020\/12\/despullada-1320x582.jpg 1320w\" sizes=\"(max-width: 300px) 100vw, 300px\" \/>  \t\t\t\t\t\t\t  \t\t\t\t\t\t\t  \t\t\t\t\t\t<\/div>\n  \t\t\t\t\t\t  \t\t\t\t\t<\/div>\n          \t\t\t\t\t<div class=\"box-text text-center\" >\n\t\t\t\t\t<div class=\"box-text-inner blog-post-inner\">\n\n\t\t\t\t\t\n\t\t\t\t\t\t\t\t\t\t<h5 class=\"post-title is-large \">Despullades<\/h5>\n\t\t\t\t\t\t\t\t\t\t<div class=\"is-divider\"><\/div>\n\t\t\t\t\t\t\t\t\t\t<p class=\"from_the_blog_excerpt \">Ara la vinya ja dorm. Despullada. \u00bfSaps perqu\u00e8?\r\nEl proc\u00e9s de la caiguda de les fulles [...]\t\t\t\t\t<\/p>\n\t\t\t\t\t                    \n\t\t\t\t\t\n\t\t\t\t\t\n\t\t\t\t\t<\/div>\n\t\t\t\t\t<\/div>\n\t\t\t\t\t\t\t\t\t\t\t\t\t\t\t\t<div class=\"badge absolute top post-date badge-outline\">\n\t\t\t\t\t\t\t<div class=\"badge-inner\">\n\t\t\t\t\t\t\t\t<span class=\"post-date-day\">16<\/span><br>\n\t\t\t\t\t\t\t\t<span class=\"post-date-month is-xsmall\">Feb<\/span>\n\t\t\t\t\t\t\t<\/div>\n\t\t\t\t\t\t<\/div>\n\t\t\t\t\t\t\t\t\t<\/div>\n\t\t\t\t<\/a>\n\t\t\t<\/div>\n\t\t<\/div><div class=\"col post-item\" >\n\t\t\t<div class=\"col-inner\">\n\t\t\t<a href=\"https:\/\/homeliers.com\/ca\/colors-de-tardor\/\" class=\"plain\">\n\t\t\t\t<div class=\"box box-normal box-text-bottom box-blog-post has-hover\">\n            \t\t\t\t\t<div class=\"box-image\" >\n  \t\t\t\t\t\t<div class=\"image-cover\" style=\"padding-top:56%;\">\n  \t\t\t\t\t\t\t<img loading=\"lazy\" decoding=\"async\" width=\"300\" height=\"98\" src=\"https:\/\/homeliers.com\/ca\/wp-content\/uploads\/sites\/4\/2020\/11\/colors-de-tardor-ok-300x98.jpg\" class=\"attachment-medium size-medium wp-post-image\" alt=\"Colors de tardor - Homeliers\" srcset=\"https:\/\/homeliers.com\/ca\/wp-content\/uploads\/sites\/4\/2020\/11\/colors-de-tardor-ok-300x98.jpg 300w, https:\/\/homeliers.com\/ca\/wp-content\/uploads\/sites\/4\/2020\/11\/colors-de-tardor-ok-1024x336.jpg 1024w, https:\/\/homeliers.com\/ca\/wp-content\/uploads\/sites\/4\/2020\/11\/colors-de-tardor-ok-768x252.jpg 768w, https:\/\/homeliers.com\/ca\/wp-content\/uploads\/sites\/4\/2020\/11\/colors-de-tardor-ok-600x197.jpg 600w, https:\/\/homeliers.com\/ca\/wp-content\/uploads\/sites\/4\/2020\/11\/colors-de-tardor-ok.jpg 1250w\" sizes=\"(max-width: 300px) 100vw, 300px\" \/>  \t\t\t\t\t\t\t  \t\t\t\t\t\t\t  \t\t\t\t\t\t<\/div>\n  \t\t\t\t\t\t  \t\t\t\t\t<\/div>\n          \t\t\t\t\t<div class=\"box-text text-center\" >\n\t\t\t\t\t<div class=\"box-text-inner blog-post-inner\">\n\n\t\t\t\t\t\n\t\t\t\t\t\t\t\t\t\t<h5 class=\"post-title is-large \">Colors de tardor<\/h5>\n\t\t\t\t\t\t\t\t\t\t<div class=\"is-divider\"><\/div>\n\t\t\t\t\t\t\t\t\t\t<p class=\"from_the_blog_excerpt \">Tardor. Per a molts, especialment els amants de la natura i els paisatges, la millor [...]\t\t\t\t\t<\/p>\n\t\t\t\t\t                    \n\t\t\t\t\t\n\t\t\t\t\t\n\t\t\t\t\t<\/div>\n\t\t\t\t\t<\/div>\n\t\t\t\t\t\t\t\t\t\t\t\t\t\t\t\t<div class=\"badge absolute top post-date badge-outline\">\n\t\t\t\t\t\t\t<div class=\"badge-inner\">\n\t\t\t\t\t\t\t\t<span class=\"post-date-day\">16<\/span><br>\n\t\t\t\t\t\t\t\t<span class=\"post-date-month is-xsmall\">Feb<\/span>\n\t\t\t\t\t\t\t<\/div>\n\t\t\t\t\t\t<\/div>\n\t\t\t\t\t\t\t\t\t<\/div>\n\t\t\t\t<\/a>\n\t\t\t<\/div>\n\t\t<\/div><\/div>\n\n\n","protected":false},"excerpt":{"rendered":"","protected":false},"author":1,"featured_media":0,"parent":0,"menu_order":0,"comment_status":"closed","ping_status":"closed","template":"","meta":{"inline_featured_image":false,"footnotes":""},"yoast_head":"<!-- This site is optimized with the Yoast SEO plugin v23.0 - https:\/\/yoast.com\/wordpress\/plugins\/seo\/ -->\n<title>Bloc - Homeliers<\/title>\n<meta name=\"robots\" content=\"index, follow, max-snippet:-1, max-image-preview:large, max-video-preview:-1\" \/>\n<link rel=\"canonical\" href=\"https:\/\/homeliers.com\/ca\/bloc\/\" \/>\n<meta property=\"og:locale\" content=\"ca_ES\" \/>\n<meta property=\"og:type\" content=\"article\" \/>\n<meta property=\"og:title\" content=\"Bloc - Homeliers\" \/>\n<meta property=\"og:url\" content=\"https:\/\/homeliers.com\/ca\/bloc\/\" \/>\n<meta property=\"og:site_name\" content=\"Homeliers\" \/>\n<meta property=\"article:publisher\" content=\"https:\/\/www.facebook.com\/homeliers\" \/>\n<meta property=\"article:modified_time\" content=\"2021-03-07T17:34:56+00:00\" \/>\n<meta name=\"twitter:card\" content=\"summary_large_image\" \/>\n<meta name=\"twitter:site\" content=\"@homeliers\" \/>\n<script type=\"application\/ld+json\" class=\"yoast-schema-graph\">{\"@context\":\"https:\/\/schema.org\",\"@graph\":[{\"@type\":\"WebPage\",\"@id\":\"https:\/\/homeliers.com\/ca\/bloc\/\",\"url\":\"https:\/\/homeliers.com\/ca\/bloc\/\",\"name\":\"Bloc - Homeliers\",\"isPartOf\":{\"@id\":\"https:\/\/homeliers.com\/ca\/#website\"},\"datePublished\":\"2021-02-15T17:55:39+00:00\",\"dateModified\":\"2021-03-07T17:34:56+00:00\",\"breadcrumb\":{\"@id\":\"https:\/\/homeliers.com\/ca\/bloc\/#breadcrumb\"},\"inLanguage\":\"ca-ES\",\"potentialAction\":[{\"@type\":\"ReadAction\",\"target\":[\"https:\/\/homeliers.com\/ca\/bloc\/\"]}]},{\"@type\":\"BreadcrumbList\",\"@id\":\"https:\/\/homeliers.com\/ca\/bloc\/#breadcrumb\",\"itemListElement\":[{\"@type\":\"ListItem\",\"position\":1,\"name\":\"Inici\",\"item\":\"https:\/\/homeliers.com\/ca\/\"},{\"@type\":\"ListItem\",\"position\":2,\"name\":\"Bloc\"}]},{\"@type\":\"WebSite\",\"@id\":\"https:\/\/homeliers.com\/ca\/#website\",\"url\":\"https:\/\/homeliers.com\/ca\/\",\"name\":\"Homeliers\",\"description\":\"Seleccionem els millors vins i te&#039;ls portem a casa\",\"publisher\":{\"@id\":\"https:\/\/homeliers.com\/ca\/#organization\"},\"potentialAction\":[{\"@type\":\"SearchAction\",\"target\":{\"@type\":\"EntryPoint\",\"urlTemplate\":\"https:\/\/homeliers.com\/ca\/?s={search_term_string}\"},\"query-input\":\"required name=search_term_string\"}],\"inLanguage\":\"ca-ES\"},{\"@type\":\"Organization\",\"@id\":\"https:\/\/homeliers.com\/ca\/#organization\",\"name\":\"Homeliers\",\"url\":\"https:\/\/homeliers.com\/ca\/\",\"logo\":{\"@type\":\"ImageObject\",\"inLanguage\":\"ca-ES\",\"@id\":\"https:\/\/homeliers.com\/ca\/#\/schema\/logo\/image\/\",\"url\":\"https:\/\/homeliers.com\/ca\/wp-content\/uploads\/sites\/4\/2020\/06\/Homeliers_CA_v.svg\",\"contentUrl\":\"https:\/\/homeliers.com\/ca\/wp-content\/uploads\/sites\/4\/2020\/06\/Homeliers_CA_v.svg\",\"width\":397,\"height\":226,\"caption\":\"Homeliers\"},\"image\":{\"@id\":\"https:\/\/homeliers.com\/ca\/#\/schema\/logo\/image\/\"},\"sameAs\":[\"https:\/\/www.facebook.com\/homeliers\",\"https:\/\/x.com\/homeliers\",\"https:\/\/www.instagram.com\/homeliers\/\"]}]}<\/script>\n<!-- \/ Yoast SEO plugin. -->","yoast_head_json":{"title":"Bloc - Homeliers","robots":{"index":"index","follow":"follow","max-snippet":"max-snippet:-1","max-image-preview":"max-image-preview:large","max-video-preview":"max-video-preview:-1"},"canonical":"https:\/\/homeliers.com\/ca\/bloc\/","og_locale":"ca_ES","og_type":"article","og_title":"Bloc - Homeliers","og_url":"https:\/\/homeliers.com\/ca\/bloc\/","og_site_name":"Homeliers","article_publisher":"https:\/\/www.facebook.com\/homeliers","article_modified_time":"2021-03-07T17:34:56+00:00","twitter_card":"summary_large_image","twitter_site":"@homeliers","schema":{"@context":"https:\/\/schema.org","@graph":[{"@type":"WebPage","@id":"https:\/\/homeliers.com\/ca\/bloc\/","url":"https:\/\/homeliers.com\/ca\/bloc\/","name":"Bloc - Homeliers","isPartOf":{"@id":"https:\/\/homeliers.com\/ca\/#website"},"datePublished":"2021-02-15T17:55:39+00:00","dateModified":"2021-03-07T17:34:56+00:00","breadcrumb":{"@id":"https:\/\/homeliers.com\/ca\/bloc\/#breadcrumb"},"inLanguage":"ca-ES","potentialAction":[{"@type":"ReadAction","target":["https:\/\/homeliers.com\/ca\/bloc\/"]}]},{"@type":"BreadcrumbList","@id":"https:\/\/homeliers.com\/ca\/bloc\/#breadcrumb","itemListElement":[{"@type":"ListItem","position":1,"name":"Inici","item":"https:\/\/homeliers.com\/ca\/"},{"@type":"ListItem","position":2,"name":"Bloc"}]},{"@type":"WebSite","@id":"https:\/\/homeliers.com\/ca\/#website","url":"https:\/\/homeliers.com\/ca\/","name":"Homeliers","description":"Seleccionem els millors vins i te&#039;ls portem a casa","publisher":{"@id":"https:\/\/homeliers.com\/ca\/#organization"},"potentialAction":[{"@type":"SearchAction","target":{"@type":"EntryPoint","urlTemplate":"https:\/\/homeliers.com\/ca\/?s={search_term_string}"},"query-input":"required name=search_term_string"}],"inLanguage":"ca-ES"},{"@type":"Organization","@id":"https:\/\/homeliers.com\/ca\/#organization","name":"Homeliers","url":"https:\/\/homeliers.com\/ca\/","logo":{"@type":"ImageObject","inLanguage":"ca-ES","@id":"https:\/\/homeliers.com\/ca\/#\/schema\/logo\/image\/","url":"https:\/\/homeliers.com\/ca\/wp-content\/uploads\/sites\/4\/2020\/06\/Homeliers_CA_v.svg","contentUrl":"https:\/\/homeliers.com\/ca\/wp-content\/uploads\/sites\/4\/2020\/06\/Homeliers_CA_v.svg","width":397,"height":226,"caption":"Homeliers"},"image":{"@id":"https:\/\/homeliers.com\/ca\/#\/schema\/logo\/image\/"},"sameAs":["https:\/\/www.facebook.com\/homeliers","https:\/\/x.com\/homeliers","https:\/\/www.instagram.com\/homeliers\/"]}]}},"_links":{"self":[{"href":"https:\/\/homeliers.com\/ca\/wp-json\/wp\/v2\/pages\/995"}],"collection":[{"href":"https:\/\/homeliers.com\/ca\/wp-json\/wp\/v2\/pages"}],"about":[{"href":"https:\/\/homeliers.com\/ca\/wp-json\/wp\/v2\/types\/page"}],"author":[{"embeddable":true,"href":"https:\/\/homeliers.com\/ca\/wp-json\/wp\/v2\/users\/1"}],"replies":[{"embeddable":true,"href":"https:\/\/homeliers.com\/ca\/wp-json\/wp\/v2\/comments?post=995"}],"version-history":[{"count":4,"href":"https:\/\/homeliers.com\/ca\/wp-json\/wp\/v2\/pages\/995\/revisions"}],"predecessor-version":[{"id":1017,"href":"https:\/\/homeliers.com\/ca\/wp-json\/wp\/v2\/pages\/995\/revisions\/1017"}],"wp:attachment":[{"href":"https:\/\/homeliers.com\/ca\/wp-json\/wp\/v2\/media?parent=995"}],"curies":[{"name":"wp","href":"https:\/\/api.w.org\/{rel}","templated":true}]}}