{"id":250,"date":"2020-07-20T10:03:17","date_gmt":"2020-07-20T09:03:17","guid":{"rendered":"https:\/\/homeliers.com\/ca\/?post_type=product&#038;p=250"},"modified":"2024-09-03T09:27:01","modified_gmt":"2024-09-03T08:27:01","slug":"cinta-purpura-juve-camps","status":"publish","type":"product","link":"https:\/\/homeliers.com\/ca\/botiga\/per-descobrir\/cinta-purpura-juve-camps\/","title":{"rendered":"Cinta P\u00farpura Juv\u00e9 Camps"},"content":{"rendered":"","protected":false},"excerpt":{"rendered":"<p>Cava Brut Reserva de Juv\u00e9 i Camps fet amb les tradicionals Xarel.lo, Macabeu i Parellada que ha estat 24 mesos reposant esperant per sortir al mercat al seu m\u00e0xim esplendor. Frescor, cremositat que s&#8217;allarguen al paladar amb les sensacions genu\u00efnes de les coses ben fetes.<\/p>\n","protected":false},"featured_media":251,"comment_status":"open","ping_status":"closed","template":"","meta":{"inline_featured_image":false},"product_cat":[18],"product_tag":[],"bundle_layout":"","bundled_by":["461","461","461","461","461","461","463","463","463","463","466","466","468","472","474","476","796"],"bundled_items":[],"yoast_head":"<!-- This site is optimized with the Yoast SEO plugin v23.0 - https:\/\/yoast.com\/wordpress\/plugins\/seo\/ -->\n<title>\ud83e\udd47 Cinta P\u00farpura Juv\u00e9 Camps - Cava<\/title>\n<meta name=\"description\" content=\"Cava Brut Reserva de Juv\u00e9 i Camps fet amb les tradicionals Xarel.lo, Macabeu i Parellada que ha estat 24 mesos reposant esperant per sortir al mercat al seu m\u00e0xim esplendor. Frescor, cremositat que s&#039;allarguen al paladar amb les sensacions genu\u00efnes de les coses ben fetes.\" \/>\n<meta name=\"robots\" content=\"index, follow, max-snippet:-1, max-image-preview:large, max-video-preview:-1\" \/>\n<link rel=\"canonical\" href=\"https:\/\/homeliers.com\/ca\/botiga\/per-descobrir\/cinta-purpura-juve-camps\/\" \/>\n<meta property=\"og:locale\" content=\"ca_ES\" \/>\n<meta property=\"og:type\" content=\"article\" \/>\n<meta property=\"og:title\" content=\"\ud83e\udd47 Cinta P\u00farpura Juv\u00e9 Camps - Cava\" \/>\n<meta property=\"og:description\" content=\"Cava Brut Reserva de Juv\u00e9 i Camps fet amb les tradicionals Xarel.lo, Macabeu i Parellada que ha estat 24 mesos reposant esperant per sortir al mercat al seu m\u00e0xim esplendor. Frescor, cremositat que s&#039;allarguen al paladar amb les sensacions genu\u00efnes de les coses ben fetes.\" \/>\n<meta property=\"og:url\" content=\"https:\/\/homeliers.com\/ca\/botiga\/per-descobrir\/cinta-purpura-juve-camps\/\" \/>\n<meta property=\"og:site_name\" content=\"Homeliers\" \/>\n<meta property=\"article:publisher\" content=\"https:\/\/www.facebook.com\/homeliers\" \/>\n<meta property=\"article:modified_time\" content=\"2024-09-03T08:27:01+00:00\" \/>\n<meta property=\"og:image\" content=\"https:\/\/homeliers.com\/ca\/wp-content\/uploads\/sites\/4\/2020\/07\/Cinta-p\u00farpura-Juv\u00e9-Camps.jpg\" \/>\n\t<meta property=\"og:image:width\" content=\"1024\" \/>\n\t<meta property=\"og:image:height\" content=\"1024\" \/>\n\t<meta property=\"og:image:type\" content=\"image\/jpeg\" \/>\n<meta name=\"twitter:card\" content=\"summary_large_image\" \/>\n<meta name=\"twitter:site\" content=\"@homeliers\" \/>\n<script type=\"application\/ld+json\" class=\"yoast-schema-graph\">{\"@context\":\"https:\/\/schema.org\",\"@graph\":[{\"@type\":\"WebPage\",\"@id\":\"https:\/\/homeliers.com\/ca\/botiga\/per-descobrir\/cinta-purpura-juve-camps\/\",\"url\":\"https:\/\/homeliers.com\/ca\/botiga\/per-descobrir\/cinta-purpura-juve-camps\/\",\"name\":\"\ud83e\udd47 Cinta P\u00farpura Juv\u00e9 Camps - Cava\",\"isPartOf\":{\"@id\":\"https:\/\/homeliers.com\/ca\/#website\"},\"primaryImageOfPage\":{\"@id\":\"https:\/\/homeliers.com\/ca\/botiga\/per-descobrir\/cinta-purpura-juve-camps\/#primaryimage\"},\"image\":{\"@id\":\"https:\/\/homeliers.com\/ca\/botiga\/per-descobrir\/cinta-purpura-juve-camps\/#primaryimage\"},\"thumbnailUrl\":\"https:\/\/homeliers.com\/ca\/wp-content\/uploads\/sites\/4\/2020\/07\/Cinta-p\u00farpura-Juv\u00e9-Camps.jpg\",\"datePublished\":\"2020-07-20T09:03:17+00:00\",\"dateModified\":\"2024-09-03T08:27:01+00:00\",\"description\":\"Cava Brut Reserva de Juv\u00e9 i Camps fet amb les tradicionals Xarel.lo, Macabeu i Parellada que ha estat 24 mesos reposant esperant per sortir al mercat al seu m\u00e0xim esplendor. Frescor, cremositat que s'allarguen al paladar amb les sensacions genu\u00efnes de les coses ben fetes.\",\"breadcrumb\":{\"@id\":\"https:\/\/homeliers.com\/ca\/botiga\/per-descobrir\/cinta-purpura-juve-camps\/#breadcrumb\"},\"inLanguage\":\"ca-ES\",\"potentialAction\":[{\"@type\":\"ReadAction\",\"target\":[\"https:\/\/homeliers.com\/ca\/botiga\/per-descobrir\/cinta-purpura-juve-camps\/\"]}]},{\"@type\":\"ImageObject\",\"inLanguage\":\"ca-ES\",\"@id\":\"https:\/\/homeliers.com\/ca\/botiga\/per-descobrir\/cinta-purpura-juve-camps\/#primaryimage\",\"url\":\"https:\/\/homeliers.com\/ca\/wp-content\/uploads\/sites\/4\/2020\/07\/Cinta-p\u00farpura-Juv\u00e9-Camps.jpg\",\"contentUrl\":\"https:\/\/homeliers.com\/ca\/wp-content\/uploads\/sites\/4\/2020\/07\/Cinta-p\u00farpura-Juv\u00e9-Camps.jpg\",\"width\":1024,\"height\":1024,\"caption\":\"Cinta p\u00farpura Juv\u00e9 Camps\"},{\"@type\":\"BreadcrumbList\",\"@id\":\"https:\/\/homeliers.com\/ca\/botiga\/per-descobrir\/cinta-purpura-juve-camps\/#breadcrumb\",\"itemListElement\":[{\"@type\":\"ListItem\",\"position\":1,\"name\":\"Inici\",\"item\":\"https:\/\/homeliers.com\/ca\/\"},{\"@type\":\"ListItem\",\"position\":2,\"name\":\"Botiga\",\"item\":\"https:\/\/homeliers.com\/ca\/botiga\/\"},{\"@type\":\"ListItem\",\"position\":3,\"name\":\"Cinta P\u00farpura Juv\u00e9 Camps\"}]},{\"@type\":\"WebSite\",\"@id\":\"https:\/\/homeliers.com\/ca\/#website\",\"url\":\"https:\/\/homeliers.com\/ca\/\",\"name\":\"Homeliers\",\"description\":\"Seleccionem els millors vins i te&#039;ls portem a casa\",\"publisher\":{\"@id\":\"https:\/\/homeliers.com\/ca\/#organization\"},\"potentialAction\":[{\"@type\":\"SearchAction\",\"target\":{\"@type\":\"EntryPoint\",\"urlTemplate\":\"https:\/\/homeliers.com\/ca\/?s={search_term_string}\"},\"query-input\":\"required name=search_term_string\"}],\"inLanguage\":\"ca-ES\"},{\"@type\":\"Organization\",\"@id\":\"https:\/\/homeliers.com\/ca\/#organization\",\"name\":\"Homeliers\",\"url\":\"https:\/\/homeliers.com\/ca\/\",\"logo\":{\"@type\":\"ImageObject\",\"inLanguage\":\"ca-ES\",\"@id\":\"https:\/\/homeliers.com\/ca\/#\/schema\/logo\/image\/\",\"url\":\"https:\/\/homeliers.com\/ca\/wp-content\/uploads\/sites\/4\/2020\/06\/Homeliers_CA_v.svg\",\"contentUrl\":\"https:\/\/homeliers.com\/ca\/wp-content\/uploads\/sites\/4\/2020\/06\/Homeliers_CA_v.svg\",\"width\":397,\"height\":226,\"caption\":\"Homeliers\"},\"image\":{\"@id\":\"https:\/\/homeliers.com\/ca\/#\/schema\/logo\/image\/\"},\"sameAs\":[\"https:\/\/www.facebook.com\/homeliers\",\"https:\/\/x.com\/homeliers\",\"https:\/\/www.instagram.com\/homeliers\/\"]}]}<\/script>\n<!-- \/ Yoast SEO plugin. -->","yoast_head_json":{"title":"\ud83e\udd47 Cinta P\u00farpura Juv\u00e9 Camps - Cava","description":"Cava Brut Reserva de Juv\u00e9 i Camps fet amb les tradicionals Xarel.lo, Macabeu i Parellada que ha estat 24 mesos reposant esperant per sortir al mercat al seu m\u00e0xim esplendor. Frescor, cremositat que s'allarguen al paladar amb les sensacions genu\u00efnes de les coses ben fetes.","robots":{"index":"index","follow":"follow","max-snippet":"max-snippet:-1","max-image-preview":"max-image-preview:large","max-video-preview":"max-video-preview:-1"},"canonical":"https:\/\/homeliers.com\/ca\/botiga\/per-descobrir\/cinta-purpura-juve-camps\/","og_locale":"ca_ES","og_type":"article","og_title":"\ud83e\udd47 Cinta P\u00farpura Juv\u00e9 Camps - Cava","og_description":"Cava Brut Reserva de Juv\u00e9 i Camps fet amb les tradicionals Xarel.lo, Macabeu i Parellada que ha estat 24 mesos reposant esperant per sortir al mercat al seu m\u00e0xim esplendor. Frescor, cremositat que s'allarguen al paladar amb les sensacions genu\u00efnes de les coses ben fetes.","og_url":"https:\/\/homeliers.com\/ca\/botiga\/per-descobrir\/cinta-purpura-juve-camps\/","og_site_name":"Homeliers","article_publisher":"https:\/\/www.facebook.com\/homeliers","article_modified_time":"2024-09-03T08:27:01+00:00","og_image":[{"width":1024,"height":1024,"url":"https:\/\/homeliers.com\/ca\/wp-content\/uploads\/sites\/4\/2020\/07\/Cinta-p\u00farpura-Juv\u00e9-Camps.jpg","type":"image\/jpeg"}],"twitter_card":"summary_large_image","twitter_site":"@homeliers","schema":{"@context":"https:\/\/schema.org","@graph":[{"@type":"WebPage","@id":"https:\/\/homeliers.com\/ca\/botiga\/per-descobrir\/cinta-purpura-juve-camps\/","url":"https:\/\/homeliers.com\/ca\/botiga\/per-descobrir\/cinta-purpura-juve-camps\/","name":"\ud83e\udd47 Cinta P\u00farpura Juv\u00e9 Camps - Cava","isPartOf":{"@id":"https:\/\/homeliers.com\/ca\/#website"},"primaryImageOfPage":{"@id":"https:\/\/homeliers.com\/ca\/botiga\/per-descobrir\/cinta-purpura-juve-camps\/#primaryimage"},"image":{"@id":"https:\/\/homeliers.com\/ca\/botiga\/per-descobrir\/cinta-purpura-juve-camps\/#primaryimage"},"thumbnailUrl":"https:\/\/homeliers.com\/ca\/wp-content\/uploads\/sites\/4\/2020\/07\/Cinta-p\u00farpura-Juv\u00e9-Camps.jpg","datePublished":"2020-07-20T09:03:17+00:00","dateModified":"2024-09-03T08:27:01+00:00","description":"Cava Brut Reserva de Juv\u00e9 i Camps fet amb les tradicionals Xarel.lo, Macabeu i Parellada que ha estat 24 mesos reposant esperant per sortir al mercat al seu m\u00e0xim esplendor. Frescor, cremositat que s'allarguen al paladar amb les sensacions genu\u00efnes de les coses ben fetes.","breadcrumb":{"@id":"https:\/\/homeliers.com\/ca\/botiga\/per-descobrir\/cinta-purpura-juve-camps\/#breadcrumb"},"inLanguage":"ca-ES","potentialAction":[{"@type":"ReadAction","target":["https:\/\/homeliers.com\/ca\/botiga\/per-descobrir\/cinta-purpura-juve-camps\/"]}]},{"@type":"ImageObject","inLanguage":"ca-ES","@id":"https:\/\/homeliers.com\/ca\/botiga\/per-descobrir\/cinta-purpura-juve-camps\/#primaryimage","url":"https:\/\/homeliers.com\/ca\/wp-content\/uploads\/sites\/4\/2020\/07\/Cinta-p\u00farpura-Juv\u00e9-Camps.jpg","contentUrl":"https:\/\/homeliers.com\/ca\/wp-content\/uploads\/sites\/4\/2020\/07\/Cinta-p\u00farpura-Juv\u00e9-Camps.jpg","width":1024,"height":1024,"caption":"Cinta p\u00farpura Juv\u00e9 Camps"},{"@type":"BreadcrumbList","@id":"https:\/\/homeliers.com\/ca\/botiga\/per-descobrir\/cinta-purpura-juve-camps\/#breadcrumb","itemListElement":[{"@type":"ListItem","position":1,"name":"Inici","item":"https:\/\/homeliers.com\/ca\/"},{"@type":"ListItem","position":2,"name":"Botiga","item":"https:\/\/homeliers.com\/ca\/botiga\/"},{"@type":"ListItem","position":3,"name":"Cinta P\u00farpura Juv\u00e9 Camps"}]},{"@type":"WebSite","@id":"https:\/\/homeliers.com\/ca\/#website","url":"https:\/\/homeliers.com\/ca\/","name":"Homeliers","description":"Seleccionem els millors vins i te&#039;ls portem a casa","publisher":{"@id":"https:\/\/homeliers.com\/ca\/#organization"},"potentialAction":[{"@type":"SearchAction","target":{"@type":"EntryPoint","urlTemplate":"https:\/\/homeliers.com\/ca\/?s={search_term_string}"},"query-input":"required name=search_term_string"}],"inLanguage":"ca-ES"},{"@type":"Organization","@id":"https:\/\/homeliers.com\/ca\/#organization","name":"Homeliers","url":"https:\/\/homeliers.com\/ca\/","logo":{"@type":"ImageObject","inLanguage":"ca-ES","@id":"https:\/\/homeliers.com\/ca\/#\/schema\/logo\/image\/","url":"https:\/\/homeliers.com\/ca\/wp-content\/uploads\/sites\/4\/2020\/06\/Homeliers_CA_v.svg","contentUrl":"https:\/\/homeliers.com\/ca\/wp-content\/uploads\/sites\/4\/2020\/06\/Homeliers_CA_v.svg","width":397,"height":226,"caption":"Homeliers"},"image":{"@id":"https:\/\/homeliers.com\/ca\/#\/schema\/logo\/image\/"},"sameAs":["https:\/\/www.facebook.com\/homeliers","https:\/\/x.com\/homeliers","https:\/\/www.instagram.com\/homeliers\/"]}]}},"_links":{"self":[{"href":"https:\/\/homeliers.com\/ca\/wp-json\/wp\/v2\/product\/250"}],"collection":[{"href":"https:\/\/homeliers.com\/ca\/wp-json\/wp\/v2\/product"}],"about":[{"href":"https:\/\/homeliers.com\/ca\/wp-json\/wp\/v2\/types\/product"}],"replies":[{"embeddable":true,"href":"https:\/\/homeliers.com\/ca\/wp-json\/wp\/v2\/comments?post=250"}],"wp:featuredmedia":[{"embeddable":true,"href":"https:\/\/homeliers.com\/ca\/wp-json\/wp\/v2\/media\/251"}],"wp:attachment":[{"href":"https:\/\/homeliers.com\/ca\/wp-json\/wp\/v2\/media?parent=250"}],"wp:term":[{"taxonomy":"product_cat","embeddable":true,"href":"https:\/\/homeliers.com\/ca\/wp-json\/wp\/v2\/product_cat?post=250"},{"taxonomy":"product_tag","embeddable":true,"href":"https:\/\/homeliers.com\/ca\/wp-json\/wp\/v2\/product_tag?post=250"}],"curies":[{"name":"wp","href":"https:\/\/api.w.org\/{rel}","templated":true}]}}