{"id":256,"date":"2020-07-20T11:27:38","date_gmt":"2020-07-20T09:27:38","guid":{"rendered":"https:\/\/homeliers.com\/ca\/?post_type=product&#038;p=256"},"modified":"2024-09-03T09:27:01","modified_gmt":"2024-09-03T08:27:01","slug":"ermita-despiells","status":"publish","type":"product","link":"https:\/\/homeliers.com\/ca\/botiga\/per-descobrir\/ermita-despiells\/","title":{"rendered":"Ermita d&#8217;Espiells"},"content":{"rendered":"","protected":false},"excerpt":{"rendered":"<p>\u00c9s un cl\u00e0ssic dins els blancs del Pened\u00e8s, elaborat amb Most Flor que \u00e9s el primer most que s&#8217;obt\u00e9 quan premsem el ra\u00efm. Cupatge de 3 varietats del Cava: Xarel.lo, Macabeu i Parellada, amb les caracter\u00edstiques aromes del seu microclima suau i c\u00e0lid a mig cam\u00ed del Mediterrani i les muntanyes de Montserrrat. Un vi blanc que sempre l&#8217;endevina.<\/p>\n","protected":false},"featured_media":257,"comment_status":"open","ping_status":"closed","template":"","meta":{"inline_featured_image":false},"product_cat":[18],"product_tag":[],"bundle_layout":"","bundled_by":["459","496","498"],"bundled_items":[],"yoast_head":"<!-- This site is optimized with the Yoast SEO plugin v23.0 - https:\/\/yoast.com\/wordpress\/plugins\/seo\/ -->\n<title>\ud83e\udd47 Ermita d&#039;Espiells - Pened\u00e8s<\/title>\n<meta name=\"description\" content=\"\u00c9s un cl\u00e0ssic dins els blancs del Pened\u00e8s, elaborat amb Most Flor que \u00e9s el primer most que s&#039;obt\u00e9 quan premsem el ra\u00efm. Cupatge de 3 varietats del Cava: Xarel.lo, Macabeu i Parellada, amb les caracter\u00edstiques aromes del seu microclima suau i c\u00e0lid a mig cam\u00ed del Mediterrani i les muntanyes de Montserrrat. Un vi blanc que sempre l&#039;endevina.\" \/>\n<meta name=\"robots\" content=\"index, follow, max-snippet:-1, max-image-preview:large, max-video-preview:-1\" \/>\n<link rel=\"canonical\" href=\"https:\/\/homeliers.com\/ca\/botiga\/per-descobrir\/ermita-despiells\/\" \/>\n<meta property=\"og:locale\" content=\"ca_ES\" \/>\n<meta property=\"og:type\" content=\"article\" \/>\n<meta property=\"og:title\" content=\"\ud83e\udd47 Ermita d&#039;Espiells - Pened\u00e8s\" \/>\n<meta property=\"og:description\" content=\"\u00c9s un cl\u00e0ssic dins els blancs del Pened\u00e8s, elaborat amb Most Flor que \u00e9s el primer most que s&#039;obt\u00e9 quan premsem el ra\u00efm. Cupatge de 3 varietats del Cava: Xarel.lo, Macabeu i Parellada, amb les caracter\u00edstiques aromes del seu microclima suau i c\u00e0lid a mig cam\u00ed del Mediterrani i les muntanyes de Montserrrat. Un vi blanc que sempre l&#039;endevina.\" \/>\n<meta property=\"og:url\" content=\"https:\/\/homeliers.com\/ca\/botiga\/per-descobrir\/ermita-despiells\/\" \/>\n<meta property=\"og:site_name\" content=\"Homeliers\" \/>\n<meta property=\"article:publisher\" content=\"https:\/\/www.facebook.com\/homeliers\" \/>\n<meta property=\"article:modified_time\" content=\"2024-09-03T08:27:01+00:00\" \/>\n<meta property=\"og:image\" content=\"https:\/\/homeliers.com\/ca\/wp-content\/uploads\/sites\/4\/2020\/07\/ermita-espiells.jpg\" \/>\n\t<meta property=\"og:image:width\" content=\"1024\" \/>\n\t<meta property=\"og:image:height\" content=\"1024\" \/>\n\t<meta property=\"og:image:type\" content=\"image\/jpeg\" \/>\n<meta name=\"twitter:card\" content=\"summary_large_image\" \/>\n<meta name=\"twitter:site\" content=\"@homeliers\" \/>\n<script type=\"application\/ld+json\" class=\"yoast-schema-graph\">{\"@context\":\"https:\/\/schema.org\",\"@graph\":[{\"@type\":\"WebPage\",\"@id\":\"https:\/\/homeliers.com\/ca\/botiga\/per-descobrir\/ermita-despiells\/\",\"url\":\"https:\/\/homeliers.com\/ca\/botiga\/per-descobrir\/ermita-despiells\/\",\"name\":\"\ud83e\udd47 Ermita d'Espiells - Pened\u00e8s\",\"isPartOf\":{\"@id\":\"https:\/\/homeliers.com\/ca\/#website\"},\"primaryImageOfPage\":{\"@id\":\"https:\/\/homeliers.com\/ca\/botiga\/per-descobrir\/ermita-despiells\/#primaryimage\"},\"image\":{\"@id\":\"https:\/\/homeliers.com\/ca\/botiga\/per-descobrir\/ermita-despiells\/#primaryimage\"},\"thumbnailUrl\":\"https:\/\/homeliers.com\/ca\/wp-content\/uploads\/sites\/4\/2020\/07\/ermita-espiells.jpg\",\"datePublished\":\"2020-07-20T09:27:38+00:00\",\"dateModified\":\"2024-09-03T08:27:01+00:00\",\"description\":\"\u00c9s un cl\u00e0ssic dins els blancs del Pened\u00e8s, elaborat amb Most Flor que \u00e9s el primer most que s'obt\u00e9 quan premsem el ra\u00efm. Cupatge de 3 varietats del Cava: Xarel.lo, Macabeu i Parellada, amb les caracter\u00edstiques aromes del seu microclima suau i c\u00e0lid a mig cam\u00ed del Mediterrani i les muntanyes de Montserrrat. Un vi blanc que sempre l'endevina.\",\"breadcrumb\":{\"@id\":\"https:\/\/homeliers.com\/ca\/botiga\/per-descobrir\/ermita-despiells\/#breadcrumb\"},\"inLanguage\":\"ca-ES\",\"potentialAction\":[{\"@type\":\"ReadAction\",\"target\":[\"https:\/\/homeliers.com\/ca\/botiga\/per-descobrir\/ermita-despiells\/\"]}]},{\"@type\":\"ImageObject\",\"inLanguage\":\"ca-ES\",\"@id\":\"https:\/\/homeliers.com\/ca\/botiga\/per-descobrir\/ermita-despiells\/#primaryimage\",\"url\":\"https:\/\/homeliers.com\/ca\/wp-content\/uploads\/sites\/4\/2020\/07\/ermita-espiells.jpg\",\"contentUrl\":\"https:\/\/homeliers.com\/ca\/wp-content\/uploads\/sites\/4\/2020\/07\/ermita-espiells.jpg\",\"width\":1024,\"height\":1024,\"caption\":\"Ermita d'Espiells\"},{\"@type\":\"BreadcrumbList\",\"@id\":\"https:\/\/homeliers.com\/ca\/botiga\/per-descobrir\/ermita-despiells\/#breadcrumb\",\"itemListElement\":[{\"@type\":\"ListItem\",\"position\":1,\"name\":\"Inici\",\"item\":\"https:\/\/homeliers.com\/ca\/\"},{\"@type\":\"ListItem\",\"position\":2,\"name\":\"Botiga\",\"item\":\"https:\/\/homeliers.com\/ca\/botiga\/\"},{\"@type\":\"ListItem\",\"position\":3,\"name\":\"Ermita d&#8217;Espiells\"}]},{\"@type\":\"WebSite\",\"@id\":\"https:\/\/homeliers.com\/ca\/#website\",\"url\":\"https:\/\/homeliers.com\/ca\/\",\"name\":\"Homeliers\",\"description\":\"Seleccionem els millors vins i te&#039;ls portem a casa\",\"publisher\":{\"@id\":\"https:\/\/homeliers.com\/ca\/#organization\"},\"potentialAction\":[{\"@type\":\"SearchAction\",\"target\":{\"@type\":\"EntryPoint\",\"urlTemplate\":\"https:\/\/homeliers.com\/ca\/?s={search_term_string}\"},\"query-input\":\"required name=search_term_string\"}],\"inLanguage\":\"ca-ES\"},{\"@type\":\"Organization\",\"@id\":\"https:\/\/homeliers.com\/ca\/#organization\",\"name\":\"Homeliers\",\"url\":\"https:\/\/homeliers.com\/ca\/\",\"logo\":{\"@type\":\"ImageObject\",\"inLanguage\":\"ca-ES\",\"@id\":\"https:\/\/homeliers.com\/ca\/#\/schema\/logo\/image\/\",\"url\":\"https:\/\/homeliers.com\/ca\/wp-content\/uploads\/sites\/4\/2020\/06\/Homeliers_CA_v.svg\",\"contentUrl\":\"https:\/\/homeliers.com\/ca\/wp-content\/uploads\/sites\/4\/2020\/06\/Homeliers_CA_v.svg\",\"width\":397,\"height\":226,\"caption\":\"Homeliers\"},\"image\":{\"@id\":\"https:\/\/homeliers.com\/ca\/#\/schema\/logo\/image\/\"},\"sameAs\":[\"https:\/\/www.facebook.com\/homeliers\",\"https:\/\/x.com\/homeliers\",\"https:\/\/www.instagram.com\/homeliers\/\"]}]}<\/script>\n<!-- \/ Yoast SEO plugin. -->","yoast_head_json":{"title":"\ud83e\udd47 Ermita d'Espiells - Pened\u00e8s","description":"\u00c9s un cl\u00e0ssic dins els blancs del Pened\u00e8s, elaborat amb Most Flor que \u00e9s el primer most que s'obt\u00e9 quan premsem el ra\u00efm. Cupatge de 3 varietats del Cava: Xarel.lo, Macabeu i Parellada, amb les caracter\u00edstiques aromes del seu microclima suau i c\u00e0lid a mig cam\u00ed del Mediterrani i les muntanyes de Montserrrat. Un vi blanc que sempre l'endevina.","robots":{"index":"index","follow":"follow","max-snippet":"max-snippet:-1","max-image-preview":"max-image-preview:large","max-video-preview":"max-video-preview:-1"},"canonical":"https:\/\/homeliers.com\/ca\/botiga\/per-descobrir\/ermita-despiells\/","og_locale":"ca_ES","og_type":"article","og_title":"\ud83e\udd47 Ermita d'Espiells - Pened\u00e8s","og_description":"\u00c9s un cl\u00e0ssic dins els blancs del Pened\u00e8s, elaborat amb Most Flor que \u00e9s el primer most que s'obt\u00e9 quan premsem el ra\u00efm. Cupatge de 3 varietats del Cava: Xarel.lo, Macabeu i Parellada, amb les caracter\u00edstiques aromes del seu microclima suau i c\u00e0lid a mig cam\u00ed del Mediterrani i les muntanyes de Montserrrat. Un vi blanc que sempre l'endevina.","og_url":"https:\/\/homeliers.com\/ca\/botiga\/per-descobrir\/ermita-despiells\/","og_site_name":"Homeliers","article_publisher":"https:\/\/www.facebook.com\/homeliers","article_modified_time":"2024-09-03T08:27:01+00:00","og_image":[{"width":1024,"height":1024,"url":"https:\/\/homeliers.com\/ca\/wp-content\/uploads\/sites\/4\/2020\/07\/ermita-espiells.jpg","type":"image\/jpeg"}],"twitter_card":"summary_large_image","twitter_site":"@homeliers","schema":{"@context":"https:\/\/schema.org","@graph":[{"@type":"WebPage","@id":"https:\/\/homeliers.com\/ca\/botiga\/per-descobrir\/ermita-despiells\/","url":"https:\/\/homeliers.com\/ca\/botiga\/per-descobrir\/ermita-despiells\/","name":"\ud83e\udd47 Ermita d'Espiells - Pened\u00e8s","isPartOf":{"@id":"https:\/\/homeliers.com\/ca\/#website"},"primaryImageOfPage":{"@id":"https:\/\/homeliers.com\/ca\/botiga\/per-descobrir\/ermita-despiells\/#primaryimage"},"image":{"@id":"https:\/\/homeliers.com\/ca\/botiga\/per-descobrir\/ermita-despiells\/#primaryimage"},"thumbnailUrl":"https:\/\/homeliers.com\/ca\/wp-content\/uploads\/sites\/4\/2020\/07\/ermita-espiells.jpg","datePublished":"2020-07-20T09:27:38+00:00","dateModified":"2024-09-03T08:27:01+00:00","description":"\u00c9s un cl\u00e0ssic dins els blancs del Pened\u00e8s, elaborat amb Most Flor que \u00e9s el primer most que s'obt\u00e9 quan premsem el ra\u00efm. Cupatge de 3 varietats del Cava: Xarel.lo, Macabeu i Parellada, amb les caracter\u00edstiques aromes del seu microclima suau i c\u00e0lid a mig cam\u00ed del Mediterrani i les muntanyes de Montserrrat. Un vi blanc que sempre l'endevina.","breadcrumb":{"@id":"https:\/\/homeliers.com\/ca\/botiga\/per-descobrir\/ermita-despiells\/#breadcrumb"},"inLanguage":"ca-ES","potentialAction":[{"@type":"ReadAction","target":["https:\/\/homeliers.com\/ca\/botiga\/per-descobrir\/ermita-despiells\/"]}]},{"@type":"ImageObject","inLanguage":"ca-ES","@id":"https:\/\/homeliers.com\/ca\/botiga\/per-descobrir\/ermita-despiells\/#primaryimage","url":"https:\/\/homeliers.com\/ca\/wp-content\/uploads\/sites\/4\/2020\/07\/ermita-espiells.jpg","contentUrl":"https:\/\/homeliers.com\/ca\/wp-content\/uploads\/sites\/4\/2020\/07\/ermita-espiells.jpg","width":1024,"height":1024,"caption":"Ermita d'Espiells"},{"@type":"BreadcrumbList","@id":"https:\/\/homeliers.com\/ca\/botiga\/per-descobrir\/ermita-despiells\/#breadcrumb","itemListElement":[{"@type":"ListItem","position":1,"name":"Inici","item":"https:\/\/homeliers.com\/ca\/"},{"@type":"ListItem","position":2,"name":"Botiga","item":"https:\/\/homeliers.com\/ca\/botiga\/"},{"@type":"ListItem","position":3,"name":"Ermita d&#8217;Espiells"}]},{"@type":"WebSite","@id":"https:\/\/homeliers.com\/ca\/#website","url":"https:\/\/homeliers.com\/ca\/","name":"Homeliers","description":"Seleccionem els millors vins i te&#039;ls portem a casa","publisher":{"@id":"https:\/\/homeliers.com\/ca\/#organization"},"potentialAction":[{"@type":"SearchAction","target":{"@type":"EntryPoint","urlTemplate":"https:\/\/homeliers.com\/ca\/?s={search_term_string}"},"query-input":"required name=search_term_string"}],"inLanguage":"ca-ES"},{"@type":"Organization","@id":"https:\/\/homeliers.com\/ca\/#organization","name":"Homeliers","url":"https:\/\/homeliers.com\/ca\/","logo":{"@type":"ImageObject","inLanguage":"ca-ES","@id":"https:\/\/homeliers.com\/ca\/#\/schema\/logo\/image\/","url":"https:\/\/homeliers.com\/ca\/wp-content\/uploads\/sites\/4\/2020\/06\/Homeliers_CA_v.svg","contentUrl":"https:\/\/homeliers.com\/ca\/wp-content\/uploads\/sites\/4\/2020\/06\/Homeliers_CA_v.svg","width":397,"height":226,"caption":"Homeliers"},"image":{"@id":"https:\/\/homeliers.com\/ca\/#\/schema\/logo\/image\/"},"sameAs":["https:\/\/www.facebook.com\/homeliers","https:\/\/x.com\/homeliers","https:\/\/www.instagram.com\/homeliers\/"]}]}},"_links":{"self":[{"href":"https:\/\/homeliers.com\/ca\/wp-json\/wp\/v2\/product\/256"}],"collection":[{"href":"https:\/\/homeliers.com\/ca\/wp-json\/wp\/v2\/product"}],"about":[{"href":"https:\/\/homeliers.com\/ca\/wp-json\/wp\/v2\/types\/product"}],"replies":[{"embeddable":true,"href":"https:\/\/homeliers.com\/ca\/wp-json\/wp\/v2\/comments?post=256"}],"wp:featuredmedia":[{"embeddable":true,"href":"https:\/\/homeliers.com\/ca\/wp-json\/wp\/v2\/media\/257"}],"wp:attachment":[{"href":"https:\/\/homeliers.com\/ca\/wp-json\/wp\/v2\/media?parent=256"}],"wp:term":[{"taxonomy":"product_cat","embeddable":true,"href":"https:\/\/homeliers.com\/ca\/wp-json\/wp\/v2\/product_cat?post=256"},{"taxonomy":"product_tag","embeddable":true,"href":"https:\/\/homeliers.com\/ca\/wp-json\/wp\/v2\/product_tag?post=256"}],"curies":[{"name":"wp","href":"https:\/\/api.w.org\/{rel}","templated":true}]}}