{"id":274,"date":"2020-07-20T13:08:09","date_gmt":"2020-07-20T12:08:09","guid":{"rendered":"https:\/\/homeliers.com\/ca\/?post_type=product&#038;p=274"},"modified":"2024-09-03T09:27:00","modified_gmt":"2024-09-03T08:27:00","slug":"via-terra-seleccio-blanc","status":"publish","type":"product","link":"https:\/\/homeliers.com\/ca\/botiga\/per-descobrir\/via-terra-seleccio-blanc\/","title":{"rendered":"Via Terra Selecci\u00f3 Blanc"},"content":{"rendered":"","protected":false},"excerpt":{"rendered":"<p>Parlem de Garnatxa Blanca 100% t\u00edpica de la Terra Alta, amb el car\u00e1cter d&#8217;una terra de forta insolaci\u00f3. Nom\u00e9s els ceps forts han perdurat en aquestes terres, imagina&#8217;t el resultat. \u00c9s el vi d&#8217;entrada del celler Edet\u00e0ria, fresc i afruitadet. \u00c9s una proposta d&#8217;immillorable relaci\u00f3 qualitat-preu.<\/p>\n","protected":false},"featured_media":275,"comment_status":"open","ping_status":"closed","template":"","meta":{"inline_featured_image":false},"product_cat":[18],"product_tag":[],"bundle_layout":"","bundled_by":["453","459","476","496","838"],"bundled_items":[],"yoast_head":"<!-- This site is optimized with the Yoast SEO plugin v23.0 - https:\/\/yoast.com\/wordpress\/plugins\/seo\/ -->\n<title>\ud83e\udd47 Via Terra Selecci\u00f3 Blanc - Terra Alta<\/title>\n<meta name=\"description\" content=\"Parlem de Garnatxa Blanca 100% t\u00edpica de la Terra Alta, amb el car\u00e1cter d&#039;una terra de forta insolaci\u00f3. Nom\u00e9s els ceps forts han perdurat en aquestes terres, imagina&#039;t el resultat. \u00c9s el vi d&#039;entrada del celler Edet\u00e0ria, fresc i afruitadet. \u00c9s una proposta d&#039;immillorable relaci\u00f3 qualitat-preu.\" \/>\n<meta name=\"robots\" content=\"index, follow, max-snippet:-1, max-image-preview:large, max-video-preview:-1\" \/>\n<link rel=\"canonical\" href=\"https:\/\/homeliers.com\/ca\/botiga\/per-descobrir\/via-terra-seleccio-blanc\/\" \/>\n<meta property=\"og:locale\" content=\"ca_ES\" \/>\n<meta property=\"og:type\" content=\"article\" \/>\n<meta property=\"og:title\" content=\"\ud83e\udd47 Via Terra Selecci\u00f3 Blanc - Terra Alta\" \/>\n<meta property=\"og:description\" content=\"Parlem de Garnatxa Blanca 100% t\u00edpica de la Terra Alta, amb el car\u00e1cter d&#039;una terra de forta insolaci\u00f3. Nom\u00e9s els ceps forts han perdurat en aquestes terres, imagina&#039;t el resultat. \u00c9s el vi d&#039;entrada del celler Edet\u00e0ria, fresc i afruitadet. \u00c9s una proposta d&#039;immillorable relaci\u00f3 qualitat-preu.\" \/>\n<meta property=\"og:url\" content=\"https:\/\/homeliers.com\/ca\/botiga\/per-descobrir\/via-terra-seleccio-blanc\/\" \/>\n<meta property=\"og:site_name\" content=\"Homeliers\" \/>\n<meta property=\"article:publisher\" content=\"https:\/\/www.facebook.com\/homeliers\" \/>\n<meta property=\"article:modified_time\" content=\"2024-09-03T08:27:00+00:00\" \/>\n<meta property=\"og:image\" content=\"https:\/\/homeliers.com\/ca\/wp-content\/uploads\/sites\/4\/2020\/07\/Via-terra-selection-blanco.jpg\" \/>\n\t<meta property=\"og:image:width\" content=\"1024\" \/>\n\t<meta property=\"og:image:height\" content=\"1024\" \/>\n\t<meta property=\"og:image:type\" content=\"image\/jpeg\" \/>\n<meta name=\"twitter:card\" content=\"summary_large_image\" \/>\n<meta name=\"twitter:site\" content=\"@homeliers\" \/>\n<script type=\"application\/ld+json\" class=\"yoast-schema-graph\">{\"@context\":\"https:\/\/schema.org\",\"@graph\":[{\"@type\":\"WebPage\",\"@id\":\"https:\/\/homeliers.com\/ca\/botiga\/per-descobrir\/via-terra-seleccio-blanc\/\",\"url\":\"https:\/\/homeliers.com\/ca\/botiga\/per-descobrir\/via-terra-seleccio-blanc\/\",\"name\":\"\ud83e\udd47 Via Terra Selecci\u00f3 Blanc - Terra Alta\",\"isPartOf\":{\"@id\":\"https:\/\/homeliers.com\/ca\/#website\"},\"primaryImageOfPage\":{\"@id\":\"https:\/\/homeliers.com\/ca\/botiga\/per-descobrir\/via-terra-seleccio-blanc\/#primaryimage\"},\"image\":{\"@id\":\"https:\/\/homeliers.com\/ca\/botiga\/per-descobrir\/via-terra-seleccio-blanc\/#primaryimage\"},\"thumbnailUrl\":\"https:\/\/homeliers.com\/ca\/wp-content\/uploads\/sites\/4\/2020\/07\/Via-terra-selection-blanco.jpg\",\"datePublished\":\"2020-07-20T12:08:09+00:00\",\"dateModified\":\"2024-09-03T08:27:00+00:00\",\"description\":\"Parlem de Garnatxa Blanca 100% t\u00edpica de la Terra Alta, amb el car\u00e1cter d'una terra de forta insolaci\u00f3. Nom\u00e9s els ceps forts han perdurat en aquestes terres, imagina't el resultat. \u00c9s el vi d'entrada del celler Edet\u00e0ria, fresc i afruitadet. \u00c9s una proposta d'immillorable relaci\u00f3 qualitat-preu.\",\"breadcrumb\":{\"@id\":\"https:\/\/homeliers.com\/ca\/botiga\/per-descobrir\/via-terra-seleccio-blanc\/#breadcrumb\"},\"inLanguage\":\"ca-ES\",\"potentialAction\":[{\"@type\":\"ReadAction\",\"target\":[\"https:\/\/homeliers.com\/ca\/botiga\/per-descobrir\/via-terra-seleccio-blanc\/\"]}]},{\"@type\":\"ImageObject\",\"inLanguage\":\"ca-ES\",\"@id\":\"https:\/\/homeliers.com\/ca\/botiga\/per-descobrir\/via-terra-seleccio-blanc\/#primaryimage\",\"url\":\"https:\/\/homeliers.com\/ca\/wp-content\/uploads\/sites\/4\/2020\/07\/Via-terra-selection-blanco.jpg\",\"contentUrl\":\"https:\/\/homeliers.com\/ca\/wp-content\/uploads\/sites\/4\/2020\/07\/Via-terra-selection-blanco.jpg\",\"width\":1024,\"height\":1024,\"caption\":\"Via Terra Selecci\u00f3n Blanco\"},{\"@type\":\"BreadcrumbList\",\"@id\":\"https:\/\/homeliers.com\/ca\/botiga\/per-descobrir\/via-terra-seleccio-blanc\/#breadcrumb\",\"itemListElement\":[{\"@type\":\"ListItem\",\"position\":1,\"name\":\"Inici\",\"item\":\"https:\/\/homeliers.com\/ca\/\"},{\"@type\":\"ListItem\",\"position\":2,\"name\":\"Botiga\",\"item\":\"https:\/\/homeliers.com\/ca\/botiga\/\"},{\"@type\":\"ListItem\",\"position\":3,\"name\":\"Via Terra Selecci\u00f3 Blanc\"}]},{\"@type\":\"WebSite\",\"@id\":\"https:\/\/homeliers.com\/ca\/#website\",\"url\":\"https:\/\/homeliers.com\/ca\/\",\"name\":\"Homeliers\",\"description\":\"Seleccionem els millors vins i te&#039;ls portem a casa\",\"publisher\":{\"@id\":\"https:\/\/homeliers.com\/ca\/#organization\"},\"potentialAction\":[{\"@type\":\"SearchAction\",\"target\":{\"@type\":\"EntryPoint\",\"urlTemplate\":\"https:\/\/homeliers.com\/ca\/?s={search_term_string}\"},\"query-input\":\"required name=search_term_string\"}],\"inLanguage\":\"ca-ES\"},{\"@type\":\"Organization\",\"@id\":\"https:\/\/homeliers.com\/ca\/#organization\",\"name\":\"Homeliers\",\"url\":\"https:\/\/homeliers.com\/ca\/\",\"logo\":{\"@type\":\"ImageObject\",\"inLanguage\":\"ca-ES\",\"@id\":\"https:\/\/homeliers.com\/ca\/#\/schema\/logo\/image\/\",\"url\":\"https:\/\/homeliers.com\/ca\/wp-content\/uploads\/sites\/4\/2020\/06\/Homeliers_CA_v.svg\",\"contentUrl\":\"https:\/\/homeliers.com\/ca\/wp-content\/uploads\/sites\/4\/2020\/06\/Homeliers_CA_v.svg\",\"width\":397,\"height\":226,\"caption\":\"Homeliers\"},\"image\":{\"@id\":\"https:\/\/homeliers.com\/ca\/#\/schema\/logo\/image\/\"},\"sameAs\":[\"https:\/\/www.facebook.com\/homeliers\",\"https:\/\/x.com\/homeliers\",\"https:\/\/www.instagram.com\/homeliers\/\"]}]}<\/script>\n<!-- \/ Yoast SEO plugin. -->","yoast_head_json":{"title":"\ud83e\udd47 Via Terra Selecci\u00f3 Blanc - Terra Alta","description":"Parlem de Garnatxa Blanca 100% t\u00edpica de la Terra Alta, amb el car\u00e1cter d'una terra de forta insolaci\u00f3. Nom\u00e9s els ceps forts han perdurat en aquestes terres, imagina't el resultat. \u00c9s el vi d'entrada del celler Edet\u00e0ria, fresc i afruitadet. \u00c9s una proposta d'immillorable relaci\u00f3 qualitat-preu.","robots":{"index":"index","follow":"follow","max-snippet":"max-snippet:-1","max-image-preview":"max-image-preview:large","max-video-preview":"max-video-preview:-1"},"canonical":"https:\/\/homeliers.com\/ca\/botiga\/per-descobrir\/via-terra-seleccio-blanc\/","og_locale":"ca_ES","og_type":"article","og_title":"\ud83e\udd47 Via Terra Selecci\u00f3 Blanc - Terra Alta","og_description":"Parlem de Garnatxa Blanca 100% t\u00edpica de la Terra Alta, amb el car\u00e1cter d'una terra de forta insolaci\u00f3. Nom\u00e9s els ceps forts han perdurat en aquestes terres, imagina't el resultat. \u00c9s el vi d'entrada del celler Edet\u00e0ria, fresc i afruitadet. \u00c9s una proposta d'immillorable relaci\u00f3 qualitat-preu.","og_url":"https:\/\/homeliers.com\/ca\/botiga\/per-descobrir\/via-terra-seleccio-blanc\/","og_site_name":"Homeliers","article_publisher":"https:\/\/www.facebook.com\/homeliers","article_modified_time":"2024-09-03T08:27:00+00:00","og_image":[{"width":1024,"height":1024,"url":"https:\/\/homeliers.com\/ca\/wp-content\/uploads\/sites\/4\/2020\/07\/Via-terra-selection-blanco.jpg","type":"image\/jpeg"}],"twitter_card":"summary_large_image","twitter_site":"@homeliers","schema":{"@context":"https:\/\/schema.org","@graph":[{"@type":"WebPage","@id":"https:\/\/homeliers.com\/ca\/botiga\/per-descobrir\/via-terra-seleccio-blanc\/","url":"https:\/\/homeliers.com\/ca\/botiga\/per-descobrir\/via-terra-seleccio-blanc\/","name":"\ud83e\udd47 Via Terra Selecci\u00f3 Blanc - Terra Alta","isPartOf":{"@id":"https:\/\/homeliers.com\/ca\/#website"},"primaryImageOfPage":{"@id":"https:\/\/homeliers.com\/ca\/botiga\/per-descobrir\/via-terra-seleccio-blanc\/#primaryimage"},"image":{"@id":"https:\/\/homeliers.com\/ca\/botiga\/per-descobrir\/via-terra-seleccio-blanc\/#primaryimage"},"thumbnailUrl":"https:\/\/homeliers.com\/ca\/wp-content\/uploads\/sites\/4\/2020\/07\/Via-terra-selection-blanco.jpg","datePublished":"2020-07-20T12:08:09+00:00","dateModified":"2024-09-03T08:27:00+00:00","description":"Parlem de Garnatxa Blanca 100% t\u00edpica de la Terra Alta, amb el car\u00e1cter d'una terra de forta insolaci\u00f3. Nom\u00e9s els ceps forts han perdurat en aquestes terres, imagina't el resultat. \u00c9s el vi d'entrada del celler Edet\u00e0ria, fresc i afruitadet. \u00c9s una proposta d'immillorable relaci\u00f3 qualitat-preu.","breadcrumb":{"@id":"https:\/\/homeliers.com\/ca\/botiga\/per-descobrir\/via-terra-seleccio-blanc\/#breadcrumb"},"inLanguage":"ca-ES","potentialAction":[{"@type":"ReadAction","target":["https:\/\/homeliers.com\/ca\/botiga\/per-descobrir\/via-terra-seleccio-blanc\/"]}]},{"@type":"ImageObject","inLanguage":"ca-ES","@id":"https:\/\/homeliers.com\/ca\/botiga\/per-descobrir\/via-terra-seleccio-blanc\/#primaryimage","url":"https:\/\/homeliers.com\/ca\/wp-content\/uploads\/sites\/4\/2020\/07\/Via-terra-selection-blanco.jpg","contentUrl":"https:\/\/homeliers.com\/ca\/wp-content\/uploads\/sites\/4\/2020\/07\/Via-terra-selection-blanco.jpg","width":1024,"height":1024,"caption":"Via Terra Selecci\u00f3n Blanco"},{"@type":"BreadcrumbList","@id":"https:\/\/homeliers.com\/ca\/botiga\/per-descobrir\/via-terra-seleccio-blanc\/#breadcrumb","itemListElement":[{"@type":"ListItem","position":1,"name":"Inici","item":"https:\/\/homeliers.com\/ca\/"},{"@type":"ListItem","position":2,"name":"Botiga","item":"https:\/\/homeliers.com\/ca\/botiga\/"},{"@type":"ListItem","position":3,"name":"Via Terra Selecci\u00f3 Blanc"}]},{"@type":"WebSite","@id":"https:\/\/homeliers.com\/ca\/#website","url":"https:\/\/homeliers.com\/ca\/","name":"Homeliers","description":"Seleccionem els millors vins i te&#039;ls portem a casa","publisher":{"@id":"https:\/\/homeliers.com\/ca\/#organization"},"potentialAction":[{"@type":"SearchAction","target":{"@type":"EntryPoint","urlTemplate":"https:\/\/homeliers.com\/ca\/?s={search_term_string}"},"query-input":"required name=search_term_string"}],"inLanguage":"ca-ES"},{"@type":"Organization","@id":"https:\/\/homeliers.com\/ca\/#organization","name":"Homeliers","url":"https:\/\/homeliers.com\/ca\/","logo":{"@type":"ImageObject","inLanguage":"ca-ES","@id":"https:\/\/homeliers.com\/ca\/#\/schema\/logo\/image\/","url":"https:\/\/homeliers.com\/ca\/wp-content\/uploads\/sites\/4\/2020\/06\/Homeliers_CA_v.svg","contentUrl":"https:\/\/homeliers.com\/ca\/wp-content\/uploads\/sites\/4\/2020\/06\/Homeliers_CA_v.svg","width":397,"height":226,"caption":"Homeliers"},"image":{"@id":"https:\/\/homeliers.com\/ca\/#\/schema\/logo\/image\/"},"sameAs":["https:\/\/www.facebook.com\/homeliers","https:\/\/x.com\/homeliers","https:\/\/www.instagram.com\/homeliers\/"]}]}},"_links":{"self":[{"href":"https:\/\/homeliers.com\/ca\/wp-json\/wp\/v2\/product\/274"}],"collection":[{"href":"https:\/\/homeliers.com\/ca\/wp-json\/wp\/v2\/product"}],"about":[{"href":"https:\/\/homeliers.com\/ca\/wp-json\/wp\/v2\/types\/product"}],"replies":[{"embeddable":true,"href":"https:\/\/homeliers.com\/ca\/wp-json\/wp\/v2\/comments?post=274"}],"wp:featuredmedia":[{"embeddable":true,"href":"https:\/\/homeliers.com\/ca\/wp-json\/wp\/v2\/media\/275"}],"wp:attachment":[{"href":"https:\/\/homeliers.com\/ca\/wp-json\/wp\/v2\/media?parent=274"}],"wp:term":[{"taxonomy":"product_cat","embeddable":true,"href":"https:\/\/homeliers.com\/ca\/wp-json\/wp\/v2\/product_cat?post=274"},{"taxonomy":"product_tag","embeddable":true,"href":"https:\/\/homeliers.com\/ca\/wp-json\/wp\/v2\/product_tag?post=274"}],"curies":[{"name":"wp","href":"https:\/\/api.w.org\/{rel}","templated":true}]}}