{"id":284,"date":"2020-07-21T08:57:24","date_gmt":"2020-07-21T07:57:24","guid":{"rendered":"https:\/\/homeliers.com\/ca\/?post_type=product&#038;p=284"},"modified":"2024-09-03T09:27:00","modified_gmt":"2024-09-03T08:27:00","slug":"ales-negres-terra-remota-catala","status":"publish","type":"product","link":"https:\/\/homeliers.com\/ca\/botiga\/per-descobrir\/ales-negres-terra-remota-catala\/","title":{"rendered":"Ales Negres Terra Remota"},"content":{"rendered":"","protected":false},"excerpt":{"rendered":"<p>Les Ales Negres mesclen garnatxes negres fresques de l&#8217;Empord\u00e0 i c\u00e0lides de la Terra alta, la familia Bournazeau ho representa amb les ales de les aus que migren d&#8217;una zona a l&#8217;altre. Un cam\u00ed, el de la crian\u00e7a, per elaborar un vi d&#8217;una qualitat genu\u00efna que et sorprendr\u00e0. Descobreix-lo!<\/p>\n","protected":false},"featured_media":285,"comment_status":"open","ping_status":"closed","template":"","meta":{"inline_featured_image":false},"product_cat":[18],"product_tag":[],"bundle_layout":"","bundled_by":["459","494"],"bundled_items":[],"yoast_head":"<!-- This site is optimized with the Yoast SEO plugin v23.0 - https:\/\/yoast.com\/wordpress\/plugins\/seo\/ -->\n<title>\ud83e\udd47 Ales Negres Terra Remota - Catalunya<\/title>\n<meta name=\"description\" content=\"Les Ales Negres mesclen garnatxes negres fresques de l&#039;Empord\u00e0 i c\u00e0lides de la Terra alta, la familia Bournazeau ho representa amb les ales de les aus que migren d&#039;una zona a l&#039;altre. Un cam\u00ed, el de la crian\u00e7a, per elaborar un vi d&#039;una qualitat genu\u00efna que et sorprendr\u00e0. Descobreix-lo!\" \/>\n<meta name=\"robots\" content=\"index, follow, max-snippet:-1, max-image-preview:large, max-video-preview:-1\" \/>\n<link rel=\"canonical\" href=\"https:\/\/homeliers.com\/ca\/botiga\/per-descobrir\/ales-negres-terra-remota-catala\/\" \/>\n<meta property=\"og:locale\" content=\"ca_ES\" \/>\n<meta property=\"og:type\" content=\"article\" \/>\n<meta property=\"og:title\" content=\"\ud83e\udd47 Ales Negres Terra Remota - Catalunya\" \/>\n<meta property=\"og:description\" content=\"Les Ales Negres mesclen garnatxes negres fresques de l&#039;Empord\u00e0 i c\u00e0lides de la Terra alta, la familia Bournazeau ho representa amb les ales de les aus que migren d&#039;una zona a l&#039;altre. Un cam\u00ed, el de la crian\u00e7a, per elaborar un vi d&#039;una qualitat genu\u00efna que et sorprendr\u00e0. Descobreix-lo!\" \/>\n<meta property=\"og:url\" content=\"https:\/\/homeliers.com\/ca\/botiga\/per-descobrir\/ales-negres-terra-remota-catala\/\" \/>\n<meta property=\"og:site_name\" content=\"Homeliers\" \/>\n<meta property=\"article:publisher\" content=\"https:\/\/www.facebook.com\/homeliers\" \/>\n<meta property=\"article:modified_time\" content=\"2024-09-03T08:27:00+00:00\" \/>\n<meta property=\"og:image\" content=\"https:\/\/homeliers.com\/ca\/wp-content\/uploads\/sites\/4\/2020\/07\/ales-negres-terra-remota.jpg\" \/>\n\t<meta property=\"og:image:width\" content=\"1024\" \/>\n\t<meta property=\"og:image:height\" content=\"1024\" \/>\n\t<meta property=\"og:image:type\" content=\"image\/jpeg\" \/>\n<meta name=\"twitter:card\" content=\"summary_large_image\" \/>\n<meta name=\"twitter:site\" content=\"@homeliers\" \/>\n<script type=\"application\/ld+json\" class=\"yoast-schema-graph\">{\"@context\":\"https:\/\/schema.org\",\"@graph\":[{\"@type\":\"WebPage\",\"@id\":\"https:\/\/homeliers.com\/ca\/botiga\/per-descobrir\/ales-negres-terra-remota-catala\/\",\"url\":\"https:\/\/homeliers.com\/ca\/botiga\/per-descobrir\/ales-negres-terra-remota-catala\/\",\"name\":\"\ud83e\udd47 Ales Negres Terra Remota - Catalunya\",\"isPartOf\":{\"@id\":\"https:\/\/homeliers.com\/ca\/#website\"},\"primaryImageOfPage\":{\"@id\":\"https:\/\/homeliers.com\/ca\/botiga\/per-descobrir\/ales-negres-terra-remota-catala\/#primaryimage\"},\"image\":{\"@id\":\"https:\/\/homeliers.com\/ca\/botiga\/per-descobrir\/ales-negres-terra-remota-catala\/#primaryimage\"},\"thumbnailUrl\":\"https:\/\/homeliers.com\/ca\/wp-content\/uploads\/sites\/4\/2020\/07\/ales-negres-terra-remota.jpg\",\"datePublished\":\"2020-07-21T07:57:24+00:00\",\"dateModified\":\"2024-09-03T08:27:00+00:00\",\"description\":\"Les Ales Negres mesclen garnatxes negres fresques de l'Empord\u00e0 i c\u00e0lides de la Terra alta, la familia Bournazeau ho representa amb les ales de les aus que migren d'una zona a l'altre. Un cam\u00ed, el de la crian\u00e7a, per elaborar un vi d'una qualitat genu\u00efna que et sorprendr\u00e0. Descobreix-lo!\",\"breadcrumb\":{\"@id\":\"https:\/\/homeliers.com\/ca\/botiga\/per-descobrir\/ales-negres-terra-remota-catala\/#breadcrumb\"},\"inLanguage\":\"ca-ES\",\"potentialAction\":[{\"@type\":\"ReadAction\",\"target\":[\"https:\/\/homeliers.com\/ca\/botiga\/per-descobrir\/ales-negres-terra-remota-catala\/\"]}]},{\"@type\":\"ImageObject\",\"inLanguage\":\"ca-ES\",\"@id\":\"https:\/\/homeliers.com\/ca\/botiga\/per-descobrir\/ales-negres-terra-remota-catala\/#primaryimage\",\"url\":\"https:\/\/homeliers.com\/ca\/wp-content\/uploads\/sites\/4\/2020\/07\/ales-negres-terra-remota.jpg\",\"contentUrl\":\"https:\/\/homeliers.com\/ca\/wp-content\/uploads\/sites\/4\/2020\/07\/ales-negres-terra-remota.jpg\",\"width\":1024,\"height\":1024,\"caption\":\"ales negres terra remota\"},{\"@type\":\"BreadcrumbList\",\"@id\":\"https:\/\/homeliers.com\/ca\/botiga\/per-descobrir\/ales-negres-terra-remota-catala\/#breadcrumb\",\"itemListElement\":[{\"@type\":\"ListItem\",\"position\":1,\"name\":\"Inici\",\"item\":\"https:\/\/homeliers.com\/ca\/\"},{\"@type\":\"ListItem\",\"position\":2,\"name\":\"Botiga\",\"item\":\"https:\/\/homeliers.com\/ca\/botiga\/\"},{\"@type\":\"ListItem\",\"position\":3,\"name\":\"Ales Negres Terra Remota\"}]},{\"@type\":\"WebSite\",\"@id\":\"https:\/\/homeliers.com\/ca\/#website\",\"url\":\"https:\/\/homeliers.com\/ca\/\",\"name\":\"Homeliers\",\"description\":\"Seleccionem els millors vins i te&#039;ls portem a casa\",\"publisher\":{\"@id\":\"https:\/\/homeliers.com\/ca\/#organization\"},\"potentialAction\":[{\"@type\":\"SearchAction\",\"target\":{\"@type\":\"EntryPoint\",\"urlTemplate\":\"https:\/\/homeliers.com\/ca\/?s={search_term_string}\"},\"query-input\":\"required name=search_term_string\"}],\"inLanguage\":\"ca-ES\"},{\"@type\":\"Organization\",\"@id\":\"https:\/\/homeliers.com\/ca\/#organization\",\"name\":\"Homeliers\",\"url\":\"https:\/\/homeliers.com\/ca\/\",\"logo\":{\"@type\":\"ImageObject\",\"inLanguage\":\"ca-ES\",\"@id\":\"https:\/\/homeliers.com\/ca\/#\/schema\/logo\/image\/\",\"url\":\"https:\/\/homeliers.com\/ca\/wp-content\/uploads\/sites\/4\/2020\/06\/Homeliers_CA_v.svg\",\"contentUrl\":\"https:\/\/homeliers.com\/ca\/wp-content\/uploads\/sites\/4\/2020\/06\/Homeliers_CA_v.svg\",\"width\":397,\"height\":226,\"caption\":\"Homeliers\"},\"image\":{\"@id\":\"https:\/\/homeliers.com\/ca\/#\/schema\/logo\/image\/\"},\"sameAs\":[\"https:\/\/www.facebook.com\/homeliers\",\"https:\/\/x.com\/homeliers\",\"https:\/\/www.instagram.com\/homeliers\/\"]}]}<\/script>\n<!-- \/ Yoast SEO plugin. -->","yoast_head_json":{"title":"\ud83e\udd47 Ales Negres Terra Remota - Catalunya","description":"Les Ales Negres mesclen garnatxes negres fresques de l'Empord\u00e0 i c\u00e0lides de la Terra alta, la familia Bournazeau ho representa amb les ales de les aus que migren d'una zona a l'altre. Un cam\u00ed, el de la crian\u00e7a, per elaborar un vi d'una qualitat genu\u00efna que et sorprendr\u00e0. Descobreix-lo!","robots":{"index":"index","follow":"follow","max-snippet":"max-snippet:-1","max-image-preview":"max-image-preview:large","max-video-preview":"max-video-preview:-1"},"canonical":"https:\/\/homeliers.com\/ca\/botiga\/per-descobrir\/ales-negres-terra-remota-catala\/","og_locale":"ca_ES","og_type":"article","og_title":"\ud83e\udd47 Ales Negres Terra Remota - Catalunya","og_description":"Les Ales Negres mesclen garnatxes negres fresques de l'Empord\u00e0 i c\u00e0lides de la Terra alta, la familia Bournazeau ho representa amb les ales de les aus que migren d'una zona a l'altre. Un cam\u00ed, el de la crian\u00e7a, per elaborar un vi d'una qualitat genu\u00efna que et sorprendr\u00e0. Descobreix-lo!","og_url":"https:\/\/homeliers.com\/ca\/botiga\/per-descobrir\/ales-negres-terra-remota-catala\/","og_site_name":"Homeliers","article_publisher":"https:\/\/www.facebook.com\/homeliers","article_modified_time":"2024-09-03T08:27:00+00:00","og_image":[{"width":1024,"height":1024,"url":"https:\/\/homeliers.com\/ca\/wp-content\/uploads\/sites\/4\/2020\/07\/ales-negres-terra-remota.jpg","type":"image\/jpeg"}],"twitter_card":"summary_large_image","twitter_site":"@homeliers","schema":{"@context":"https:\/\/schema.org","@graph":[{"@type":"WebPage","@id":"https:\/\/homeliers.com\/ca\/botiga\/per-descobrir\/ales-negres-terra-remota-catala\/","url":"https:\/\/homeliers.com\/ca\/botiga\/per-descobrir\/ales-negres-terra-remota-catala\/","name":"\ud83e\udd47 Ales Negres Terra Remota - Catalunya","isPartOf":{"@id":"https:\/\/homeliers.com\/ca\/#website"},"primaryImageOfPage":{"@id":"https:\/\/homeliers.com\/ca\/botiga\/per-descobrir\/ales-negres-terra-remota-catala\/#primaryimage"},"image":{"@id":"https:\/\/homeliers.com\/ca\/botiga\/per-descobrir\/ales-negres-terra-remota-catala\/#primaryimage"},"thumbnailUrl":"https:\/\/homeliers.com\/ca\/wp-content\/uploads\/sites\/4\/2020\/07\/ales-negres-terra-remota.jpg","datePublished":"2020-07-21T07:57:24+00:00","dateModified":"2024-09-03T08:27:00+00:00","description":"Les Ales Negres mesclen garnatxes negres fresques de l'Empord\u00e0 i c\u00e0lides de la Terra alta, la familia Bournazeau ho representa amb les ales de les aus que migren d'una zona a l'altre. Un cam\u00ed, el de la crian\u00e7a, per elaborar un vi d'una qualitat genu\u00efna que et sorprendr\u00e0. Descobreix-lo!","breadcrumb":{"@id":"https:\/\/homeliers.com\/ca\/botiga\/per-descobrir\/ales-negres-terra-remota-catala\/#breadcrumb"},"inLanguage":"ca-ES","potentialAction":[{"@type":"ReadAction","target":["https:\/\/homeliers.com\/ca\/botiga\/per-descobrir\/ales-negres-terra-remota-catala\/"]}]},{"@type":"ImageObject","inLanguage":"ca-ES","@id":"https:\/\/homeliers.com\/ca\/botiga\/per-descobrir\/ales-negres-terra-remota-catala\/#primaryimage","url":"https:\/\/homeliers.com\/ca\/wp-content\/uploads\/sites\/4\/2020\/07\/ales-negres-terra-remota.jpg","contentUrl":"https:\/\/homeliers.com\/ca\/wp-content\/uploads\/sites\/4\/2020\/07\/ales-negres-terra-remota.jpg","width":1024,"height":1024,"caption":"ales negres terra remota"},{"@type":"BreadcrumbList","@id":"https:\/\/homeliers.com\/ca\/botiga\/per-descobrir\/ales-negres-terra-remota-catala\/#breadcrumb","itemListElement":[{"@type":"ListItem","position":1,"name":"Inici","item":"https:\/\/homeliers.com\/ca\/"},{"@type":"ListItem","position":2,"name":"Botiga","item":"https:\/\/homeliers.com\/ca\/botiga\/"},{"@type":"ListItem","position":3,"name":"Ales Negres Terra Remota"}]},{"@type":"WebSite","@id":"https:\/\/homeliers.com\/ca\/#website","url":"https:\/\/homeliers.com\/ca\/","name":"Homeliers","description":"Seleccionem els millors vins i te&#039;ls portem a casa","publisher":{"@id":"https:\/\/homeliers.com\/ca\/#organization"},"potentialAction":[{"@type":"SearchAction","target":{"@type":"EntryPoint","urlTemplate":"https:\/\/homeliers.com\/ca\/?s={search_term_string}"},"query-input":"required name=search_term_string"}],"inLanguage":"ca-ES"},{"@type":"Organization","@id":"https:\/\/homeliers.com\/ca\/#organization","name":"Homeliers","url":"https:\/\/homeliers.com\/ca\/","logo":{"@type":"ImageObject","inLanguage":"ca-ES","@id":"https:\/\/homeliers.com\/ca\/#\/schema\/logo\/image\/","url":"https:\/\/homeliers.com\/ca\/wp-content\/uploads\/sites\/4\/2020\/06\/Homeliers_CA_v.svg","contentUrl":"https:\/\/homeliers.com\/ca\/wp-content\/uploads\/sites\/4\/2020\/06\/Homeliers_CA_v.svg","width":397,"height":226,"caption":"Homeliers"},"image":{"@id":"https:\/\/homeliers.com\/ca\/#\/schema\/logo\/image\/"},"sameAs":["https:\/\/www.facebook.com\/homeliers","https:\/\/x.com\/homeliers","https:\/\/www.instagram.com\/homeliers\/"]}]}},"_links":{"self":[{"href":"https:\/\/homeliers.com\/ca\/wp-json\/wp\/v2\/product\/284"}],"collection":[{"href":"https:\/\/homeliers.com\/ca\/wp-json\/wp\/v2\/product"}],"about":[{"href":"https:\/\/homeliers.com\/ca\/wp-json\/wp\/v2\/types\/product"}],"replies":[{"embeddable":true,"href":"https:\/\/homeliers.com\/ca\/wp-json\/wp\/v2\/comments?post=284"}],"wp:featuredmedia":[{"embeddable":true,"href":"https:\/\/homeliers.com\/ca\/wp-json\/wp\/v2\/media\/285"}],"wp:attachment":[{"href":"https:\/\/homeliers.com\/ca\/wp-json\/wp\/v2\/media?parent=284"}],"wp:term":[{"taxonomy":"product_cat","embeddable":true,"href":"https:\/\/homeliers.com\/ca\/wp-json\/wp\/v2\/product_cat?post=284"},{"taxonomy":"product_tag","embeddable":true,"href":"https:\/\/homeliers.com\/ca\/wp-json\/wp\/v2\/product_tag?post=284"}],"curies":[{"name":"wp","href":"https:\/\/api.w.org\/{rel}","templated":true}]}}