{"id":303,"date":"2020-07-21T11:33:01","date_gmt":"2020-07-21T09:33:01","guid":{"rendered":"https:\/\/homeliers.com\/ca\/?post_type=product&#038;p=303"},"modified":"2024-09-03T09:26:59","modified_gmt":"2024-09-03T08:26:59","slug":"via-edetana-blanco","status":"publish","type":"product","link":"https:\/\/homeliers.com\/ca\/botiga\/per-gaudir\/via-edetana-blanco\/","title":{"rendered":"Via Edetana Blanc"},"content":{"rendered":"","protected":false},"excerpt":{"rendered":"<p>70% Garnatxa Blanca i 30% de Viognier (varietat poc comuna a la zona) de vinyes de m\u00e9s de 40 anys de la Terra alta s\u00f3n el secret d&#8217;aquest blanc sed\u00f3s, crem\u00f3s, mineral i elegant de qualitat excel.lent. Unes varietats i un proc\u00e9s \u00fanic per arribar a un vi que no et deixar\u00e0 indiferent. Per gaudir-lo infinitament.<\/p>\n","protected":false},"featured_media":759,"comment_status":"open","ping_status":"closed","template":"","meta":{"inline_featured_image":false},"product_cat":[19],"product_tag":[],"bundle_layout":"","bundled_by":["361","364","419","490","492","711","712","713","787"],"bundled_items":[],"yoast_head":"<!-- This site is optimized with the Yoast SEO plugin v23.0 - https:\/\/yoast.com\/wordpress\/plugins\/seo\/ -->\n<title>\ud83e\udd47 Via Edetana Blanc - Terra Alta<\/title>\n<meta name=\"description\" content=\"70% Garnatxa Blanca i 30% de Viognier (varietat poc comuna a la zona) de vinyes de m\u00e9s de 40 anys de la Terra alta s\u00f3n el secret d&#039;aquest blanc sed\u00f3s, crem\u00f3s, mineral i elegant de qualitat excel.lent. Unes varietats i un proc\u00e9s \u00fanic per arribar a un vi que no et deixar\u00e0 indiferent. Per gaudir-lo infinitament.\" \/>\n<meta name=\"robots\" content=\"index, follow, max-snippet:-1, max-image-preview:large, max-video-preview:-1\" \/>\n<link rel=\"canonical\" href=\"https:\/\/homeliers.com\/ca\/botiga\/per-gaudir\/via-edetana-blanco\/\" \/>\n<meta property=\"og:locale\" content=\"ca_ES\" \/>\n<meta property=\"og:type\" content=\"article\" \/>\n<meta property=\"og:title\" content=\"\ud83e\udd47 Via Edetana Blanc - Terra Alta\" \/>\n<meta property=\"og:description\" content=\"70% Garnatxa Blanca i 30% de Viognier (varietat poc comuna a la zona) de vinyes de m\u00e9s de 40 anys de la Terra alta s\u00f3n el secret d&#039;aquest blanc sed\u00f3s, crem\u00f3s, mineral i elegant de qualitat excel.lent. Unes varietats i un proc\u00e9s \u00fanic per arribar a un vi que no et deixar\u00e0 indiferent. Per gaudir-lo infinitament.\" \/>\n<meta property=\"og:url\" content=\"https:\/\/homeliers.com\/ca\/botiga\/per-gaudir\/via-edetana-blanco\/\" \/>\n<meta property=\"og:site_name\" content=\"Homeliers\" \/>\n<meta property=\"article:publisher\" content=\"https:\/\/www.facebook.com\/homeliers\" \/>\n<meta property=\"article:modified_time\" content=\"2024-09-03T08:26:59+00:00\" \/>\n<meta property=\"og:image\" content=\"https:\/\/homeliers.com\/ca\/wp-content\/uploads\/sites\/4\/2020\/07\/Via-edetana-Blanco.jpg\" \/>\n\t<meta property=\"og:image:width\" content=\"1024\" \/>\n\t<meta property=\"og:image:height\" content=\"1024\" \/>\n\t<meta property=\"og:image:type\" content=\"image\/jpeg\" \/>\n<meta name=\"twitter:card\" content=\"summary_large_image\" \/>\n<meta name=\"twitter:site\" content=\"@homeliers\" \/>\n<script type=\"application\/ld+json\" class=\"yoast-schema-graph\">{\"@context\":\"https:\/\/schema.org\",\"@graph\":[{\"@type\":\"WebPage\",\"@id\":\"https:\/\/homeliers.com\/ca\/botiga\/per-gaudir\/via-edetana-blanco\/\",\"url\":\"https:\/\/homeliers.com\/ca\/botiga\/per-gaudir\/via-edetana-blanco\/\",\"name\":\"\ud83e\udd47 Via Edetana Blanc - Terra Alta\",\"isPartOf\":{\"@id\":\"https:\/\/homeliers.com\/ca\/#website\"},\"primaryImageOfPage\":{\"@id\":\"https:\/\/homeliers.com\/ca\/botiga\/per-gaudir\/via-edetana-blanco\/#primaryimage\"},\"image\":{\"@id\":\"https:\/\/homeliers.com\/ca\/botiga\/per-gaudir\/via-edetana-blanco\/#primaryimage\"},\"thumbnailUrl\":\"https:\/\/homeliers.com\/ca\/wp-content\/uploads\/sites\/4\/2020\/07\/Via-edetana-Blanco.jpg\",\"datePublished\":\"2020-07-21T09:33:01+00:00\",\"dateModified\":\"2024-09-03T08:26:59+00:00\",\"description\":\"70% Garnatxa Blanca i 30% de Viognier (varietat poc comuna a la zona) de vinyes de m\u00e9s de 40 anys de la Terra alta s\u00f3n el secret d'aquest blanc sed\u00f3s, crem\u00f3s, mineral i elegant de qualitat excel.lent. Unes varietats i un proc\u00e9s \u00fanic per arribar a un vi que no et deixar\u00e0 indiferent. Per gaudir-lo infinitament.\",\"breadcrumb\":{\"@id\":\"https:\/\/homeliers.com\/ca\/botiga\/per-gaudir\/via-edetana-blanco\/#breadcrumb\"},\"inLanguage\":\"ca-ES\",\"potentialAction\":[{\"@type\":\"ReadAction\",\"target\":[\"https:\/\/homeliers.com\/ca\/botiga\/per-gaudir\/via-edetana-blanco\/\"]}]},{\"@type\":\"ImageObject\",\"inLanguage\":\"ca-ES\",\"@id\":\"https:\/\/homeliers.com\/ca\/botiga\/per-gaudir\/via-edetana-blanco\/#primaryimage\",\"url\":\"https:\/\/homeliers.com\/ca\/wp-content\/uploads\/sites\/4\/2020\/07\/Via-edetana-Blanco.jpg\",\"contentUrl\":\"https:\/\/homeliers.com\/ca\/wp-content\/uploads\/sites\/4\/2020\/07\/Via-edetana-Blanco.jpg\",\"width\":1024,\"height\":1024,\"caption\":\"Via edetana Blanco\"},{\"@type\":\"BreadcrumbList\",\"@id\":\"https:\/\/homeliers.com\/ca\/botiga\/per-gaudir\/via-edetana-blanco\/#breadcrumb\",\"itemListElement\":[{\"@type\":\"ListItem\",\"position\":1,\"name\":\"Inici\",\"item\":\"https:\/\/homeliers.com\/ca\/\"},{\"@type\":\"ListItem\",\"position\":2,\"name\":\"Botiga\",\"item\":\"https:\/\/homeliers.com\/ca\/botiga\/\"},{\"@type\":\"ListItem\",\"position\":3,\"name\":\"Via Edetana Blanc\"}]},{\"@type\":\"WebSite\",\"@id\":\"https:\/\/homeliers.com\/ca\/#website\",\"url\":\"https:\/\/homeliers.com\/ca\/\",\"name\":\"Homeliers\",\"description\":\"Seleccionem els millors vins i te&#039;ls portem a casa\",\"publisher\":{\"@id\":\"https:\/\/homeliers.com\/ca\/#organization\"},\"potentialAction\":[{\"@type\":\"SearchAction\",\"target\":{\"@type\":\"EntryPoint\",\"urlTemplate\":\"https:\/\/homeliers.com\/ca\/?s={search_term_string}\"},\"query-input\":\"required name=search_term_string\"}],\"inLanguage\":\"ca-ES\"},{\"@type\":\"Organization\",\"@id\":\"https:\/\/homeliers.com\/ca\/#organization\",\"name\":\"Homeliers\",\"url\":\"https:\/\/homeliers.com\/ca\/\",\"logo\":{\"@type\":\"ImageObject\",\"inLanguage\":\"ca-ES\",\"@id\":\"https:\/\/homeliers.com\/ca\/#\/schema\/logo\/image\/\",\"url\":\"https:\/\/homeliers.com\/ca\/wp-content\/uploads\/sites\/4\/2020\/06\/Homeliers_CA_v.svg\",\"contentUrl\":\"https:\/\/homeliers.com\/ca\/wp-content\/uploads\/sites\/4\/2020\/06\/Homeliers_CA_v.svg\",\"width\":397,\"height\":226,\"caption\":\"Homeliers\"},\"image\":{\"@id\":\"https:\/\/homeliers.com\/ca\/#\/schema\/logo\/image\/\"},\"sameAs\":[\"https:\/\/www.facebook.com\/homeliers\",\"https:\/\/x.com\/homeliers\",\"https:\/\/www.instagram.com\/homeliers\/\"]}]}<\/script>\n<!-- \/ Yoast SEO plugin. -->","yoast_head_json":{"title":"\ud83e\udd47 Via Edetana Blanc - Terra Alta","description":"70% Garnatxa Blanca i 30% de Viognier (varietat poc comuna a la zona) de vinyes de m\u00e9s de 40 anys de la Terra alta s\u00f3n el secret d'aquest blanc sed\u00f3s, crem\u00f3s, mineral i elegant de qualitat excel.lent. Unes varietats i un proc\u00e9s \u00fanic per arribar a un vi que no et deixar\u00e0 indiferent. Per gaudir-lo infinitament.","robots":{"index":"index","follow":"follow","max-snippet":"max-snippet:-1","max-image-preview":"max-image-preview:large","max-video-preview":"max-video-preview:-1"},"canonical":"https:\/\/homeliers.com\/ca\/botiga\/per-gaudir\/via-edetana-blanco\/","og_locale":"ca_ES","og_type":"article","og_title":"\ud83e\udd47 Via Edetana Blanc - Terra Alta","og_description":"70% Garnatxa Blanca i 30% de Viognier (varietat poc comuna a la zona) de vinyes de m\u00e9s de 40 anys de la Terra alta s\u00f3n el secret d'aquest blanc sed\u00f3s, crem\u00f3s, mineral i elegant de qualitat excel.lent. Unes varietats i un proc\u00e9s \u00fanic per arribar a un vi que no et deixar\u00e0 indiferent. Per gaudir-lo infinitament.","og_url":"https:\/\/homeliers.com\/ca\/botiga\/per-gaudir\/via-edetana-blanco\/","og_site_name":"Homeliers","article_publisher":"https:\/\/www.facebook.com\/homeliers","article_modified_time":"2024-09-03T08:26:59+00:00","og_image":[{"width":1024,"height":1024,"url":"https:\/\/homeliers.com\/ca\/wp-content\/uploads\/sites\/4\/2020\/07\/Via-edetana-Blanco.jpg","type":"image\/jpeg"}],"twitter_card":"summary_large_image","twitter_site":"@homeliers","schema":{"@context":"https:\/\/schema.org","@graph":[{"@type":"WebPage","@id":"https:\/\/homeliers.com\/ca\/botiga\/per-gaudir\/via-edetana-blanco\/","url":"https:\/\/homeliers.com\/ca\/botiga\/per-gaudir\/via-edetana-blanco\/","name":"\ud83e\udd47 Via Edetana Blanc - Terra Alta","isPartOf":{"@id":"https:\/\/homeliers.com\/ca\/#website"},"primaryImageOfPage":{"@id":"https:\/\/homeliers.com\/ca\/botiga\/per-gaudir\/via-edetana-blanco\/#primaryimage"},"image":{"@id":"https:\/\/homeliers.com\/ca\/botiga\/per-gaudir\/via-edetana-blanco\/#primaryimage"},"thumbnailUrl":"https:\/\/homeliers.com\/ca\/wp-content\/uploads\/sites\/4\/2020\/07\/Via-edetana-Blanco.jpg","datePublished":"2020-07-21T09:33:01+00:00","dateModified":"2024-09-03T08:26:59+00:00","description":"70% Garnatxa Blanca i 30% de Viognier (varietat poc comuna a la zona) de vinyes de m\u00e9s de 40 anys de la Terra alta s\u00f3n el secret d'aquest blanc sed\u00f3s, crem\u00f3s, mineral i elegant de qualitat excel.lent. Unes varietats i un proc\u00e9s \u00fanic per arribar a un vi que no et deixar\u00e0 indiferent. Per gaudir-lo infinitament.","breadcrumb":{"@id":"https:\/\/homeliers.com\/ca\/botiga\/per-gaudir\/via-edetana-blanco\/#breadcrumb"},"inLanguage":"ca-ES","potentialAction":[{"@type":"ReadAction","target":["https:\/\/homeliers.com\/ca\/botiga\/per-gaudir\/via-edetana-blanco\/"]}]},{"@type":"ImageObject","inLanguage":"ca-ES","@id":"https:\/\/homeliers.com\/ca\/botiga\/per-gaudir\/via-edetana-blanco\/#primaryimage","url":"https:\/\/homeliers.com\/ca\/wp-content\/uploads\/sites\/4\/2020\/07\/Via-edetana-Blanco.jpg","contentUrl":"https:\/\/homeliers.com\/ca\/wp-content\/uploads\/sites\/4\/2020\/07\/Via-edetana-Blanco.jpg","width":1024,"height":1024,"caption":"Via edetana Blanco"},{"@type":"BreadcrumbList","@id":"https:\/\/homeliers.com\/ca\/botiga\/per-gaudir\/via-edetana-blanco\/#breadcrumb","itemListElement":[{"@type":"ListItem","position":1,"name":"Inici","item":"https:\/\/homeliers.com\/ca\/"},{"@type":"ListItem","position":2,"name":"Botiga","item":"https:\/\/homeliers.com\/ca\/botiga\/"},{"@type":"ListItem","position":3,"name":"Via Edetana Blanc"}]},{"@type":"WebSite","@id":"https:\/\/homeliers.com\/ca\/#website","url":"https:\/\/homeliers.com\/ca\/","name":"Homeliers","description":"Seleccionem els millors vins i te&#039;ls portem a casa","publisher":{"@id":"https:\/\/homeliers.com\/ca\/#organization"},"potentialAction":[{"@type":"SearchAction","target":{"@type":"EntryPoint","urlTemplate":"https:\/\/homeliers.com\/ca\/?s={search_term_string}"},"query-input":"required name=search_term_string"}],"inLanguage":"ca-ES"},{"@type":"Organization","@id":"https:\/\/homeliers.com\/ca\/#organization","name":"Homeliers","url":"https:\/\/homeliers.com\/ca\/","logo":{"@type":"ImageObject","inLanguage":"ca-ES","@id":"https:\/\/homeliers.com\/ca\/#\/schema\/logo\/image\/","url":"https:\/\/homeliers.com\/ca\/wp-content\/uploads\/sites\/4\/2020\/06\/Homeliers_CA_v.svg","contentUrl":"https:\/\/homeliers.com\/ca\/wp-content\/uploads\/sites\/4\/2020\/06\/Homeliers_CA_v.svg","width":397,"height":226,"caption":"Homeliers"},"image":{"@id":"https:\/\/homeliers.com\/ca\/#\/schema\/logo\/image\/"},"sameAs":["https:\/\/www.facebook.com\/homeliers","https:\/\/x.com\/homeliers","https:\/\/www.instagram.com\/homeliers\/"]}]}},"_links":{"self":[{"href":"https:\/\/homeliers.com\/ca\/wp-json\/wp\/v2\/product\/303"}],"collection":[{"href":"https:\/\/homeliers.com\/ca\/wp-json\/wp\/v2\/product"}],"about":[{"href":"https:\/\/homeliers.com\/ca\/wp-json\/wp\/v2\/types\/product"}],"replies":[{"embeddable":true,"href":"https:\/\/homeliers.com\/ca\/wp-json\/wp\/v2\/comments?post=303"}],"wp:featuredmedia":[{"embeddable":true,"href":"https:\/\/homeliers.com\/ca\/wp-json\/wp\/v2\/media\/759"}],"wp:attachment":[{"href":"https:\/\/homeliers.com\/ca\/wp-json\/wp\/v2\/media?parent=303"}],"wp:term":[{"taxonomy":"product_cat","embeddable":true,"href":"https:\/\/homeliers.com\/ca\/wp-json\/wp\/v2\/product_cat?post=303"},{"taxonomy":"product_tag","embeddable":true,"href":"https:\/\/homeliers.com\/ca\/wp-json\/wp\/v2\/product_tag?post=303"}],"curies":[{"name":"wp","href":"https:\/\/api.w.org\/{rel}","templated":true}]}}