{"id":312,"date":"2020-07-21T11:57:26","date_gmt":"2020-07-21T09:57:26","guid":{"rendered":"https:\/\/homeliers.com\/ca\/?post_type=product&#038;p=312"},"modified":"2024-09-03T09:26:58","modified_gmt":"2024-09-03T08:26:58","slug":"vina-cubillo-tinto","status":"publish","type":"product","link":"https:\/\/homeliers.com\/ca\/botiga\/per-gaudir\/vina-cubillo-tinto\/","title":{"rendered":"Vi\u00f1a Cubillo Negre"},"content":{"rendered":"","protected":false},"excerpt":{"rendered":"<p>Al celler R.L\u00f3pez Heredia, fundada el 1877, mantenir la qualitat de sempre va per davant de tot. Cubillo es un Rioja Crianza dign\u00edssim que podria ser destinat a grans reserves perfectament. Quan el gaudeixis ho entendr\u00e0s.<\/p>\n","protected":false},"featured_media":313,"comment_status":"open","ping_status":"closed","template":"","meta":{"inline_featured_image":false},"product_cat":[19],"product_tag":[],"bundle_layout":"","bundled_by":["361","364","388","421","486","488","633","652"],"bundled_items":[],"yoast_head":"<!-- This site is optimized with the Yoast SEO plugin v23.0 - https:\/\/yoast.com\/wordpress\/plugins\/seo\/ -->\n<title>\ud83e\udd47 Vi\u00f1a Cubillo Negre - Rioja<\/title>\n<meta name=\"description\" content=\"Al celler R.L\u00f3pez Heredia, fundada el 1877, mantenir la qualitat de sempre va per davant de tot. Cubillo es un Rioja Crianza dign\u00edssim que podria ser destinat a grans reserves perfectament. Quan el gaudeixis ho entendr\u00e0s.\" \/>\n<meta name=\"robots\" content=\"index, follow, max-snippet:-1, max-image-preview:large, max-video-preview:-1\" \/>\n<link rel=\"canonical\" href=\"https:\/\/homeliers.com\/ca\/botiga\/per-gaudir\/vina-cubillo-tinto\/\" \/>\n<meta property=\"og:locale\" content=\"ca_ES\" \/>\n<meta property=\"og:type\" content=\"article\" \/>\n<meta property=\"og:title\" content=\"\ud83e\udd47 Vi\u00f1a Cubillo Negre - Rioja\" \/>\n<meta property=\"og:description\" content=\"Al celler R.L\u00f3pez Heredia, fundada el 1877, mantenir la qualitat de sempre va per davant de tot. Cubillo es un Rioja Crianza dign\u00edssim que podria ser destinat a grans reserves perfectament. Quan el gaudeixis ho entendr\u00e0s.\" \/>\n<meta property=\"og:url\" content=\"https:\/\/homeliers.com\/ca\/botiga\/per-gaudir\/vina-cubillo-tinto\/\" \/>\n<meta property=\"og:site_name\" content=\"Homeliers\" \/>\n<meta property=\"article:publisher\" content=\"https:\/\/www.facebook.com\/homeliers\" \/>\n<meta property=\"article:modified_time\" content=\"2024-09-03T08:26:58+00:00\" \/>\n<meta property=\"og:image\" content=\"https:\/\/homeliers.com\/ca\/wp-content\/uploads\/sites\/4\/2020\/07\/Vi\u00f1a-Cubillo.jpg\" \/>\n\t<meta property=\"og:image:width\" content=\"1024\" \/>\n\t<meta property=\"og:image:height\" content=\"1024\" \/>\n\t<meta property=\"og:image:type\" content=\"image\/jpeg\" \/>\n<meta name=\"twitter:card\" content=\"summary_large_image\" \/>\n<meta name=\"twitter:site\" content=\"@homeliers\" \/>\n<script type=\"application\/ld+json\" class=\"yoast-schema-graph\">{\"@context\":\"https:\/\/schema.org\",\"@graph\":[{\"@type\":\"WebPage\",\"@id\":\"https:\/\/homeliers.com\/ca\/botiga\/per-gaudir\/vina-cubillo-tinto\/\",\"url\":\"https:\/\/homeliers.com\/ca\/botiga\/per-gaudir\/vina-cubillo-tinto\/\",\"name\":\"\ud83e\udd47 Vi\u00f1a Cubillo Negre - Rioja\",\"isPartOf\":{\"@id\":\"https:\/\/homeliers.com\/ca\/#website\"},\"primaryImageOfPage\":{\"@id\":\"https:\/\/homeliers.com\/ca\/botiga\/per-gaudir\/vina-cubillo-tinto\/#primaryimage\"},\"image\":{\"@id\":\"https:\/\/homeliers.com\/ca\/botiga\/per-gaudir\/vina-cubillo-tinto\/#primaryimage\"},\"thumbnailUrl\":\"https:\/\/homeliers.com\/ca\/wp-content\/uploads\/sites\/4\/2020\/07\/Vi\u00f1a-Cubillo.jpg\",\"datePublished\":\"2020-07-21T09:57:26+00:00\",\"dateModified\":\"2024-09-03T08:26:58+00:00\",\"description\":\"Al celler R.L\u00f3pez Heredia, fundada el 1877, mantenir la qualitat de sempre va per davant de tot. Cubillo es un Rioja Crianza dign\u00edssim que podria ser destinat a grans reserves perfectament. Quan el gaudeixis ho entendr\u00e0s.\",\"breadcrumb\":{\"@id\":\"https:\/\/homeliers.com\/ca\/botiga\/per-gaudir\/vina-cubillo-tinto\/#breadcrumb\"},\"inLanguage\":\"ca-ES\",\"potentialAction\":[{\"@type\":\"ReadAction\",\"target\":[\"https:\/\/homeliers.com\/ca\/botiga\/per-gaudir\/vina-cubillo-tinto\/\"]}]},{\"@type\":\"ImageObject\",\"inLanguage\":\"ca-ES\",\"@id\":\"https:\/\/homeliers.com\/ca\/botiga\/per-gaudir\/vina-cubillo-tinto\/#primaryimage\",\"url\":\"https:\/\/homeliers.com\/ca\/wp-content\/uploads\/sites\/4\/2020\/07\/Vi\u00f1a-Cubillo.jpg\",\"contentUrl\":\"https:\/\/homeliers.com\/ca\/wp-content\/uploads\/sites\/4\/2020\/07\/Vi\u00f1a-Cubillo.jpg\",\"width\":1024,\"height\":1024,\"caption\":\"Vi\u00f1a Cubillo\"},{\"@type\":\"BreadcrumbList\",\"@id\":\"https:\/\/homeliers.com\/ca\/botiga\/per-gaudir\/vina-cubillo-tinto\/#breadcrumb\",\"itemListElement\":[{\"@type\":\"ListItem\",\"position\":1,\"name\":\"Inici\",\"item\":\"https:\/\/homeliers.com\/ca\/\"},{\"@type\":\"ListItem\",\"position\":2,\"name\":\"Botiga\",\"item\":\"https:\/\/homeliers.com\/ca\/botiga\/\"},{\"@type\":\"ListItem\",\"position\":3,\"name\":\"Vi\u00f1a Cubillo Negre\"}]},{\"@type\":\"WebSite\",\"@id\":\"https:\/\/homeliers.com\/ca\/#website\",\"url\":\"https:\/\/homeliers.com\/ca\/\",\"name\":\"Homeliers\",\"description\":\"Seleccionem els millors vins i te&#039;ls portem a casa\",\"publisher\":{\"@id\":\"https:\/\/homeliers.com\/ca\/#organization\"},\"potentialAction\":[{\"@type\":\"SearchAction\",\"target\":{\"@type\":\"EntryPoint\",\"urlTemplate\":\"https:\/\/homeliers.com\/ca\/?s={search_term_string}\"},\"query-input\":\"required name=search_term_string\"}],\"inLanguage\":\"ca-ES\"},{\"@type\":\"Organization\",\"@id\":\"https:\/\/homeliers.com\/ca\/#organization\",\"name\":\"Homeliers\",\"url\":\"https:\/\/homeliers.com\/ca\/\",\"logo\":{\"@type\":\"ImageObject\",\"inLanguage\":\"ca-ES\",\"@id\":\"https:\/\/homeliers.com\/ca\/#\/schema\/logo\/image\/\",\"url\":\"https:\/\/homeliers.com\/ca\/wp-content\/uploads\/sites\/4\/2020\/06\/Homeliers_CA_v.svg\",\"contentUrl\":\"https:\/\/homeliers.com\/ca\/wp-content\/uploads\/sites\/4\/2020\/06\/Homeliers_CA_v.svg\",\"width\":397,\"height\":226,\"caption\":\"Homeliers\"},\"image\":{\"@id\":\"https:\/\/homeliers.com\/ca\/#\/schema\/logo\/image\/\"},\"sameAs\":[\"https:\/\/www.facebook.com\/homeliers\",\"https:\/\/x.com\/homeliers\",\"https:\/\/www.instagram.com\/homeliers\/\"]}]}<\/script>\n<!-- \/ Yoast SEO plugin. -->","yoast_head_json":{"title":"\ud83e\udd47 Vi\u00f1a Cubillo Negre - Rioja","description":"Al celler R.L\u00f3pez Heredia, fundada el 1877, mantenir la qualitat de sempre va per davant de tot. Cubillo es un Rioja Crianza dign\u00edssim que podria ser destinat a grans reserves perfectament. Quan el gaudeixis ho entendr\u00e0s.","robots":{"index":"index","follow":"follow","max-snippet":"max-snippet:-1","max-image-preview":"max-image-preview:large","max-video-preview":"max-video-preview:-1"},"canonical":"https:\/\/homeliers.com\/ca\/botiga\/per-gaudir\/vina-cubillo-tinto\/","og_locale":"ca_ES","og_type":"article","og_title":"\ud83e\udd47 Vi\u00f1a Cubillo Negre - Rioja","og_description":"Al celler R.L\u00f3pez Heredia, fundada el 1877, mantenir la qualitat de sempre va per davant de tot. Cubillo es un Rioja Crianza dign\u00edssim que podria ser destinat a grans reserves perfectament. Quan el gaudeixis ho entendr\u00e0s.","og_url":"https:\/\/homeliers.com\/ca\/botiga\/per-gaudir\/vina-cubillo-tinto\/","og_site_name":"Homeliers","article_publisher":"https:\/\/www.facebook.com\/homeliers","article_modified_time":"2024-09-03T08:26:58+00:00","og_image":[{"width":1024,"height":1024,"url":"https:\/\/homeliers.com\/ca\/wp-content\/uploads\/sites\/4\/2020\/07\/Vi\u00f1a-Cubillo.jpg","type":"image\/jpeg"}],"twitter_card":"summary_large_image","twitter_site":"@homeliers","schema":{"@context":"https:\/\/schema.org","@graph":[{"@type":"WebPage","@id":"https:\/\/homeliers.com\/ca\/botiga\/per-gaudir\/vina-cubillo-tinto\/","url":"https:\/\/homeliers.com\/ca\/botiga\/per-gaudir\/vina-cubillo-tinto\/","name":"\ud83e\udd47 Vi\u00f1a Cubillo Negre - Rioja","isPartOf":{"@id":"https:\/\/homeliers.com\/ca\/#website"},"primaryImageOfPage":{"@id":"https:\/\/homeliers.com\/ca\/botiga\/per-gaudir\/vina-cubillo-tinto\/#primaryimage"},"image":{"@id":"https:\/\/homeliers.com\/ca\/botiga\/per-gaudir\/vina-cubillo-tinto\/#primaryimage"},"thumbnailUrl":"https:\/\/homeliers.com\/ca\/wp-content\/uploads\/sites\/4\/2020\/07\/Vi\u00f1a-Cubillo.jpg","datePublished":"2020-07-21T09:57:26+00:00","dateModified":"2024-09-03T08:26:58+00:00","description":"Al celler R.L\u00f3pez Heredia, fundada el 1877, mantenir la qualitat de sempre va per davant de tot. Cubillo es un Rioja Crianza dign\u00edssim que podria ser destinat a grans reserves perfectament. Quan el gaudeixis ho entendr\u00e0s.","breadcrumb":{"@id":"https:\/\/homeliers.com\/ca\/botiga\/per-gaudir\/vina-cubillo-tinto\/#breadcrumb"},"inLanguage":"ca-ES","potentialAction":[{"@type":"ReadAction","target":["https:\/\/homeliers.com\/ca\/botiga\/per-gaudir\/vina-cubillo-tinto\/"]}]},{"@type":"ImageObject","inLanguage":"ca-ES","@id":"https:\/\/homeliers.com\/ca\/botiga\/per-gaudir\/vina-cubillo-tinto\/#primaryimage","url":"https:\/\/homeliers.com\/ca\/wp-content\/uploads\/sites\/4\/2020\/07\/Vi\u00f1a-Cubillo.jpg","contentUrl":"https:\/\/homeliers.com\/ca\/wp-content\/uploads\/sites\/4\/2020\/07\/Vi\u00f1a-Cubillo.jpg","width":1024,"height":1024,"caption":"Vi\u00f1a Cubillo"},{"@type":"BreadcrumbList","@id":"https:\/\/homeliers.com\/ca\/botiga\/per-gaudir\/vina-cubillo-tinto\/#breadcrumb","itemListElement":[{"@type":"ListItem","position":1,"name":"Inici","item":"https:\/\/homeliers.com\/ca\/"},{"@type":"ListItem","position":2,"name":"Botiga","item":"https:\/\/homeliers.com\/ca\/botiga\/"},{"@type":"ListItem","position":3,"name":"Vi\u00f1a Cubillo Negre"}]},{"@type":"WebSite","@id":"https:\/\/homeliers.com\/ca\/#website","url":"https:\/\/homeliers.com\/ca\/","name":"Homeliers","description":"Seleccionem els millors vins i te&#039;ls portem a casa","publisher":{"@id":"https:\/\/homeliers.com\/ca\/#organization"},"potentialAction":[{"@type":"SearchAction","target":{"@type":"EntryPoint","urlTemplate":"https:\/\/homeliers.com\/ca\/?s={search_term_string}"},"query-input":"required name=search_term_string"}],"inLanguage":"ca-ES"},{"@type":"Organization","@id":"https:\/\/homeliers.com\/ca\/#organization","name":"Homeliers","url":"https:\/\/homeliers.com\/ca\/","logo":{"@type":"ImageObject","inLanguage":"ca-ES","@id":"https:\/\/homeliers.com\/ca\/#\/schema\/logo\/image\/","url":"https:\/\/homeliers.com\/ca\/wp-content\/uploads\/sites\/4\/2020\/06\/Homeliers_CA_v.svg","contentUrl":"https:\/\/homeliers.com\/ca\/wp-content\/uploads\/sites\/4\/2020\/06\/Homeliers_CA_v.svg","width":397,"height":226,"caption":"Homeliers"},"image":{"@id":"https:\/\/homeliers.com\/ca\/#\/schema\/logo\/image\/"},"sameAs":["https:\/\/www.facebook.com\/homeliers","https:\/\/x.com\/homeliers","https:\/\/www.instagram.com\/homeliers\/"]}]}},"_links":{"self":[{"href":"https:\/\/homeliers.com\/ca\/wp-json\/wp\/v2\/product\/312"}],"collection":[{"href":"https:\/\/homeliers.com\/ca\/wp-json\/wp\/v2\/product"}],"about":[{"href":"https:\/\/homeliers.com\/ca\/wp-json\/wp\/v2\/types\/product"}],"replies":[{"embeddable":true,"href":"https:\/\/homeliers.com\/ca\/wp-json\/wp\/v2\/comments?post=312"}],"wp:featuredmedia":[{"embeddable":true,"href":"https:\/\/homeliers.com\/ca\/wp-json\/wp\/v2\/media\/313"}],"wp:attachment":[{"href":"https:\/\/homeliers.com\/ca\/wp-json\/wp\/v2\/media?parent=312"}],"wp:term":[{"taxonomy":"product_cat","embeddable":true,"href":"https:\/\/homeliers.com\/ca\/wp-json\/wp\/v2\/product_cat?post=312"},{"taxonomy":"product_tag","embeddable":true,"href":"https:\/\/homeliers.com\/ca\/wp-json\/wp\/v2\/product_tag?post=312"}],"curies":[{"name":"wp","href":"https:\/\/api.w.org\/{rel}","templated":true}]}}