{"id":317,"date":"2020-07-21T11:17:25","date_gmt":"2020-07-21T10:17:25","guid":{"rendered":"https:\/\/homeliers.com\/ca\/?post_type=product&#038;p=317"},"modified":"2024-09-03T09:26:58","modified_gmt":"2024-09-03T08:26:58","slug":"reserva-familia-juve-camps","status":"publish","type":"product","link":"https:\/\/homeliers.com\/ca\/botiga\/per-gaudir\/reserva-familia-juve-camps\/","title":{"rendered":"Reserva Familia Juv\u00e9 Camps"},"content":{"rendered":"","protected":false},"excerpt":{"rendered":"<p>Gran Reserva de la familia que \u00e9s el m\u00edtic emblema del celler, 36 mesos de rep\u00f2s i crian\u00e7a d&#8217;aquest cupatge de Xarel.lo, Macabeu i Parellada fan d&#8217;aquets cava tot un Superstar. \u00danic, genu\u00ed, fresc i seductor per disfrutar del cava amb totes les garanties.<\/p>\n","protected":false},"featured_media":318,"comment_status":"open","ping_status":"closed","template":"","meta":{"inline_featured_image":false},"product_cat":[19],"product_tag":[],"bundle_layout":"","bundled_by":["364","400","402","446","446","450","450","450","488","490"],"bundled_items":[],"yoast_head":"<!-- This site is optimized with the Yoast SEO plugin v23.0 - https:\/\/yoast.com\/wordpress\/plugins\/seo\/ -->\n<title>\ud83e\udd47 Reserva Familia Juv\u00e9 Camps - Pened\u00e8s<\/title>\n<meta name=\"description\" content=\"Gran Reserva de la familia que \u00e9s el m\u00edtic emblema del celler, 36 mesos de rep\u00f2s i crian\u00e7a d&#039;aquest cupatge de Xarel.lo, Macabeu i Parellada fan d&#039;aquets cava tot un Superstar. \u00danic, genu\u00ed, fresc i seductor per disfrutar del cava amb totes les garanties.\" \/>\n<meta name=\"robots\" content=\"index, follow, max-snippet:-1, max-image-preview:large, max-video-preview:-1\" \/>\n<link rel=\"canonical\" href=\"https:\/\/homeliers.com\/ca\/botiga\/per-gaudir\/reserva-familia-juve-camps\/\" \/>\n<meta property=\"og:locale\" content=\"ca_ES\" \/>\n<meta property=\"og:type\" content=\"article\" \/>\n<meta property=\"og:title\" content=\"\ud83e\udd47 Reserva Familia Juv\u00e9 Camps - Pened\u00e8s\" \/>\n<meta property=\"og:description\" content=\"Gran Reserva de la familia que \u00e9s el m\u00edtic emblema del celler, 36 mesos de rep\u00f2s i crian\u00e7a d&#039;aquest cupatge de Xarel.lo, Macabeu i Parellada fan d&#039;aquets cava tot un Superstar. \u00danic, genu\u00ed, fresc i seductor per disfrutar del cava amb totes les garanties.\" \/>\n<meta property=\"og:url\" content=\"https:\/\/homeliers.com\/ca\/botiga\/per-gaudir\/reserva-familia-juve-camps\/\" \/>\n<meta property=\"og:site_name\" content=\"Homeliers\" \/>\n<meta property=\"article:publisher\" content=\"https:\/\/www.facebook.com\/homeliers\" \/>\n<meta property=\"article:modified_time\" content=\"2024-09-03T08:26:58+00:00\" \/>\n<meta property=\"og:image\" content=\"https:\/\/homeliers.com\/ca\/wp-content\/uploads\/sites\/4\/2020\/07\/Reserva-de-la-Familia-Cava-Gran-Reserva-Brut-Nature.jpg\" \/>\n\t<meta property=\"og:image:width\" content=\"1024\" \/>\n\t<meta property=\"og:image:height\" content=\"1024\" \/>\n\t<meta property=\"og:image:type\" content=\"image\/jpeg\" \/>\n<meta name=\"twitter:card\" content=\"summary_large_image\" \/>\n<meta name=\"twitter:site\" content=\"@homeliers\" \/>\n<script type=\"application\/ld+json\" class=\"yoast-schema-graph\">{\"@context\":\"https:\/\/schema.org\",\"@graph\":[{\"@type\":\"WebPage\",\"@id\":\"https:\/\/homeliers.com\/ca\/botiga\/per-gaudir\/reserva-familia-juve-camps\/\",\"url\":\"https:\/\/homeliers.com\/ca\/botiga\/per-gaudir\/reserva-familia-juve-camps\/\",\"name\":\"\ud83e\udd47 Reserva Familia Juv\u00e9 Camps - Pened\u00e8s\",\"isPartOf\":{\"@id\":\"https:\/\/homeliers.com\/ca\/#website\"},\"primaryImageOfPage\":{\"@id\":\"https:\/\/homeliers.com\/ca\/botiga\/per-gaudir\/reserva-familia-juve-camps\/#primaryimage\"},\"image\":{\"@id\":\"https:\/\/homeliers.com\/ca\/botiga\/per-gaudir\/reserva-familia-juve-camps\/#primaryimage\"},\"thumbnailUrl\":\"https:\/\/homeliers.com\/ca\/wp-content\/uploads\/sites\/4\/2020\/07\/Reserva-de-la-Familia-Cava-Gran-Reserva-Brut-Nature.jpg\",\"datePublished\":\"2020-07-21T10:17:25+00:00\",\"dateModified\":\"2024-09-03T08:26:58+00:00\",\"description\":\"Gran Reserva de la familia que \u00e9s el m\u00edtic emblema del celler, 36 mesos de rep\u00f2s i crian\u00e7a d'aquest cupatge de Xarel.lo, Macabeu i Parellada fan d'aquets cava tot un Superstar. \u00danic, genu\u00ed, fresc i seductor per disfrutar del cava amb totes les garanties.\",\"breadcrumb\":{\"@id\":\"https:\/\/homeliers.com\/ca\/botiga\/per-gaudir\/reserva-familia-juve-camps\/#breadcrumb\"},\"inLanguage\":\"ca-ES\",\"potentialAction\":[{\"@type\":\"ReadAction\",\"target\":[\"https:\/\/homeliers.com\/ca\/botiga\/per-gaudir\/reserva-familia-juve-camps\/\"]}]},{\"@type\":\"ImageObject\",\"inLanguage\":\"ca-ES\",\"@id\":\"https:\/\/homeliers.com\/ca\/botiga\/per-gaudir\/reserva-familia-juve-camps\/#primaryimage\",\"url\":\"https:\/\/homeliers.com\/ca\/wp-content\/uploads\/sites\/4\/2020\/07\/Reserva-de-la-Familia-Cava-Gran-Reserva-Brut-Nature.jpg\",\"contentUrl\":\"https:\/\/homeliers.com\/ca\/wp-content\/uploads\/sites\/4\/2020\/07\/Reserva-de-la-Familia-Cava-Gran-Reserva-Brut-Nature.jpg\",\"width\":1024,\"height\":1024,\"caption\":\"Reserva de la Familia Cava Gran Reserva Brut Nature\"},{\"@type\":\"BreadcrumbList\",\"@id\":\"https:\/\/homeliers.com\/ca\/botiga\/per-gaudir\/reserva-familia-juve-camps\/#breadcrumb\",\"itemListElement\":[{\"@type\":\"ListItem\",\"position\":1,\"name\":\"Inici\",\"item\":\"https:\/\/homeliers.com\/ca\/\"},{\"@type\":\"ListItem\",\"position\":2,\"name\":\"Botiga\",\"item\":\"https:\/\/homeliers.com\/ca\/botiga\/\"},{\"@type\":\"ListItem\",\"position\":3,\"name\":\"Reserva Familia Juv\u00e9 Camps\"}]},{\"@type\":\"WebSite\",\"@id\":\"https:\/\/homeliers.com\/ca\/#website\",\"url\":\"https:\/\/homeliers.com\/ca\/\",\"name\":\"Homeliers\",\"description\":\"Seleccionem els millors vins i te&#039;ls portem a casa\",\"publisher\":{\"@id\":\"https:\/\/homeliers.com\/ca\/#organization\"},\"potentialAction\":[{\"@type\":\"SearchAction\",\"target\":{\"@type\":\"EntryPoint\",\"urlTemplate\":\"https:\/\/homeliers.com\/ca\/?s={search_term_string}\"},\"query-input\":\"required name=search_term_string\"}],\"inLanguage\":\"ca-ES\"},{\"@type\":\"Organization\",\"@id\":\"https:\/\/homeliers.com\/ca\/#organization\",\"name\":\"Homeliers\",\"url\":\"https:\/\/homeliers.com\/ca\/\",\"logo\":{\"@type\":\"ImageObject\",\"inLanguage\":\"ca-ES\",\"@id\":\"https:\/\/homeliers.com\/ca\/#\/schema\/logo\/image\/\",\"url\":\"https:\/\/homeliers.com\/ca\/wp-content\/uploads\/sites\/4\/2020\/06\/Homeliers_CA_v.svg\",\"contentUrl\":\"https:\/\/homeliers.com\/ca\/wp-content\/uploads\/sites\/4\/2020\/06\/Homeliers_CA_v.svg\",\"width\":397,\"height\":226,\"caption\":\"Homeliers\"},\"image\":{\"@id\":\"https:\/\/homeliers.com\/ca\/#\/schema\/logo\/image\/\"},\"sameAs\":[\"https:\/\/www.facebook.com\/homeliers\",\"https:\/\/x.com\/homeliers\",\"https:\/\/www.instagram.com\/homeliers\/\"]}]}<\/script>\n<!-- \/ Yoast SEO plugin. -->","yoast_head_json":{"title":"\ud83e\udd47 Reserva Familia Juv\u00e9 Camps - Pened\u00e8s","description":"Gran Reserva de la familia que \u00e9s el m\u00edtic emblema del celler, 36 mesos de rep\u00f2s i crian\u00e7a d'aquest cupatge de Xarel.lo, Macabeu i Parellada fan d'aquets cava tot un Superstar. \u00danic, genu\u00ed, fresc i seductor per disfrutar del cava amb totes les garanties.","robots":{"index":"index","follow":"follow","max-snippet":"max-snippet:-1","max-image-preview":"max-image-preview:large","max-video-preview":"max-video-preview:-1"},"canonical":"https:\/\/homeliers.com\/ca\/botiga\/per-gaudir\/reserva-familia-juve-camps\/","og_locale":"ca_ES","og_type":"article","og_title":"\ud83e\udd47 Reserva Familia Juv\u00e9 Camps - Pened\u00e8s","og_description":"Gran Reserva de la familia que \u00e9s el m\u00edtic emblema del celler, 36 mesos de rep\u00f2s i crian\u00e7a d'aquest cupatge de Xarel.lo, Macabeu i Parellada fan d'aquets cava tot un Superstar. \u00danic, genu\u00ed, fresc i seductor per disfrutar del cava amb totes les garanties.","og_url":"https:\/\/homeliers.com\/ca\/botiga\/per-gaudir\/reserva-familia-juve-camps\/","og_site_name":"Homeliers","article_publisher":"https:\/\/www.facebook.com\/homeliers","article_modified_time":"2024-09-03T08:26:58+00:00","og_image":[{"width":1024,"height":1024,"url":"https:\/\/homeliers.com\/ca\/wp-content\/uploads\/sites\/4\/2020\/07\/Reserva-de-la-Familia-Cava-Gran-Reserva-Brut-Nature.jpg","type":"image\/jpeg"}],"twitter_card":"summary_large_image","twitter_site":"@homeliers","schema":{"@context":"https:\/\/schema.org","@graph":[{"@type":"WebPage","@id":"https:\/\/homeliers.com\/ca\/botiga\/per-gaudir\/reserva-familia-juve-camps\/","url":"https:\/\/homeliers.com\/ca\/botiga\/per-gaudir\/reserva-familia-juve-camps\/","name":"\ud83e\udd47 Reserva Familia Juv\u00e9 Camps - Pened\u00e8s","isPartOf":{"@id":"https:\/\/homeliers.com\/ca\/#website"},"primaryImageOfPage":{"@id":"https:\/\/homeliers.com\/ca\/botiga\/per-gaudir\/reserva-familia-juve-camps\/#primaryimage"},"image":{"@id":"https:\/\/homeliers.com\/ca\/botiga\/per-gaudir\/reserva-familia-juve-camps\/#primaryimage"},"thumbnailUrl":"https:\/\/homeliers.com\/ca\/wp-content\/uploads\/sites\/4\/2020\/07\/Reserva-de-la-Familia-Cava-Gran-Reserva-Brut-Nature.jpg","datePublished":"2020-07-21T10:17:25+00:00","dateModified":"2024-09-03T08:26:58+00:00","description":"Gran Reserva de la familia que \u00e9s el m\u00edtic emblema del celler, 36 mesos de rep\u00f2s i crian\u00e7a d'aquest cupatge de Xarel.lo, Macabeu i Parellada fan d'aquets cava tot un Superstar. \u00danic, genu\u00ed, fresc i seductor per disfrutar del cava amb totes les garanties.","breadcrumb":{"@id":"https:\/\/homeliers.com\/ca\/botiga\/per-gaudir\/reserva-familia-juve-camps\/#breadcrumb"},"inLanguage":"ca-ES","potentialAction":[{"@type":"ReadAction","target":["https:\/\/homeliers.com\/ca\/botiga\/per-gaudir\/reserva-familia-juve-camps\/"]}]},{"@type":"ImageObject","inLanguage":"ca-ES","@id":"https:\/\/homeliers.com\/ca\/botiga\/per-gaudir\/reserva-familia-juve-camps\/#primaryimage","url":"https:\/\/homeliers.com\/ca\/wp-content\/uploads\/sites\/4\/2020\/07\/Reserva-de-la-Familia-Cava-Gran-Reserva-Brut-Nature.jpg","contentUrl":"https:\/\/homeliers.com\/ca\/wp-content\/uploads\/sites\/4\/2020\/07\/Reserva-de-la-Familia-Cava-Gran-Reserva-Brut-Nature.jpg","width":1024,"height":1024,"caption":"Reserva de la Familia Cava Gran Reserva Brut Nature"},{"@type":"BreadcrumbList","@id":"https:\/\/homeliers.com\/ca\/botiga\/per-gaudir\/reserva-familia-juve-camps\/#breadcrumb","itemListElement":[{"@type":"ListItem","position":1,"name":"Inici","item":"https:\/\/homeliers.com\/ca\/"},{"@type":"ListItem","position":2,"name":"Botiga","item":"https:\/\/homeliers.com\/ca\/botiga\/"},{"@type":"ListItem","position":3,"name":"Reserva Familia Juv\u00e9 Camps"}]},{"@type":"WebSite","@id":"https:\/\/homeliers.com\/ca\/#website","url":"https:\/\/homeliers.com\/ca\/","name":"Homeliers","description":"Seleccionem els millors vins i te&#039;ls portem a casa","publisher":{"@id":"https:\/\/homeliers.com\/ca\/#organization"},"potentialAction":[{"@type":"SearchAction","target":{"@type":"EntryPoint","urlTemplate":"https:\/\/homeliers.com\/ca\/?s={search_term_string}"},"query-input":"required name=search_term_string"}],"inLanguage":"ca-ES"},{"@type":"Organization","@id":"https:\/\/homeliers.com\/ca\/#organization","name":"Homeliers","url":"https:\/\/homeliers.com\/ca\/","logo":{"@type":"ImageObject","inLanguage":"ca-ES","@id":"https:\/\/homeliers.com\/ca\/#\/schema\/logo\/image\/","url":"https:\/\/homeliers.com\/ca\/wp-content\/uploads\/sites\/4\/2020\/06\/Homeliers_CA_v.svg","contentUrl":"https:\/\/homeliers.com\/ca\/wp-content\/uploads\/sites\/4\/2020\/06\/Homeliers_CA_v.svg","width":397,"height":226,"caption":"Homeliers"},"image":{"@id":"https:\/\/homeliers.com\/ca\/#\/schema\/logo\/image\/"},"sameAs":["https:\/\/www.facebook.com\/homeliers","https:\/\/x.com\/homeliers","https:\/\/www.instagram.com\/homeliers\/"]}]}},"_links":{"self":[{"href":"https:\/\/homeliers.com\/ca\/wp-json\/wp\/v2\/product\/317"}],"collection":[{"href":"https:\/\/homeliers.com\/ca\/wp-json\/wp\/v2\/product"}],"about":[{"href":"https:\/\/homeliers.com\/ca\/wp-json\/wp\/v2\/types\/product"}],"replies":[{"embeddable":true,"href":"https:\/\/homeliers.com\/ca\/wp-json\/wp\/v2\/comments?post=317"}],"wp:featuredmedia":[{"embeddable":true,"href":"https:\/\/homeliers.com\/ca\/wp-json\/wp\/v2\/media\/318"}],"wp:attachment":[{"href":"https:\/\/homeliers.com\/ca\/wp-json\/wp\/v2\/media?parent=317"}],"wp:term":[{"taxonomy":"product_cat","embeddable":true,"href":"https:\/\/homeliers.com\/ca\/wp-json\/wp\/v2\/product_cat?post=317"},{"taxonomy":"product_tag","embeddable":true,"href":"https:\/\/homeliers.com\/ca\/wp-json\/wp\/v2\/product_tag?post=317"}],"curies":[{"name":"wp","href":"https:\/\/api.w.org\/{rel}","templated":true}]}}