{"id":320,"date":"2020-07-21T11:31:52","date_gmt":"2020-07-21T10:31:52","guid":{"rendered":"https:\/\/homeliers.com\/ca\/?post_type=product&#038;p=320"},"modified":"2024-09-03T09:26:57","modified_gmt":"2024-09-03T08:26:57","slug":"brut-premier-louis-roederer","status":"publish","type":"product","link":"https:\/\/homeliers.com\/ca\/botiga\/per-triomfar\/brut-premier-louis-roederer\/","title":{"rendered":"Brut Premier Louis Roederer"},"content":{"rendered":"","protected":false},"excerpt":{"rendered":"<p>L&#8217;eleg\u00e0ncia feta realitat, la maison Louis Roederer \u00e9s l&#8217;\u00fanic gran productor que encara pertany a la fam\u00edlia, m\u00e0xima delicadesa en aquest cupatge de Pinot Noir, Chardonnay i Pinot Meunier. Tanta meticulositat nom\u00e9s pot resultar en un champagne digne de les grans ocasions que tot s&#8217;ho val.<\/p>\n","protected":false},"featured_media":321,"comment_status":"open","ping_status":"closed","template":"","meta":{"inline_featured_image":false},"product_cat":[20],"product_tag":[],"bundle_layout":"","bundled_by":["218","396","398"],"bundled_items":[],"yoast_head":"<!-- This site is optimized with the Yoast SEO plugin v23.0 - https:\/\/yoast.com\/wordpress\/plugins\/seo\/ -->\n<title>\ud83e\udd47 Brut Premier Louis Roederer - Champagne<\/title>\n<meta name=\"description\" content=\"L&#039;eleg\u00e0ncia feta realitat, la maison Louis Roederer \u00e9s l&#039;\u00fanic gran productor que encara pertany a la fam\u00edlia, m\u00e0xima delicadesa en aquest cupatge de Pinot Noir, Chardonnay i Pinot Meunier. Tanta meticulositat nom\u00e9s pot resultar en un champagne digne de les grans ocasions que tot s&#039;ho val.\" \/>\n<meta name=\"robots\" content=\"index, follow, max-snippet:-1, max-image-preview:large, max-video-preview:-1\" \/>\n<link rel=\"canonical\" href=\"https:\/\/homeliers.com\/ca\/botiga\/per-triomfar\/brut-premier-louis-roederer\/\" \/>\n<meta property=\"og:locale\" content=\"ca_ES\" \/>\n<meta property=\"og:type\" content=\"article\" \/>\n<meta property=\"og:title\" content=\"\ud83e\udd47 Brut Premier Louis Roederer - Champagne\" \/>\n<meta property=\"og:description\" content=\"L&#039;eleg\u00e0ncia feta realitat, la maison Louis Roederer \u00e9s l&#039;\u00fanic gran productor que encara pertany a la fam\u00edlia, m\u00e0xima delicadesa en aquest cupatge de Pinot Noir, Chardonnay i Pinot Meunier. Tanta meticulositat nom\u00e9s pot resultar en un champagne digne de les grans ocasions que tot s&#039;ho val.\" \/>\n<meta property=\"og:url\" content=\"https:\/\/homeliers.com\/ca\/botiga\/per-triomfar\/brut-premier-louis-roederer\/\" \/>\n<meta property=\"og:site_name\" content=\"Homeliers\" \/>\n<meta property=\"article:publisher\" content=\"https:\/\/www.facebook.com\/homeliers\" \/>\n<meta property=\"article:modified_time\" content=\"2024-09-03T08:26:57+00:00\" \/>\n<meta property=\"og:image\" content=\"https:\/\/homeliers.com\/ca\/wp-content\/uploads\/sites\/4\/2020\/07\/Louis-Roederer-Brut-Premier.jpg\" \/>\n\t<meta property=\"og:image:width\" content=\"1024\" \/>\n\t<meta property=\"og:image:height\" content=\"1024\" \/>\n\t<meta property=\"og:image:type\" content=\"image\/jpeg\" \/>\n<meta name=\"twitter:card\" content=\"summary_large_image\" \/>\n<meta name=\"twitter:site\" content=\"@homeliers\" \/>\n<script type=\"application\/ld+json\" class=\"yoast-schema-graph\">{\"@context\":\"https:\/\/schema.org\",\"@graph\":[{\"@type\":\"WebPage\",\"@id\":\"https:\/\/homeliers.com\/ca\/botiga\/per-triomfar\/brut-premier-louis-roederer\/\",\"url\":\"https:\/\/homeliers.com\/ca\/botiga\/per-triomfar\/brut-premier-louis-roederer\/\",\"name\":\"\ud83e\udd47 Brut Premier Louis Roederer - Champagne\",\"isPartOf\":{\"@id\":\"https:\/\/homeliers.com\/ca\/#website\"},\"primaryImageOfPage\":{\"@id\":\"https:\/\/homeliers.com\/ca\/botiga\/per-triomfar\/brut-premier-louis-roederer\/#primaryimage\"},\"image\":{\"@id\":\"https:\/\/homeliers.com\/ca\/botiga\/per-triomfar\/brut-premier-louis-roederer\/#primaryimage\"},\"thumbnailUrl\":\"https:\/\/homeliers.com\/ca\/wp-content\/uploads\/sites\/4\/2020\/07\/Louis-Roederer-Brut-Premier.jpg\",\"datePublished\":\"2020-07-21T10:31:52+00:00\",\"dateModified\":\"2024-09-03T08:26:57+00:00\",\"description\":\"L'eleg\u00e0ncia feta realitat, la maison Louis Roederer \u00e9s l'\u00fanic gran productor que encara pertany a la fam\u00edlia, m\u00e0xima delicadesa en aquest cupatge de Pinot Noir, Chardonnay i Pinot Meunier. Tanta meticulositat nom\u00e9s pot resultar en un champagne digne de les grans ocasions que tot s'ho val.\",\"breadcrumb\":{\"@id\":\"https:\/\/homeliers.com\/ca\/botiga\/per-triomfar\/brut-premier-louis-roederer\/#breadcrumb\"},\"inLanguage\":\"ca-ES\",\"potentialAction\":[{\"@type\":\"ReadAction\",\"target\":[\"https:\/\/homeliers.com\/ca\/botiga\/per-triomfar\/brut-premier-louis-roederer\/\"]}]},{\"@type\":\"ImageObject\",\"inLanguage\":\"ca-ES\",\"@id\":\"https:\/\/homeliers.com\/ca\/botiga\/per-triomfar\/brut-premier-louis-roederer\/#primaryimage\",\"url\":\"https:\/\/homeliers.com\/ca\/wp-content\/uploads\/sites\/4\/2020\/07\/Louis-Roederer-Brut-Premier.jpg\",\"contentUrl\":\"https:\/\/homeliers.com\/ca\/wp-content\/uploads\/sites\/4\/2020\/07\/Louis-Roederer-Brut-Premier.jpg\",\"width\":1024,\"height\":1024,\"caption\":\"Louis Roederer Brut Premier\"},{\"@type\":\"BreadcrumbList\",\"@id\":\"https:\/\/homeliers.com\/ca\/botiga\/per-triomfar\/brut-premier-louis-roederer\/#breadcrumb\",\"itemListElement\":[{\"@type\":\"ListItem\",\"position\":1,\"name\":\"Inici\",\"item\":\"https:\/\/homeliers.com\/ca\/\"},{\"@type\":\"ListItem\",\"position\":2,\"name\":\"Botiga\",\"item\":\"https:\/\/homeliers.com\/ca\/botiga\/\"},{\"@type\":\"ListItem\",\"position\":3,\"name\":\"Brut Premier Louis Roederer\"}]},{\"@type\":\"WebSite\",\"@id\":\"https:\/\/homeliers.com\/ca\/#website\",\"url\":\"https:\/\/homeliers.com\/ca\/\",\"name\":\"Homeliers\",\"description\":\"Seleccionem els millors vins i te&#039;ls portem a casa\",\"publisher\":{\"@id\":\"https:\/\/homeliers.com\/ca\/#organization\"},\"potentialAction\":[{\"@type\":\"SearchAction\",\"target\":{\"@type\":\"EntryPoint\",\"urlTemplate\":\"https:\/\/homeliers.com\/ca\/?s={search_term_string}\"},\"query-input\":\"required name=search_term_string\"}],\"inLanguage\":\"ca-ES\"},{\"@type\":\"Organization\",\"@id\":\"https:\/\/homeliers.com\/ca\/#organization\",\"name\":\"Homeliers\",\"url\":\"https:\/\/homeliers.com\/ca\/\",\"logo\":{\"@type\":\"ImageObject\",\"inLanguage\":\"ca-ES\",\"@id\":\"https:\/\/homeliers.com\/ca\/#\/schema\/logo\/image\/\",\"url\":\"https:\/\/homeliers.com\/ca\/wp-content\/uploads\/sites\/4\/2020\/06\/Homeliers_CA_v.svg\",\"contentUrl\":\"https:\/\/homeliers.com\/ca\/wp-content\/uploads\/sites\/4\/2020\/06\/Homeliers_CA_v.svg\",\"width\":397,\"height\":226,\"caption\":\"Homeliers\"},\"image\":{\"@id\":\"https:\/\/homeliers.com\/ca\/#\/schema\/logo\/image\/\"},\"sameAs\":[\"https:\/\/www.facebook.com\/homeliers\",\"https:\/\/x.com\/homeliers\",\"https:\/\/www.instagram.com\/homeliers\/\"]}]}<\/script>\n<!-- \/ Yoast SEO plugin. -->","yoast_head_json":{"title":"\ud83e\udd47 Brut Premier Louis Roederer - Champagne","description":"L'eleg\u00e0ncia feta realitat, la maison Louis Roederer \u00e9s l'\u00fanic gran productor que encara pertany a la fam\u00edlia, m\u00e0xima delicadesa en aquest cupatge de Pinot Noir, Chardonnay i Pinot Meunier. Tanta meticulositat nom\u00e9s pot resultar en un champagne digne de les grans ocasions que tot s'ho val.","robots":{"index":"index","follow":"follow","max-snippet":"max-snippet:-1","max-image-preview":"max-image-preview:large","max-video-preview":"max-video-preview:-1"},"canonical":"https:\/\/homeliers.com\/ca\/botiga\/per-triomfar\/brut-premier-louis-roederer\/","og_locale":"ca_ES","og_type":"article","og_title":"\ud83e\udd47 Brut Premier Louis Roederer - Champagne","og_description":"L'eleg\u00e0ncia feta realitat, la maison Louis Roederer \u00e9s l'\u00fanic gran productor que encara pertany a la fam\u00edlia, m\u00e0xima delicadesa en aquest cupatge de Pinot Noir, Chardonnay i Pinot Meunier. Tanta meticulositat nom\u00e9s pot resultar en un champagne digne de les grans ocasions que tot s'ho val.","og_url":"https:\/\/homeliers.com\/ca\/botiga\/per-triomfar\/brut-premier-louis-roederer\/","og_site_name":"Homeliers","article_publisher":"https:\/\/www.facebook.com\/homeliers","article_modified_time":"2024-09-03T08:26:57+00:00","og_image":[{"width":1024,"height":1024,"url":"https:\/\/homeliers.com\/ca\/wp-content\/uploads\/sites\/4\/2020\/07\/Louis-Roederer-Brut-Premier.jpg","type":"image\/jpeg"}],"twitter_card":"summary_large_image","twitter_site":"@homeliers","schema":{"@context":"https:\/\/schema.org","@graph":[{"@type":"WebPage","@id":"https:\/\/homeliers.com\/ca\/botiga\/per-triomfar\/brut-premier-louis-roederer\/","url":"https:\/\/homeliers.com\/ca\/botiga\/per-triomfar\/brut-premier-louis-roederer\/","name":"\ud83e\udd47 Brut Premier Louis Roederer - Champagne","isPartOf":{"@id":"https:\/\/homeliers.com\/ca\/#website"},"primaryImageOfPage":{"@id":"https:\/\/homeliers.com\/ca\/botiga\/per-triomfar\/brut-premier-louis-roederer\/#primaryimage"},"image":{"@id":"https:\/\/homeliers.com\/ca\/botiga\/per-triomfar\/brut-premier-louis-roederer\/#primaryimage"},"thumbnailUrl":"https:\/\/homeliers.com\/ca\/wp-content\/uploads\/sites\/4\/2020\/07\/Louis-Roederer-Brut-Premier.jpg","datePublished":"2020-07-21T10:31:52+00:00","dateModified":"2024-09-03T08:26:57+00:00","description":"L'eleg\u00e0ncia feta realitat, la maison Louis Roederer \u00e9s l'\u00fanic gran productor que encara pertany a la fam\u00edlia, m\u00e0xima delicadesa en aquest cupatge de Pinot Noir, Chardonnay i Pinot Meunier. Tanta meticulositat nom\u00e9s pot resultar en un champagne digne de les grans ocasions que tot s'ho val.","breadcrumb":{"@id":"https:\/\/homeliers.com\/ca\/botiga\/per-triomfar\/brut-premier-louis-roederer\/#breadcrumb"},"inLanguage":"ca-ES","potentialAction":[{"@type":"ReadAction","target":["https:\/\/homeliers.com\/ca\/botiga\/per-triomfar\/brut-premier-louis-roederer\/"]}]},{"@type":"ImageObject","inLanguage":"ca-ES","@id":"https:\/\/homeliers.com\/ca\/botiga\/per-triomfar\/brut-premier-louis-roederer\/#primaryimage","url":"https:\/\/homeliers.com\/ca\/wp-content\/uploads\/sites\/4\/2020\/07\/Louis-Roederer-Brut-Premier.jpg","contentUrl":"https:\/\/homeliers.com\/ca\/wp-content\/uploads\/sites\/4\/2020\/07\/Louis-Roederer-Brut-Premier.jpg","width":1024,"height":1024,"caption":"Louis Roederer Brut Premier"},{"@type":"BreadcrumbList","@id":"https:\/\/homeliers.com\/ca\/botiga\/per-triomfar\/brut-premier-louis-roederer\/#breadcrumb","itemListElement":[{"@type":"ListItem","position":1,"name":"Inici","item":"https:\/\/homeliers.com\/ca\/"},{"@type":"ListItem","position":2,"name":"Botiga","item":"https:\/\/homeliers.com\/ca\/botiga\/"},{"@type":"ListItem","position":3,"name":"Brut Premier Louis Roederer"}]},{"@type":"WebSite","@id":"https:\/\/homeliers.com\/ca\/#website","url":"https:\/\/homeliers.com\/ca\/","name":"Homeliers","description":"Seleccionem els millors vins i te&#039;ls portem a casa","publisher":{"@id":"https:\/\/homeliers.com\/ca\/#organization"},"potentialAction":[{"@type":"SearchAction","target":{"@type":"EntryPoint","urlTemplate":"https:\/\/homeliers.com\/ca\/?s={search_term_string}"},"query-input":"required name=search_term_string"}],"inLanguage":"ca-ES"},{"@type":"Organization","@id":"https:\/\/homeliers.com\/ca\/#organization","name":"Homeliers","url":"https:\/\/homeliers.com\/ca\/","logo":{"@type":"ImageObject","inLanguage":"ca-ES","@id":"https:\/\/homeliers.com\/ca\/#\/schema\/logo\/image\/","url":"https:\/\/homeliers.com\/ca\/wp-content\/uploads\/sites\/4\/2020\/06\/Homeliers_CA_v.svg","contentUrl":"https:\/\/homeliers.com\/ca\/wp-content\/uploads\/sites\/4\/2020\/06\/Homeliers_CA_v.svg","width":397,"height":226,"caption":"Homeliers"},"image":{"@id":"https:\/\/homeliers.com\/ca\/#\/schema\/logo\/image\/"},"sameAs":["https:\/\/www.facebook.com\/homeliers","https:\/\/x.com\/homeliers","https:\/\/www.instagram.com\/homeliers\/"]}]}},"_links":{"self":[{"href":"https:\/\/homeliers.com\/ca\/wp-json\/wp\/v2\/product\/320"}],"collection":[{"href":"https:\/\/homeliers.com\/ca\/wp-json\/wp\/v2\/product"}],"about":[{"href":"https:\/\/homeliers.com\/ca\/wp-json\/wp\/v2\/types\/product"}],"replies":[{"embeddable":true,"href":"https:\/\/homeliers.com\/ca\/wp-json\/wp\/v2\/comments?post=320"}],"wp:featuredmedia":[{"embeddable":true,"href":"https:\/\/homeliers.com\/ca\/wp-json\/wp\/v2\/media\/321"}],"wp:attachment":[{"href":"https:\/\/homeliers.com\/ca\/wp-json\/wp\/v2\/media?parent=320"}],"wp:term":[{"taxonomy":"product_cat","embeddable":true,"href":"https:\/\/homeliers.com\/ca\/wp-json\/wp\/v2\/product_cat?post=320"},{"taxonomy":"product_tag","embeddable":true,"href":"https:\/\/homeliers.com\/ca\/wp-json\/wp\/v2\/product_tag?post=320"}],"curies":[{"name":"wp","href":"https:\/\/api.w.org\/{rel}","templated":true}]}}