{"id":326,"date":"2020-07-21T12:54:12","date_gmt":"2020-07-21T10:54:12","guid":{"rendered":"https:\/\/homeliers.com\/ca\/?post_type=product&#038;p=326"},"modified":"2024-09-03T09:26:57","modified_gmt":"2024-09-03T08:26:57","slug":"an-anima-negra-tinto","status":"publish","type":"product","link":"https:\/\/homeliers.com\/ca\/botiga\/per-triomfar\/an-anima-negra-tinto\/","title":{"rendered":"\u00c0n Anima negra tinto"},"content":{"rendered":"","protected":false},"excerpt":{"rendered":"<p>\u00c0nima negra \u00e9s l&#8217;\u00edcona dels vins de Mallorca, la referencia de l&#8217;expressi\u00f3 pura de les vinyes velles de la varietat Callet passades per 18 mesos de barrica. Tota una experi\u00e8ncia \u00fanica resultant d&#8217;una combinaci\u00f3 genu\u00efna i aclamada. L&#8217;has de con\u00e8ixer.<\/p>\n","protected":false},"featured_media":327,"comment_status":"open","ping_status":"closed","template":"","meta":{"inline_featured_image":false},"product_cat":[20],"product_tag":[],"bundle_layout":"","bundled_by":["218","392","394"],"bundled_items":[],"yoast_head":"<!-- This site is optimized with the Yoast SEO plugin v23.0 - https:\/\/yoast.com\/wordpress\/plugins\/seo\/ -->\n<title>\ud83e\udd47 \u00c0n Anima negra tinto - Mallorca<\/title>\n<meta name=\"description\" content=\"\u00c0nima negra \u00e9s l&#039;\u00edcona dels vins de Mallorca, la referencia de l&#039;expressi\u00f3 pura de les vinyes velles de la varietat Callet passades per 18 mesos de barrica. Tota una experi\u00e8ncia \u00fanica resultant d&#039;una combinaci\u00f3 genu\u00efna i aclamada. L&#039;has de con\u00e8ixer.\" \/>\n<meta name=\"robots\" content=\"index, follow, max-snippet:-1, max-image-preview:large, max-video-preview:-1\" \/>\n<link rel=\"canonical\" href=\"https:\/\/homeliers.com\/ca\/botiga\/per-triomfar\/an-anima-negra-tinto\/\" \/>\n<meta property=\"og:locale\" content=\"ca_ES\" \/>\n<meta property=\"og:type\" content=\"article\" \/>\n<meta property=\"og:title\" content=\"\ud83e\udd47 \u00c0n Anima negra tinto - Mallorca\" \/>\n<meta property=\"og:description\" content=\"\u00c0nima negra \u00e9s l&#039;\u00edcona dels vins de Mallorca, la referencia de l&#039;expressi\u00f3 pura de les vinyes velles de la varietat Callet passades per 18 mesos de barrica. Tota una experi\u00e8ncia \u00fanica resultant d&#039;una combinaci\u00f3 genu\u00efna i aclamada. L&#039;has de con\u00e8ixer.\" \/>\n<meta property=\"og:url\" content=\"https:\/\/homeliers.com\/ca\/botiga\/per-triomfar\/an-anima-negra-tinto\/\" \/>\n<meta property=\"og:site_name\" content=\"Homeliers\" \/>\n<meta property=\"article:publisher\" content=\"https:\/\/www.facebook.com\/homeliers\" \/>\n<meta property=\"article:modified_time\" content=\"2024-09-03T08:26:57+00:00\" \/>\n<meta property=\"og:image\" content=\"https:\/\/homeliers.com\/ca\/wp-content\/uploads\/sites\/4\/2020\/07\/Anima-negra.jpg\" \/>\n\t<meta property=\"og:image:width\" content=\"1024\" \/>\n\t<meta property=\"og:image:height\" content=\"1024\" \/>\n\t<meta property=\"og:image:type\" content=\"image\/jpeg\" \/>\n<meta name=\"twitter:card\" content=\"summary_large_image\" \/>\n<meta name=\"twitter:site\" content=\"@homeliers\" \/>\n<script type=\"application\/ld+json\" class=\"yoast-schema-graph\">{\"@context\":\"https:\/\/schema.org\",\"@graph\":[{\"@type\":\"WebPage\",\"@id\":\"https:\/\/homeliers.com\/ca\/botiga\/per-triomfar\/an-anima-negra-tinto\/\",\"url\":\"https:\/\/homeliers.com\/ca\/botiga\/per-triomfar\/an-anima-negra-tinto\/\",\"name\":\"\ud83e\udd47 \u00c0n Anima negra tinto - Mallorca\",\"isPartOf\":{\"@id\":\"https:\/\/homeliers.com\/ca\/#website\"},\"primaryImageOfPage\":{\"@id\":\"https:\/\/homeliers.com\/ca\/botiga\/per-triomfar\/an-anima-negra-tinto\/#primaryimage\"},\"image\":{\"@id\":\"https:\/\/homeliers.com\/ca\/botiga\/per-triomfar\/an-anima-negra-tinto\/#primaryimage\"},\"thumbnailUrl\":\"https:\/\/homeliers.com\/ca\/wp-content\/uploads\/sites\/4\/2020\/07\/Anima-negra.jpg\",\"datePublished\":\"2020-07-21T10:54:12+00:00\",\"dateModified\":\"2024-09-03T08:26:57+00:00\",\"description\":\"\u00c0nima negra \u00e9s l'\u00edcona dels vins de Mallorca, la referencia de l'expressi\u00f3 pura de les vinyes velles de la varietat Callet passades per 18 mesos de barrica. Tota una experi\u00e8ncia \u00fanica resultant d'una combinaci\u00f3 genu\u00efna i aclamada. L'has de con\u00e8ixer.\",\"breadcrumb\":{\"@id\":\"https:\/\/homeliers.com\/ca\/botiga\/per-triomfar\/an-anima-negra-tinto\/#breadcrumb\"},\"inLanguage\":\"ca-ES\",\"potentialAction\":[{\"@type\":\"ReadAction\",\"target\":[\"https:\/\/homeliers.com\/ca\/botiga\/per-triomfar\/an-anima-negra-tinto\/\"]}]},{\"@type\":\"ImageObject\",\"inLanguage\":\"ca-ES\",\"@id\":\"https:\/\/homeliers.com\/ca\/botiga\/per-triomfar\/an-anima-negra-tinto\/#primaryimage\",\"url\":\"https:\/\/homeliers.com\/ca\/wp-content\/uploads\/sites\/4\/2020\/07\/Anima-negra.jpg\",\"contentUrl\":\"https:\/\/homeliers.com\/ca\/wp-content\/uploads\/sites\/4\/2020\/07\/Anima-negra.jpg\",\"width\":1024,\"height\":1024,\"caption\":\"Anima negra\"},{\"@type\":\"BreadcrumbList\",\"@id\":\"https:\/\/homeliers.com\/ca\/botiga\/per-triomfar\/an-anima-negra-tinto\/#breadcrumb\",\"itemListElement\":[{\"@type\":\"ListItem\",\"position\":1,\"name\":\"Inici\",\"item\":\"https:\/\/homeliers.com\/ca\/\"},{\"@type\":\"ListItem\",\"position\":2,\"name\":\"Botiga\",\"item\":\"https:\/\/homeliers.com\/ca\/botiga\/\"},{\"@type\":\"ListItem\",\"position\":3,\"name\":\"\u00c0n Anima negra tinto\"}]},{\"@type\":\"WebSite\",\"@id\":\"https:\/\/homeliers.com\/ca\/#website\",\"url\":\"https:\/\/homeliers.com\/ca\/\",\"name\":\"Homeliers\",\"description\":\"Seleccionem els millors vins i te&#039;ls portem a casa\",\"publisher\":{\"@id\":\"https:\/\/homeliers.com\/ca\/#organization\"},\"potentialAction\":[{\"@type\":\"SearchAction\",\"target\":{\"@type\":\"EntryPoint\",\"urlTemplate\":\"https:\/\/homeliers.com\/ca\/?s={search_term_string}\"},\"query-input\":\"required name=search_term_string\"}],\"inLanguage\":\"ca-ES\"},{\"@type\":\"Organization\",\"@id\":\"https:\/\/homeliers.com\/ca\/#organization\",\"name\":\"Homeliers\",\"url\":\"https:\/\/homeliers.com\/ca\/\",\"logo\":{\"@type\":\"ImageObject\",\"inLanguage\":\"ca-ES\",\"@id\":\"https:\/\/homeliers.com\/ca\/#\/schema\/logo\/image\/\",\"url\":\"https:\/\/homeliers.com\/ca\/wp-content\/uploads\/sites\/4\/2020\/06\/Homeliers_CA_v.svg\",\"contentUrl\":\"https:\/\/homeliers.com\/ca\/wp-content\/uploads\/sites\/4\/2020\/06\/Homeliers_CA_v.svg\",\"width\":397,\"height\":226,\"caption\":\"Homeliers\"},\"image\":{\"@id\":\"https:\/\/homeliers.com\/ca\/#\/schema\/logo\/image\/\"},\"sameAs\":[\"https:\/\/www.facebook.com\/homeliers\",\"https:\/\/x.com\/homeliers\",\"https:\/\/www.instagram.com\/homeliers\/\"]}]}<\/script>\n<!-- \/ Yoast SEO plugin. -->","yoast_head_json":{"title":"\ud83e\udd47 \u00c0n Anima negra tinto - Mallorca","description":"\u00c0nima negra \u00e9s l'\u00edcona dels vins de Mallorca, la referencia de l'expressi\u00f3 pura de les vinyes velles de la varietat Callet passades per 18 mesos de barrica. Tota una experi\u00e8ncia \u00fanica resultant d'una combinaci\u00f3 genu\u00efna i aclamada. L'has de con\u00e8ixer.","robots":{"index":"index","follow":"follow","max-snippet":"max-snippet:-1","max-image-preview":"max-image-preview:large","max-video-preview":"max-video-preview:-1"},"canonical":"https:\/\/homeliers.com\/ca\/botiga\/per-triomfar\/an-anima-negra-tinto\/","og_locale":"ca_ES","og_type":"article","og_title":"\ud83e\udd47 \u00c0n Anima negra tinto - Mallorca","og_description":"\u00c0nima negra \u00e9s l'\u00edcona dels vins de Mallorca, la referencia de l'expressi\u00f3 pura de les vinyes velles de la varietat Callet passades per 18 mesos de barrica. Tota una experi\u00e8ncia \u00fanica resultant d'una combinaci\u00f3 genu\u00efna i aclamada. L'has de con\u00e8ixer.","og_url":"https:\/\/homeliers.com\/ca\/botiga\/per-triomfar\/an-anima-negra-tinto\/","og_site_name":"Homeliers","article_publisher":"https:\/\/www.facebook.com\/homeliers","article_modified_time":"2024-09-03T08:26:57+00:00","og_image":[{"width":1024,"height":1024,"url":"https:\/\/homeliers.com\/ca\/wp-content\/uploads\/sites\/4\/2020\/07\/Anima-negra.jpg","type":"image\/jpeg"}],"twitter_card":"summary_large_image","twitter_site":"@homeliers","schema":{"@context":"https:\/\/schema.org","@graph":[{"@type":"WebPage","@id":"https:\/\/homeliers.com\/ca\/botiga\/per-triomfar\/an-anima-negra-tinto\/","url":"https:\/\/homeliers.com\/ca\/botiga\/per-triomfar\/an-anima-negra-tinto\/","name":"\ud83e\udd47 \u00c0n Anima negra tinto - Mallorca","isPartOf":{"@id":"https:\/\/homeliers.com\/ca\/#website"},"primaryImageOfPage":{"@id":"https:\/\/homeliers.com\/ca\/botiga\/per-triomfar\/an-anima-negra-tinto\/#primaryimage"},"image":{"@id":"https:\/\/homeliers.com\/ca\/botiga\/per-triomfar\/an-anima-negra-tinto\/#primaryimage"},"thumbnailUrl":"https:\/\/homeliers.com\/ca\/wp-content\/uploads\/sites\/4\/2020\/07\/Anima-negra.jpg","datePublished":"2020-07-21T10:54:12+00:00","dateModified":"2024-09-03T08:26:57+00:00","description":"\u00c0nima negra \u00e9s l'\u00edcona dels vins de Mallorca, la referencia de l'expressi\u00f3 pura de les vinyes velles de la varietat Callet passades per 18 mesos de barrica. Tota una experi\u00e8ncia \u00fanica resultant d'una combinaci\u00f3 genu\u00efna i aclamada. L'has de con\u00e8ixer.","breadcrumb":{"@id":"https:\/\/homeliers.com\/ca\/botiga\/per-triomfar\/an-anima-negra-tinto\/#breadcrumb"},"inLanguage":"ca-ES","potentialAction":[{"@type":"ReadAction","target":["https:\/\/homeliers.com\/ca\/botiga\/per-triomfar\/an-anima-negra-tinto\/"]}]},{"@type":"ImageObject","inLanguage":"ca-ES","@id":"https:\/\/homeliers.com\/ca\/botiga\/per-triomfar\/an-anima-negra-tinto\/#primaryimage","url":"https:\/\/homeliers.com\/ca\/wp-content\/uploads\/sites\/4\/2020\/07\/Anima-negra.jpg","contentUrl":"https:\/\/homeliers.com\/ca\/wp-content\/uploads\/sites\/4\/2020\/07\/Anima-negra.jpg","width":1024,"height":1024,"caption":"Anima negra"},{"@type":"BreadcrumbList","@id":"https:\/\/homeliers.com\/ca\/botiga\/per-triomfar\/an-anima-negra-tinto\/#breadcrumb","itemListElement":[{"@type":"ListItem","position":1,"name":"Inici","item":"https:\/\/homeliers.com\/ca\/"},{"@type":"ListItem","position":2,"name":"Botiga","item":"https:\/\/homeliers.com\/ca\/botiga\/"},{"@type":"ListItem","position":3,"name":"\u00c0n Anima negra tinto"}]},{"@type":"WebSite","@id":"https:\/\/homeliers.com\/ca\/#website","url":"https:\/\/homeliers.com\/ca\/","name":"Homeliers","description":"Seleccionem els millors vins i te&#039;ls portem a casa","publisher":{"@id":"https:\/\/homeliers.com\/ca\/#organization"},"potentialAction":[{"@type":"SearchAction","target":{"@type":"EntryPoint","urlTemplate":"https:\/\/homeliers.com\/ca\/?s={search_term_string}"},"query-input":"required name=search_term_string"}],"inLanguage":"ca-ES"},{"@type":"Organization","@id":"https:\/\/homeliers.com\/ca\/#organization","name":"Homeliers","url":"https:\/\/homeliers.com\/ca\/","logo":{"@type":"ImageObject","inLanguage":"ca-ES","@id":"https:\/\/homeliers.com\/ca\/#\/schema\/logo\/image\/","url":"https:\/\/homeliers.com\/ca\/wp-content\/uploads\/sites\/4\/2020\/06\/Homeliers_CA_v.svg","contentUrl":"https:\/\/homeliers.com\/ca\/wp-content\/uploads\/sites\/4\/2020\/06\/Homeliers_CA_v.svg","width":397,"height":226,"caption":"Homeliers"},"image":{"@id":"https:\/\/homeliers.com\/ca\/#\/schema\/logo\/image\/"},"sameAs":["https:\/\/www.facebook.com\/homeliers","https:\/\/x.com\/homeliers","https:\/\/www.instagram.com\/homeliers\/"]}]}},"_links":{"self":[{"href":"https:\/\/homeliers.com\/ca\/wp-json\/wp\/v2\/product\/326"}],"collection":[{"href":"https:\/\/homeliers.com\/ca\/wp-json\/wp\/v2\/product"}],"about":[{"href":"https:\/\/homeliers.com\/ca\/wp-json\/wp\/v2\/types\/product"}],"replies":[{"embeddable":true,"href":"https:\/\/homeliers.com\/ca\/wp-json\/wp\/v2\/comments?post=326"}],"wp:featuredmedia":[{"embeddable":true,"href":"https:\/\/homeliers.com\/ca\/wp-json\/wp\/v2\/media\/327"}],"wp:attachment":[{"href":"https:\/\/homeliers.com\/ca\/wp-json\/wp\/v2\/media?parent=326"}],"wp:term":[{"taxonomy":"product_cat","embeddable":true,"href":"https:\/\/homeliers.com\/ca\/wp-json\/wp\/v2\/product_cat?post=326"},{"taxonomy":"product_tag","embeddable":true,"href":"https:\/\/homeliers.com\/ca\/wp-json\/wp\/v2\/product_tag?post=326"}],"curies":[{"name":"wp","href":"https:\/\/api.w.org\/{rel}","templated":true}]}}