{"id":329,"date":"2020-07-21T13:07:48","date_gmt":"2020-07-21T11:07:48","guid":{"rendered":"https:\/\/homeliers.com\/ca\/?post_type=product&#038;p=329"},"modified":"2024-09-03T09:26:56","modified_gmt":"2024-09-03T08:26:56","slug":"vina-tondonia-tinto-reserva","status":"publish","type":"product","link":"https:\/\/homeliers.com\/ca\/botiga\/per-triomfar\/vina-tondonia-tinto-reserva\/","title":{"rendered":"Vi\u00f1a Tondonia negre reserva"},"content":{"rendered":"","protected":false},"excerpt":{"rendered":"<p>R.L\u00f3pez de Heredia es va fundar el 1877 i encara avui mantenen totes les tradicions. Visitar-les es fer un viatge al passat. Un Rioja de tempranillo y garnacho \u00fanic i singular, reconegut al mercat. No \u00e9s casualitat. Reserva&#8217;t l&#8217;ocasi\u00f3 per gaudir d&#8217;aquest reserva triomfador. Espectacularitat al servei de la persist\u00e8ncia i la tradici\u00f3.<\/p>\n","protected":false},"featured_media":330,"comment_status":"open","ping_status":"closed","template":"","meta":{"inline_featured_image":false},"product_cat":[20],"product_tag":[],"bundle_layout":"","bundled_by":["218","392","394","396","398","400","402","404","415","634","655"],"bundled_items":[],"yoast_head":"<!-- This site is optimized with the Yoast SEO plugin v23.0 - https:\/\/yoast.com\/wordpress\/plugins\/seo\/ -->\n<title>\ud83e\udd47 Vi\u00f1a Tondonia negre reserva - Rioja<\/title>\n<meta name=\"description\" content=\"R.L\u00f3pez de Heredia es va fundar el 1877 i encara avui mantenen totes les tradicions. Visitar-les es fer un viatge al passat. Un Rioja de tempranillo y garnacho \u00fanic i singular, reconegut al mercat. No \u00e9s casualitat. Reserva&#039;t l&#039;ocasi\u00f3 per gaudir d&#039;aquest reserva triomfador. Espectacularitat al servei de la persist\u00e8ncia i la tradici\u00f3.\" \/>\n<meta name=\"robots\" content=\"index, follow, max-snippet:-1, max-image-preview:large, max-video-preview:-1\" \/>\n<link rel=\"canonical\" href=\"https:\/\/homeliers.com\/ca\/botiga\/per-triomfar\/vina-tondonia-tinto-reserva\/\" \/>\n<meta property=\"og:locale\" content=\"ca_ES\" \/>\n<meta property=\"og:type\" content=\"article\" \/>\n<meta property=\"og:title\" content=\"\ud83e\udd47 Vi\u00f1a Tondonia negre reserva - Rioja\" \/>\n<meta property=\"og:description\" content=\"R.L\u00f3pez de Heredia es va fundar el 1877 i encara avui mantenen totes les tradicions. Visitar-les es fer un viatge al passat. Un Rioja de tempranillo y garnacho \u00fanic i singular, reconegut al mercat. No \u00e9s casualitat. Reserva&#039;t l&#039;ocasi\u00f3 per gaudir d&#039;aquest reserva triomfador. Espectacularitat al servei de la persist\u00e8ncia i la tradici\u00f3.\" \/>\n<meta property=\"og:url\" content=\"https:\/\/homeliers.com\/ca\/botiga\/per-triomfar\/vina-tondonia-tinto-reserva\/\" \/>\n<meta property=\"og:site_name\" content=\"Homeliers\" \/>\n<meta property=\"article:publisher\" content=\"https:\/\/www.facebook.com\/homeliers\" \/>\n<meta property=\"article:modified_time\" content=\"2024-09-03T08:26:56+00:00\" \/>\n<meta property=\"og:image\" content=\"https:\/\/homeliers.com\/ca\/wp-content\/uploads\/sites\/4\/2020\/07\/Vi\u00f1a-Tondonia-Tinto-Reserva.jpg\" \/>\n\t<meta property=\"og:image:width\" content=\"1024\" \/>\n\t<meta property=\"og:image:height\" content=\"1024\" \/>\n\t<meta property=\"og:image:type\" content=\"image\/jpeg\" \/>\n<meta name=\"twitter:card\" content=\"summary_large_image\" \/>\n<meta name=\"twitter:site\" content=\"@homeliers\" \/>\n<script type=\"application\/ld+json\" class=\"yoast-schema-graph\">{\"@context\":\"https:\/\/schema.org\",\"@graph\":[{\"@type\":\"WebPage\",\"@id\":\"https:\/\/homeliers.com\/ca\/botiga\/per-triomfar\/vina-tondonia-tinto-reserva\/\",\"url\":\"https:\/\/homeliers.com\/ca\/botiga\/per-triomfar\/vina-tondonia-tinto-reserva\/\",\"name\":\"\ud83e\udd47 Vi\u00f1a Tondonia negre reserva - Rioja\",\"isPartOf\":{\"@id\":\"https:\/\/homeliers.com\/ca\/#website\"},\"primaryImageOfPage\":{\"@id\":\"https:\/\/homeliers.com\/ca\/botiga\/per-triomfar\/vina-tondonia-tinto-reserva\/#primaryimage\"},\"image\":{\"@id\":\"https:\/\/homeliers.com\/ca\/botiga\/per-triomfar\/vina-tondonia-tinto-reserva\/#primaryimage\"},\"thumbnailUrl\":\"https:\/\/homeliers.com\/ca\/wp-content\/uploads\/sites\/4\/2020\/07\/Vi\u00f1a-Tondonia-Tinto-Reserva.jpg\",\"datePublished\":\"2020-07-21T11:07:48+00:00\",\"dateModified\":\"2024-09-03T08:26:56+00:00\",\"description\":\"R.L\u00f3pez de Heredia es va fundar el 1877 i encara avui mantenen totes les tradicions. Visitar-les es fer un viatge al passat. Un Rioja de tempranillo y garnacho \u00fanic i singular, reconegut al mercat. No \u00e9s casualitat. Reserva't l'ocasi\u00f3 per gaudir d'aquest reserva triomfador. Espectacularitat al servei de la persist\u00e8ncia i la tradici\u00f3.\",\"breadcrumb\":{\"@id\":\"https:\/\/homeliers.com\/ca\/botiga\/per-triomfar\/vina-tondonia-tinto-reserva\/#breadcrumb\"},\"inLanguage\":\"ca-ES\",\"potentialAction\":[{\"@type\":\"ReadAction\",\"target\":[\"https:\/\/homeliers.com\/ca\/botiga\/per-triomfar\/vina-tondonia-tinto-reserva\/\"]}]},{\"@type\":\"ImageObject\",\"inLanguage\":\"ca-ES\",\"@id\":\"https:\/\/homeliers.com\/ca\/botiga\/per-triomfar\/vina-tondonia-tinto-reserva\/#primaryimage\",\"url\":\"https:\/\/homeliers.com\/ca\/wp-content\/uploads\/sites\/4\/2020\/07\/Vi\u00f1a-Tondonia-Tinto-Reserva.jpg\",\"contentUrl\":\"https:\/\/homeliers.com\/ca\/wp-content\/uploads\/sites\/4\/2020\/07\/Vi\u00f1a-Tondonia-Tinto-Reserva.jpg\",\"width\":1024,\"height\":1024,\"caption\":\"Vi\u00f1a Tondonia Tinto Reserva\"},{\"@type\":\"BreadcrumbList\",\"@id\":\"https:\/\/homeliers.com\/ca\/botiga\/per-triomfar\/vina-tondonia-tinto-reserva\/#breadcrumb\",\"itemListElement\":[{\"@type\":\"ListItem\",\"position\":1,\"name\":\"Inici\",\"item\":\"https:\/\/homeliers.com\/ca\/\"},{\"@type\":\"ListItem\",\"position\":2,\"name\":\"Botiga\",\"item\":\"https:\/\/homeliers.com\/ca\/botiga\/\"},{\"@type\":\"ListItem\",\"position\":3,\"name\":\"Vi\u00f1a Tondonia negre reserva\"}]},{\"@type\":\"WebSite\",\"@id\":\"https:\/\/homeliers.com\/ca\/#website\",\"url\":\"https:\/\/homeliers.com\/ca\/\",\"name\":\"Homeliers\",\"description\":\"Seleccionem els millors vins i te&#039;ls portem a casa\",\"publisher\":{\"@id\":\"https:\/\/homeliers.com\/ca\/#organization\"},\"potentialAction\":[{\"@type\":\"SearchAction\",\"target\":{\"@type\":\"EntryPoint\",\"urlTemplate\":\"https:\/\/homeliers.com\/ca\/?s={search_term_string}\"},\"query-input\":\"required name=search_term_string\"}],\"inLanguage\":\"ca-ES\"},{\"@type\":\"Organization\",\"@id\":\"https:\/\/homeliers.com\/ca\/#organization\",\"name\":\"Homeliers\",\"url\":\"https:\/\/homeliers.com\/ca\/\",\"logo\":{\"@type\":\"ImageObject\",\"inLanguage\":\"ca-ES\",\"@id\":\"https:\/\/homeliers.com\/ca\/#\/schema\/logo\/image\/\",\"url\":\"https:\/\/homeliers.com\/ca\/wp-content\/uploads\/sites\/4\/2020\/06\/Homeliers_CA_v.svg\",\"contentUrl\":\"https:\/\/homeliers.com\/ca\/wp-content\/uploads\/sites\/4\/2020\/06\/Homeliers_CA_v.svg\",\"width\":397,\"height\":226,\"caption\":\"Homeliers\"},\"image\":{\"@id\":\"https:\/\/homeliers.com\/ca\/#\/schema\/logo\/image\/\"},\"sameAs\":[\"https:\/\/www.facebook.com\/homeliers\",\"https:\/\/x.com\/homeliers\",\"https:\/\/www.instagram.com\/homeliers\/\"]}]}<\/script>\n<!-- \/ Yoast SEO plugin. -->","yoast_head_json":{"title":"\ud83e\udd47 Vi\u00f1a Tondonia negre reserva - Rioja","description":"R.L\u00f3pez de Heredia es va fundar el 1877 i encara avui mantenen totes les tradicions. Visitar-les es fer un viatge al passat. Un Rioja de tempranillo y garnacho \u00fanic i singular, reconegut al mercat. No \u00e9s casualitat. Reserva't l'ocasi\u00f3 per gaudir d'aquest reserva triomfador. Espectacularitat al servei de la persist\u00e8ncia i la tradici\u00f3.","robots":{"index":"index","follow":"follow","max-snippet":"max-snippet:-1","max-image-preview":"max-image-preview:large","max-video-preview":"max-video-preview:-1"},"canonical":"https:\/\/homeliers.com\/ca\/botiga\/per-triomfar\/vina-tondonia-tinto-reserva\/","og_locale":"ca_ES","og_type":"article","og_title":"\ud83e\udd47 Vi\u00f1a Tondonia negre reserva - Rioja","og_description":"R.L\u00f3pez de Heredia es va fundar el 1877 i encara avui mantenen totes les tradicions. Visitar-les es fer un viatge al passat. Un Rioja de tempranillo y garnacho \u00fanic i singular, reconegut al mercat. No \u00e9s casualitat. Reserva't l'ocasi\u00f3 per gaudir d'aquest reserva triomfador. Espectacularitat al servei de la persist\u00e8ncia i la tradici\u00f3.","og_url":"https:\/\/homeliers.com\/ca\/botiga\/per-triomfar\/vina-tondonia-tinto-reserva\/","og_site_name":"Homeliers","article_publisher":"https:\/\/www.facebook.com\/homeliers","article_modified_time":"2024-09-03T08:26:56+00:00","og_image":[{"width":1024,"height":1024,"url":"https:\/\/homeliers.com\/ca\/wp-content\/uploads\/sites\/4\/2020\/07\/Vi\u00f1a-Tondonia-Tinto-Reserva.jpg","type":"image\/jpeg"}],"twitter_card":"summary_large_image","twitter_site":"@homeliers","schema":{"@context":"https:\/\/schema.org","@graph":[{"@type":"WebPage","@id":"https:\/\/homeliers.com\/ca\/botiga\/per-triomfar\/vina-tondonia-tinto-reserva\/","url":"https:\/\/homeliers.com\/ca\/botiga\/per-triomfar\/vina-tondonia-tinto-reserva\/","name":"\ud83e\udd47 Vi\u00f1a Tondonia negre reserva - Rioja","isPartOf":{"@id":"https:\/\/homeliers.com\/ca\/#website"},"primaryImageOfPage":{"@id":"https:\/\/homeliers.com\/ca\/botiga\/per-triomfar\/vina-tondonia-tinto-reserva\/#primaryimage"},"image":{"@id":"https:\/\/homeliers.com\/ca\/botiga\/per-triomfar\/vina-tondonia-tinto-reserva\/#primaryimage"},"thumbnailUrl":"https:\/\/homeliers.com\/ca\/wp-content\/uploads\/sites\/4\/2020\/07\/Vi\u00f1a-Tondonia-Tinto-Reserva.jpg","datePublished":"2020-07-21T11:07:48+00:00","dateModified":"2024-09-03T08:26:56+00:00","description":"R.L\u00f3pez de Heredia es va fundar el 1877 i encara avui mantenen totes les tradicions. Visitar-les es fer un viatge al passat. Un Rioja de tempranillo y garnacho \u00fanic i singular, reconegut al mercat. No \u00e9s casualitat. Reserva't l'ocasi\u00f3 per gaudir d'aquest reserva triomfador. Espectacularitat al servei de la persist\u00e8ncia i la tradici\u00f3.","breadcrumb":{"@id":"https:\/\/homeliers.com\/ca\/botiga\/per-triomfar\/vina-tondonia-tinto-reserva\/#breadcrumb"},"inLanguage":"ca-ES","potentialAction":[{"@type":"ReadAction","target":["https:\/\/homeliers.com\/ca\/botiga\/per-triomfar\/vina-tondonia-tinto-reserva\/"]}]},{"@type":"ImageObject","inLanguage":"ca-ES","@id":"https:\/\/homeliers.com\/ca\/botiga\/per-triomfar\/vina-tondonia-tinto-reserva\/#primaryimage","url":"https:\/\/homeliers.com\/ca\/wp-content\/uploads\/sites\/4\/2020\/07\/Vi\u00f1a-Tondonia-Tinto-Reserva.jpg","contentUrl":"https:\/\/homeliers.com\/ca\/wp-content\/uploads\/sites\/4\/2020\/07\/Vi\u00f1a-Tondonia-Tinto-Reserva.jpg","width":1024,"height":1024,"caption":"Vi\u00f1a Tondonia Tinto Reserva"},{"@type":"BreadcrumbList","@id":"https:\/\/homeliers.com\/ca\/botiga\/per-triomfar\/vina-tondonia-tinto-reserva\/#breadcrumb","itemListElement":[{"@type":"ListItem","position":1,"name":"Inici","item":"https:\/\/homeliers.com\/ca\/"},{"@type":"ListItem","position":2,"name":"Botiga","item":"https:\/\/homeliers.com\/ca\/botiga\/"},{"@type":"ListItem","position":3,"name":"Vi\u00f1a Tondonia negre reserva"}]},{"@type":"WebSite","@id":"https:\/\/homeliers.com\/ca\/#website","url":"https:\/\/homeliers.com\/ca\/","name":"Homeliers","description":"Seleccionem els millors vins i te&#039;ls portem a casa","publisher":{"@id":"https:\/\/homeliers.com\/ca\/#organization"},"potentialAction":[{"@type":"SearchAction","target":{"@type":"EntryPoint","urlTemplate":"https:\/\/homeliers.com\/ca\/?s={search_term_string}"},"query-input":"required name=search_term_string"}],"inLanguage":"ca-ES"},{"@type":"Organization","@id":"https:\/\/homeliers.com\/ca\/#organization","name":"Homeliers","url":"https:\/\/homeliers.com\/ca\/","logo":{"@type":"ImageObject","inLanguage":"ca-ES","@id":"https:\/\/homeliers.com\/ca\/#\/schema\/logo\/image\/","url":"https:\/\/homeliers.com\/ca\/wp-content\/uploads\/sites\/4\/2020\/06\/Homeliers_CA_v.svg","contentUrl":"https:\/\/homeliers.com\/ca\/wp-content\/uploads\/sites\/4\/2020\/06\/Homeliers_CA_v.svg","width":397,"height":226,"caption":"Homeliers"},"image":{"@id":"https:\/\/homeliers.com\/ca\/#\/schema\/logo\/image\/"},"sameAs":["https:\/\/www.facebook.com\/homeliers","https:\/\/x.com\/homeliers","https:\/\/www.instagram.com\/homeliers\/"]}]}},"_links":{"self":[{"href":"https:\/\/homeliers.com\/ca\/wp-json\/wp\/v2\/product\/329"}],"collection":[{"href":"https:\/\/homeliers.com\/ca\/wp-json\/wp\/v2\/product"}],"about":[{"href":"https:\/\/homeliers.com\/ca\/wp-json\/wp\/v2\/types\/product"}],"replies":[{"embeddable":true,"href":"https:\/\/homeliers.com\/ca\/wp-json\/wp\/v2\/comments?post=329"}],"wp:featuredmedia":[{"embeddable":true,"href":"https:\/\/homeliers.com\/ca\/wp-json\/wp\/v2\/media\/330"}],"wp:attachment":[{"href":"https:\/\/homeliers.com\/ca\/wp-json\/wp\/v2\/media?parent=329"}],"wp:term":[{"taxonomy":"product_cat","embeddable":true,"href":"https:\/\/homeliers.com\/ca\/wp-json\/wp\/v2\/product_cat?post=329"},{"taxonomy":"product_tag","embeddable":true,"href":"https:\/\/homeliers.com\/ca\/wp-json\/wp\/v2\/product_tag?post=329"}],"curies":[{"name":"wp","href":"https:\/\/api.w.org\/{rel}","templated":true}]}}