{"id":349,"date":"2020-07-21T14:19:05","date_gmt":"2020-07-21T12:19:05","guid":{"rendered":"https:\/\/homeliers.com\/ca\/?post_type=product&#038;p=349"},"modified":"2024-09-03T09:26:54","modified_gmt":"2024-09-03T08:26:54","slug":"edetaria-seleccion-tinto","status":"publish","type":"product","link":"https:\/\/homeliers.com\/ca\/botiga\/per-triomfar\/edetaria-seleccion-tinto\/","title":{"rendered":"Edet\u00e0ria Selecci\u00f3n tinto"},"content":{"rendered":"","protected":false},"excerpt":{"rendered":"<p>\u00c9s el primer vi de finca reconegut a la Terra Alta, s&#8217;obt\u00e9 de garnatxes peludes i fines que provenen de vinyes molt velles. Tots els detalls compten, s&#8217;arrodoneix amb un subtil pas per b\u00f3ta per acabar de donar els matisos \u00fanics. L&#8217;orgull d&#8217;en Joan \u00c0ngel Lliberia. Descobreix perqu\u00e8 i no et quedis sense aquesta experi\u00e8ncia sensorial.<\/p>\n","protected":false},"featured_media":350,"comment_status":"open","ping_status":"closed","template":"","meta":{"inline_featured_image":false},"product_cat":[20],"product_tag":[],"bundle_layout":"","bundled_by":["417"],"bundled_items":[],"yoast_head":"<!-- This site is optimized with the Yoast SEO plugin v23.0 - https:\/\/yoast.com\/wordpress\/plugins\/seo\/ -->\n<title>\ud83e\udd47 Edet\u00e0ria Selecci\u00f3n tinto - Terra Alta<\/title>\n<meta name=\"description\" content=\"\u00c9s el primer vi de finca reconegut a la Terra Alta, s&#039;obt\u00e9 de garnatxes peludes i fines que provenen de vinyes molt velles. Tots els detalls compten, s&#039;arrodoneix amb un subtil pas per b\u00f3ta per acabar de donar els matisos \u00fanics. L&#039;orgull d&#039;en Joan \u00c0ngel Lliberia. Descobreix perqu\u00e8 i no et quedis sense aquesta experi\u00e8ncia sensorial.\" \/>\n<meta name=\"robots\" content=\"index, follow, max-snippet:-1, max-image-preview:large, max-video-preview:-1\" \/>\n<link rel=\"canonical\" href=\"https:\/\/homeliers.com\/ca\/botiga\/per-triomfar\/edetaria-seleccion-tinto\/\" \/>\n<meta property=\"og:locale\" content=\"ca_ES\" \/>\n<meta property=\"og:type\" content=\"article\" \/>\n<meta property=\"og:title\" content=\"\ud83e\udd47 Edet\u00e0ria Selecci\u00f3n tinto - Terra Alta\" \/>\n<meta property=\"og:description\" content=\"\u00c9s el primer vi de finca reconegut a la Terra Alta, s&#039;obt\u00e9 de garnatxes peludes i fines que provenen de vinyes molt velles. Tots els detalls compten, s&#039;arrodoneix amb un subtil pas per b\u00f3ta per acabar de donar els matisos \u00fanics. L&#039;orgull d&#039;en Joan \u00c0ngel Lliberia. Descobreix perqu\u00e8 i no et quedis sense aquesta experi\u00e8ncia sensorial.\" \/>\n<meta property=\"og:url\" content=\"https:\/\/homeliers.com\/ca\/botiga\/per-triomfar\/edetaria-seleccion-tinto\/\" \/>\n<meta property=\"og:site_name\" content=\"Homeliers\" \/>\n<meta property=\"article:publisher\" content=\"https:\/\/www.facebook.com\/homeliers\" \/>\n<meta property=\"article:modified_time\" content=\"2024-09-03T08:26:54+00:00\" \/>\n<meta property=\"og:image\" content=\"https:\/\/homeliers.com\/ca\/wp-content\/uploads\/sites\/4\/2020\/07\/Edet\u00e0ria-Selecci\u00f3.jpg\" \/>\n\t<meta property=\"og:image:width\" content=\"1024\" \/>\n\t<meta property=\"og:image:height\" content=\"1024\" \/>\n\t<meta property=\"og:image:type\" content=\"image\/jpeg\" \/>\n<meta name=\"twitter:card\" content=\"summary_large_image\" \/>\n<meta name=\"twitter:site\" content=\"@homeliers\" \/>\n<script type=\"application\/ld+json\" class=\"yoast-schema-graph\">{\"@context\":\"https:\/\/schema.org\",\"@graph\":[{\"@type\":\"WebPage\",\"@id\":\"https:\/\/homeliers.com\/ca\/botiga\/per-triomfar\/edetaria-seleccion-tinto\/\",\"url\":\"https:\/\/homeliers.com\/ca\/botiga\/per-triomfar\/edetaria-seleccion-tinto\/\",\"name\":\"\ud83e\udd47 Edet\u00e0ria Selecci\u00f3n tinto - Terra Alta\",\"isPartOf\":{\"@id\":\"https:\/\/homeliers.com\/ca\/#website\"},\"primaryImageOfPage\":{\"@id\":\"https:\/\/homeliers.com\/ca\/botiga\/per-triomfar\/edetaria-seleccion-tinto\/#primaryimage\"},\"image\":{\"@id\":\"https:\/\/homeliers.com\/ca\/botiga\/per-triomfar\/edetaria-seleccion-tinto\/#primaryimage\"},\"thumbnailUrl\":\"https:\/\/homeliers.com\/ca\/wp-content\/uploads\/sites\/4\/2020\/07\/Edet\u00e0ria-Selecci\u00f3.jpg\",\"datePublished\":\"2020-07-21T12:19:05+00:00\",\"dateModified\":\"2024-09-03T08:26:54+00:00\",\"description\":\"\u00c9s el primer vi de finca reconegut a la Terra Alta, s'obt\u00e9 de garnatxes peludes i fines que provenen de vinyes molt velles. Tots els detalls compten, s'arrodoneix amb un subtil pas per b\u00f3ta per acabar de donar els matisos \u00fanics. L'orgull d'en Joan \u00c0ngel Lliberia. Descobreix perqu\u00e8 i no et quedis sense aquesta experi\u00e8ncia sensorial.\",\"breadcrumb\":{\"@id\":\"https:\/\/homeliers.com\/ca\/botiga\/per-triomfar\/edetaria-seleccion-tinto\/#breadcrumb\"},\"inLanguage\":\"ca-ES\",\"potentialAction\":[{\"@type\":\"ReadAction\",\"target\":[\"https:\/\/homeliers.com\/ca\/botiga\/per-triomfar\/edetaria-seleccion-tinto\/\"]}]},{\"@type\":\"ImageObject\",\"inLanguage\":\"ca-ES\",\"@id\":\"https:\/\/homeliers.com\/ca\/botiga\/per-triomfar\/edetaria-seleccion-tinto\/#primaryimage\",\"url\":\"https:\/\/homeliers.com\/ca\/wp-content\/uploads\/sites\/4\/2020\/07\/Edet\u00e0ria-Selecci\u00f3.jpg\",\"contentUrl\":\"https:\/\/homeliers.com\/ca\/wp-content\/uploads\/sites\/4\/2020\/07\/Edet\u00e0ria-Selecci\u00f3.jpg\",\"width\":1024,\"height\":1024,\"caption\":\"Edet\u00e0ria Selecci\u00f3\"},{\"@type\":\"BreadcrumbList\",\"@id\":\"https:\/\/homeliers.com\/ca\/botiga\/per-triomfar\/edetaria-seleccion-tinto\/#breadcrumb\",\"itemListElement\":[{\"@type\":\"ListItem\",\"position\":1,\"name\":\"Inici\",\"item\":\"https:\/\/homeliers.com\/ca\/\"},{\"@type\":\"ListItem\",\"position\":2,\"name\":\"Botiga\",\"item\":\"https:\/\/homeliers.com\/ca\/botiga\/\"},{\"@type\":\"ListItem\",\"position\":3,\"name\":\"Edet\u00e0ria Selecci\u00f3n tinto\"}]},{\"@type\":\"WebSite\",\"@id\":\"https:\/\/homeliers.com\/ca\/#website\",\"url\":\"https:\/\/homeliers.com\/ca\/\",\"name\":\"Homeliers\",\"description\":\"Seleccionem els millors vins i te&#039;ls portem a casa\",\"publisher\":{\"@id\":\"https:\/\/homeliers.com\/ca\/#organization\"},\"potentialAction\":[{\"@type\":\"SearchAction\",\"target\":{\"@type\":\"EntryPoint\",\"urlTemplate\":\"https:\/\/homeliers.com\/ca\/?s={search_term_string}\"},\"query-input\":\"required name=search_term_string\"}],\"inLanguage\":\"ca-ES\"},{\"@type\":\"Organization\",\"@id\":\"https:\/\/homeliers.com\/ca\/#organization\",\"name\":\"Homeliers\",\"url\":\"https:\/\/homeliers.com\/ca\/\",\"logo\":{\"@type\":\"ImageObject\",\"inLanguage\":\"ca-ES\",\"@id\":\"https:\/\/homeliers.com\/ca\/#\/schema\/logo\/image\/\",\"url\":\"https:\/\/homeliers.com\/ca\/wp-content\/uploads\/sites\/4\/2020\/06\/Homeliers_CA_v.svg\",\"contentUrl\":\"https:\/\/homeliers.com\/ca\/wp-content\/uploads\/sites\/4\/2020\/06\/Homeliers_CA_v.svg\",\"width\":397,\"height\":226,\"caption\":\"Homeliers\"},\"image\":{\"@id\":\"https:\/\/homeliers.com\/ca\/#\/schema\/logo\/image\/\"},\"sameAs\":[\"https:\/\/www.facebook.com\/homeliers\",\"https:\/\/x.com\/homeliers\",\"https:\/\/www.instagram.com\/homeliers\/\"]}]}<\/script>\n<!-- \/ Yoast SEO plugin. -->","yoast_head_json":{"title":"\ud83e\udd47 Edet\u00e0ria Selecci\u00f3n tinto - Terra Alta","description":"\u00c9s el primer vi de finca reconegut a la Terra Alta, s'obt\u00e9 de garnatxes peludes i fines que provenen de vinyes molt velles. Tots els detalls compten, s'arrodoneix amb un subtil pas per b\u00f3ta per acabar de donar els matisos \u00fanics. L'orgull d'en Joan \u00c0ngel Lliberia. Descobreix perqu\u00e8 i no et quedis sense aquesta experi\u00e8ncia sensorial.","robots":{"index":"index","follow":"follow","max-snippet":"max-snippet:-1","max-image-preview":"max-image-preview:large","max-video-preview":"max-video-preview:-1"},"canonical":"https:\/\/homeliers.com\/ca\/botiga\/per-triomfar\/edetaria-seleccion-tinto\/","og_locale":"ca_ES","og_type":"article","og_title":"\ud83e\udd47 Edet\u00e0ria Selecci\u00f3n tinto - Terra Alta","og_description":"\u00c9s el primer vi de finca reconegut a la Terra Alta, s'obt\u00e9 de garnatxes peludes i fines que provenen de vinyes molt velles. Tots els detalls compten, s'arrodoneix amb un subtil pas per b\u00f3ta per acabar de donar els matisos \u00fanics. L'orgull d'en Joan \u00c0ngel Lliberia. Descobreix perqu\u00e8 i no et quedis sense aquesta experi\u00e8ncia sensorial.","og_url":"https:\/\/homeliers.com\/ca\/botiga\/per-triomfar\/edetaria-seleccion-tinto\/","og_site_name":"Homeliers","article_publisher":"https:\/\/www.facebook.com\/homeliers","article_modified_time":"2024-09-03T08:26:54+00:00","og_image":[{"width":1024,"height":1024,"url":"https:\/\/homeliers.com\/ca\/wp-content\/uploads\/sites\/4\/2020\/07\/Edet\u00e0ria-Selecci\u00f3.jpg","type":"image\/jpeg"}],"twitter_card":"summary_large_image","twitter_site":"@homeliers","schema":{"@context":"https:\/\/schema.org","@graph":[{"@type":"WebPage","@id":"https:\/\/homeliers.com\/ca\/botiga\/per-triomfar\/edetaria-seleccion-tinto\/","url":"https:\/\/homeliers.com\/ca\/botiga\/per-triomfar\/edetaria-seleccion-tinto\/","name":"\ud83e\udd47 Edet\u00e0ria Selecci\u00f3n tinto - Terra Alta","isPartOf":{"@id":"https:\/\/homeliers.com\/ca\/#website"},"primaryImageOfPage":{"@id":"https:\/\/homeliers.com\/ca\/botiga\/per-triomfar\/edetaria-seleccion-tinto\/#primaryimage"},"image":{"@id":"https:\/\/homeliers.com\/ca\/botiga\/per-triomfar\/edetaria-seleccion-tinto\/#primaryimage"},"thumbnailUrl":"https:\/\/homeliers.com\/ca\/wp-content\/uploads\/sites\/4\/2020\/07\/Edet\u00e0ria-Selecci\u00f3.jpg","datePublished":"2020-07-21T12:19:05+00:00","dateModified":"2024-09-03T08:26:54+00:00","description":"\u00c9s el primer vi de finca reconegut a la Terra Alta, s'obt\u00e9 de garnatxes peludes i fines que provenen de vinyes molt velles. Tots els detalls compten, s'arrodoneix amb un subtil pas per b\u00f3ta per acabar de donar els matisos \u00fanics. L'orgull d'en Joan \u00c0ngel Lliberia. Descobreix perqu\u00e8 i no et quedis sense aquesta experi\u00e8ncia sensorial.","breadcrumb":{"@id":"https:\/\/homeliers.com\/ca\/botiga\/per-triomfar\/edetaria-seleccion-tinto\/#breadcrumb"},"inLanguage":"ca-ES","potentialAction":[{"@type":"ReadAction","target":["https:\/\/homeliers.com\/ca\/botiga\/per-triomfar\/edetaria-seleccion-tinto\/"]}]},{"@type":"ImageObject","inLanguage":"ca-ES","@id":"https:\/\/homeliers.com\/ca\/botiga\/per-triomfar\/edetaria-seleccion-tinto\/#primaryimage","url":"https:\/\/homeliers.com\/ca\/wp-content\/uploads\/sites\/4\/2020\/07\/Edet\u00e0ria-Selecci\u00f3.jpg","contentUrl":"https:\/\/homeliers.com\/ca\/wp-content\/uploads\/sites\/4\/2020\/07\/Edet\u00e0ria-Selecci\u00f3.jpg","width":1024,"height":1024,"caption":"Edet\u00e0ria Selecci\u00f3"},{"@type":"BreadcrumbList","@id":"https:\/\/homeliers.com\/ca\/botiga\/per-triomfar\/edetaria-seleccion-tinto\/#breadcrumb","itemListElement":[{"@type":"ListItem","position":1,"name":"Inici","item":"https:\/\/homeliers.com\/ca\/"},{"@type":"ListItem","position":2,"name":"Botiga","item":"https:\/\/homeliers.com\/ca\/botiga\/"},{"@type":"ListItem","position":3,"name":"Edet\u00e0ria Selecci\u00f3n tinto"}]},{"@type":"WebSite","@id":"https:\/\/homeliers.com\/ca\/#website","url":"https:\/\/homeliers.com\/ca\/","name":"Homeliers","description":"Seleccionem els millors vins i te&#039;ls portem a casa","publisher":{"@id":"https:\/\/homeliers.com\/ca\/#organization"},"potentialAction":[{"@type":"SearchAction","target":{"@type":"EntryPoint","urlTemplate":"https:\/\/homeliers.com\/ca\/?s={search_term_string}"},"query-input":"required name=search_term_string"}],"inLanguage":"ca-ES"},{"@type":"Organization","@id":"https:\/\/homeliers.com\/ca\/#organization","name":"Homeliers","url":"https:\/\/homeliers.com\/ca\/","logo":{"@type":"ImageObject","inLanguage":"ca-ES","@id":"https:\/\/homeliers.com\/ca\/#\/schema\/logo\/image\/","url":"https:\/\/homeliers.com\/ca\/wp-content\/uploads\/sites\/4\/2020\/06\/Homeliers_CA_v.svg","contentUrl":"https:\/\/homeliers.com\/ca\/wp-content\/uploads\/sites\/4\/2020\/06\/Homeliers_CA_v.svg","width":397,"height":226,"caption":"Homeliers"},"image":{"@id":"https:\/\/homeliers.com\/ca\/#\/schema\/logo\/image\/"},"sameAs":["https:\/\/www.facebook.com\/homeliers","https:\/\/x.com\/homeliers","https:\/\/www.instagram.com\/homeliers\/"]}]}},"_links":{"self":[{"href":"https:\/\/homeliers.com\/ca\/wp-json\/wp\/v2\/product\/349"}],"collection":[{"href":"https:\/\/homeliers.com\/ca\/wp-json\/wp\/v2\/product"}],"about":[{"href":"https:\/\/homeliers.com\/ca\/wp-json\/wp\/v2\/types\/product"}],"replies":[{"embeddable":true,"href":"https:\/\/homeliers.com\/ca\/wp-json\/wp\/v2\/comments?post=349"}],"wp:featuredmedia":[{"embeddable":true,"href":"https:\/\/homeliers.com\/ca\/wp-json\/wp\/v2\/media\/350"}],"wp:attachment":[{"href":"https:\/\/homeliers.com\/ca\/wp-json\/wp\/v2\/media?parent=349"}],"wp:term":[{"taxonomy":"product_cat","embeddable":true,"href":"https:\/\/homeliers.com\/ca\/wp-json\/wp\/v2\/product_cat?post=349"},{"taxonomy":"product_tag","embeddable":true,"href":"https:\/\/homeliers.com\/ca\/wp-json\/wp\/v2\/product_tag?post=349"}],"curies":[{"name":"wp","href":"https:\/\/api.w.org\/{rel}","templated":true}]}}