{"id":355,"date":"2020-07-22T08:53:27","date_gmt":"2020-07-22T06:53:27","guid":{"rendered":"https:\/\/homeliers.com\/ca\/?post_type=product&#038;p=355"},"modified":"2024-09-03T09:26:54","modified_gmt":"2024-09-03T08:26:54","slug":"vina-sastre-crianza","status":"publish","type":"product","link":"https:\/\/homeliers.com\/ca\/botiga\/per-triomfar\/vina-sastre-crianza\/","title":{"rendered":"Vi\u00f1a Sastre crianza"},"content":{"rendered":"","protected":false},"excerpt":{"rendered":"<p>Ribera del Duero en estat pur, un cop ha passat 14 mesos per b\u00f3ta queda ben arrodonit. L&#8217;experi\u00e8ncia d&#8217;un cultiu amb tot el respecte a la terra que es trasllada a un vi que ens evocar\u00e0 la fruita negra i el cacau, tot pot\u00e8ncia i complexitat. Infalible.<\/p>\n","protected":false},"featured_media":356,"comment_status":"open","ping_status":"closed","template":"","meta":{"inline_featured_image":false},"product_cat":[20],"product_tag":[],"bundle_layout":"","bundled_by":["218","392","394","396","402","404","406","411","415"],"bundled_items":[],"yoast_head":"<!-- This site is optimized with the Yoast SEO plugin v23.0 - https:\/\/yoast.com\/wordpress\/plugins\/seo\/ -->\n<title>\ud83e\udd47 Vi\u00f1a Sastre crianza - Ribera del Duero<\/title>\n<meta name=\"description\" content=\"Ribera del Duero en estat pur, un cop ha passat 14 mesos per b\u00f3ta queda ben arrodonit. L&#039;experi\u00e8ncia d&#039;un cultiu amb tot el respecte a la terra que es trasllada a un vi que ens evocar\u00e0 la fruita negra i el cacau, tot pot\u00e8ncia i complexitat. Infalible.\" \/>\n<meta name=\"robots\" content=\"index, follow, max-snippet:-1, max-image-preview:large, max-video-preview:-1\" \/>\n<link rel=\"canonical\" href=\"https:\/\/homeliers.com\/ca\/botiga\/per-triomfar\/vina-sastre-crianza\/\" \/>\n<meta property=\"og:locale\" content=\"ca_ES\" \/>\n<meta property=\"og:type\" content=\"article\" \/>\n<meta property=\"og:title\" content=\"\ud83e\udd47 Vi\u00f1a Sastre crianza - Ribera del Duero\" \/>\n<meta property=\"og:description\" content=\"Ribera del Duero en estat pur, un cop ha passat 14 mesos per b\u00f3ta queda ben arrodonit. L&#039;experi\u00e8ncia d&#039;un cultiu amb tot el respecte a la terra que es trasllada a un vi que ens evocar\u00e0 la fruita negra i el cacau, tot pot\u00e8ncia i complexitat. Infalible.\" \/>\n<meta property=\"og:url\" content=\"https:\/\/homeliers.com\/ca\/botiga\/per-triomfar\/vina-sastre-crianza\/\" \/>\n<meta property=\"og:site_name\" content=\"Homeliers\" \/>\n<meta property=\"article:publisher\" content=\"https:\/\/www.facebook.com\/homeliers\" \/>\n<meta property=\"article:modified_time\" content=\"2024-09-03T08:26:54+00:00\" \/>\n<meta property=\"og:image\" content=\"https:\/\/homeliers.com\/ca\/wp-content\/uploads\/sites\/4\/2020\/07\/Vi\u00f1a-Sastre-Crianza.jpg\" \/>\n\t<meta property=\"og:image:width\" content=\"1024\" \/>\n\t<meta property=\"og:image:height\" content=\"1024\" \/>\n\t<meta property=\"og:image:type\" content=\"image\/jpeg\" \/>\n<meta name=\"twitter:card\" content=\"summary_large_image\" \/>\n<meta name=\"twitter:site\" content=\"@homeliers\" \/>\n<script type=\"application\/ld+json\" class=\"yoast-schema-graph\">{\"@context\":\"https:\/\/schema.org\",\"@graph\":[{\"@type\":\"WebPage\",\"@id\":\"https:\/\/homeliers.com\/ca\/botiga\/per-triomfar\/vina-sastre-crianza\/\",\"url\":\"https:\/\/homeliers.com\/ca\/botiga\/per-triomfar\/vina-sastre-crianza\/\",\"name\":\"\ud83e\udd47 Vi\u00f1a Sastre crianza - Ribera del Duero\",\"isPartOf\":{\"@id\":\"https:\/\/homeliers.com\/ca\/#website\"},\"primaryImageOfPage\":{\"@id\":\"https:\/\/homeliers.com\/ca\/botiga\/per-triomfar\/vina-sastre-crianza\/#primaryimage\"},\"image\":{\"@id\":\"https:\/\/homeliers.com\/ca\/botiga\/per-triomfar\/vina-sastre-crianza\/#primaryimage\"},\"thumbnailUrl\":\"https:\/\/homeliers.com\/ca\/wp-content\/uploads\/sites\/4\/2020\/07\/Vi\u00f1a-Sastre-Crianza.jpg\",\"datePublished\":\"2020-07-22T06:53:27+00:00\",\"dateModified\":\"2024-09-03T08:26:54+00:00\",\"description\":\"Ribera del Duero en estat pur, un cop ha passat 14 mesos per b\u00f3ta queda ben arrodonit. L'experi\u00e8ncia d'un cultiu amb tot el respecte a la terra que es trasllada a un vi que ens evocar\u00e0 la fruita negra i el cacau, tot pot\u00e8ncia i complexitat. Infalible.\",\"breadcrumb\":{\"@id\":\"https:\/\/homeliers.com\/ca\/botiga\/per-triomfar\/vina-sastre-crianza\/#breadcrumb\"},\"inLanguage\":\"ca-ES\",\"potentialAction\":[{\"@type\":\"ReadAction\",\"target\":[\"https:\/\/homeliers.com\/ca\/botiga\/per-triomfar\/vina-sastre-crianza\/\"]}]},{\"@type\":\"ImageObject\",\"inLanguage\":\"ca-ES\",\"@id\":\"https:\/\/homeliers.com\/ca\/botiga\/per-triomfar\/vina-sastre-crianza\/#primaryimage\",\"url\":\"https:\/\/homeliers.com\/ca\/wp-content\/uploads\/sites\/4\/2020\/07\/Vi\u00f1a-Sastre-Crianza.jpg\",\"contentUrl\":\"https:\/\/homeliers.com\/ca\/wp-content\/uploads\/sites\/4\/2020\/07\/Vi\u00f1a-Sastre-Crianza.jpg\",\"width\":1024,\"height\":1024,\"caption\":\"Vi\u00f1a Sastre Crianza\"},{\"@type\":\"BreadcrumbList\",\"@id\":\"https:\/\/homeliers.com\/ca\/botiga\/per-triomfar\/vina-sastre-crianza\/#breadcrumb\",\"itemListElement\":[{\"@type\":\"ListItem\",\"position\":1,\"name\":\"Inici\",\"item\":\"https:\/\/homeliers.com\/ca\/\"},{\"@type\":\"ListItem\",\"position\":2,\"name\":\"Botiga\",\"item\":\"https:\/\/homeliers.com\/ca\/botiga\/\"},{\"@type\":\"ListItem\",\"position\":3,\"name\":\"Vi\u00f1a Sastre crianza\"}]},{\"@type\":\"WebSite\",\"@id\":\"https:\/\/homeliers.com\/ca\/#website\",\"url\":\"https:\/\/homeliers.com\/ca\/\",\"name\":\"Homeliers\",\"description\":\"Seleccionem els millors vins i te&#039;ls portem a casa\",\"publisher\":{\"@id\":\"https:\/\/homeliers.com\/ca\/#organization\"},\"potentialAction\":[{\"@type\":\"SearchAction\",\"target\":{\"@type\":\"EntryPoint\",\"urlTemplate\":\"https:\/\/homeliers.com\/ca\/?s={search_term_string}\"},\"query-input\":\"required name=search_term_string\"}],\"inLanguage\":\"ca-ES\"},{\"@type\":\"Organization\",\"@id\":\"https:\/\/homeliers.com\/ca\/#organization\",\"name\":\"Homeliers\",\"url\":\"https:\/\/homeliers.com\/ca\/\",\"logo\":{\"@type\":\"ImageObject\",\"inLanguage\":\"ca-ES\",\"@id\":\"https:\/\/homeliers.com\/ca\/#\/schema\/logo\/image\/\",\"url\":\"https:\/\/homeliers.com\/ca\/wp-content\/uploads\/sites\/4\/2020\/06\/Homeliers_CA_v.svg\",\"contentUrl\":\"https:\/\/homeliers.com\/ca\/wp-content\/uploads\/sites\/4\/2020\/06\/Homeliers_CA_v.svg\",\"width\":397,\"height\":226,\"caption\":\"Homeliers\"},\"image\":{\"@id\":\"https:\/\/homeliers.com\/ca\/#\/schema\/logo\/image\/\"},\"sameAs\":[\"https:\/\/www.facebook.com\/homeliers\",\"https:\/\/x.com\/homeliers\",\"https:\/\/www.instagram.com\/homeliers\/\"]}]}<\/script>\n<!-- \/ Yoast SEO plugin. -->","yoast_head_json":{"title":"\ud83e\udd47 Vi\u00f1a Sastre crianza - Ribera del Duero","description":"Ribera del Duero en estat pur, un cop ha passat 14 mesos per b\u00f3ta queda ben arrodonit. L'experi\u00e8ncia d'un cultiu amb tot el respecte a la terra que es trasllada a un vi que ens evocar\u00e0 la fruita negra i el cacau, tot pot\u00e8ncia i complexitat. Infalible.","robots":{"index":"index","follow":"follow","max-snippet":"max-snippet:-1","max-image-preview":"max-image-preview:large","max-video-preview":"max-video-preview:-1"},"canonical":"https:\/\/homeliers.com\/ca\/botiga\/per-triomfar\/vina-sastre-crianza\/","og_locale":"ca_ES","og_type":"article","og_title":"\ud83e\udd47 Vi\u00f1a Sastre crianza - Ribera del Duero","og_description":"Ribera del Duero en estat pur, un cop ha passat 14 mesos per b\u00f3ta queda ben arrodonit. L'experi\u00e8ncia d'un cultiu amb tot el respecte a la terra que es trasllada a un vi que ens evocar\u00e0 la fruita negra i el cacau, tot pot\u00e8ncia i complexitat. Infalible.","og_url":"https:\/\/homeliers.com\/ca\/botiga\/per-triomfar\/vina-sastre-crianza\/","og_site_name":"Homeliers","article_publisher":"https:\/\/www.facebook.com\/homeliers","article_modified_time":"2024-09-03T08:26:54+00:00","og_image":[{"width":1024,"height":1024,"url":"https:\/\/homeliers.com\/ca\/wp-content\/uploads\/sites\/4\/2020\/07\/Vi\u00f1a-Sastre-Crianza.jpg","type":"image\/jpeg"}],"twitter_card":"summary_large_image","twitter_site":"@homeliers","schema":{"@context":"https:\/\/schema.org","@graph":[{"@type":"WebPage","@id":"https:\/\/homeliers.com\/ca\/botiga\/per-triomfar\/vina-sastre-crianza\/","url":"https:\/\/homeliers.com\/ca\/botiga\/per-triomfar\/vina-sastre-crianza\/","name":"\ud83e\udd47 Vi\u00f1a Sastre crianza - Ribera del Duero","isPartOf":{"@id":"https:\/\/homeliers.com\/ca\/#website"},"primaryImageOfPage":{"@id":"https:\/\/homeliers.com\/ca\/botiga\/per-triomfar\/vina-sastre-crianza\/#primaryimage"},"image":{"@id":"https:\/\/homeliers.com\/ca\/botiga\/per-triomfar\/vina-sastre-crianza\/#primaryimage"},"thumbnailUrl":"https:\/\/homeliers.com\/ca\/wp-content\/uploads\/sites\/4\/2020\/07\/Vi\u00f1a-Sastre-Crianza.jpg","datePublished":"2020-07-22T06:53:27+00:00","dateModified":"2024-09-03T08:26:54+00:00","description":"Ribera del Duero en estat pur, un cop ha passat 14 mesos per b\u00f3ta queda ben arrodonit. L'experi\u00e8ncia d'un cultiu amb tot el respecte a la terra que es trasllada a un vi que ens evocar\u00e0 la fruita negra i el cacau, tot pot\u00e8ncia i complexitat. Infalible.","breadcrumb":{"@id":"https:\/\/homeliers.com\/ca\/botiga\/per-triomfar\/vina-sastre-crianza\/#breadcrumb"},"inLanguage":"ca-ES","potentialAction":[{"@type":"ReadAction","target":["https:\/\/homeliers.com\/ca\/botiga\/per-triomfar\/vina-sastre-crianza\/"]}]},{"@type":"ImageObject","inLanguage":"ca-ES","@id":"https:\/\/homeliers.com\/ca\/botiga\/per-triomfar\/vina-sastre-crianza\/#primaryimage","url":"https:\/\/homeliers.com\/ca\/wp-content\/uploads\/sites\/4\/2020\/07\/Vi\u00f1a-Sastre-Crianza.jpg","contentUrl":"https:\/\/homeliers.com\/ca\/wp-content\/uploads\/sites\/4\/2020\/07\/Vi\u00f1a-Sastre-Crianza.jpg","width":1024,"height":1024,"caption":"Vi\u00f1a Sastre Crianza"},{"@type":"BreadcrumbList","@id":"https:\/\/homeliers.com\/ca\/botiga\/per-triomfar\/vina-sastre-crianza\/#breadcrumb","itemListElement":[{"@type":"ListItem","position":1,"name":"Inici","item":"https:\/\/homeliers.com\/ca\/"},{"@type":"ListItem","position":2,"name":"Botiga","item":"https:\/\/homeliers.com\/ca\/botiga\/"},{"@type":"ListItem","position":3,"name":"Vi\u00f1a Sastre crianza"}]},{"@type":"WebSite","@id":"https:\/\/homeliers.com\/ca\/#website","url":"https:\/\/homeliers.com\/ca\/","name":"Homeliers","description":"Seleccionem els millors vins i te&#039;ls portem a casa","publisher":{"@id":"https:\/\/homeliers.com\/ca\/#organization"},"potentialAction":[{"@type":"SearchAction","target":{"@type":"EntryPoint","urlTemplate":"https:\/\/homeliers.com\/ca\/?s={search_term_string}"},"query-input":"required name=search_term_string"}],"inLanguage":"ca-ES"},{"@type":"Organization","@id":"https:\/\/homeliers.com\/ca\/#organization","name":"Homeliers","url":"https:\/\/homeliers.com\/ca\/","logo":{"@type":"ImageObject","inLanguage":"ca-ES","@id":"https:\/\/homeliers.com\/ca\/#\/schema\/logo\/image\/","url":"https:\/\/homeliers.com\/ca\/wp-content\/uploads\/sites\/4\/2020\/06\/Homeliers_CA_v.svg","contentUrl":"https:\/\/homeliers.com\/ca\/wp-content\/uploads\/sites\/4\/2020\/06\/Homeliers_CA_v.svg","width":397,"height":226,"caption":"Homeliers"},"image":{"@id":"https:\/\/homeliers.com\/ca\/#\/schema\/logo\/image\/"},"sameAs":["https:\/\/www.facebook.com\/homeliers","https:\/\/x.com\/homeliers","https:\/\/www.instagram.com\/homeliers\/"]}]}},"_links":{"self":[{"href":"https:\/\/homeliers.com\/ca\/wp-json\/wp\/v2\/product\/355"}],"collection":[{"href":"https:\/\/homeliers.com\/ca\/wp-json\/wp\/v2\/product"}],"about":[{"href":"https:\/\/homeliers.com\/ca\/wp-json\/wp\/v2\/types\/product"}],"replies":[{"embeddable":true,"href":"https:\/\/homeliers.com\/ca\/wp-json\/wp\/v2\/comments?post=355"}],"wp:featuredmedia":[{"embeddable":true,"href":"https:\/\/homeliers.com\/ca\/wp-json\/wp\/v2\/media\/356"}],"wp:attachment":[{"href":"https:\/\/homeliers.com\/ca\/wp-json\/wp\/v2\/media?parent=355"}],"wp:term":[{"taxonomy":"product_cat","embeddable":true,"href":"https:\/\/homeliers.com\/ca\/wp-json\/wp\/v2\/product_cat?post=355"},{"taxonomy":"product_tag","embeddable":true,"href":"https:\/\/homeliers.com\/ca\/wp-json\/wp\/v2\/product_tag?post=355"}],"curies":[{"name":"wp","href":"https:\/\/api.w.org\/{rel}","templated":true}]}}