{"id":455,"date":"2020-07-31T13:09:49","date_gmt":"2020-07-31T11:09:49","guid":{"rendered":"https:\/\/homeliers.com\/ca\/?post_type=product&#038;p=455"},"modified":"2024-09-03T09:22:05","modified_gmt":"2024-09-03T08:22:05","slug":"pack-festival-de-sensacions","status":"publish","type":"product","link":"https:\/\/homeliers.com\/ca\/botiga\/per-descobrir\/pack-festival-de-sensacions\/","title":{"rendered":"Pack festival de sensacions!"},"content":{"rendered":"","protected":false},"excerpt":{"rendered":"<p>Amb cada ampolla descobrir\u00e0s nous matisos&#8230; Per quina comen\u00e7ar\u00e0s?<\/p>\n","protected":false},"featured_media":456,"comment_status":"closed","ping_status":"closed","template":"","meta":{"inline_featured_image":false},"product_cat":[18],"product_tag":[127],"bundle_layout":"default","bundled_by":[],"bundled_items":[{"bundled_item_id":84,"product_id":241,"menu_order":0,"quantity_min":1,"quantity_max":1,"priced_individually":false,"shipped_individually":false,"override_title":false,"title":"","override_description":false,"description":"","optional":false,"hide_thumbnail":false,"discount":"","override_variations":false,"allowed_variations":[],"override_default_variation_attributes":false,"default_variation_attributes":[],"single_product_visibility":"visible","cart_visibility":"visible","order_visibility":"visible","single_product_price_visibility":"visible","cart_price_visibility":"visible","order_price_visibility":"visible","stock_status":"in_stock"},{"bundled_item_id":85,"product_id":287,"menu_order":1,"quantity_min":1,"quantity_max":1,"priced_individually":false,"shipped_individually":false,"override_title":false,"title":"","override_description":false,"description":"","optional":false,"hide_thumbnail":false,"discount":"","override_variations":false,"allowed_variations":[],"override_default_variation_attributes":false,"default_variation_attributes":[],"single_product_visibility":"visible","cart_visibility":"visible","order_visibility":"visible","single_product_price_visibility":"visible","cart_price_visibility":"visible","order_price_visibility":"visible","stock_status":"in_stock"},{"bundled_item_id":86,"product_id":244,"menu_order":2,"quantity_min":1,"quantity_max":1,"priced_individually":false,"shipped_individually":false,"override_title":false,"title":"","override_description":false,"description":"","optional":false,"hide_thumbnail":false,"discount":"","override_variations":false,"allowed_variations":[],"override_default_variation_attributes":false,"default_variation_attributes":[],"single_product_visibility":"visible","cart_visibility":"visible","order_visibility":"visible","single_product_price_visibility":"visible","cart_price_visibility":"visible","order_price_visibility":"visible","stock_status":"in_stock"},{"bundled_item_id":87,"product_id":259,"menu_order":3,"quantity_min":1,"quantity_max":1,"priced_individually":false,"shipped_individually":false,"override_title":false,"title":"","override_description":false,"description":"","optional":false,"hide_thumbnail":false,"discount":"","override_variations":false,"allowed_variations":[],"override_default_variation_attributes":false,"default_variation_attributes":[],"single_product_visibility":"visible","cart_visibility":"visible","order_visibility":"visible","single_product_price_visibility":"visible","cart_price_visibility":"visible","order_price_visibility":"visible","stock_status":"on_backorder"},{"bundled_item_id":88,"product_id":247,"menu_order":4,"quantity_min":1,"quantity_max":1,"priced_individually":false,"shipped_individually":false,"override_title":false,"title":"","override_description":false,"description":"","optional":false,"hide_thumbnail":false,"discount":"","override_variations":false,"allowed_variations":[],"override_default_variation_attributes":false,"default_variation_attributes":[],"single_product_visibility":"visible","cart_visibility":"visible","order_visibility":"visible","single_product_price_visibility":"visible","cart_price_visibility":"visible","order_price_visibility":"visible","stock_status":"on_backorder"},{"bundled_item_id":89,"product_id":253,"menu_order":5,"quantity_min":1,"quantity_max":1,"priced_individually":false,"shipped_individually":false,"override_title":false,"title":"","override_description":false,"description":"","optional":false,"hide_thumbnail":false,"discount":"","override_variations":false,"allowed_variations":[],"override_default_variation_attributes":false,"default_variation_attributes":[],"single_product_visibility":"visible","cart_visibility":"visible","order_visibility":"visible","single_product_price_visibility":"visible","cart_price_visibility":"visible","order_price_visibility":"visible","stock_status":"in_stock"}],"yoast_head":"<!-- This site is optimized with the Yoast SEO plugin v23.0 - https:\/\/yoast.com\/wordpress\/plugins\/seo\/ -->\n<title>\ud83e\udd47 Pack festival de sensacions! -<\/title>\n<meta name=\"description\" content=\"Amb cada ampolla descobrir\u00e0s nous matisos... Per quina comen\u00e7ar\u00e0s?\" \/>\n<meta name=\"robots\" content=\"index, follow, max-snippet:-1, max-image-preview:large, max-video-preview:-1\" \/>\n<link rel=\"canonical\" href=\"https:\/\/homeliers.com\/ca\/botiga\/per-descobrir\/pack-festival-de-sensacions\/\" \/>\n<meta property=\"og:locale\" content=\"ca_ES\" \/>\n<meta property=\"og:type\" content=\"article\" \/>\n<meta property=\"og:title\" content=\"\ud83e\udd47 Pack festival de sensacions! -\" \/>\n<meta property=\"og:description\" content=\"Amb cada ampolla descobrir\u00e0s nous matisos... Per quina comen\u00e7ar\u00e0s?\" \/>\n<meta property=\"og:url\" content=\"https:\/\/homeliers.com\/ca\/botiga\/per-descobrir\/pack-festival-de-sensacions\/\" \/>\n<meta property=\"og:site_name\" content=\"Homeliers\" \/>\n<meta property=\"article:publisher\" content=\"https:\/\/www.facebook.com\/homeliers\" \/>\n<meta property=\"article:modified_time\" content=\"2024-09-03T08:22:05+00:00\" \/>\n<meta property=\"og:image\" content=\"https:\/\/homeliers.com\/ca\/wp-content\/uploads\/sites\/4\/2020\/07\/Pack-variado-blanco-y-negro.jpg\" \/>\n\t<meta property=\"og:image:width\" content=\"1024\" \/>\n\t<meta property=\"og:image:height\" content=\"1024\" \/>\n\t<meta property=\"og:image:type\" content=\"image\/jpeg\" \/>\n<meta name=\"twitter:card\" content=\"summary_large_image\" \/>\n<meta name=\"twitter:site\" content=\"@homeliers\" \/>\n<script type=\"application\/ld+json\" class=\"yoast-schema-graph\">{\"@context\":\"https:\/\/schema.org\",\"@graph\":[{\"@type\":\"WebPage\",\"@id\":\"https:\/\/homeliers.com\/ca\/botiga\/per-descobrir\/pack-festival-de-sensacions\/\",\"url\":\"https:\/\/homeliers.com\/ca\/botiga\/per-descobrir\/pack-festival-de-sensacions\/\",\"name\":\"\ud83e\udd47 Pack festival de sensacions! -\",\"isPartOf\":{\"@id\":\"https:\/\/homeliers.com\/ca\/#website\"},\"primaryImageOfPage\":{\"@id\":\"https:\/\/homeliers.com\/ca\/botiga\/per-descobrir\/pack-festival-de-sensacions\/#primaryimage\"},\"image\":{\"@id\":\"https:\/\/homeliers.com\/ca\/botiga\/per-descobrir\/pack-festival-de-sensacions\/#primaryimage\"},\"thumbnailUrl\":\"https:\/\/homeliers.com\/ca\/wp-content\/uploads\/sites\/4\/2020\/07\/Pack-variado-blanco-y-negro.jpg\",\"datePublished\":\"2020-07-31T11:09:49+00:00\",\"dateModified\":\"2024-09-03T08:22:05+00:00\",\"description\":\"Amb cada ampolla descobrir\u00e0s nous matisos... Per quina comen\u00e7ar\u00e0s?\",\"breadcrumb\":{\"@id\":\"https:\/\/homeliers.com\/ca\/botiga\/per-descobrir\/pack-festival-de-sensacions\/#breadcrumb\"},\"inLanguage\":\"ca-ES\",\"potentialAction\":[{\"@type\":\"ReadAction\",\"target\":[\"https:\/\/homeliers.com\/ca\/botiga\/per-descobrir\/pack-festival-de-sensacions\/\"]}]},{\"@type\":\"ImageObject\",\"inLanguage\":\"ca-ES\",\"@id\":\"https:\/\/homeliers.com\/ca\/botiga\/per-descobrir\/pack-festival-de-sensacions\/#primaryimage\",\"url\":\"https:\/\/homeliers.com\/ca\/wp-content\/uploads\/sites\/4\/2020\/07\/Pack-variado-blanco-y-negro.jpg\",\"contentUrl\":\"https:\/\/homeliers.com\/ca\/wp-content\/uploads\/sites\/4\/2020\/07\/Pack-variado-blanco-y-negro.jpg\",\"width\":1024,\"height\":1024,\"caption\":\"Pack variado blanco y negro\"},{\"@type\":\"BreadcrumbList\",\"@id\":\"https:\/\/homeliers.com\/ca\/botiga\/per-descobrir\/pack-festival-de-sensacions\/#breadcrumb\",\"itemListElement\":[{\"@type\":\"ListItem\",\"position\":1,\"name\":\"Inici\",\"item\":\"https:\/\/homeliers.com\/ca\/\"},{\"@type\":\"ListItem\",\"position\":2,\"name\":\"Botiga\",\"item\":\"https:\/\/homeliers.com\/ca\/botiga\/\"},{\"@type\":\"ListItem\",\"position\":3,\"name\":\"Pack festival de sensacions!\"}]},{\"@type\":\"WebSite\",\"@id\":\"https:\/\/homeliers.com\/ca\/#website\",\"url\":\"https:\/\/homeliers.com\/ca\/\",\"name\":\"Homeliers\",\"description\":\"Seleccionem els millors vins i te&#039;ls portem a casa\",\"publisher\":{\"@id\":\"https:\/\/homeliers.com\/ca\/#organization\"},\"potentialAction\":[{\"@type\":\"SearchAction\",\"target\":{\"@type\":\"EntryPoint\",\"urlTemplate\":\"https:\/\/homeliers.com\/ca\/?s={search_term_string}\"},\"query-input\":\"required name=search_term_string\"}],\"inLanguage\":\"ca-ES\"},{\"@type\":\"Organization\",\"@id\":\"https:\/\/homeliers.com\/ca\/#organization\",\"name\":\"Homeliers\",\"url\":\"https:\/\/homeliers.com\/ca\/\",\"logo\":{\"@type\":\"ImageObject\",\"inLanguage\":\"ca-ES\",\"@id\":\"https:\/\/homeliers.com\/ca\/#\/schema\/logo\/image\/\",\"url\":\"https:\/\/homeliers.com\/ca\/wp-content\/uploads\/sites\/4\/2020\/06\/Homeliers_CA_v.svg\",\"contentUrl\":\"https:\/\/homeliers.com\/ca\/wp-content\/uploads\/sites\/4\/2020\/06\/Homeliers_CA_v.svg\",\"width\":397,\"height\":226,\"caption\":\"Homeliers\"},\"image\":{\"@id\":\"https:\/\/homeliers.com\/ca\/#\/schema\/logo\/image\/\"},\"sameAs\":[\"https:\/\/www.facebook.com\/homeliers\",\"https:\/\/x.com\/homeliers\",\"https:\/\/www.instagram.com\/homeliers\/\"]}]}<\/script>\n<!-- \/ Yoast SEO plugin. -->","yoast_head_json":{"title":"\ud83e\udd47 Pack festival de sensacions! -","description":"Amb cada ampolla descobrir\u00e0s nous matisos... Per quina comen\u00e7ar\u00e0s?","robots":{"index":"index","follow":"follow","max-snippet":"max-snippet:-1","max-image-preview":"max-image-preview:large","max-video-preview":"max-video-preview:-1"},"canonical":"https:\/\/homeliers.com\/ca\/botiga\/per-descobrir\/pack-festival-de-sensacions\/","og_locale":"ca_ES","og_type":"article","og_title":"\ud83e\udd47 Pack festival de sensacions! -","og_description":"Amb cada ampolla descobrir\u00e0s nous matisos... Per quina comen\u00e7ar\u00e0s?","og_url":"https:\/\/homeliers.com\/ca\/botiga\/per-descobrir\/pack-festival-de-sensacions\/","og_site_name":"Homeliers","article_publisher":"https:\/\/www.facebook.com\/homeliers","article_modified_time":"2024-09-03T08:22:05+00:00","og_image":[{"width":1024,"height":1024,"url":"https:\/\/homeliers.com\/ca\/wp-content\/uploads\/sites\/4\/2020\/07\/Pack-variado-blanco-y-negro.jpg","type":"image\/jpeg"}],"twitter_card":"summary_large_image","twitter_site":"@homeliers","schema":{"@context":"https:\/\/schema.org","@graph":[{"@type":"WebPage","@id":"https:\/\/homeliers.com\/ca\/botiga\/per-descobrir\/pack-festival-de-sensacions\/","url":"https:\/\/homeliers.com\/ca\/botiga\/per-descobrir\/pack-festival-de-sensacions\/","name":"\ud83e\udd47 Pack festival de sensacions! -","isPartOf":{"@id":"https:\/\/homeliers.com\/ca\/#website"},"primaryImageOfPage":{"@id":"https:\/\/homeliers.com\/ca\/botiga\/per-descobrir\/pack-festival-de-sensacions\/#primaryimage"},"image":{"@id":"https:\/\/homeliers.com\/ca\/botiga\/per-descobrir\/pack-festival-de-sensacions\/#primaryimage"},"thumbnailUrl":"https:\/\/homeliers.com\/ca\/wp-content\/uploads\/sites\/4\/2020\/07\/Pack-variado-blanco-y-negro.jpg","datePublished":"2020-07-31T11:09:49+00:00","dateModified":"2024-09-03T08:22:05+00:00","description":"Amb cada ampolla descobrir\u00e0s nous matisos... Per quina comen\u00e7ar\u00e0s?","breadcrumb":{"@id":"https:\/\/homeliers.com\/ca\/botiga\/per-descobrir\/pack-festival-de-sensacions\/#breadcrumb"},"inLanguage":"ca-ES","potentialAction":[{"@type":"ReadAction","target":["https:\/\/homeliers.com\/ca\/botiga\/per-descobrir\/pack-festival-de-sensacions\/"]}]},{"@type":"ImageObject","inLanguage":"ca-ES","@id":"https:\/\/homeliers.com\/ca\/botiga\/per-descobrir\/pack-festival-de-sensacions\/#primaryimage","url":"https:\/\/homeliers.com\/ca\/wp-content\/uploads\/sites\/4\/2020\/07\/Pack-variado-blanco-y-negro.jpg","contentUrl":"https:\/\/homeliers.com\/ca\/wp-content\/uploads\/sites\/4\/2020\/07\/Pack-variado-blanco-y-negro.jpg","width":1024,"height":1024,"caption":"Pack variado blanco y negro"},{"@type":"BreadcrumbList","@id":"https:\/\/homeliers.com\/ca\/botiga\/per-descobrir\/pack-festival-de-sensacions\/#breadcrumb","itemListElement":[{"@type":"ListItem","position":1,"name":"Inici","item":"https:\/\/homeliers.com\/ca\/"},{"@type":"ListItem","position":2,"name":"Botiga","item":"https:\/\/homeliers.com\/ca\/botiga\/"},{"@type":"ListItem","position":3,"name":"Pack festival de sensacions!"}]},{"@type":"WebSite","@id":"https:\/\/homeliers.com\/ca\/#website","url":"https:\/\/homeliers.com\/ca\/","name":"Homeliers","description":"Seleccionem els millors vins i te&#039;ls portem a casa","publisher":{"@id":"https:\/\/homeliers.com\/ca\/#organization"},"potentialAction":[{"@type":"SearchAction","target":{"@type":"EntryPoint","urlTemplate":"https:\/\/homeliers.com\/ca\/?s={search_term_string}"},"query-input":"required name=search_term_string"}],"inLanguage":"ca-ES"},{"@type":"Organization","@id":"https:\/\/homeliers.com\/ca\/#organization","name":"Homeliers","url":"https:\/\/homeliers.com\/ca\/","logo":{"@type":"ImageObject","inLanguage":"ca-ES","@id":"https:\/\/homeliers.com\/ca\/#\/schema\/logo\/image\/","url":"https:\/\/homeliers.com\/ca\/wp-content\/uploads\/sites\/4\/2020\/06\/Homeliers_CA_v.svg","contentUrl":"https:\/\/homeliers.com\/ca\/wp-content\/uploads\/sites\/4\/2020\/06\/Homeliers_CA_v.svg","width":397,"height":226,"caption":"Homeliers"},"image":{"@id":"https:\/\/homeliers.com\/ca\/#\/schema\/logo\/image\/"},"sameAs":["https:\/\/www.facebook.com\/homeliers","https:\/\/x.com\/homeliers","https:\/\/www.instagram.com\/homeliers\/"]}]}},"_links":{"self":[{"href":"https:\/\/homeliers.com\/ca\/wp-json\/wp\/v2\/product\/455"}],"collection":[{"href":"https:\/\/homeliers.com\/ca\/wp-json\/wp\/v2\/product"}],"about":[{"href":"https:\/\/homeliers.com\/ca\/wp-json\/wp\/v2\/types\/product"}],"replies":[{"embeddable":true,"href":"https:\/\/homeliers.com\/ca\/wp-json\/wp\/v2\/comments?post=455"}],"wp:featuredmedia":[{"embeddable":true,"href":"https:\/\/homeliers.com\/ca\/wp-json\/wp\/v2\/media\/456"}],"wp:attachment":[{"href":"https:\/\/homeliers.com\/ca\/wp-json\/wp\/v2\/media?parent=455"}],"wp:term":[{"taxonomy":"product_cat","embeddable":true,"href":"https:\/\/homeliers.com\/ca\/wp-json\/wp\/v2\/product_cat?post=455"},{"taxonomy":"product_tag","embeddable":true,"href":"https:\/\/homeliers.com\/ca\/wp-json\/wp\/v2\/product_tag?post=455"}],"curies":[{"name":"wp","href":"https:\/\/api.w.org\/{rel}","templated":true}]}}