{"id":517,"date":"2020-08-06T10:38:30","date_gmt":"2020-08-06T08:38:30","guid":{"rendered":"https:\/\/homeliers.com\/ca\/tienda\/sin%20categor\u00eda\/terrers-brut-nature\/"},"modified":"2024-09-03T09:26:30","modified_gmt":"2024-09-03T08:26:30","slug":"terrers-brut-nature","status":"publish","type":"product","link":"https:\/\/homeliers.com\/ca\/botiga\/per-triomfar\/terrers-brut-nature\/","title":{"rendered":"Recaredo Terrers Brut Nature"},"content":{"rendered":"","protected":false},"excerpt":{"rendered":"<table width=\"1123\">\n<tbody>\n<tr>\n<td width=\"1123\">Brut Nature estrella de 36 mesos de rep\u00f2s de Recaredo, un dels m\u00e9s prestigiosos cellers que cuiden els detalls i la tradici\u00f3 com ning\u00fa al Pened\u00e8s, certificats biodin\u00e0mics, ara dins la denominaci\u00f3 Corpinnat.<\/td>\n<\/tr>\n<\/tbody>\n<\/table>\n","protected":false},"featured_media":518,"comment_status":"open","ping_status":"closed","template":"","meta":{"inline_featured_image":false},"product_cat":[20],"product_tag":[],"bundle_layout":"","bundled_by":["635","658"],"bundled_items":[],"yoast_head":"<!-- This site is optimized with the Yoast SEO plugin v23.0 - https:\/\/yoast.com\/wordpress\/plugins\/seo\/ -->\n<title>\ud83e\udd47 Recaredo Terrers Brut Nature - Corpinnat<\/title>\n<meta name=\"description\" content=\"Brut Nature estrella de 36 mesos de rep\u00f2s de Recaredo, un dels m\u00e9s prestigiosos cellers que cuiden els detalls i la tradici\u00f3 com ning\u00fa al Pened\u00e8s, certificats biodin\u00e0mics, ara dins la denominaci\u00f3 Corpinnat.\" \/>\n<meta name=\"robots\" content=\"index, follow, max-snippet:-1, max-image-preview:large, max-video-preview:-1\" \/>\n<link rel=\"canonical\" href=\"https:\/\/homeliers.com\/ca\/botiga\/per-triomfar\/terrers-brut-nature\/\" \/>\n<meta property=\"og:locale\" content=\"ca_ES\" \/>\n<meta property=\"og:type\" content=\"article\" \/>\n<meta property=\"og:title\" content=\"\ud83e\udd47 Recaredo Terrers Brut Nature - Corpinnat\" \/>\n<meta property=\"og:description\" content=\"Brut Nature estrella de 36 mesos de rep\u00f2s de Recaredo, un dels m\u00e9s prestigiosos cellers que cuiden els detalls i la tradici\u00f3 com ning\u00fa al Pened\u00e8s, certificats biodin\u00e0mics, ara dins la denominaci\u00f3 Corpinnat.\" \/>\n<meta property=\"og:url\" content=\"https:\/\/homeliers.com\/ca\/botiga\/per-triomfar\/terrers-brut-nature\/\" \/>\n<meta property=\"og:site_name\" content=\"Homeliers\" \/>\n<meta property=\"article:publisher\" content=\"https:\/\/www.facebook.com\/homeliers\" \/>\n<meta property=\"article:modified_time\" content=\"2024-09-03T08:26:30+00:00\" \/>\n<meta property=\"og:image\" content=\"https:\/\/homeliers.com\/ca\/wp-content\/uploads\/sites\/4\/2020\/08\/Terrers-Brut-Nature.jpg\" \/>\n\t<meta property=\"og:image:width\" content=\"1024\" \/>\n\t<meta property=\"og:image:height\" content=\"1024\" \/>\n\t<meta property=\"og:image:type\" content=\"image\/jpeg\" \/>\n<meta name=\"twitter:card\" content=\"summary_large_image\" \/>\n<meta name=\"twitter:site\" content=\"@homeliers\" \/>\n<script type=\"application\/ld+json\" class=\"yoast-schema-graph\">{\"@context\":\"https:\/\/schema.org\",\"@graph\":[{\"@type\":\"WebPage\",\"@id\":\"https:\/\/homeliers.com\/ca\/botiga\/per-triomfar\/terrers-brut-nature\/\",\"url\":\"https:\/\/homeliers.com\/ca\/botiga\/per-triomfar\/terrers-brut-nature\/\",\"name\":\"\ud83e\udd47 Recaredo Terrers Brut Nature - Corpinnat\",\"isPartOf\":{\"@id\":\"https:\/\/homeliers.com\/ca\/#website\"},\"primaryImageOfPage\":{\"@id\":\"https:\/\/homeliers.com\/ca\/botiga\/per-triomfar\/terrers-brut-nature\/#primaryimage\"},\"image\":{\"@id\":\"https:\/\/homeliers.com\/ca\/botiga\/per-triomfar\/terrers-brut-nature\/#primaryimage\"},\"thumbnailUrl\":\"https:\/\/homeliers.com\/ca\/wp-content\/uploads\/sites\/4\/2020\/08\/Terrers-Brut-Nature.jpg\",\"datePublished\":\"2020-08-06T08:38:30+00:00\",\"dateModified\":\"2024-09-03T08:26:30+00:00\",\"description\":\"Brut Nature estrella de 36 mesos de rep\u00f2s de Recaredo, un dels m\u00e9s prestigiosos cellers que cuiden els detalls i la tradici\u00f3 com ning\u00fa al Pened\u00e8s, certificats biodin\u00e0mics, ara dins la denominaci\u00f3 Corpinnat.\",\"breadcrumb\":{\"@id\":\"https:\/\/homeliers.com\/ca\/botiga\/per-triomfar\/terrers-brut-nature\/#breadcrumb\"},\"inLanguage\":\"ca-ES\",\"potentialAction\":[{\"@type\":\"ReadAction\",\"target\":[\"https:\/\/homeliers.com\/ca\/botiga\/per-triomfar\/terrers-brut-nature\/\"]}]},{\"@type\":\"ImageObject\",\"inLanguage\":\"ca-ES\",\"@id\":\"https:\/\/homeliers.com\/ca\/botiga\/per-triomfar\/terrers-brut-nature\/#primaryimage\",\"url\":\"https:\/\/homeliers.com\/ca\/wp-content\/uploads\/sites\/4\/2020\/08\/Terrers-Brut-Nature.jpg\",\"contentUrl\":\"https:\/\/homeliers.com\/ca\/wp-content\/uploads\/sites\/4\/2020\/08\/Terrers-Brut-Nature.jpg\",\"width\":1024,\"height\":1024},{\"@type\":\"BreadcrumbList\",\"@id\":\"https:\/\/homeliers.com\/ca\/botiga\/per-triomfar\/terrers-brut-nature\/#breadcrumb\",\"itemListElement\":[{\"@type\":\"ListItem\",\"position\":1,\"name\":\"Inici\",\"item\":\"https:\/\/homeliers.com\/ca\/\"},{\"@type\":\"ListItem\",\"position\":2,\"name\":\"Botiga\",\"item\":\"https:\/\/homeliers.com\/ca\/botiga\/\"},{\"@type\":\"ListItem\",\"position\":3,\"name\":\"Recaredo Terrers Brut Nature\"}]},{\"@type\":\"WebSite\",\"@id\":\"https:\/\/homeliers.com\/ca\/#website\",\"url\":\"https:\/\/homeliers.com\/ca\/\",\"name\":\"Homeliers\",\"description\":\"Seleccionem els millors vins i te&#039;ls portem a casa\",\"publisher\":{\"@id\":\"https:\/\/homeliers.com\/ca\/#organization\"},\"potentialAction\":[{\"@type\":\"SearchAction\",\"target\":{\"@type\":\"EntryPoint\",\"urlTemplate\":\"https:\/\/homeliers.com\/ca\/?s={search_term_string}\"},\"query-input\":\"required name=search_term_string\"}],\"inLanguage\":\"ca-ES\"},{\"@type\":\"Organization\",\"@id\":\"https:\/\/homeliers.com\/ca\/#organization\",\"name\":\"Homeliers\",\"url\":\"https:\/\/homeliers.com\/ca\/\",\"logo\":{\"@type\":\"ImageObject\",\"inLanguage\":\"ca-ES\",\"@id\":\"https:\/\/homeliers.com\/ca\/#\/schema\/logo\/image\/\",\"url\":\"https:\/\/homeliers.com\/ca\/wp-content\/uploads\/sites\/4\/2020\/06\/Homeliers_CA_v.svg\",\"contentUrl\":\"https:\/\/homeliers.com\/ca\/wp-content\/uploads\/sites\/4\/2020\/06\/Homeliers_CA_v.svg\",\"width\":397,\"height\":226,\"caption\":\"Homeliers\"},\"image\":{\"@id\":\"https:\/\/homeliers.com\/ca\/#\/schema\/logo\/image\/\"},\"sameAs\":[\"https:\/\/www.facebook.com\/homeliers\",\"https:\/\/x.com\/homeliers\",\"https:\/\/www.instagram.com\/homeliers\/\"]}]}<\/script>\n<!-- \/ Yoast SEO plugin. -->","yoast_head_json":{"title":"\ud83e\udd47 Recaredo Terrers Brut Nature - Corpinnat","description":"Brut Nature estrella de 36 mesos de rep\u00f2s de Recaredo, un dels m\u00e9s prestigiosos cellers que cuiden els detalls i la tradici\u00f3 com ning\u00fa al Pened\u00e8s, certificats biodin\u00e0mics, ara dins la denominaci\u00f3 Corpinnat.","robots":{"index":"index","follow":"follow","max-snippet":"max-snippet:-1","max-image-preview":"max-image-preview:large","max-video-preview":"max-video-preview:-1"},"canonical":"https:\/\/homeliers.com\/ca\/botiga\/per-triomfar\/terrers-brut-nature\/","og_locale":"ca_ES","og_type":"article","og_title":"\ud83e\udd47 Recaredo Terrers Brut Nature - Corpinnat","og_description":"Brut Nature estrella de 36 mesos de rep\u00f2s de Recaredo, un dels m\u00e9s prestigiosos cellers que cuiden els detalls i la tradici\u00f3 com ning\u00fa al Pened\u00e8s, certificats biodin\u00e0mics, ara dins la denominaci\u00f3 Corpinnat.","og_url":"https:\/\/homeliers.com\/ca\/botiga\/per-triomfar\/terrers-brut-nature\/","og_site_name":"Homeliers","article_publisher":"https:\/\/www.facebook.com\/homeliers","article_modified_time":"2024-09-03T08:26:30+00:00","og_image":[{"width":1024,"height":1024,"url":"https:\/\/homeliers.com\/ca\/wp-content\/uploads\/sites\/4\/2020\/08\/Terrers-Brut-Nature.jpg","type":"image\/jpeg"}],"twitter_card":"summary_large_image","twitter_site":"@homeliers","schema":{"@context":"https:\/\/schema.org","@graph":[{"@type":"WebPage","@id":"https:\/\/homeliers.com\/ca\/botiga\/per-triomfar\/terrers-brut-nature\/","url":"https:\/\/homeliers.com\/ca\/botiga\/per-triomfar\/terrers-brut-nature\/","name":"\ud83e\udd47 Recaredo Terrers Brut Nature - Corpinnat","isPartOf":{"@id":"https:\/\/homeliers.com\/ca\/#website"},"primaryImageOfPage":{"@id":"https:\/\/homeliers.com\/ca\/botiga\/per-triomfar\/terrers-brut-nature\/#primaryimage"},"image":{"@id":"https:\/\/homeliers.com\/ca\/botiga\/per-triomfar\/terrers-brut-nature\/#primaryimage"},"thumbnailUrl":"https:\/\/homeliers.com\/ca\/wp-content\/uploads\/sites\/4\/2020\/08\/Terrers-Brut-Nature.jpg","datePublished":"2020-08-06T08:38:30+00:00","dateModified":"2024-09-03T08:26:30+00:00","description":"Brut Nature estrella de 36 mesos de rep\u00f2s de Recaredo, un dels m\u00e9s prestigiosos cellers que cuiden els detalls i la tradici\u00f3 com ning\u00fa al Pened\u00e8s, certificats biodin\u00e0mics, ara dins la denominaci\u00f3 Corpinnat.","breadcrumb":{"@id":"https:\/\/homeliers.com\/ca\/botiga\/per-triomfar\/terrers-brut-nature\/#breadcrumb"},"inLanguage":"ca-ES","potentialAction":[{"@type":"ReadAction","target":["https:\/\/homeliers.com\/ca\/botiga\/per-triomfar\/terrers-brut-nature\/"]}]},{"@type":"ImageObject","inLanguage":"ca-ES","@id":"https:\/\/homeliers.com\/ca\/botiga\/per-triomfar\/terrers-brut-nature\/#primaryimage","url":"https:\/\/homeliers.com\/ca\/wp-content\/uploads\/sites\/4\/2020\/08\/Terrers-Brut-Nature.jpg","contentUrl":"https:\/\/homeliers.com\/ca\/wp-content\/uploads\/sites\/4\/2020\/08\/Terrers-Brut-Nature.jpg","width":1024,"height":1024},{"@type":"BreadcrumbList","@id":"https:\/\/homeliers.com\/ca\/botiga\/per-triomfar\/terrers-brut-nature\/#breadcrumb","itemListElement":[{"@type":"ListItem","position":1,"name":"Inici","item":"https:\/\/homeliers.com\/ca\/"},{"@type":"ListItem","position":2,"name":"Botiga","item":"https:\/\/homeliers.com\/ca\/botiga\/"},{"@type":"ListItem","position":3,"name":"Recaredo Terrers Brut Nature"}]},{"@type":"WebSite","@id":"https:\/\/homeliers.com\/ca\/#website","url":"https:\/\/homeliers.com\/ca\/","name":"Homeliers","description":"Seleccionem els millors vins i te&#039;ls portem a casa","publisher":{"@id":"https:\/\/homeliers.com\/ca\/#organization"},"potentialAction":[{"@type":"SearchAction","target":{"@type":"EntryPoint","urlTemplate":"https:\/\/homeliers.com\/ca\/?s={search_term_string}"},"query-input":"required name=search_term_string"}],"inLanguage":"ca-ES"},{"@type":"Organization","@id":"https:\/\/homeliers.com\/ca\/#organization","name":"Homeliers","url":"https:\/\/homeliers.com\/ca\/","logo":{"@type":"ImageObject","inLanguage":"ca-ES","@id":"https:\/\/homeliers.com\/ca\/#\/schema\/logo\/image\/","url":"https:\/\/homeliers.com\/ca\/wp-content\/uploads\/sites\/4\/2020\/06\/Homeliers_CA_v.svg","contentUrl":"https:\/\/homeliers.com\/ca\/wp-content\/uploads\/sites\/4\/2020\/06\/Homeliers_CA_v.svg","width":397,"height":226,"caption":"Homeliers"},"image":{"@id":"https:\/\/homeliers.com\/ca\/#\/schema\/logo\/image\/"},"sameAs":["https:\/\/www.facebook.com\/homeliers","https:\/\/x.com\/homeliers","https:\/\/www.instagram.com\/homeliers\/"]}]}},"_links":{"self":[{"href":"https:\/\/homeliers.com\/ca\/wp-json\/wp\/v2\/product\/517"}],"collection":[{"href":"https:\/\/homeliers.com\/ca\/wp-json\/wp\/v2\/product"}],"about":[{"href":"https:\/\/homeliers.com\/ca\/wp-json\/wp\/v2\/types\/product"}],"replies":[{"embeddable":true,"href":"https:\/\/homeliers.com\/ca\/wp-json\/wp\/v2\/comments?post=517"}],"wp:featuredmedia":[{"embeddable":true,"href":"https:\/\/homeliers.com\/ca\/wp-json\/wp\/v2\/media\/518"}],"wp:attachment":[{"href":"https:\/\/homeliers.com\/ca\/wp-json\/wp\/v2\/media?parent=517"}],"wp:term":[{"taxonomy":"product_cat","embeddable":true,"href":"https:\/\/homeliers.com\/ca\/wp-json\/wp\/v2\/product_cat?post=517"},{"taxonomy":"product_tag","embeddable":true,"href":"https:\/\/homeliers.com\/ca\/wp-json\/wp\/v2\/product_tag?post=517"}],"curies":[{"name":"wp","href":"https:\/\/api.w.org\/{rel}","templated":true}]}}