{"id":713,"date":"2020-10-22T23:33:49","date_gmt":"2020-10-22T21:33:49","guid":{"rendered":"https:\/\/homeliers.com\/ca\/?post_type=product&#038;p=713"},"modified":"2024-09-03T09:21:49","modified_gmt":"2024-09-03T08:21:49","slug":"pack-castahallow","status":"publish","type":"product","link":"https:\/\/homeliers.com\/ca\/botiga\/per-descobrir\/pack-castahallow\/","title":{"rendered":"Pack CastaHallow"},"content":{"rendered":"","protected":false},"excerpt":{"rendered":"<p>Sis vins per a gaudir com mai la festa de Tots Sants, Castanyada, Halloween o simplement donar-te un gran homenatge en aquests temps de tardor.<\/p>\n<p><strong>L&#8217;Inconscient<\/strong>\u00a0 un Priorat negre jove potent amb cos.<\/p>\n<p><strong>Anima Negra 2<\/strong> un vi negre singular de Mallorca per satisfer les \u00e0nimes m\u00e9s fosques.<\/p>\n<p><strong>Pazo das Bruxas<\/strong> un blanc Albari\u00f1o que ens arriba des dels misteriosos boscos gallecs.<\/p>\n<p><strong>Bruja de Rozas<\/strong> una garnatxa negra de la Serra de Gredos para embruixar del tot el teu Halloween particular.<\/p>\n<p><strong>Via Edetana Blanc<\/strong> garnatxa blanca fresca i llaminera provinent de la Terra Alta.<\/p>\n<p><strong>i l&#8217;Espelt Moscatell vi dol\u00e7<\/strong> per acompanyar les teves postres, castanyes i panellets.<\/p>\n","protected":false},"featured_media":762,"comment_status":"open","ping_status":"closed","template":"","meta":{"inline_featured_image":false},"product_cat":[18],"product_tag":[127],"bundle_layout":"default","bundled_by":[],"bundled_items":[{"bundled_item_id":205,"product_id":507,"menu_order":0,"quantity_min":1,"quantity_max":1,"priced_individually":false,"shipped_individually":false,"override_title":false,"title":"","override_description":false,"description":"","optional":false,"hide_thumbnail":false,"discount":"","override_variations":false,"allowed_variations":[],"override_default_variation_attributes":false,"default_variation_attributes":[],"single_product_visibility":"visible","cart_visibility":"visible","order_visibility":"visible","single_product_price_visibility":"visible","cart_price_visibility":"visible","order_price_visibility":"visible","stock_status":"on_backorder"},{"bundled_item_id":206,"product_id":303,"menu_order":1,"quantity_min":1,"quantity_max":1,"priced_individually":false,"shipped_individually":false,"override_title":false,"title":"","override_description":false,"description":"","optional":false,"hide_thumbnail":false,"discount":"","override_variations":false,"allowed_variations":[],"override_default_variation_attributes":false,"default_variation_attributes":[],"single_product_visibility":"visible","cart_visibility":"visible","order_visibility":"visible","single_product_price_visibility":"visible","cart_price_visibility":"visible","order_price_visibility":"visible","stock_status":"on_backorder"},{"bundled_item_id":207,"product_id":693,"menu_order":2,"quantity_min":1,"quantity_max":1,"priced_individually":false,"shipped_individually":false,"override_title":false,"title":"","override_description":false,"description":"","optional":false,"hide_thumbnail":false,"discount":"","override_variations":false,"allowed_variations":[],"override_default_variation_attributes":false,"default_variation_attributes":[],"single_product_visibility":"visible","cart_visibility":"visible","order_visibility":"visible","single_product_price_visibility":"visible","cart_price_visibility":"visible","order_price_visibility":"visible","stock_status":"in_stock"},{"bundled_item_id":209,"product_id":287,"menu_order":3,"quantity_min":1,"quantity_max":1,"priced_individually":false,"shipped_individually":false,"override_title":false,"title":"","override_description":false,"description":"","optional":false,"hide_thumbnail":false,"discount":"","override_variations":false,"allowed_variations":[],"override_default_variation_attributes":false,"default_variation_attributes":[],"single_product_visibility":"visible","cart_visibility":"visible","order_visibility":"visible","single_product_price_visibility":"visible","cart_price_visibility":"visible","order_price_visibility":"visible","stock_status":"in_stock"},{"bundled_item_id":210,"product_id":692,"menu_order":4,"quantity_min":1,"quantity_max":1,"priced_individually":false,"shipped_individually":false,"override_title":false,"title":"","override_description":false,"description":"","optional":false,"hide_thumbnail":false,"discount":"","override_variations":false,"allowed_variations":[],"override_default_variation_attributes":false,"default_variation_attributes":[],"single_product_visibility":"visible","cart_visibility":"visible","order_visibility":"visible","single_product_price_visibility":"visible","cart_price_visibility":"visible","order_price_visibility":"visible","stock_status":"in_stock"},{"bundled_item_id":216,"product_id":710,"menu_order":5,"quantity_min":1,"quantity_max":1,"priced_individually":false,"shipped_individually":false,"override_title":false,"title":"","override_description":false,"description":"","optional":false,"hide_thumbnail":false,"discount":"","override_variations":false,"allowed_variations":[],"override_default_variation_attributes":false,"default_variation_attributes":[],"single_product_visibility":"visible","cart_visibility":"visible","order_visibility":"visible","single_product_price_visibility":"visible","cart_price_visibility":"visible","order_price_visibility":"visible","stock_status":"in_stock"}],"yoast_head":"<!-- This site is optimized with the Yoast SEO plugin v23.0 - https:\/\/yoast.com\/wordpress\/plugins\/seo\/ -->\n<title>\ud83e\udd47 Pack CastaHallow -<\/title>\n<meta name=\"description\" content=\"Sis vins per a gaudir com mai la festa de Tots Sants, Castanyada, Halloween o simplement donar-te un gran homenatge en aquests temps de tardor.  L&#039;Inconscient\u00a0 un Priorat negre jove potent amb cos.  Anima Negra 2 un vi negre singular de Mallorca per satisfer les \u00e0nimes m\u00e9s fosques.  Pazo das Bruxas un blanc Albari\u00f1o que ens arriba des dels misteriosos boscos gallecs.  Bruja de Rozas una garnatxa negra de la Serra de Gredos para embruixar del tot el teu Halloween particular.  Via Edetana Blanc garnatxa blanca fresca i llaminera provinent de la Terra Alta.  i l&#039;Espelt Moscatell vi dol\u00e7 per acompanyar les teves postres, castanyes i panellets.\" \/>\n<meta name=\"robots\" content=\"index, follow, max-snippet:-1, max-image-preview:large, max-video-preview:-1\" \/>\n<link rel=\"canonical\" href=\"https:\/\/homeliers.com\/ca\/botiga\/per-descobrir\/pack-castahallow\/\" \/>\n<meta property=\"og:locale\" content=\"ca_ES\" \/>\n<meta property=\"og:type\" content=\"article\" \/>\n<meta property=\"og:title\" content=\"\ud83e\udd47 Pack CastaHallow -\" \/>\n<meta property=\"og:description\" content=\"Sis vins per a gaudir com mai la festa de Tots Sants, Castanyada, Halloween o simplement donar-te un gran homenatge en aquests temps de tardor.  L&#039;Inconscient\u00a0 un Priorat negre jove potent amb cos.  Anima Negra 2 un vi negre singular de Mallorca per satisfer les \u00e0nimes m\u00e9s fosques.  Pazo das Bruxas un blanc Albari\u00f1o que ens arriba des dels misteriosos boscos gallecs.  Bruja de Rozas una garnatxa negra de la Serra de Gredos para embruixar del tot el teu Halloween particular.  Via Edetana Blanc garnatxa blanca fresca i llaminera provinent de la Terra Alta.  i l&#039;Espelt Moscatell vi dol\u00e7 per acompanyar les teves postres, castanyes i panellets.\" \/>\n<meta property=\"og:url\" content=\"https:\/\/homeliers.com\/ca\/botiga\/per-descobrir\/pack-castahallow\/\" \/>\n<meta property=\"og:site_name\" content=\"Homeliers\" \/>\n<meta property=\"article:publisher\" content=\"https:\/\/www.facebook.com\/homeliers\" \/>\n<meta property=\"article:modified_time\" content=\"2024-09-03T08:21:49+00:00\" \/>\n<meta property=\"og:image\" content=\"https:\/\/homeliers.com\/ca\/wp-content\/uploads\/sites\/4\/2020\/10\/Pack-CastaHallow.jpg\" \/>\n\t<meta property=\"og:image:width\" content=\"1024\" \/>\n\t<meta property=\"og:image:height\" content=\"1024\" \/>\n\t<meta property=\"og:image:type\" content=\"image\/jpeg\" \/>\n<meta name=\"twitter:card\" content=\"summary_large_image\" \/>\n<meta name=\"twitter:site\" content=\"@homeliers\" \/>\n<script type=\"application\/ld+json\" class=\"yoast-schema-graph\">{\"@context\":\"https:\/\/schema.org\",\"@graph\":[{\"@type\":\"WebPage\",\"@id\":\"https:\/\/homeliers.com\/ca\/botiga\/per-descobrir\/pack-castahallow\/\",\"url\":\"https:\/\/homeliers.com\/ca\/botiga\/per-descobrir\/pack-castahallow\/\",\"name\":\"\ud83e\udd47 Pack CastaHallow -\",\"isPartOf\":{\"@id\":\"https:\/\/homeliers.com\/ca\/#website\"},\"primaryImageOfPage\":{\"@id\":\"https:\/\/homeliers.com\/ca\/botiga\/per-descobrir\/pack-castahallow\/#primaryimage\"},\"image\":{\"@id\":\"https:\/\/homeliers.com\/ca\/botiga\/per-descobrir\/pack-castahallow\/#primaryimage\"},\"thumbnailUrl\":\"https:\/\/homeliers.com\/ca\/wp-content\/uploads\/sites\/4\/2020\/10\/Pack-CastaHallow.jpg\",\"datePublished\":\"2020-10-22T21:33:49+00:00\",\"dateModified\":\"2024-09-03T08:21:49+00:00\",\"description\":\"Sis vins per a gaudir com mai la festa de Tots Sants, Castanyada, Halloween o simplement donar-te un gran homenatge en aquests temps de tardor. L'Inconscient\u00a0 un Priorat negre jove potent amb cos. Anima Negra 2 un vi negre singular de Mallorca per satisfer les \u00e0nimes m\u00e9s fosques. Pazo das Bruxas un blanc Albari\u00f1o que ens arriba des dels misteriosos boscos gallecs. Bruja de Rozas una garnatxa negra de la Serra de Gredos para embruixar del tot el teu Halloween particular. Via Edetana Blanc garnatxa blanca fresca i llaminera provinent de la Terra Alta. i l'Espelt Moscatell vi dol\u00e7 per acompanyar les teves postres, castanyes i panellets.\",\"breadcrumb\":{\"@id\":\"https:\/\/homeliers.com\/ca\/botiga\/per-descobrir\/pack-castahallow\/#breadcrumb\"},\"inLanguage\":\"ca-ES\",\"potentialAction\":[{\"@type\":\"ReadAction\",\"target\":[\"https:\/\/homeliers.com\/ca\/botiga\/per-descobrir\/pack-castahallow\/\"]}]},{\"@type\":\"ImageObject\",\"inLanguage\":\"ca-ES\",\"@id\":\"https:\/\/homeliers.com\/ca\/botiga\/per-descobrir\/pack-castahallow\/#primaryimage\",\"url\":\"https:\/\/homeliers.com\/ca\/wp-content\/uploads\/sites\/4\/2020\/10\/Pack-CastaHallow.jpg\",\"contentUrl\":\"https:\/\/homeliers.com\/ca\/wp-content\/uploads\/sites\/4\/2020\/10\/Pack-CastaHallow.jpg\",\"width\":1024,\"height\":1024,\"caption\":\"Pack CastaHallow\"},{\"@type\":\"BreadcrumbList\",\"@id\":\"https:\/\/homeliers.com\/ca\/botiga\/per-descobrir\/pack-castahallow\/#breadcrumb\",\"itemListElement\":[{\"@type\":\"ListItem\",\"position\":1,\"name\":\"Inici\",\"item\":\"https:\/\/homeliers.com\/ca\/\"},{\"@type\":\"ListItem\",\"position\":2,\"name\":\"Botiga\",\"item\":\"https:\/\/homeliers.com\/ca\/botiga\/\"},{\"@type\":\"ListItem\",\"position\":3,\"name\":\"Pack CastaHallow\"}]},{\"@type\":\"WebSite\",\"@id\":\"https:\/\/homeliers.com\/ca\/#website\",\"url\":\"https:\/\/homeliers.com\/ca\/\",\"name\":\"Homeliers\",\"description\":\"Seleccionem els millors vins i te&#039;ls portem a casa\",\"publisher\":{\"@id\":\"https:\/\/homeliers.com\/ca\/#organization\"},\"potentialAction\":[{\"@type\":\"SearchAction\",\"target\":{\"@type\":\"EntryPoint\",\"urlTemplate\":\"https:\/\/homeliers.com\/ca\/?s={search_term_string}\"},\"query-input\":\"required name=search_term_string\"}],\"inLanguage\":\"ca-ES\"},{\"@type\":\"Organization\",\"@id\":\"https:\/\/homeliers.com\/ca\/#organization\",\"name\":\"Homeliers\",\"url\":\"https:\/\/homeliers.com\/ca\/\",\"logo\":{\"@type\":\"ImageObject\",\"inLanguage\":\"ca-ES\",\"@id\":\"https:\/\/homeliers.com\/ca\/#\/schema\/logo\/image\/\",\"url\":\"https:\/\/homeliers.com\/ca\/wp-content\/uploads\/sites\/4\/2020\/06\/Homeliers_CA_v.svg\",\"contentUrl\":\"https:\/\/homeliers.com\/ca\/wp-content\/uploads\/sites\/4\/2020\/06\/Homeliers_CA_v.svg\",\"width\":397,\"height\":226,\"caption\":\"Homeliers\"},\"image\":{\"@id\":\"https:\/\/homeliers.com\/ca\/#\/schema\/logo\/image\/\"},\"sameAs\":[\"https:\/\/www.facebook.com\/homeliers\",\"https:\/\/x.com\/homeliers\",\"https:\/\/www.instagram.com\/homeliers\/\"]}]}<\/script>\n<!-- \/ Yoast SEO plugin. -->","yoast_head_json":{"title":"\ud83e\udd47 Pack CastaHallow -","description":"Sis vins per a gaudir com mai la festa de Tots Sants, Castanyada, Halloween o simplement donar-te un gran homenatge en aquests temps de tardor.  L'Inconscient\u00a0 un Priorat negre jove potent amb cos.  Anima Negra 2 un vi negre singular de Mallorca per satisfer les \u00e0nimes m\u00e9s fosques.  Pazo das Bruxas un blanc Albari\u00f1o que ens arriba des dels misteriosos boscos gallecs.  Bruja de Rozas una garnatxa negra de la Serra de Gredos para embruixar del tot el teu Halloween particular.  Via Edetana Blanc garnatxa blanca fresca i llaminera provinent de la Terra Alta.  i l'Espelt Moscatell vi dol\u00e7 per acompanyar les teves postres, castanyes i panellets.","robots":{"index":"index","follow":"follow","max-snippet":"max-snippet:-1","max-image-preview":"max-image-preview:large","max-video-preview":"max-video-preview:-1"},"canonical":"https:\/\/homeliers.com\/ca\/botiga\/per-descobrir\/pack-castahallow\/","og_locale":"ca_ES","og_type":"article","og_title":"\ud83e\udd47 Pack CastaHallow -","og_description":"Sis vins per a gaudir com mai la festa de Tots Sants, Castanyada, Halloween o simplement donar-te un gran homenatge en aquests temps de tardor.  L'Inconscient\u00a0 un Priorat negre jove potent amb cos.  Anima Negra 2 un vi negre singular de Mallorca per satisfer les \u00e0nimes m\u00e9s fosques.  Pazo das Bruxas un blanc Albari\u00f1o que ens arriba des dels misteriosos boscos gallecs.  Bruja de Rozas una garnatxa negra de la Serra de Gredos para embruixar del tot el teu Halloween particular.  Via Edetana Blanc garnatxa blanca fresca i llaminera provinent de la Terra Alta.  i l'Espelt Moscatell vi dol\u00e7 per acompanyar les teves postres, castanyes i panellets.","og_url":"https:\/\/homeliers.com\/ca\/botiga\/per-descobrir\/pack-castahallow\/","og_site_name":"Homeliers","article_publisher":"https:\/\/www.facebook.com\/homeliers","article_modified_time":"2024-09-03T08:21:49+00:00","og_image":[{"width":1024,"height":1024,"url":"https:\/\/homeliers.com\/ca\/wp-content\/uploads\/sites\/4\/2020\/10\/Pack-CastaHallow.jpg","type":"image\/jpeg"}],"twitter_card":"summary_large_image","twitter_site":"@homeliers","schema":{"@context":"https:\/\/schema.org","@graph":[{"@type":"WebPage","@id":"https:\/\/homeliers.com\/ca\/botiga\/per-descobrir\/pack-castahallow\/","url":"https:\/\/homeliers.com\/ca\/botiga\/per-descobrir\/pack-castahallow\/","name":"\ud83e\udd47 Pack CastaHallow -","isPartOf":{"@id":"https:\/\/homeliers.com\/ca\/#website"},"primaryImageOfPage":{"@id":"https:\/\/homeliers.com\/ca\/botiga\/per-descobrir\/pack-castahallow\/#primaryimage"},"image":{"@id":"https:\/\/homeliers.com\/ca\/botiga\/per-descobrir\/pack-castahallow\/#primaryimage"},"thumbnailUrl":"https:\/\/homeliers.com\/ca\/wp-content\/uploads\/sites\/4\/2020\/10\/Pack-CastaHallow.jpg","datePublished":"2020-10-22T21:33:49+00:00","dateModified":"2024-09-03T08:21:49+00:00","description":"Sis vins per a gaudir com mai la festa de Tots Sants, Castanyada, Halloween o simplement donar-te un gran homenatge en aquests temps de tardor. L'Inconscient\u00a0 un Priorat negre jove potent amb cos. Anima Negra 2 un vi negre singular de Mallorca per satisfer les \u00e0nimes m\u00e9s fosques. Pazo das Bruxas un blanc Albari\u00f1o que ens arriba des dels misteriosos boscos gallecs. Bruja de Rozas una garnatxa negra de la Serra de Gredos para embruixar del tot el teu Halloween particular. Via Edetana Blanc garnatxa blanca fresca i llaminera provinent de la Terra Alta. i l'Espelt Moscatell vi dol\u00e7 per acompanyar les teves postres, castanyes i panellets.","breadcrumb":{"@id":"https:\/\/homeliers.com\/ca\/botiga\/per-descobrir\/pack-castahallow\/#breadcrumb"},"inLanguage":"ca-ES","potentialAction":[{"@type":"ReadAction","target":["https:\/\/homeliers.com\/ca\/botiga\/per-descobrir\/pack-castahallow\/"]}]},{"@type":"ImageObject","inLanguage":"ca-ES","@id":"https:\/\/homeliers.com\/ca\/botiga\/per-descobrir\/pack-castahallow\/#primaryimage","url":"https:\/\/homeliers.com\/ca\/wp-content\/uploads\/sites\/4\/2020\/10\/Pack-CastaHallow.jpg","contentUrl":"https:\/\/homeliers.com\/ca\/wp-content\/uploads\/sites\/4\/2020\/10\/Pack-CastaHallow.jpg","width":1024,"height":1024,"caption":"Pack CastaHallow"},{"@type":"BreadcrumbList","@id":"https:\/\/homeliers.com\/ca\/botiga\/per-descobrir\/pack-castahallow\/#breadcrumb","itemListElement":[{"@type":"ListItem","position":1,"name":"Inici","item":"https:\/\/homeliers.com\/ca\/"},{"@type":"ListItem","position":2,"name":"Botiga","item":"https:\/\/homeliers.com\/ca\/botiga\/"},{"@type":"ListItem","position":3,"name":"Pack CastaHallow"}]},{"@type":"WebSite","@id":"https:\/\/homeliers.com\/ca\/#website","url":"https:\/\/homeliers.com\/ca\/","name":"Homeliers","description":"Seleccionem els millors vins i te&#039;ls portem a casa","publisher":{"@id":"https:\/\/homeliers.com\/ca\/#organization"},"potentialAction":[{"@type":"SearchAction","target":{"@type":"EntryPoint","urlTemplate":"https:\/\/homeliers.com\/ca\/?s={search_term_string}"},"query-input":"required name=search_term_string"}],"inLanguage":"ca-ES"},{"@type":"Organization","@id":"https:\/\/homeliers.com\/ca\/#organization","name":"Homeliers","url":"https:\/\/homeliers.com\/ca\/","logo":{"@type":"ImageObject","inLanguage":"ca-ES","@id":"https:\/\/homeliers.com\/ca\/#\/schema\/logo\/image\/","url":"https:\/\/homeliers.com\/ca\/wp-content\/uploads\/sites\/4\/2020\/06\/Homeliers_CA_v.svg","contentUrl":"https:\/\/homeliers.com\/ca\/wp-content\/uploads\/sites\/4\/2020\/06\/Homeliers_CA_v.svg","width":397,"height":226,"caption":"Homeliers"},"image":{"@id":"https:\/\/homeliers.com\/ca\/#\/schema\/logo\/image\/"},"sameAs":["https:\/\/www.facebook.com\/homeliers","https:\/\/x.com\/homeliers","https:\/\/www.instagram.com\/homeliers\/"]}]}},"_links":{"self":[{"href":"https:\/\/homeliers.com\/ca\/wp-json\/wp\/v2\/product\/713"}],"collection":[{"href":"https:\/\/homeliers.com\/ca\/wp-json\/wp\/v2\/product"}],"about":[{"href":"https:\/\/homeliers.com\/ca\/wp-json\/wp\/v2\/types\/product"}],"replies":[{"embeddable":true,"href":"https:\/\/homeliers.com\/ca\/wp-json\/wp\/v2\/comments?post=713"}],"wp:featuredmedia":[{"embeddable":true,"href":"https:\/\/homeliers.com\/ca\/wp-json\/wp\/v2\/media\/762"}],"wp:attachment":[{"href":"https:\/\/homeliers.com\/ca\/wp-json\/wp\/v2\/media?parent=713"}],"wp:term":[{"taxonomy":"product_cat","embeddable":true,"href":"https:\/\/homeliers.com\/ca\/wp-json\/wp\/v2\/product_cat?post=713"},{"taxonomy":"product_tag","embeddable":true,"href":"https:\/\/homeliers.com\/ca\/wp-json\/wp\/v2\/product_tag?post=713"}],"curies":[{"name":"wp","href":"https:\/\/api.w.org\/{rel}","templated":true}]}}