{"id":903,"date":"2020-12-08T18:56:19","date_gmt":"2020-12-08T17:56:19","guid":{"rendered":"https:\/\/homeliers.com\/ca\/?post_type=product&#038;p=903"},"modified":"2024-09-03T09:26:25","modified_gmt":"2024-09-03T08:26:25","slug":"p-s-i-2017-catala","status":"publish","type":"product","link":"https:\/\/homeliers.com\/ca\/botiga\/per-triomfar\/p-s-i-2017-catala\/","title":{"rendered":"P S I"},"content":{"rendered":"","protected":false},"excerpt":{"rendered":"<p>P S I\u00a0 prov\u00e9 de vinyes velles de m\u00e9s de 30 anys de la finca Dominio de Pingus a Ribera del Duero. Peter Sisseck \u00e9s el responsable d&#8217;aquest exit\u00f3s projecte, on s&#8217;expresa com mai la fruita macerada en cubs de ciment, llavors el seu pas per botes que provenen del m\u00edtic Pingus aporten sutilment aromes de crian\u00e7a. Sens dubte un aut\u00e8ntic vin\u00e0s!!<\/p>\n","protected":false},"featured_media":909,"comment_status":"closed","ping_status":"closed","template":"","meta":{"inline_featured_image":false},"product_cat":[20],"product_tag":[],"bundle_layout":"","bundled_by":[],"bundled_items":[],"yoast_head":"<!-- This site is optimized with the Yoast SEO plugin v23.0 - https:\/\/yoast.com\/wordpress\/plugins\/seo\/ -->\n<title>\ud83e\udd47 P S I - Ribera del Duero<\/title>\n<meta name=\"description\" content=\"P S I\u00a0 prov\u00e9 de vinyes velles de m\u00e9s de 30 anys de la finca Dominio de Pingus a Ribera del Duero. Peter Sisseck \u00e9s el responsable d&#039;aquest exit\u00f3s projecte, on s&#039;expresa com mai la fruita macerada en cubs de ciment, llavors el seu pas per botes que provenen del m\u00edtic Pingus aporten sutilment aromes de crian\u00e7a. Sens dubte un aut\u00e8ntic vin\u00e0s!!\" \/>\n<meta name=\"robots\" content=\"index, follow, max-snippet:-1, max-image-preview:large, max-video-preview:-1\" \/>\n<link rel=\"canonical\" href=\"https:\/\/homeliers.com\/ca\/botiga\/per-triomfar\/p-s-i-2017-catala\/\" \/>\n<meta property=\"og:locale\" content=\"ca_ES\" \/>\n<meta property=\"og:type\" content=\"article\" \/>\n<meta property=\"og:title\" content=\"\ud83e\udd47 P S I - Ribera del Duero\" \/>\n<meta property=\"og:description\" content=\"P S I\u00a0 prov\u00e9 de vinyes velles de m\u00e9s de 30 anys de la finca Dominio de Pingus a Ribera del Duero. Peter Sisseck \u00e9s el responsable d&#039;aquest exit\u00f3s projecte, on s&#039;expresa com mai la fruita macerada en cubs de ciment, llavors el seu pas per botes que provenen del m\u00edtic Pingus aporten sutilment aromes de crian\u00e7a. Sens dubte un aut\u00e8ntic vin\u00e0s!!\" \/>\n<meta property=\"og:url\" content=\"https:\/\/homeliers.com\/ca\/botiga\/per-triomfar\/p-s-i-2017-catala\/\" \/>\n<meta property=\"og:site_name\" content=\"Homeliers\" \/>\n<meta property=\"article:publisher\" content=\"https:\/\/www.facebook.com\/homeliers\" \/>\n<meta property=\"article:modified_time\" content=\"2024-09-03T08:26:25+00:00\" \/>\n<meta property=\"og:image\" content=\"https:\/\/homeliers.com\/ca\/wp-content\/uploads\/sites\/4\/2020\/12\/PSI.jpg\" \/>\n\t<meta property=\"og:image:width\" content=\"1024\" \/>\n\t<meta property=\"og:image:height\" content=\"1024\" \/>\n\t<meta property=\"og:image:type\" content=\"image\/jpeg\" \/>\n<meta name=\"twitter:card\" content=\"summary_large_image\" \/>\n<meta name=\"twitter:site\" content=\"@homeliers\" \/>\n<script type=\"application\/ld+json\" class=\"yoast-schema-graph\">{\"@context\":\"https:\/\/schema.org\",\"@graph\":[{\"@type\":\"WebPage\",\"@id\":\"https:\/\/homeliers.com\/ca\/botiga\/per-triomfar\/p-s-i-2017-catala\/\",\"url\":\"https:\/\/homeliers.com\/ca\/botiga\/per-triomfar\/p-s-i-2017-catala\/\",\"name\":\"\ud83e\udd47 P S I - Ribera del Duero\",\"isPartOf\":{\"@id\":\"https:\/\/homeliers.com\/ca\/#website\"},\"primaryImageOfPage\":{\"@id\":\"https:\/\/homeliers.com\/ca\/botiga\/per-triomfar\/p-s-i-2017-catala\/#primaryimage\"},\"image\":{\"@id\":\"https:\/\/homeliers.com\/ca\/botiga\/per-triomfar\/p-s-i-2017-catala\/#primaryimage\"},\"thumbnailUrl\":\"https:\/\/homeliers.com\/ca\/wp-content\/uploads\/sites\/4\/2020\/12\/PSI.jpg\",\"datePublished\":\"2020-12-08T17:56:19+00:00\",\"dateModified\":\"2024-09-03T08:26:25+00:00\",\"description\":\"P S I\u00a0 prov\u00e9 de vinyes velles de m\u00e9s de 30 anys de la finca Dominio de Pingus a Ribera del Duero. Peter Sisseck \u00e9s el responsable d'aquest exit\u00f3s projecte, on s'expresa com mai la fruita macerada en cubs de ciment, llavors el seu pas per botes que provenen del m\u00edtic Pingus aporten sutilment aromes de crian\u00e7a. Sens dubte un aut\u00e8ntic vin\u00e0s!!\",\"breadcrumb\":{\"@id\":\"https:\/\/homeliers.com\/ca\/botiga\/per-triomfar\/p-s-i-2017-catala\/#breadcrumb\"},\"inLanguage\":\"ca-ES\",\"potentialAction\":[{\"@type\":\"ReadAction\",\"target\":[\"https:\/\/homeliers.com\/ca\/botiga\/per-triomfar\/p-s-i-2017-catala\/\"]}]},{\"@type\":\"ImageObject\",\"inLanguage\":\"ca-ES\",\"@id\":\"https:\/\/homeliers.com\/ca\/botiga\/per-triomfar\/p-s-i-2017-catala\/#primaryimage\",\"url\":\"https:\/\/homeliers.com\/ca\/wp-content\/uploads\/sites\/4\/2020\/12\/PSI.jpg\",\"contentUrl\":\"https:\/\/homeliers.com\/ca\/wp-content\/uploads\/sites\/4\/2020\/12\/PSI.jpg\",\"width\":1024,\"height\":1024,\"caption\":\"PSI\"},{\"@type\":\"BreadcrumbList\",\"@id\":\"https:\/\/homeliers.com\/ca\/botiga\/per-triomfar\/p-s-i-2017-catala\/#breadcrumb\",\"itemListElement\":[{\"@type\":\"ListItem\",\"position\":1,\"name\":\"Inici\",\"item\":\"https:\/\/homeliers.com\/ca\/\"},{\"@type\":\"ListItem\",\"position\":2,\"name\":\"Botiga\",\"item\":\"https:\/\/homeliers.com\/ca\/botiga\/\"},{\"@type\":\"ListItem\",\"position\":3,\"name\":\"P S I\"}]},{\"@type\":\"WebSite\",\"@id\":\"https:\/\/homeliers.com\/ca\/#website\",\"url\":\"https:\/\/homeliers.com\/ca\/\",\"name\":\"Homeliers\",\"description\":\"Seleccionem els millors vins i te&#039;ls portem a casa\",\"publisher\":{\"@id\":\"https:\/\/homeliers.com\/ca\/#organization\"},\"potentialAction\":[{\"@type\":\"SearchAction\",\"target\":{\"@type\":\"EntryPoint\",\"urlTemplate\":\"https:\/\/homeliers.com\/ca\/?s={search_term_string}\"},\"query-input\":\"required name=search_term_string\"}],\"inLanguage\":\"ca-ES\"},{\"@type\":\"Organization\",\"@id\":\"https:\/\/homeliers.com\/ca\/#organization\",\"name\":\"Homeliers\",\"url\":\"https:\/\/homeliers.com\/ca\/\",\"logo\":{\"@type\":\"ImageObject\",\"inLanguage\":\"ca-ES\",\"@id\":\"https:\/\/homeliers.com\/ca\/#\/schema\/logo\/image\/\",\"url\":\"https:\/\/homeliers.com\/ca\/wp-content\/uploads\/sites\/4\/2020\/06\/Homeliers_CA_v.svg\",\"contentUrl\":\"https:\/\/homeliers.com\/ca\/wp-content\/uploads\/sites\/4\/2020\/06\/Homeliers_CA_v.svg\",\"width\":397,\"height\":226,\"caption\":\"Homeliers\"},\"image\":{\"@id\":\"https:\/\/homeliers.com\/ca\/#\/schema\/logo\/image\/\"},\"sameAs\":[\"https:\/\/www.facebook.com\/homeliers\",\"https:\/\/x.com\/homeliers\",\"https:\/\/www.instagram.com\/homeliers\/\"]}]}<\/script>\n<!-- \/ Yoast SEO plugin. -->","yoast_head_json":{"title":"\ud83e\udd47 P S I - Ribera del Duero","description":"P S I\u00a0 prov\u00e9 de vinyes velles de m\u00e9s de 30 anys de la finca Dominio de Pingus a Ribera del Duero. Peter Sisseck \u00e9s el responsable d'aquest exit\u00f3s projecte, on s'expresa com mai la fruita macerada en cubs de ciment, llavors el seu pas per botes que provenen del m\u00edtic Pingus aporten sutilment aromes de crian\u00e7a. Sens dubte un aut\u00e8ntic vin\u00e0s!!","robots":{"index":"index","follow":"follow","max-snippet":"max-snippet:-1","max-image-preview":"max-image-preview:large","max-video-preview":"max-video-preview:-1"},"canonical":"https:\/\/homeliers.com\/ca\/botiga\/per-triomfar\/p-s-i-2017-catala\/","og_locale":"ca_ES","og_type":"article","og_title":"\ud83e\udd47 P S I - Ribera del Duero","og_description":"P S I\u00a0 prov\u00e9 de vinyes velles de m\u00e9s de 30 anys de la finca Dominio de Pingus a Ribera del Duero. Peter Sisseck \u00e9s el responsable d'aquest exit\u00f3s projecte, on s'expresa com mai la fruita macerada en cubs de ciment, llavors el seu pas per botes que provenen del m\u00edtic Pingus aporten sutilment aromes de crian\u00e7a. Sens dubte un aut\u00e8ntic vin\u00e0s!!","og_url":"https:\/\/homeliers.com\/ca\/botiga\/per-triomfar\/p-s-i-2017-catala\/","og_site_name":"Homeliers","article_publisher":"https:\/\/www.facebook.com\/homeliers","article_modified_time":"2024-09-03T08:26:25+00:00","og_image":[{"width":1024,"height":1024,"url":"https:\/\/homeliers.com\/ca\/wp-content\/uploads\/sites\/4\/2020\/12\/PSI.jpg","type":"image\/jpeg"}],"twitter_card":"summary_large_image","twitter_site":"@homeliers","schema":{"@context":"https:\/\/schema.org","@graph":[{"@type":"WebPage","@id":"https:\/\/homeliers.com\/ca\/botiga\/per-triomfar\/p-s-i-2017-catala\/","url":"https:\/\/homeliers.com\/ca\/botiga\/per-triomfar\/p-s-i-2017-catala\/","name":"\ud83e\udd47 P S I - Ribera del Duero","isPartOf":{"@id":"https:\/\/homeliers.com\/ca\/#website"},"primaryImageOfPage":{"@id":"https:\/\/homeliers.com\/ca\/botiga\/per-triomfar\/p-s-i-2017-catala\/#primaryimage"},"image":{"@id":"https:\/\/homeliers.com\/ca\/botiga\/per-triomfar\/p-s-i-2017-catala\/#primaryimage"},"thumbnailUrl":"https:\/\/homeliers.com\/ca\/wp-content\/uploads\/sites\/4\/2020\/12\/PSI.jpg","datePublished":"2020-12-08T17:56:19+00:00","dateModified":"2024-09-03T08:26:25+00:00","description":"P S I\u00a0 prov\u00e9 de vinyes velles de m\u00e9s de 30 anys de la finca Dominio de Pingus a Ribera del Duero. Peter Sisseck \u00e9s el responsable d'aquest exit\u00f3s projecte, on s'expresa com mai la fruita macerada en cubs de ciment, llavors el seu pas per botes que provenen del m\u00edtic Pingus aporten sutilment aromes de crian\u00e7a. Sens dubte un aut\u00e8ntic vin\u00e0s!!","breadcrumb":{"@id":"https:\/\/homeliers.com\/ca\/botiga\/per-triomfar\/p-s-i-2017-catala\/#breadcrumb"},"inLanguage":"ca-ES","potentialAction":[{"@type":"ReadAction","target":["https:\/\/homeliers.com\/ca\/botiga\/per-triomfar\/p-s-i-2017-catala\/"]}]},{"@type":"ImageObject","inLanguage":"ca-ES","@id":"https:\/\/homeliers.com\/ca\/botiga\/per-triomfar\/p-s-i-2017-catala\/#primaryimage","url":"https:\/\/homeliers.com\/ca\/wp-content\/uploads\/sites\/4\/2020\/12\/PSI.jpg","contentUrl":"https:\/\/homeliers.com\/ca\/wp-content\/uploads\/sites\/4\/2020\/12\/PSI.jpg","width":1024,"height":1024,"caption":"PSI"},{"@type":"BreadcrumbList","@id":"https:\/\/homeliers.com\/ca\/botiga\/per-triomfar\/p-s-i-2017-catala\/#breadcrumb","itemListElement":[{"@type":"ListItem","position":1,"name":"Inici","item":"https:\/\/homeliers.com\/ca\/"},{"@type":"ListItem","position":2,"name":"Botiga","item":"https:\/\/homeliers.com\/ca\/botiga\/"},{"@type":"ListItem","position":3,"name":"P S I"}]},{"@type":"WebSite","@id":"https:\/\/homeliers.com\/ca\/#website","url":"https:\/\/homeliers.com\/ca\/","name":"Homeliers","description":"Seleccionem els millors vins i te&#039;ls portem a casa","publisher":{"@id":"https:\/\/homeliers.com\/ca\/#organization"},"potentialAction":[{"@type":"SearchAction","target":{"@type":"EntryPoint","urlTemplate":"https:\/\/homeliers.com\/ca\/?s={search_term_string}"},"query-input":"required name=search_term_string"}],"inLanguage":"ca-ES"},{"@type":"Organization","@id":"https:\/\/homeliers.com\/ca\/#organization","name":"Homeliers","url":"https:\/\/homeliers.com\/ca\/","logo":{"@type":"ImageObject","inLanguage":"ca-ES","@id":"https:\/\/homeliers.com\/ca\/#\/schema\/logo\/image\/","url":"https:\/\/homeliers.com\/ca\/wp-content\/uploads\/sites\/4\/2020\/06\/Homeliers_CA_v.svg","contentUrl":"https:\/\/homeliers.com\/ca\/wp-content\/uploads\/sites\/4\/2020\/06\/Homeliers_CA_v.svg","width":397,"height":226,"caption":"Homeliers"},"image":{"@id":"https:\/\/homeliers.com\/ca\/#\/schema\/logo\/image\/"},"sameAs":["https:\/\/www.facebook.com\/homeliers","https:\/\/x.com\/homeliers","https:\/\/www.instagram.com\/homeliers\/"]}]}},"_links":{"self":[{"href":"https:\/\/homeliers.com\/ca\/wp-json\/wp\/v2\/product\/903"}],"collection":[{"href":"https:\/\/homeliers.com\/ca\/wp-json\/wp\/v2\/product"}],"about":[{"href":"https:\/\/homeliers.com\/ca\/wp-json\/wp\/v2\/types\/product"}],"replies":[{"embeddable":true,"href":"https:\/\/homeliers.com\/ca\/wp-json\/wp\/v2\/comments?post=903"}],"wp:featuredmedia":[{"embeddable":true,"href":"https:\/\/homeliers.com\/ca\/wp-json\/wp\/v2\/media\/909"}],"wp:attachment":[{"href":"https:\/\/homeliers.com\/ca\/wp-json\/wp\/v2\/media?parent=903"}],"wp:term":[{"taxonomy":"product_cat","embeddable":true,"href":"https:\/\/homeliers.com\/ca\/wp-json\/wp\/v2\/product_cat?post=903"},{"taxonomy":"product_tag","embeddable":true,"href":"https:\/\/homeliers.com\/ca\/wp-json\/wp\/v2\/product_tag?post=903"}],"curies":[{"name":"wp","href":"https:\/\/api.w.org\/{rel}","templated":true}]}}