{"id":855,"date":"2021-03-15T20:55:43","date_gmt":"2021-03-15T18:55:43","guid":{"rendered":"https:\/\/homeliers.com\/en\/?page_id=855"},"modified":"2021-03-15T20:55:44","modified_gmt":"2021-03-15T18:55:44","slug":"faqs","status":"publish","type":"page","link":"https:\/\/homeliers.com\/en\/faqs\/","title":{"rendered":"Faqs"},"content":{"rendered":"\n<h1 class=\"uppercase\">FAQS<\/h1>\n<h2 class=\"thin-font\"><strong>QUESTIONS ABOUT THE PURCHASE PROCESS<\/strong><\/h2>\n<div class=\"accordion accordionFaqs\">\n\n<div id=\"accordion-3496941490\" class=\"accordion-item\"><a id=\"accordion-3496941490-label\" href=\"#\" class=\"accordion-title plain\" aria-expanded=\"false\" aria-controls=\"accordion-3496941490-content\"><button class=\"toggle\" aria-label=\"Toggle\"><i class=\"icon-angle-down\"><\/i><\/button><span>How can I place an order on Homeliers?<\/span><\/a><div id=\"accordion-3496941490-content\" class=\"accordion-inner\" aria-labelledby=\"accordion-3496941490-label\">\n\n<p style=\"text-align: left\">El proceso de realizar un pedido es muy simple:<\/p>\n<p style=\"text-align: left\">Puedes visitar las diferentes p\u00e1ginas y secciones de la web hasta que encuentres el pack o el vino que te guste. Selecciona las unidades que desees comprar y pulsa comprar para a\u00f1adir el producto al carrito de compra.<\/p>\n<p style=\"text-align: left\">Puedes continuar comprando tantos vinos como desees hasta que tengas tu pedido completo.<\/p>\n<p style=\"text-align: left\">Cuando tengas tu pedido completo, ves al carrito de compra y revisa que efectivamente todos los productos deseados figuran all\u00ed y en las cantidades deseadas. Desde all\u00ed se pueden eliminar o modificar los productos si ha habido alg\u00fan error.<\/p>\n<p style=\"text-align: left\">Una vez est\u00e9s seguro de que todo el pedido es de tu agrado haz click en el bot\u00f3n &#8220;Pagar pedido&#8221; para iniciar el proceso de pago de tu pedido a trav\u00e9s de las pasarelas de pago contratadas.<\/p>\n<p style=\"text-align: left\">En este punto precisamos de obtener la identificaci\u00f3n del comprador. Si ya eres cliente introduce tus datos de acceso. Si por el contrario es tu primera compra, introduce tus datos para crear tu cuenta en Homeliers. Crear una cuenta es totalmente gratuito.<\/p>\n<p style=\"text-align: left\">Una vez identificado, te pediremos los datos de facturaci\u00f3n y de env\u00edo de tu pedido.<\/p>\n<p style=\"text-align: left\">Selecciona el m\u00e9todo de pago. Tarjeta de cr\u00e9dito o transferencia bancaria.<\/p>\n<p style=\"text-align: left\">Homeliers trabaja con empresas especializadas en pasarelas de pagos del sector bancario para hacer que todas las transacciones sean seguras.<\/p>\n<p style=\"text-align: left\">Tu pedido ya se ha realizado. Lo recibir\u00e1s c\u00f3modamente en tu casa.<\/p>\n\n<\/div><\/div>\n<div id=\"accordion-478476599\" class=\"accordion-item\"><a id=\"accordion-478476599-label\" href=\"#\" class=\"accordion-title plain\" aria-expanded=\"false\" aria-controls=\"accordion-478476599-content\"><button class=\"toggle\" aria-label=\"Toggle\"><i class=\"icon-angle-down\"><\/i><\/button><span>What means of payment can I use at Homeliers?<\/span><\/a><div id=\"accordion-478476599-content\" class=\"accordion-inner\" aria-labelledby=\"accordion-478476599-label\">\n\n\t<div id=\"text-3323945893\" class=\"text\">\n\t\t\n\n<p style=\"text-align: left\">Orders can be paid by card (VISA, Mastercard or American Express), or by bank transfer.<\/p>\n\t\t\n<style>\n#text-3323945893 {\n  text-align: left;\n}\n<\/style>\n\t<\/div>\n\t\n\n<\/div><\/div>\n<div id=\"accordion-3114802516\" class=\"accordion-item\"><a id=\"accordion-3114802516-label\" href=\"#\" class=\"accordion-title plain\" aria-expanded=\"false\" aria-controls=\"accordion-3114802516-content\"><button class=\"toggle\" aria-label=\"Toggle\"><i class=\"icon-angle-down\"><\/i><\/button><span>Is the payment system safe?<\/span><\/a><div id=\"accordion-3114802516-content\" class=\"accordion-inner\" aria-labelledby=\"accordion-3114802516-label\">\n\n\t<div id=\"text-1955162051\" class=\"text\">\n\t\t\n\n<p>Our payment systems are totally secure. We use specialized banking platforms in the management of secure collections on the internet.<\/p>\n<p>Homeliers does not store the credit card numbers of its customers in any database since the entire payment process is carried out on these specialized platforms of the banking system.<\/p>\n\t\t\n<style>\n#text-1955162051 {\n  text-align: left;\n}\n<\/style>\n\t<\/div>\n\t\n\n<\/div><\/div>\n<div id=\"accordion-897932756\" class=\"accordion-item\"><a id=\"accordion-897932756-label\" href=\"#\" class=\"accordion-title plain\" aria-expanded=\"false\" aria-controls=\"accordion-897932756-content\"><button class=\"toggle\" aria-label=\"Toggle\"><i class=\"icon-angle-down\"><\/i><\/button><span>I live outside of Spain, can I place orders?<\/span><\/a><div id=\"accordion-897932756-content\" class=\"accordion-inner\" aria-labelledby=\"accordion-897932756-label\">\n\n<p style=\"text-align: left\">At the moment we only ship orders in mainland Spain and the Balearic Islands, we do not ship to the Canary Islands, Ceuta and Melilla or outside of Spain at the moment.<\/p>\n\n<\/div><\/div>\n<div id=\"accordion-918590343\" class=\"accordion-item\"><a id=\"accordion-918590343-label\" href=\"#\" class=\"accordion-title plain\" aria-expanded=\"false\" aria-controls=\"accordion-918590343-content\"><button class=\"toggle\" aria-label=\"Toggle\"><i class=\"icon-angle-down\"><\/i><\/button><span>I have opened a bottle and the wine is bad, what do I do?<\/span><\/a><div id=\"accordion-918590343-content\" class=\"accordion-inner\" aria-labelledby=\"accordion-918590343-label\">\n\n<p style=\"text-align: left\">Homeliers only works with high quality wines from proven wineries in the sector that rarely present quality problems in their wines. In addition, our tasting committee regularly performs tests on the wines that we have in storage to assess their quality and to be able to isolate the product if any batch has a defect.<\/p>\n<p style=\"text-align: left\">Even so, it is possible that a bottle suffers some kind of problem or defect once at its destination (cork, for example). If this is the case, we ask that you contact our customer service department to assess the situation and we will proceed to replace the product with another at no cost or proceed to refund the corresponding amount.<br>For these types of claims to be dealt with, it will be necessary to keep the bottle and the wine until the incident is resolved with our customer service department. Claims will not be accepted if the wine or bottle has been thrown away and if the claim is later than 30 days after the date of purchase.<\/p>\n\n<\/div><\/div>\n<div id=\"accordion-1560242905\" class=\"accordion-item\"><a id=\"accordion-1560242905-label\" href=\"#\" class=\"accordion-title plain\" aria-expanded=\"false\" aria-controls=\"accordion-1560242905-content\"><button class=\"toggle\" aria-label=\"Toggle\"><i class=\"icon-angle-down\"><\/i><\/button><span>Should I buy a minimum number of bottles?<\/span><\/a><div id=\"accordion-1560242905-content\" class=\"accordion-inner\" aria-labelledby=\"accordion-1560242905-label\">\n\n<p style=\"text-align: left\">No. In Homeliers there is no minimum order concept, you can buy the number of bottles you want, although it is important to bear in mind that the shipping cost is free if the order amount exceeds 49.90 euros.<\/p>\n\n<\/div><\/div>\n<div id=\"accordion-1285016110\" class=\"accordion-item\"><a id=\"accordion-1285016110-label\" href=\"#\" class=\"accordion-title plain\" aria-expanded=\"false\" aria-controls=\"accordion-1285016110-content\"><button class=\"toggle\" aria-label=\"Toggle\"><i class=\"icon-angle-down\"><\/i><\/button><span>Can I gift wine at Homeliers?<\/span><\/a><div id=\"accordion-1285016110-content\" class=\"accordion-inner\" aria-labelledby=\"accordion-1285016110-label\">\n\n<p style=\"text-align: left\">Of course you can give wine at Homeliers, at the time of ordering you can select the gift options, where you can add a special type of packaging (wooden boxes, cases) and you can add a gift message that we will add on a printed sheet in our shipment for the gift recipient to read when opening their gift.<\/p>\n<p style=\"text-align: left\">Then the shipping address is requested where the gift order has to be delivered and we will not attach any document with prices in the shipment, all the information and the invoice is sent exclusively to the buyer.<\/p>\n\n<\/div><\/div>\n\n<\/div>\n<h2 class=\"thin-font\"><strong>QUESTIONS ABOUT TRANSPORTATION<\/strong><\/h2>\n<div class=\"accordion accordionFaqs\">\n\n<div id=\"accordion-3769508386\" class=\"accordion-item\"><a id=\"accordion-3769508386-label\" href=\"#\" class=\"accordion-title plain\" aria-expanded=\"false\" aria-controls=\"accordion-3769508386-content\"><button class=\"toggle\" aria-label=\"Toggle\"><i class=\"icon-angle-down\"><\/i><\/button><span>What is included in the price of transport?<\/span><\/a><div id=\"accordion-3769508386-content\" class=\"accordion-inner\" aria-labelledby=\"accordion-3769508386-label\">\n\n<p style=\"text-align: left\">The rates that are detailed in the transport section include the transport of the ordered products to the private address, the packaging in a type of box designed to transport bottles through express transport services and the insurance against loss of the merchandise or possible breakage.<\/p>\n\n<\/div><\/div>\n<div id=\"accordion-1272263671\" class=\"accordion-item\"><a id=\"accordion-1272263671-label\" href=\"#\" class=\"accordion-title plain\" aria-expanded=\"false\" aria-controls=\"accordion-1272263671-content\"><button class=\"toggle\" aria-label=\"Toggle\"><i class=\"icon-angle-down\"><\/i><\/button><span>Is there a way to get free transportation from a certain amount?<\/span><\/a><div id=\"accordion-1272263671-content\" class=\"accordion-inner\" aria-labelledby=\"accordion-1272263671-label\">\n\n<p style=\"text-align: left\">Yes. From 49.90 euros of purchase we offer free transport in your shipment.<\/p>\n\n<\/div><\/div>\n<div id=\"accordion-1155840441\" class=\"accordion-item\"><a id=\"accordion-1155840441-label\" href=\"#\" class=\"accordion-title plain\" aria-expanded=\"false\" aria-controls=\"accordion-1155840441-content\"><button class=\"toggle\" aria-label=\"Toggle\"><i class=\"icon-angle-down\"><\/i><\/button><span>How long can it take to receive my order?<\/span><\/a><div id=\"accordion-1155840441-content\" class=\"accordion-inner\" aria-labelledby=\"accordion-1155840441-label\">\n\n<p style=\"text-align: left\">As a general rule, deliveries in mainland Spain take between 24h and 48h (on working days) as long as all the products are available in stock at that time. In the case of the Balearic Islands, delivery takes between 4 and 5 working days.<\/p>\n<p style=\"text-align: left\">Once the order leaves our warehouse, a shipment notification message is sent to the recipient, and a second e-mail from the carrier with the shipment data for monitoring on its website.<\/p>\n\n<\/div><\/div>\n<div id=\"accordion-2630174217\" class=\"accordion-item\"><a id=\"accordion-2630174217-label\" href=\"#\" class=\"accordion-title plain\" aria-expanded=\"false\" aria-controls=\"accordion-2630174217-content\"><button class=\"toggle\" aria-label=\"Toggle\"><i class=\"icon-angle-down\"><\/i><\/button><span>What happens if a bottle breaks during shipping?<\/span><\/a><div id=\"accordion-2630174217-content\" class=\"accordion-inner\" aria-labelledby=\"accordion-2630174217-label\">\n\n<p style=\"text-align: left\">Homeliers uses a special packaging for shipments that is expressly designed to avoid bottle breakage in urgent transport shipments. But it is still a fragile product and it is possible that some breakage will occur.<\/p>\n<p style=\"text-align: left\">If when you receive the order a broken bottle arrives, don&#8217;t worry, you tell our customer service department and we will replace the bottle or give you a refund.<\/p>\n<p style=\"text-align: left\">If you detect a damp box or suspect that a breakage may have occurred before receipt, do not accept the order, and contact us so that we can manage the incident.<\/p>\n\n<\/div><\/div>\n<div id=\"accordion-3380240696\" class=\"accordion-item\"><a id=\"accordion-3380240696-label\" href=\"#\" class=\"accordion-title plain\" aria-expanded=\"false\" aria-controls=\"accordion-3380240696-content\"><button class=\"toggle\" aria-label=\"Toggle\"><i class=\"icon-angle-down\"><\/i><\/button><span>What if when the carrier comes I'm not at home at that time?<\/span><\/a><div id=\"accordion-3380240696-content\" class=\"accordion-inner\" aria-labelledby=\"accordion-3380240696-label\">\n\n<p style=\"text-align: left\">If the first delivery attempt is unsuccessful because there is no one at home, the carrier will test a second shipment free of charge, in the event that a second failed attempt occurs, the carrier will leave a contact telephone number to arrange the collection at their warehouses.<\/p>\n<p style=\"text-align: left\">It is important to try to enter a delivery address where there is usually always someone available to receive packages during business hours.<\/p>\n\n<\/div><\/div>\n<div id=\"accordion-4207081242\" class=\"accordion-item\"><a id=\"accordion-4207081242-label\" href=\"#\" class=\"accordion-title plain\" aria-expanded=\"false\" aria-controls=\"accordion-4207081242-content\"><button class=\"toggle\" aria-label=\"Toggle\"><i class=\"icon-angle-down\"><\/i><\/button><span>Do I have to pay any amount to the transport agency?<\/span><\/a><div id=\"accordion-4207081242-content\" class=\"accordion-inner\" aria-labelledby=\"accordion-4207081242-label\">\n\n<p style=\"text-align: left\">NO, never, transport is ALWAYS included in the total price of the order.<\/p>\n\n<\/div><\/div>\n<div id=\"accordion-1479654699\" class=\"accordion-item\"><a id=\"accordion-1479654699-label\" href=\"#\" class=\"accordion-title plain\" aria-expanded=\"false\" aria-controls=\"accordion-1479654699-content\"><button class=\"toggle\" aria-label=\"Toggle\"><i class=\"icon-angle-down\"><\/i><\/button><span>Can I request that the bottles be sent to me in their original wooden box?<\/span><\/a><div id=\"accordion-1479654699-content\" class=\"accordion-inner\" aria-labelledby=\"accordion-1479654699-label\">\n\n<p style=\"text-align: left\"><strong>It is not possible to send the bottles in their original boxes<\/strong> as they are fragile packaging and are not approved for urgent bottle transport. We could not claim the transport agency in case of breakage, only the orders sent in our packaging are covered by our transport insurance.<\/p>\n\n<\/div><\/div>\n\n<\/div>\n<h2 class=\"thin-font\"><strong>QUESTIONS ABOUT MY ACCOUNT<\/strong><\/h2>\n<div class=\"accordion accordionFaqs\">\n\n<div id=\"accordion-1531050298\" class=\"accordion-item\"><a id=\"accordion-1531050298-label\" href=\"#\" class=\"accordion-title plain\" aria-expanded=\"false\" aria-controls=\"accordion-1531050298-content\"><button class=\"toggle\" aria-label=\"Toggle\"><i class=\"icon-angle-down\"><\/i><\/button><span>I can't remember my password and I can't process the order.<\/span><\/a><div id=\"accordion-1531050298-content\" class=\"accordion-inner\" aria-labelledby=\"accordion-1531050298-label\">\n\n<p style=\"text-align: left\">If you have forgotten your password, use the link &#8220;I have forgotten my password&#8221; and we will send you an e-mail with the instructions to reset your password. Keep in mind that the system is case-sensitive for both the email address and the password.<\/p>\n\n<\/div><\/div>\n<div id=\"accordion-2294300401\" class=\"accordion-item\"><a id=\"accordion-2294300401-label\" href=\"#\" class=\"accordion-title plain\" aria-expanded=\"false\" aria-controls=\"accordion-2294300401-content\"><button class=\"toggle\" aria-label=\"Toggle\"><i class=\"icon-angle-down\"><\/i><\/button><span>How can I modify my personal data?<\/span><\/a><div id=\"accordion-2294300401-content\" class=\"accordion-inner\" aria-labelledby=\"accordion-2294300401-label\">\n\n<p style=\"text-align: left\" lang=\"es-ES\">If you want to change your password, the language in which you receive our notifications, your email address, your preferred delivery addresses, your billing information, you can visit the My account section, which you will find in the upper right part of all our pages.<\/p>\n\n<\/div><\/div>\n\n<\/div>\n<div class=\"is-divider divider clearfix\" style=\"height:0px;\"><\/div>\n\n<p>For any additional questions please contact our customer service department.<\/p>\n","protected":false},"excerpt":{"rendered":"","protected":false},"author":4,"featured_media":0,"parent":0,"menu_order":0,"comment_status":"closed","ping_status":"closed","template":"","meta":{"inline_featured_image":false,"footnotes":""},"yoast_head":"<!-- This site is optimized with the Yoast SEO plugin v23.0 - https:\/\/yoast.com\/wordpress\/plugins\/seo\/ -->\n<title>Faqs - Homeliers<\/title>\n<meta name=\"description\" content=\"FAQS QUESTIONS ABOUT THE PURCHASE PROCESS QUESTIONS ABOUT TRANSPORTATION QUESTIONS ABOUT MY ACCOUNT For any additional questions please contact our\" \/>\n<meta name=\"robots\" content=\"index, follow, max-snippet:-1, max-image-preview:large, max-video-preview:-1\" \/>\n<link rel=\"canonical\" href=\"https:\/\/homeliers.com\/en\/faqs\/\" \/>\n<meta property=\"og:locale\" content=\"en_US\" \/>\n<meta property=\"og:type\" content=\"article\" \/>\n<meta property=\"og:title\" content=\"Faqs - Homeliers\" \/>\n<meta property=\"og:description\" content=\"FAQS QUESTIONS ABOUT THE PURCHASE PROCESS QUESTIONS ABOUT TRANSPORTATION QUESTIONS ABOUT MY ACCOUNT For any additional questions please contact our\" \/>\n<meta property=\"og:url\" content=\"https:\/\/homeliers.com\/en\/faqs\/\" \/>\n<meta property=\"og:site_name\" content=\"Homeliers\" \/>\n<meta property=\"article:publisher\" content=\"https:\/\/www.facebook.com\/homeliers\" \/>\n<meta property=\"article:modified_time\" content=\"2021-03-15T18:55:44+00:00\" \/>\n<meta name=\"twitter:card\" content=\"summary_large_image\" \/>\n<meta name=\"twitter:site\" content=\"@homeliers\" \/>\n<meta name=\"twitter:label1\" content=\"Est. reading time\" \/>\n\t<meta name=\"twitter:data1\" content=\"7 minutes\" \/>\n<script type=\"application\/ld+json\" class=\"yoast-schema-graph\">{\"@context\":\"https:\/\/schema.org\",\"@graph\":[{\"@type\":\"WebPage\",\"@id\":\"https:\/\/homeliers.com\/en\/faqs\/\",\"url\":\"https:\/\/homeliers.com\/en\/faqs\/\",\"name\":\"Faqs - Homeliers\",\"isPartOf\":{\"@id\":\"https:\/\/homeliers.com\/en\/#website\"},\"datePublished\":\"2021-03-15T18:55:43+00:00\",\"dateModified\":\"2021-03-15T18:55:44+00:00\",\"description\":\"FAQS QUESTIONS ABOUT THE PURCHASE PROCESS QUESTIONS ABOUT TRANSPORTATION QUESTIONS ABOUT MY ACCOUNT For any additional questions please contact our\",\"breadcrumb\":{\"@id\":\"https:\/\/homeliers.com\/en\/faqs\/#breadcrumb\"},\"inLanguage\":\"en-US\",\"potentialAction\":[{\"@type\":\"ReadAction\",\"target\":[\"https:\/\/homeliers.com\/en\/faqs\/\"]}]},{\"@type\":\"BreadcrumbList\",\"@id\":\"https:\/\/homeliers.com\/en\/faqs\/#breadcrumb\",\"itemListElement\":[{\"@type\":\"ListItem\",\"position\":1,\"name\":\"Inici\",\"item\":\"https:\/\/homeliers.com\/en\/\"},{\"@type\":\"ListItem\",\"position\":2,\"name\":\"Faqs\"}]},{\"@type\":\"WebSite\",\"@id\":\"https:\/\/homeliers.com\/en\/#website\",\"url\":\"https:\/\/homeliers.com\/en\/\",\"name\":\"Homeliers\",\"description\":\"We select the best wines and take them home\",\"publisher\":{\"@id\":\"https:\/\/homeliers.com\/en\/#organization\"},\"potentialAction\":[{\"@type\":\"SearchAction\",\"target\":{\"@type\":\"EntryPoint\",\"urlTemplate\":\"https:\/\/homeliers.com\/en\/?s={search_term_string}\"},\"query-input\":\"required name=search_term_string\"}],\"inLanguage\":\"en-US\"},{\"@type\":\"Organization\",\"@id\":\"https:\/\/homeliers.com\/en\/#organization\",\"name\":\"Homeliers\",\"url\":\"https:\/\/homeliers.com\/en\/\",\"logo\":{\"@type\":\"ImageObject\",\"inLanguage\":\"en-US\",\"@id\":\"https:\/\/homeliers.com\/en\/#\/schema\/logo\/image\/\",\"url\":\"https:\/\/homeliers.com\/en\/wp-content\/uploads\/sites\/5\/2020\/06\/Homeliers_EN_v.svg\",\"contentUrl\":\"https:\/\/homeliers.com\/en\/wp-content\/uploads\/sites\/5\/2020\/06\/Homeliers_EN_v.svg\",\"width\":397,\"height\":226,\"caption\":\"Homeliers\"},\"image\":{\"@id\":\"https:\/\/homeliers.com\/en\/#\/schema\/logo\/image\/\"},\"sameAs\":[\"https:\/\/www.facebook.com\/homeliers\",\"https:\/\/x.com\/homeliers\",\"https:\/\/www.instagram.com\/homeliers\/\"]}]}<\/script>\n<!-- \/ Yoast SEO plugin. -->","yoast_head_json":{"title":"Faqs - Homeliers","description":"FAQS QUESTIONS ABOUT THE PURCHASE PROCESS QUESTIONS ABOUT TRANSPORTATION QUESTIONS ABOUT MY ACCOUNT For any additional questions please contact our","robots":{"index":"index","follow":"follow","max-snippet":"max-snippet:-1","max-image-preview":"max-image-preview:large","max-video-preview":"max-video-preview:-1"},"canonical":"https:\/\/homeliers.com\/en\/faqs\/","og_locale":"en_US","og_type":"article","og_title":"Faqs - Homeliers","og_description":"FAQS QUESTIONS ABOUT THE PURCHASE PROCESS QUESTIONS ABOUT TRANSPORTATION QUESTIONS ABOUT MY ACCOUNT For any additional questions please contact our","og_url":"https:\/\/homeliers.com\/en\/faqs\/","og_site_name":"Homeliers","article_publisher":"https:\/\/www.facebook.com\/homeliers","article_modified_time":"2021-03-15T18:55:44+00:00","twitter_card":"summary_large_image","twitter_site":"@homeliers","twitter_misc":{"Est. reading time":"7 minutes"},"schema":{"@context":"https:\/\/schema.org","@graph":[{"@type":"WebPage","@id":"https:\/\/homeliers.com\/en\/faqs\/","url":"https:\/\/homeliers.com\/en\/faqs\/","name":"Faqs - Homeliers","isPartOf":{"@id":"https:\/\/homeliers.com\/en\/#website"},"datePublished":"2021-03-15T18:55:43+00:00","dateModified":"2021-03-15T18:55:44+00:00","description":"FAQS QUESTIONS ABOUT THE PURCHASE PROCESS QUESTIONS ABOUT TRANSPORTATION QUESTIONS ABOUT MY ACCOUNT For any additional questions please contact our","breadcrumb":{"@id":"https:\/\/homeliers.com\/en\/faqs\/#breadcrumb"},"inLanguage":"en-US","potentialAction":[{"@type":"ReadAction","target":["https:\/\/homeliers.com\/en\/faqs\/"]}]},{"@type":"BreadcrumbList","@id":"https:\/\/homeliers.com\/en\/faqs\/#breadcrumb","itemListElement":[{"@type":"ListItem","position":1,"name":"Inici","item":"https:\/\/homeliers.com\/en\/"},{"@type":"ListItem","position":2,"name":"Faqs"}]},{"@type":"WebSite","@id":"https:\/\/homeliers.com\/en\/#website","url":"https:\/\/homeliers.com\/en\/","name":"Homeliers","description":"We select the best wines and take them home","publisher":{"@id":"https:\/\/homeliers.com\/en\/#organization"},"potentialAction":[{"@type":"SearchAction","target":{"@type":"EntryPoint","urlTemplate":"https:\/\/homeliers.com\/en\/?s={search_term_string}"},"query-input":"required name=search_term_string"}],"inLanguage":"en-US"},{"@type":"Organization","@id":"https:\/\/homeliers.com\/en\/#organization","name":"Homeliers","url":"https:\/\/homeliers.com\/en\/","logo":{"@type":"ImageObject","inLanguage":"en-US","@id":"https:\/\/homeliers.com\/en\/#\/schema\/logo\/image\/","url":"https:\/\/homeliers.com\/en\/wp-content\/uploads\/sites\/5\/2020\/06\/Homeliers_EN_v.svg","contentUrl":"https:\/\/homeliers.com\/en\/wp-content\/uploads\/sites\/5\/2020\/06\/Homeliers_EN_v.svg","width":397,"height":226,"caption":"Homeliers"},"image":{"@id":"https:\/\/homeliers.com\/en\/#\/schema\/logo\/image\/"},"sameAs":["https:\/\/www.facebook.com\/homeliers","https:\/\/x.com\/homeliers","https:\/\/www.instagram.com\/homeliers\/"]}]}},"_links":{"self":[{"href":"https:\/\/homeliers.com\/en\/wp-json\/wp\/v2\/pages\/855"}],"collection":[{"href":"https:\/\/homeliers.com\/en\/wp-json\/wp\/v2\/pages"}],"about":[{"href":"https:\/\/homeliers.com\/en\/wp-json\/wp\/v2\/types\/page"}],"author":[{"embeddable":true,"href":"https:\/\/homeliers.com\/en\/wp-json\/wp\/v2\/users\/4"}],"replies":[{"embeddable":true,"href":"https:\/\/homeliers.com\/en\/wp-json\/wp\/v2\/comments?post=855"}],"version-history":[{"count":8,"href":"https:\/\/homeliers.com\/en\/wp-json\/wp\/v2\/pages\/855\/revisions"}],"predecessor-version":[{"id":877,"href":"https:\/\/homeliers.com\/en\/wp-json\/wp\/v2\/pages\/855\/revisions\/877"}],"wp:attachment":[{"href":"https:\/\/homeliers.com\/en\/wp-json\/wp\/v2\/media?parent=855"}],"curies":[{"name":"wp","href":"https:\/\/api.w.org\/{rel}","templated":true}]}}