{"id":231,"date":"2020-07-20T11:04:47","date_gmt":"2020-07-20T09:04:47","guid":{"rendered":"https:\/\/homeliers.com\/en\/?post_type=product&#038;p=231"},"modified":"2024-09-03T10:26:50","modified_gmt":"2024-09-03T08:26:50","slug":"cinta-purpura-juve-camps-english","status":"publish","type":"product","link":"https:\/\/homeliers.com\/en\/shop\/to-discover\/cinta-purpura-juve-camps-english\/","title":{"rendered":"Cinta P\u00farpura Juv\u00e9 Camps"},"content":{"rendered":"","protected":false},"excerpt":{"rendered":"<p>Cava Brut Reserva de Juv\u00e9 y Camps made with the traditional Xarel\u00b7lo, Macabeo and Parellada, which has been resting for 24 months, waiting to be released on the market at its maximum splendour. Freshness and creaminess that extend to the palate with the genuine sensations of the well done things.<\/p>\n","protected":false},"featured_media":232,"comment_status":"open","ping_status":"closed","template":"","meta":{"inline_featured_image":false},"product_cat":[18],"product_tag":[],"bundle_layout":"","bundled_by":["434","434","434","434","434","434","436","436","436","436","438","438","440","444","446","448","723"],"bundled_items":[],"yoast_head":"<!-- This site is optimized with the Yoast SEO plugin v23.0 - https:\/\/yoast.com\/wordpress\/plugins\/seo\/ -->\n<title>\ud83e\udd47 Cinta P\u00farpura Juv\u00e9 Camps - Cava<\/title>\n<meta name=\"description\" content=\"Cava Brut Reserva de Juv\u00e9 y Camps made with the traditional Xarel\u00b7lo, Macabeo and Parellada, which has been resting for 24 months, waiting to be released on the market at its maximum splendour. Freshness and creaminess that extend to the palate with the genuine sensations of the well done things.\" \/>\n<meta name=\"robots\" content=\"index, follow, max-snippet:-1, max-image-preview:large, max-video-preview:-1\" \/>\n<link rel=\"canonical\" href=\"https:\/\/homeliers.com\/en\/shop\/to-discover\/cinta-purpura-juve-camps-english\/\" \/>\n<meta property=\"og:locale\" content=\"en_US\" \/>\n<meta property=\"og:type\" content=\"article\" \/>\n<meta property=\"og:title\" content=\"\ud83e\udd47 Cinta P\u00farpura Juv\u00e9 Camps - Cava\" \/>\n<meta property=\"og:description\" content=\"Cava Brut Reserva de Juv\u00e9 y Camps made with the traditional Xarel\u00b7lo, Macabeo and Parellada, which has been resting for 24 months, waiting to be released on the market at its maximum splendour. Freshness and creaminess that extend to the palate with the genuine sensations of the well done things.\" \/>\n<meta property=\"og:url\" content=\"https:\/\/homeliers.com\/en\/shop\/to-discover\/cinta-purpura-juve-camps-english\/\" \/>\n<meta property=\"og:site_name\" content=\"Homeliers\" \/>\n<meta property=\"article:publisher\" content=\"https:\/\/www.facebook.com\/homeliers\" \/>\n<meta property=\"article:modified_time\" content=\"2024-09-03T08:26:50+00:00\" \/>\n<meta property=\"og:image\" content=\"https:\/\/homeliers.com\/en\/wp-content\/uploads\/sites\/5\/2020\/07\/Cinta-p\u00farpura-Juv\u00e9-Camps.jpg\" \/>\n\t<meta property=\"og:image:width\" content=\"1024\" \/>\n\t<meta property=\"og:image:height\" content=\"1024\" \/>\n\t<meta property=\"og:image:type\" content=\"image\/jpeg\" \/>\n<meta name=\"twitter:card\" content=\"summary_large_image\" \/>\n<meta name=\"twitter:site\" content=\"@homeliers\" \/>\n<script type=\"application\/ld+json\" class=\"yoast-schema-graph\">{\"@context\":\"https:\/\/schema.org\",\"@graph\":[{\"@type\":\"WebPage\",\"@id\":\"https:\/\/homeliers.com\/en\/shop\/to-discover\/cinta-purpura-juve-camps-english\/\",\"url\":\"https:\/\/homeliers.com\/en\/shop\/to-discover\/cinta-purpura-juve-camps-english\/\",\"name\":\"\ud83e\udd47 Cinta P\u00farpura Juv\u00e9 Camps - Cava\",\"isPartOf\":{\"@id\":\"https:\/\/homeliers.com\/en\/#website\"},\"primaryImageOfPage\":{\"@id\":\"https:\/\/homeliers.com\/en\/shop\/to-discover\/cinta-purpura-juve-camps-english\/#primaryimage\"},\"image\":{\"@id\":\"https:\/\/homeliers.com\/en\/shop\/to-discover\/cinta-purpura-juve-camps-english\/#primaryimage\"},\"thumbnailUrl\":\"https:\/\/homeliers.com\/en\/wp-content\/uploads\/sites\/5\/2020\/07\/Cinta-p\u00farpura-Juv\u00e9-Camps.jpg\",\"datePublished\":\"2020-07-20T09:04:47+00:00\",\"dateModified\":\"2024-09-03T08:26:50+00:00\",\"description\":\"Cava Brut Reserva de Juv\u00e9 y Camps made with the traditional Xarel\u00b7lo, Macabeo and Parellada, which has been resting for 24 months, waiting to be released on the market at its maximum splendour. Freshness and creaminess that extend to the palate with the genuine sensations of the well done things.\",\"breadcrumb\":{\"@id\":\"https:\/\/homeliers.com\/en\/shop\/to-discover\/cinta-purpura-juve-camps-english\/#breadcrumb\"},\"inLanguage\":\"en-US\",\"potentialAction\":[{\"@type\":\"ReadAction\",\"target\":[\"https:\/\/homeliers.com\/en\/shop\/to-discover\/cinta-purpura-juve-camps-english\/\"]}]},{\"@type\":\"ImageObject\",\"inLanguage\":\"en-US\",\"@id\":\"https:\/\/homeliers.com\/en\/shop\/to-discover\/cinta-purpura-juve-camps-english\/#primaryimage\",\"url\":\"https:\/\/homeliers.com\/en\/wp-content\/uploads\/sites\/5\/2020\/07\/Cinta-p\u00farpura-Juv\u00e9-Camps.jpg\",\"contentUrl\":\"https:\/\/homeliers.com\/en\/wp-content\/uploads\/sites\/5\/2020\/07\/Cinta-p\u00farpura-Juv\u00e9-Camps.jpg\",\"width\":1024,\"height\":1024,\"caption\":\"Cinta p\u00farpura Juv\u00e9 Camps\"},{\"@type\":\"BreadcrumbList\",\"@id\":\"https:\/\/homeliers.com\/en\/shop\/to-discover\/cinta-purpura-juve-camps-english\/#breadcrumb\",\"itemListElement\":[{\"@type\":\"ListItem\",\"position\":1,\"name\":\"Inici\",\"item\":\"https:\/\/homeliers.com\/en\/\"},{\"@type\":\"ListItem\",\"position\":2,\"name\":\"Shop\",\"item\":\"https:\/\/homeliers.com\/en\/shop\/\"},{\"@type\":\"ListItem\",\"position\":3,\"name\":\"Cinta P\u00farpura Juv\u00e9 Camps\"}]},{\"@type\":\"WebSite\",\"@id\":\"https:\/\/homeliers.com\/en\/#website\",\"url\":\"https:\/\/homeliers.com\/en\/\",\"name\":\"Homeliers\",\"description\":\"We select the best wines and take them home\",\"publisher\":{\"@id\":\"https:\/\/homeliers.com\/en\/#organization\"},\"potentialAction\":[{\"@type\":\"SearchAction\",\"target\":{\"@type\":\"EntryPoint\",\"urlTemplate\":\"https:\/\/homeliers.com\/en\/?s={search_term_string}\"},\"query-input\":\"required name=search_term_string\"}],\"inLanguage\":\"en-US\"},{\"@type\":\"Organization\",\"@id\":\"https:\/\/homeliers.com\/en\/#organization\",\"name\":\"Homeliers\",\"url\":\"https:\/\/homeliers.com\/en\/\",\"logo\":{\"@type\":\"ImageObject\",\"inLanguage\":\"en-US\",\"@id\":\"https:\/\/homeliers.com\/en\/#\/schema\/logo\/image\/\",\"url\":\"https:\/\/homeliers.com\/en\/wp-content\/uploads\/sites\/5\/2020\/06\/Homeliers_EN_v.svg\",\"contentUrl\":\"https:\/\/homeliers.com\/en\/wp-content\/uploads\/sites\/5\/2020\/06\/Homeliers_EN_v.svg\",\"width\":397,\"height\":226,\"caption\":\"Homeliers\"},\"image\":{\"@id\":\"https:\/\/homeliers.com\/en\/#\/schema\/logo\/image\/\"},\"sameAs\":[\"https:\/\/www.facebook.com\/homeliers\",\"https:\/\/x.com\/homeliers\",\"https:\/\/www.instagram.com\/homeliers\/\"]}]}<\/script>\n<!-- \/ Yoast SEO plugin. -->","yoast_head_json":{"title":"\ud83e\udd47 Cinta P\u00farpura Juv\u00e9 Camps - Cava","description":"Cava Brut Reserva de Juv\u00e9 y Camps made with the traditional Xarel\u00b7lo, Macabeo and Parellada, which has been resting for 24 months, waiting to be released on the market at its maximum splendour. Freshness and creaminess that extend to the palate with the genuine sensations of the well done things.","robots":{"index":"index","follow":"follow","max-snippet":"max-snippet:-1","max-image-preview":"max-image-preview:large","max-video-preview":"max-video-preview:-1"},"canonical":"https:\/\/homeliers.com\/en\/shop\/to-discover\/cinta-purpura-juve-camps-english\/","og_locale":"en_US","og_type":"article","og_title":"\ud83e\udd47 Cinta P\u00farpura Juv\u00e9 Camps - Cava","og_description":"Cava Brut Reserva de Juv\u00e9 y Camps made with the traditional Xarel\u00b7lo, Macabeo and Parellada, which has been resting for 24 months, waiting to be released on the market at its maximum splendour. Freshness and creaminess that extend to the palate with the genuine sensations of the well done things.","og_url":"https:\/\/homeliers.com\/en\/shop\/to-discover\/cinta-purpura-juve-camps-english\/","og_site_name":"Homeliers","article_publisher":"https:\/\/www.facebook.com\/homeliers","article_modified_time":"2024-09-03T08:26:50+00:00","og_image":[{"width":1024,"height":1024,"url":"https:\/\/homeliers.com\/en\/wp-content\/uploads\/sites\/5\/2020\/07\/Cinta-p\u00farpura-Juv\u00e9-Camps.jpg","type":"image\/jpeg"}],"twitter_card":"summary_large_image","twitter_site":"@homeliers","schema":{"@context":"https:\/\/schema.org","@graph":[{"@type":"WebPage","@id":"https:\/\/homeliers.com\/en\/shop\/to-discover\/cinta-purpura-juve-camps-english\/","url":"https:\/\/homeliers.com\/en\/shop\/to-discover\/cinta-purpura-juve-camps-english\/","name":"\ud83e\udd47 Cinta P\u00farpura Juv\u00e9 Camps - Cava","isPartOf":{"@id":"https:\/\/homeliers.com\/en\/#website"},"primaryImageOfPage":{"@id":"https:\/\/homeliers.com\/en\/shop\/to-discover\/cinta-purpura-juve-camps-english\/#primaryimage"},"image":{"@id":"https:\/\/homeliers.com\/en\/shop\/to-discover\/cinta-purpura-juve-camps-english\/#primaryimage"},"thumbnailUrl":"https:\/\/homeliers.com\/en\/wp-content\/uploads\/sites\/5\/2020\/07\/Cinta-p\u00farpura-Juv\u00e9-Camps.jpg","datePublished":"2020-07-20T09:04:47+00:00","dateModified":"2024-09-03T08:26:50+00:00","description":"Cava Brut Reserva de Juv\u00e9 y Camps made with the traditional Xarel\u00b7lo, Macabeo and Parellada, which has been resting for 24 months, waiting to be released on the market at its maximum splendour. Freshness and creaminess that extend to the palate with the genuine sensations of the well done things.","breadcrumb":{"@id":"https:\/\/homeliers.com\/en\/shop\/to-discover\/cinta-purpura-juve-camps-english\/#breadcrumb"},"inLanguage":"en-US","potentialAction":[{"@type":"ReadAction","target":["https:\/\/homeliers.com\/en\/shop\/to-discover\/cinta-purpura-juve-camps-english\/"]}]},{"@type":"ImageObject","inLanguage":"en-US","@id":"https:\/\/homeliers.com\/en\/shop\/to-discover\/cinta-purpura-juve-camps-english\/#primaryimage","url":"https:\/\/homeliers.com\/en\/wp-content\/uploads\/sites\/5\/2020\/07\/Cinta-p\u00farpura-Juv\u00e9-Camps.jpg","contentUrl":"https:\/\/homeliers.com\/en\/wp-content\/uploads\/sites\/5\/2020\/07\/Cinta-p\u00farpura-Juv\u00e9-Camps.jpg","width":1024,"height":1024,"caption":"Cinta p\u00farpura Juv\u00e9 Camps"},{"@type":"BreadcrumbList","@id":"https:\/\/homeliers.com\/en\/shop\/to-discover\/cinta-purpura-juve-camps-english\/#breadcrumb","itemListElement":[{"@type":"ListItem","position":1,"name":"Inici","item":"https:\/\/homeliers.com\/en\/"},{"@type":"ListItem","position":2,"name":"Shop","item":"https:\/\/homeliers.com\/en\/shop\/"},{"@type":"ListItem","position":3,"name":"Cinta P\u00farpura Juv\u00e9 Camps"}]},{"@type":"WebSite","@id":"https:\/\/homeliers.com\/en\/#website","url":"https:\/\/homeliers.com\/en\/","name":"Homeliers","description":"We select the best wines and take them home","publisher":{"@id":"https:\/\/homeliers.com\/en\/#organization"},"potentialAction":[{"@type":"SearchAction","target":{"@type":"EntryPoint","urlTemplate":"https:\/\/homeliers.com\/en\/?s={search_term_string}"},"query-input":"required name=search_term_string"}],"inLanguage":"en-US"},{"@type":"Organization","@id":"https:\/\/homeliers.com\/en\/#organization","name":"Homeliers","url":"https:\/\/homeliers.com\/en\/","logo":{"@type":"ImageObject","inLanguage":"en-US","@id":"https:\/\/homeliers.com\/en\/#\/schema\/logo\/image\/","url":"https:\/\/homeliers.com\/en\/wp-content\/uploads\/sites\/5\/2020\/06\/Homeliers_EN_v.svg","contentUrl":"https:\/\/homeliers.com\/en\/wp-content\/uploads\/sites\/5\/2020\/06\/Homeliers_EN_v.svg","width":397,"height":226,"caption":"Homeliers"},"image":{"@id":"https:\/\/homeliers.com\/en\/#\/schema\/logo\/image\/"},"sameAs":["https:\/\/www.facebook.com\/homeliers","https:\/\/x.com\/homeliers","https:\/\/www.instagram.com\/homeliers\/"]}]}},"_links":{"self":[{"href":"https:\/\/homeliers.com\/en\/wp-json\/wp\/v2\/product\/231"}],"collection":[{"href":"https:\/\/homeliers.com\/en\/wp-json\/wp\/v2\/product"}],"about":[{"href":"https:\/\/homeliers.com\/en\/wp-json\/wp\/v2\/types\/product"}],"replies":[{"embeddable":true,"href":"https:\/\/homeliers.com\/en\/wp-json\/wp\/v2\/comments?post=231"}],"wp:featuredmedia":[{"embeddable":true,"href":"https:\/\/homeliers.com\/en\/wp-json\/wp\/v2\/media\/232"}],"wp:attachment":[{"href":"https:\/\/homeliers.com\/en\/wp-json\/wp\/v2\/media?parent=231"}],"wp:term":[{"taxonomy":"product_cat","embeddable":true,"href":"https:\/\/homeliers.com\/en\/wp-json\/wp\/v2\/product_cat?post=231"},{"taxonomy":"product_tag","embeddable":true,"href":"https:\/\/homeliers.com\/en\/wp-json\/wp\/v2\/product_tag?post=231"}],"curies":[{"name":"wp","href":"https:\/\/api.w.org\/{rel}","templated":true}]}}