{"id":498,"date":"2020-08-06T11:03:57","date_gmt":"2020-08-06T09:03:57","guid":{"rendered":"https:\/\/homeliers.com\/en\/tienda\/sin%20categor\u00eda\/pazo-senorans\/"},"modified":"2024-09-03T10:26:24","modified_gmt":"2024-09-03T08:26:24","slug":"pazo-senorans","status":"publish","type":"product","link":"https:\/\/homeliers.com\/en\/shop\/to-enjoy\/pazo-senorans\/","title":{"rendered":"Pazo Se\u00f1orans"},"content":{"rendered":"","protected":false},"excerpt":{"rendered":"<table width=\"1123\">\n<tbody>\n<tr>\n<td width=\"1123\">This is a Albari\u00f1o 100% white wine, a must from one of the most important cellars from Rias Baixas (Galicia).<\/p>\n<p>Long, deep and complexity, its freshness and high acidity make a perfect match for fish and rice dishes.<\/td>\n<\/tr>\n<\/tbody>\n<\/table>\n","protected":false},"featured_media":499,"comment_status":"open","ping_status":"closed","template":"","meta":{"inline_featured_image":false},"product_cat":[20],"product_tag":[],"bundle_layout":"","bundled_by":["617","618","626","629","723"],"bundled_items":[],"yoast_head":"<!-- This site is optimized with the Yoast SEO plugin v23.0 - https:\/\/yoast.com\/wordpress\/plugins\/seo\/ -->\n<title>\ud83e\udd47 Pazo Se\u00f1orans - R\u00edas Baixas<\/title>\n<meta name=\"description\" content=\"This is a Albari\u00f1o 100% white wine, a must from one of the most important cellars from Rias Baixas (Galicia).  Long, deep and complexity, its freshness and high acidity make a perfect match for fish and rice dishes.\" \/>\n<meta name=\"robots\" content=\"index, follow, max-snippet:-1, max-image-preview:large, max-video-preview:-1\" \/>\n<link rel=\"canonical\" href=\"https:\/\/homeliers.com\/en\/shop\/to-enjoy\/pazo-senorans\/\" \/>\n<meta property=\"og:locale\" content=\"en_US\" \/>\n<meta property=\"og:type\" content=\"article\" \/>\n<meta property=\"og:title\" content=\"\ud83e\udd47 Pazo Se\u00f1orans - R\u00edas Baixas\" \/>\n<meta property=\"og:description\" content=\"This is a Albari\u00f1o 100% white wine, a must from one of the most important cellars from Rias Baixas (Galicia).  Long, deep and complexity, its freshness and high acidity make a perfect match for fish and rice dishes.\" \/>\n<meta property=\"og:url\" content=\"https:\/\/homeliers.com\/en\/shop\/to-enjoy\/pazo-senorans\/\" \/>\n<meta property=\"og:site_name\" content=\"Homeliers\" \/>\n<meta property=\"article:publisher\" content=\"https:\/\/www.facebook.com\/homeliers\" \/>\n<meta property=\"article:modified_time\" content=\"2024-09-03T08:26:24+00:00\" \/>\n<meta property=\"og:image\" content=\"https:\/\/homeliers.com\/en\/wp-content\/uploads\/sites\/5\/2020\/08\/Pazo-se\u00f1orans.jpg\" \/>\n\t<meta property=\"og:image:width\" content=\"1024\" \/>\n\t<meta property=\"og:image:height\" content=\"1024\" \/>\n\t<meta property=\"og:image:type\" content=\"image\/jpeg\" \/>\n<meta name=\"twitter:card\" content=\"summary_large_image\" \/>\n<meta name=\"twitter:site\" content=\"@homeliers\" \/>\n<script type=\"application\/ld+json\" class=\"yoast-schema-graph\">{\"@context\":\"https:\/\/schema.org\",\"@graph\":[{\"@type\":\"WebPage\",\"@id\":\"https:\/\/homeliers.com\/en\/shop\/to-enjoy\/pazo-senorans\/\",\"url\":\"https:\/\/homeliers.com\/en\/shop\/to-enjoy\/pazo-senorans\/\",\"name\":\"\ud83e\udd47 Pazo Se\u00f1orans - R\u00edas Baixas\",\"isPartOf\":{\"@id\":\"https:\/\/homeliers.com\/en\/#website\"},\"primaryImageOfPage\":{\"@id\":\"https:\/\/homeliers.com\/en\/shop\/to-enjoy\/pazo-senorans\/#primaryimage\"},\"image\":{\"@id\":\"https:\/\/homeliers.com\/en\/shop\/to-enjoy\/pazo-senorans\/#primaryimage\"},\"thumbnailUrl\":\"https:\/\/homeliers.com\/en\/wp-content\/uploads\/sites\/5\/2020\/08\/Pazo-se\u00f1orans.jpg\",\"datePublished\":\"2020-08-06T09:03:57+00:00\",\"dateModified\":\"2024-09-03T08:26:24+00:00\",\"description\":\"This is a Albari\u00f1o 100% white wine, a must from one of the most important cellars from Rias Baixas (Galicia). Long, deep and complexity, its freshness and high acidity make a perfect match for fish and rice dishes.\",\"breadcrumb\":{\"@id\":\"https:\/\/homeliers.com\/en\/shop\/to-enjoy\/pazo-senorans\/#breadcrumb\"},\"inLanguage\":\"en-US\",\"potentialAction\":[{\"@type\":\"ReadAction\",\"target\":[\"https:\/\/homeliers.com\/en\/shop\/to-enjoy\/pazo-senorans\/\"]}]},{\"@type\":\"ImageObject\",\"inLanguage\":\"en-US\",\"@id\":\"https:\/\/homeliers.com\/en\/shop\/to-enjoy\/pazo-senorans\/#primaryimage\",\"url\":\"https:\/\/homeliers.com\/en\/wp-content\/uploads\/sites\/5\/2020\/08\/Pazo-se\u00f1orans.jpg\",\"contentUrl\":\"https:\/\/homeliers.com\/en\/wp-content\/uploads\/sites\/5\/2020\/08\/Pazo-se\u00f1orans.jpg\",\"width\":1024,\"height\":1024},{\"@type\":\"BreadcrumbList\",\"@id\":\"https:\/\/homeliers.com\/en\/shop\/to-enjoy\/pazo-senorans\/#breadcrumb\",\"itemListElement\":[{\"@type\":\"ListItem\",\"position\":1,\"name\":\"Inici\",\"item\":\"https:\/\/homeliers.com\/en\/\"},{\"@type\":\"ListItem\",\"position\":2,\"name\":\"Shop\",\"item\":\"https:\/\/homeliers.com\/en\/shop\/\"},{\"@type\":\"ListItem\",\"position\":3,\"name\":\"Pazo Se\u00f1orans\"}]},{\"@type\":\"WebSite\",\"@id\":\"https:\/\/homeliers.com\/en\/#website\",\"url\":\"https:\/\/homeliers.com\/en\/\",\"name\":\"Homeliers\",\"description\":\"We select the best wines and take them home\",\"publisher\":{\"@id\":\"https:\/\/homeliers.com\/en\/#organization\"},\"potentialAction\":[{\"@type\":\"SearchAction\",\"target\":{\"@type\":\"EntryPoint\",\"urlTemplate\":\"https:\/\/homeliers.com\/en\/?s={search_term_string}\"},\"query-input\":\"required name=search_term_string\"}],\"inLanguage\":\"en-US\"},{\"@type\":\"Organization\",\"@id\":\"https:\/\/homeliers.com\/en\/#organization\",\"name\":\"Homeliers\",\"url\":\"https:\/\/homeliers.com\/en\/\",\"logo\":{\"@type\":\"ImageObject\",\"inLanguage\":\"en-US\",\"@id\":\"https:\/\/homeliers.com\/en\/#\/schema\/logo\/image\/\",\"url\":\"https:\/\/homeliers.com\/en\/wp-content\/uploads\/sites\/5\/2020\/06\/Homeliers_EN_v.svg\",\"contentUrl\":\"https:\/\/homeliers.com\/en\/wp-content\/uploads\/sites\/5\/2020\/06\/Homeliers_EN_v.svg\",\"width\":397,\"height\":226,\"caption\":\"Homeliers\"},\"image\":{\"@id\":\"https:\/\/homeliers.com\/en\/#\/schema\/logo\/image\/\"},\"sameAs\":[\"https:\/\/www.facebook.com\/homeliers\",\"https:\/\/x.com\/homeliers\",\"https:\/\/www.instagram.com\/homeliers\/\"]}]}<\/script>\n<!-- \/ Yoast SEO plugin. -->","yoast_head_json":{"title":"\ud83e\udd47 Pazo Se\u00f1orans - R\u00edas Baixas","description":"This is a Albari\u00f1o 100% white wine, a must from one of the most important cellars from Rias Baixas (Galicia).  Long, deep and complexity, its freshness and high acidity make a perfect match for fish and rice dishes.","robots":{"index":"index","follow":"follow","max-snippet":"max-snippet:-1","max-image-preview":"max-image-preview:large","max-video-preview":"max-video-preview:-1"},"canonical":"https:\/\/homeliers.com\/en\/shop\/to-enjoy\/pazo-senorans\/","og_locale":"en_US","og_type":"article","og_title":"\ud83e\udd47 Pazo Se\u00f1orans - R\u00edas Baixas","og_description":"This is a Albari\u00f1o 100% white wine, a must from one of the most important cellars from Rias Baixas (Galicia).  Long, deep and complexity, its freshness and high acidity make a perfect match for fish and rice dishes.","og_url":"https:\/\/homeliers.com\/en\/shop\/to-enjoy\/pazo-senorans\/","og_site_name":"Homeliers","article_publisher":"https:\/\/www.facebook.com\/homeliers","article_modified_time":"2024-09-03T08:26:24+00:00","og_image":[{"width":1024,"height":1024,"url":"https:\/\/homeliers.com\/en\/wp-content\/uploads\/sites\/5\/2020\/08\/Pazo-se\u00f1orans.jpg","type":"image\/jpeg"}],"twitter_card":"summary_large_image","twitter_site":"@homeliers","schema":{"@context":"https:\/\/schema.org","@graph":[{"@type":"WebPage","@id":"https:\/\/homeliers.com\/en\/shop\/to-enjoy\/pazo-senorans\/","url":"https:\/\/homeliers.com\/en\/shop\/to-enjoy\/pazo-senorans\/","name":"\ud83e\udd47 Pazo Se\u00f1orans - R\u00edas Baixas","isPartOf":{"@id":"https:\/\/homeliers.com\/en\/#website"},"primaryImageOfPage":{"@id":"https:\/\/homeliers.com\/en\/shop\/to-enjoy\/pazo-senorans\/#primaryimage"},"image":{"@id":"https:\/\/homeliers.com\/en\/shop\/to-enjoy\/pazo-senorans\/#primaryimage"},"thumbnailUrl":"https:\/\/homeliers.com\/en\/wp-content\/uploads\/sites\/5\/2020\/08\/Pazo-se\u00f1orans.jpg","datePublished":"2020-08-06T09:03:57+00:00","dateModified":"2024-09-03T08:26:24+00:00","description":"This is a Albari\u00f1o 100% white wine, a must from one of the most important cellars from Rias Baixas (Galicia). Long, deep and complexity, its freshness and high acidity make a perfect match for fish and rice dishes.","breadcrumb":{"@id":"https:\/\/homeliers.com\/en\/shop\/to-enjoy\/pazo-senorans\/#breadcrumb"},"inLanguage":"en-US","potentialAction":[{"@type":"ReadAction","target":["https:\/\/homeliers.com\/en\/shop\/to-enjoy\/pazo-senorans\/"]}]},{"@type":"ImageObject","inLanguage":"en-US","@id":"https:\/\/homeliers.com\/en\/shop\/to-enjoy\/pazo-senorans\/#primaryimage","url":"https:\/\/homeliers.com\/en\/wp-content\/uploads\/sites\/5\/2020\/08\/Pazo-se\u00f1orans.jpg","contentUrl":"https:\/\/homeliers.com\/en\/wp-content\/uploads\/sites\/5\/2020\/08\/Pazo-se\u00f1orans.jpg","width":1024,"height":1024},{"@type":"BreadcrumbList","@id":"https:\/\/homeliers.com\/en\/shop\/to-enjoy\/pazo-senorans\/#breadcrumb","itemListElement":[{"@type":"ListItem","position":1,"name":"Inici","item":"https:\/\/homeliers.com\/en\/"},{"@type":"ListItem","position":2,"name":"Shop","item":"https:\/\/homeliers.com\/en\/shop\/"},{"@type":"ListItem","position":3,"name":"Pazo Se\u00f1orans"}]},{"@type":"WebSite","@id":"https:\/\/homeliers.com\/en\/#website","url":"https:\/\/homeliers.com\/en\/","name":"Homeliers","description":"We select the best wines and take them home","publisher":{"@id":"https:\/\/homeliers.com\/en\/#organization"},"potentialAction":[{"@type":"SearchAction","target":{"@type":"EntryPoint","urlTemplate":"https:\/\/homeliers.com\/en\/?s={search_term_string}"},"query-input":"required name=search_term_string"}],"inLanguage":"en-US"},{"@type":"Organization","@id":"https:\/\/homeliers.com\/en\/#organization","name":"Homeliers","url":"https:\/\/homeliers.com\/en\/","logo":{"@type":"ImageObject","inLanguage":"en-US","@id":"https:\/\/homeliers.com\/en\/#\/schema\/logo\/image\/","url":"https:\/\/homeliers.com\/en\/wp-content\/uploads\/sites\/5\/2020\/06\/Homeliers_EN_v.svg","contentUrl":"https:\/\/homeliers.com\/en\/wp-content\/uploads\/sites\/5\/2020\/06\/Homeliers_EN_v.svg","width":397,"height":226,"caption":"Homeliers"},"image":{"@id":"https:\/\/homeliers.com\/en\/#\/schema\/logo\/image\/"},"sameAs":["https:\/\/www.facebook.com\/homeliers","https:\/\/x.com\/homeliers","https:\/\/www.instagram.com\/homeliers\/"]}]}},"_links":{"self":[{"href":"https:\/\/homeliers.com\/en\/wp-json\/wp\/v2\/product\/498"}],"collection":[{"href":"https:\/\/homeliers.com\/en\/wp-json\/wp\/v2\/product"}],"about":[{"href":"https:\/\/homeliers.com\/en\/wp-json\/wp\/v2\/types\/product"}],"replies":[{"embeddable":true,"href":"https:\/\/homeliers.com\/en\/wp-json\/wp\/v2\/comments?post=498"}],"wp:featuredmedia":[{"embeddable":true,"href":"https:\/\/homeliers.com\/en\/wp-json\/wp\/v2\/media\/499"}],"wp:attachment":[{"href":"https:\/\/homeliers.com\/en\/wp-json\/wp\/v2\/media?parent=498"}],"wp:term":[{"taxonomy":"product_cat","embeddable":true,"href":"https:\/\/homeliers.com\/en\/wp-json\/wp\/v2\/product_cat?post=498"},{"taxonomy":"product_tag","embeddable":true,"href":"https:\/\/homeliers.com\/en\/wp-json\/wp\/v2\/product_tag?post=498"}],"curies":[{"name":"wp","href":"https:\/\/api.w.org\/{rel}","templated":true}]}}