{"id":660,"date":"2020-10-23T11:11:14","date_gmt":"2020-10-23T09:11:14","guid":{"rendered":"https:\/\/homeliers.com\/en\/?post_type=product&#038;p=660"},"modified":"2024-09-03T10:26:19","modified_gmt":"2024-09-03T08:26:19","slug":"espelt-moscatell-de-lemporda-sweet-wine","status":"publish","type":"product","link":"https:\/\/homeliers.com\/en\/shop\/to-discover\/espelt-moscatell-de-lemporda-sweet-wine\/","title":{"rendered":"Espelt Moscatell de l&#8217;Empord\u00e0 sweet wine"},"content":{"rendered":"","protected":false},"excerpt":{"rendered":"<p>Natural Sweet white wine 15\u00ba, 100% Muscat of Alexandria, grape and peache flavours, perfect match for puff pastry desserts, nuts and fresh fruits.<\/p>\n","protected":false},"featured_media":670,"comment_status":"open","ping_status":"closed","template":"","meta":{"inline_featured_image":false},"product_cat":[18],"product_tag":[],"bundle_layout":"","bundled_by":["717"],"bundled_items":[],"yoast_head":"<!-- This site is optimized with the Yoast SEO plugin v23.0 - https:\/\/yoast.com\/wordpress\/plugins\/seo\/ -->\n<title>\ud83e\udd47 Espelt Moscatell de l&#039;Empord\u00e0 sweet wine - Empord\u00e0<\/title>\n<meta name=\"description\" content=\"Natural Sweet white wine 15\u00ba, 100% Muscat of Alexandria, grape and peache flavours, perfect match for puff pastry desserts, nuts and fresh fruits.\" \/>\n<meta name=\"robots\" content=\"index, follow, max-snippet:-1, max-image-preview:large, max-video-preview:-1\" \/>\n<link rel=\"canonical\" href=\"https:\/\/homeliers.com\/en\/shop\/to-discover\/espelt-moscatell-de-lemporda-sweet-wine\/\" \/>\n<meta property=\"og:locale\" content=\"en_US\" \/>\n<meta property=\"og:type\" content=\"article\" \/>\n<meta property=\"og:title\" content=\"\ud83e\udd47 Espelt Moscatell de l&#039;Empord\u00e0 sweet wine - Empord\u00e0\" \/>\n<meta property=\"og:description\" content=\"Natural Sweet white wine 15\u00ba, 100% Muscat of Alexandria, grape and peache flavours, perfect match for puff pastry desserts, nuts and fresh fruits.\" \/>\n<meta property=\"og:url\" content=\"https:\/\/homeliers.com\/en\/shop\/to-discover\/espelt-moscatell-de-lemporda-sweet-wine\/\" \/>\n<meta property=\"og:site_name\" content=\"Homeliers\" \/>\n<meta property=\"article:publisher\" content=\"https:\/\/www.facebook.com\/homeliers\" \/>\n<meta property=\"article:modified_time\" content=\"2024-09-03T08:26:19+00:00\" \/>\n<meta property=\"og:image\" content=\"https:\/\/homeliers.com\/en\/wp-content\/uploads\/sites\/5\/2020\/10\/Espelt-Moscatell-de-lEmpord\u00e0-dol\u00e7.jpg\" \/>\n\t<meta property=\"og:image:width\" content=\"1024\" \/>\n\t<meta property=\"og:image:height\" content=\"1024\" \/>\n\t<meta property=\"og:image:type\" content=\"image\/jpeg\" \/>\n<meta name=\"twitter:card\" content=\"summary_large_image\" \/>\n<meta name=\"twitter:site\" content=\"@homeliers\" \/>\n<script type=\"application\/ld+json\" class=\"yoast-schema-graph\">{\"@context\":\"https:\/\/schema.org\",\"@graph\":[{\"@type\":\"WebPage\",\"@id\":\"https:\/\/homeliers.com\/en\/shop\/to-discover\/espelt-moscatell-de-lemporda-sweet-wine\/\",\"url\":\"https:\/\/homeliers.com\/en\/shop\/to-discover\/espelt-moscatell-de-lemporda-sweet-wine\/\",\"name\":\"\ud83e\udd47 Espelt Moscatell de l'Empord\u00e0 sweet wine - Empord\u00e0\",\"isPartOf\":{\"@id\":\"https:\/\/homeliers.com\/en\/#website\"},\"primaryImageOfPage\":{\"@id\":\"https:\/\/homeliers.com\/en\/shop\/to-discover\/espelt-moscatell-de-lemporda-sweet-wine\/#primaryimage\"},\"image\":{\"@id\":\"https:\/\/homeliers.com\/en\/shop\/to-discover\/espelt-moscatell-de-lemporda-sweet-wine\/#primaryimage\"},\"thumbnailUrl\":\"https:\/\/homeliers.com\/en\/wp-content\/uploads\/sites\/5\/2020\/10\/Espelt-Moscatell-de-lEmpord\u00e0-dol\u00e7.jpg\",\"datePublished\":\"2020-10-23T09:11:14+00:00\",\"dateModified\":\"2024-09-03T08:26:19+00:00\",\"description\":\"Natural Sweet white wine 15\u00ba, 100% Muscat of Alexandria, grape and peache flavours, perfect match for puff pastry desserts, nuts and fresh fruits.\",\"breadcrumb\":{\"@id\":\"https:\/\/homeliers.com\/en\/shop\/to-discover\/espelt-moscatell-de-lemporda-sweet-wine\/#breadcrumb\"},\"inLanguage\":\"en-US\",\"potentialAction\":[{\"@type\":\"ReadAction\",\"target\":[\"https:\/\/homeliers.com\/en\/shop\/to-discover\/espelt-moscatell-de-lemporda-sweet-wine\/\"]}]},{\"@type\":\"ImageObject\",\"inLanguage\":\"en-US\",\"@id\":\"https:\/\/homeliers.com\/en\/shop\/to-discover\/espelt-moscatell-de-lemporda-sweet-wine\/#primaryimage\",\"url\":\"https:\/\/homeliers.com\/en\/wp-content\/uploads\/sites\/5\/2020\/10\/Espelt-Moscatell-de-lEmpord\u00e0-dol\u00e7.jpg\",\"contentUrl\":\"https:\/\/homeliers.com\/en\/wp-content\/uploads\/sites\/5\/2020\/10\/Espelt-Moscatell-de-lEmpord\u00e0-dol\u00e7.jpg\",\"width\":1024,\"height\":1024,\"caption\":\"Espelt Moscatell de l'Empord\u00e0 sweet wine\"},{\"@type\":\"BreadcrumbList\",\"@id\":\"https:\/\/homeliers.com\/en\/shop\/to-discover\/espelt-moscatell-de-lemporda-sweet-wine\/#breadcrumb\",\"itemListElement\":[{\"@type\":\"ListItem\",\"position\":1,\"name\":\"Inici\",\"item\":\"https:\/\/homeliers.com\/en\/\"},{\"@type\":\"ListItem\",\"position\":2,\"name\":\"Shop\",\"item\":\"https:\/\/homeliers.com\/en\/shop\/\"},{\"@type\":\"ListItem\",\"position\":3,\"name\":\"Espelt Moscatell de l&#8217;Empord\u00e0 sweet wine\"}]},{\"@type\":\"WebSite\",\"@id\":\"https:\/\/homeliers.com\/en\/#website\",\"url\":\"https:\/\/homeliers.com\/en\/\",\"name\":\"Homeliers\",\"description\":\"We select the best wines and take them home\",\"publisher\":{\"@id\":\"https:\/\/homeliers.com\/en\/#organization\"},\"potentialAction\":[{\"@type\":\"SearchAction\",\"target\":{\"@type\":\"EntryPoint\",\"urlTemplate\":\"https:\/\/homeliers.com\/en\/?s={search_term_string}\"},\"query-input\":\"required name=search_term_string\"}],\"inLanguage\":\"en-US\"},{\"@type\":\"Organization\",\"@id\":\"https:\/\/homeliers.com\/en\/#organization\",\"name\":\"Homeliers\",\"url\":\"https:\/\/homeliers.com\/en\/\",\"logo\":{\"@type\":\"ImageObject\",\"inLanguage\":\"en-US\",\"@id\":\"https:\/\/homeliers.com\/en\/#\/schema\/logo\/image\/\",\"url\":\"https:\/\/homeliers.com\/en\/wp-content\/uploads\/sites\/5\/2020\/06\/Homeliers_EN_v.svg\",\"contentUrl\":\"https:\/\/homeliers.com\/en\/wp-content\/uploads\/sites\/5\/2020\/06\/Homeliers_EN_v.svg\",\"width\":397,\"height\":226,\"caption\":\"Homeliers\"},\"image\":{\"@id\":\"https:\/\/homeliers.com\/en\/#\/schema\/logo\/image\/\"},\"sameAs\":[\"https:\/\/www.facebook.com\/homeliers\",\"https:\/\/x.com\/homeliers\",\"https:\/\/www.instagram.com\/homeliers\/\"]}]}<\/script>\n<!-- \/ Yoast SEO plugin. -->","yoast_head_json":{"title":"\ud83e\udd47 Espelt Moscatell de l'Empord\u00e0 sweet wine - Empord\u00e0","description":"Natural Sweet white wine 15\u00ba, 100% Muscat of Alexandria, grape and peache flavours, perfect match for puff pastry desserts, nuts and fresh fruits.","robots":{"index":"index","follow":"follow","max-snippet":"max-snippet:-1","max-image-preview":"max-image-preview:large","max-video-preview":"max-video-preview:-1"},"canonical":"https:\/\/homeliers.com\/en\/shop\/to-discover\/espelt-moscatell-de-lemporda-sweet-wine\/","og_locale":"en_US","og_type":"article","og_title":"\ud83e\udd47 Espelt Moscatell de l'Empord\u00e0 sweet wine - Empord\u00e0","og_description":"Natural Sweet white wine 15\u00ba, 100% Muscat of Alexandria, grape and peache flavours, perfect match for puff pastry desserts, nuts and fresh fruits.","og_url":"https:\/\/homeliers.com\/en\/shop\/to-discover\/espelt-moscatell-de-lemporda-sweet-wine\/","og_site_name":"Homeliers","article_publisher":"https:\/\/www.facebook.com\/homeliers","article_modified_time":"2024-09-03T08:26:19+00:00","og_image":[{"width":1024,"height":1024,"url":"https:\/\/homeliers.com\/en\/wp-content\/uploads\/sites\/5\/2020\/10\/Espelt-Moscatell-de-lEmpord\u00e0-dol\u00e7.jpg","type":"image\/jpeg"}],"twitter_card":"summary_large_image","twitter_site":"@homeliers","schema":{"@context":"https:\/\/schema.org","@graph":[{"@type":"WebPage","@id":"https:\/\/homeliers.com\/en\/shop\/to-discover\/espelt-moscatell-de-lemporda-sweet-wine\/","url":"https:\/\/homeliers.com\/en\/shop\/to-discover\/espelt-moscatell-de-lemporda-sweet-wine\/","name":"\ud83e\udd47 Espelt Moscatell de l'Empord\u00e0 sweet wine - Empord\u00e0","isPartOf":{"@id":"https:\/\/homeliers.com\/en\/#website"},"primaryImageOfPage":{"@id":"https:\/\/homeliers.com\/en\/shop\/to-discover\/espelt-moscatell-de-lemporda-sweet-wine\/#primaryimage"},"image":{"@id":"https:\/\/homeliers.com\/en\/shop\/to-discover\/espelt-moscatell-de-lemporda-sweet-wine\/#primaryimage"},"thumbnailUrl":"https:\/\/homeliers.com\/en\/wp-content\/uploads\/sites\/5\/2020\/10\/Espelt-Moscatell-de-lEmpord\u00e0-dol\u00e7.jpg","datePublished":"2020-10-23T09:11:14+00:00","dateModified":"2024-09-03T08:26:19+00:00","description":"Natural Sweet white wine 15\u00ba, 100% Muscat of Alexandria, grape and peache flavours, perfect match for puff pastry desserts, nuts and fresh fruits.","breadcrumb":{"@id":"https:\/\/homeliers.com\/en\/shop\/to-discover\/espelt-moscatell-de-lemporda-sweet-wine\/#breadcrumb"},"inLanguage":"en-US","potentialAction":[{"@type":"ReadAction","target":["https:\/\/homeliers.com\/en\/shop\/to-discover\/espelt-moscatell-de-lemporda-sweet-wine\/"]}]},{"@type":"ImageObject","inLanguage":"en-US","@id":"https:\/\/homeliers.com\/en\/shop\/to-discover\/espelt-moscatell-de-lemporda-sweet-wine\/#primaryimage","url":"https:\/\/homeliers.com\/en\/wp-content\/uploads\/sites\/5\/2020\/10\/Espelt-Moscatell-de-lEmpord\u00e0-dol\u00e7.jpg","contentUrl":"https:\/\/homeliers.com\/en\/wp-content\/uploads\/sites\/5\/2020\/10\/Espelt-Moscatell-de-lEmpord\u00e0-dol\u00e7.jpg","width":1024,"height":1024,"caption":"Espelt Moscatell de l'Empord\u00e0 sweet wine"},{"@type":"BreadcrumbList","@id":"https:\/\/homeliers.com\/en\/shop\/to-discover\/espelt-moscatell-de-lemporda-sweet-wine\/#breadcrumb","itemListElement":[{"@type":"ListItem","position":1,"name":"Inici","item":"https:\/\/homeliers.com\/en\/"},{"@type":"ListItem","position":2,"name":"Shop","item":"https:\/\/homeliers.com\/en\/shop\/"},{"@type":"ListItem","position":3,"name":"Espelt Moscatell de l&#8217;Empord\u00e0 sweet wine"}]},{"@type":"WebSite","@id":"https:\/\/homeliers.com\/en\/#website","url":"https:\/\/homeliers.com\/en\/","name":"Homeliers","description":"We select the best wines and take them home","publisher":{"@id":"https:\/\/homeliers.com\/en\/#organization"},"potentialAction":[{"@type":"SearchAction","target":{"@type":"EntryPoint","urlTemplate":"https:\/\/homeliers.com\/en\/?s={search_term_string}"},"query-input":"required name=search_term_string"}],"inLanguage":"en-US"},{"@type":"Organization","@id":"https:\/\/homeliers.com\/en\/#organization","name":"Homeliers","url":"https:\/\/homeliers.com\/en\/","logo":{"@type":"ImageObject","inLanguage":"en-US","@id":"https:\/\/homeliers.com\/en\/#\/schema\/logo\/image\/","url":"https:\/\/homeliers.com\/en\/wp-content\/uploads\/sites\/5\/2020\/06\/Homeliers_EN_v.svg","contentUrl":"https:\/\/homeliers.com\/en\/wp-content\/uploads\/sites\/5\/2020\/06\/Homeliers_EN_v.svg","width":397,"height":226,"caption":"Homeliers"},"image":{"@id":"https:\/\/homeliers.com\/en\/#\/schema\/logo\/image\/"},"sameAs":["https:\/\/www.facebook.com\/homeliers","https:\/\/x.com\/homeliers","https:\/\/www.instagram.com\/homeliers\/"]}]}},"_links":{"self":[{"href":"https:\/\/homeliers.com\/en\/wp-json\/wp\/v2\/product\/660"}],"collection":[{"href":"https:\/\/homeliers.com\/en\/wp-json\/wp\/v2\/product"}],"about":[{"href":"https:\/\/homeliers.com\/en\/wp-json\/wp\/v2\/types\/product"}],"replies":[{"embeddable":true,"href":"https:\/\/homeliers.com\/en\/wp-json\/wp\/v2\/comments?post=660"}],"wp:featuredmedia":[{"embeddable":true,"href":"https:\/\/homeliers.com\/en\/wp-json\/wp\/v2\/media\/670"}],"wp:attachment":[{"href":"https:\/\/homeliers.com\/en\/wp-json\/wp\/v2\/media?parent=660"}],"wp:term":[{"taxonomy":"product_cat","embeddable":true,"href":"https:\/\/homeliers.com\/en\/wp-json\/wp\/v2\/product_cat?post=660"},{"taxonomy":"product_tag","embeddable":true,"href":"https:\/\/homeliers.com\/en\/wp-json\/wp\/v2\/product_tag?post=660"}],"curies":[{"name":"wp","href":"https:\/\/api.w.org\/{rel}","templated":true}]}}